{"id":98755,"date":"2025-11-26T10:40:20","date_gmt":"2025-11-26T09:40:20","guid":{"rendered":"https:\/\/happyhaus.fr\/?post_type=product&#038;p=98755"},"modified":"2026-01-27T17:09:47","modified_gmt":"2026-01-27T16:09:47","slug":"le-pantalon-fleur-bleu-d-ete-vintage","status":"publish","type":"product","link":"https:\/\/happyhaus.fr\/en\/product\/le-pantalon-fleur-bleu-d-ete-vintage\/","title":{"rendered":"LE PANTALON FLEUR"},"content":{"rendered":"<div class=\"page\" title=\"Page 52\">\n<div class=\"layoutArea\">\n<div class=\"column\">\n<div class=\"page\" title=\"Page 64\">\n<div class=\"layoutArea\">\n<div class=\"column\">\n<ul>\n<li>Barell cut<\/li>\n<li>Normal length<\/li>\n<li>High waist reworked<\/li>\n<li>Five-pocket design<\/li>\n<li>Pocket creating a TULIPE shape at the back<\/li>\n<li>Zipper<\/li>\n<li>Wooden button<\/li>\n<li>Happy Haus embroidered<\/li>\n<li>100% Cotton including 20% recycled cotton<\/li>\n<\/ul>\n<p>Origin of the fabric: Italy<br \/>\nMade in Tunisia<\/p>\n<\/div>\n<\/div>\n<\/div>\n<\/div>\n<\/div>\n<\/div>\n","protected":false},"excerpt":{"rendered":"<p>Our FLEUR pants have a feminine and modern line. With its barrel cut and reworked high waist, it flatters the silhouette while offering great freedom of movement. The width of the hips has also been redesigned to provide more ease and comfort.<\/p>\n<p>It features nice details: a five-pocket design, whose back pockets create a tulip shape, a zippered closure enhanced with a wooden button, and tobacco-colored Happy Haus embroidery at the back of the waist.<\/p>\n<p>It is made in our washed denim &#8220;Bleu d&#8217;\u00c9t\u00e9 Vintage&#8221; a variant of our flagship wash &#8220;Bleu d&#8217;\u00c9t\u00e9&#8221; with a stronger treatment, which gives it a &#8220;Vintage&#8221; look, this wash is very bright.<\/p>\n<p>The fit size normally, we recommend you to choose your usual size.<\/p>\n","protected":false},"featured_media":98783,"comment_status":"closed","ping_status":"closed","template":"","meta":{"_acf_changed":false},"product_cat":[309,310,327,95],"product_tag":[40,42,41,43],"acf":[],"yoast_head":"<!-- This site is optimized with the Yoast SEO plugin v22.6 - https:\/\/yoast.com\/wordpress\/plugins\/seo\/ -->\n<title>LE PANTALON FLEUR -<\/title>\n<meta name=\"robots\" content=\"index, follow, max-snippet:-1, max-image-preview:large, max-video-preview:-1\" \/>\n<link rel=\"canonical\" href=\"https:\/\/happyhaus.fr\/en\/product\/le-pantalon-fleur-bleu-d-ete-vintage\/\" \/>\n<meta property=\"og:locale\" content=\"en_US\" \/>\n<meta property=\"og:type\" content=\"article\" \/>\n<meta property=\"og:title\" content=\"LE PANTALON FLEUR -\" \/>\n<meta property=\"og:description\" content=\"Our FLEUR pants have a feminine and modern line. With its barrel cut and reworked high waist, it flatters the silhouette while offering great freedom of movement. The width of the hips has also been redesigned to provide more ease and comfort.  It features nice details: a five-pocket design, whose back pockets create a tulip shape, a zippered closure enhanced with a wooden button, and tobacco-colored Happy Haus embroidery at the back of the waist.  It is made in our washed denim &quot;Bleu d&#039;\u00c9t\u00e9 Vintage&quot; a variant of our flagship wash &quot;Bleu d&#039;\u00c9t\u00e9&quot; with a stronger treatment, which gives it a &quot;Vintage&quot; look, this wash is very bright.  The fit size normally, we recommend you to choose your usual size.\" \/>\n<meta property=\"og:url\" content=\"https:\/\/happyhaus.fr\/en\/product\/le-pantalon-fleur-bleu-d-ete-vintage\/\" \/>\n<meta property=\"article:modified_time\" content=\"2026-01-27T16:09:47+00:00\" \/>\n<meta property=\"og:image\" content=\"https:\/\/happyhaus.fr\/wp-content\/uploads\/2025\/11\/Z1-2.jpg\" \/>\n\t<meta property=\"og:image:width\" content=\"1707\" \/>\n\t<meta property=\"og:image:height\" content=\"2560\" \/>\n\t<meta property=\"og:image:type\" content=\"image\/jpeg\" \/>\n<meta name=\"twitter:card\" content=\"summary_large_image\" \/>\n<meta name=\"twitter:label1\" content=\"Est. reading time\" \/>\n\t<meta name=\"twitter:data1\" content=\"1 minute\" \/>\n<script type=\"application\/ld+json\" class=\"yoast-schema-graph\">{\"@context\":\"https:\/\/schema.org\",\"@graph\":[{\"@type\":\"WebPage\",\"@id\":\"https:\/\/happyhaus.fr\/en\/product\/le-pantalon-fleur-bleu-d-ete-vintage\/\",\"url\":\"https:\/\/happyhaus.fr\/en\/product\/le-pantalon-fleur-bleu-d-ete-vintage\/\",\"name\":\"LE PANTALON FLEUR -\",\"isPartOf\":{\"@id\":\"https:\/\/happyhaus.fr\/#website\"},\"primaryImageOfPage\":{\"@id\":\"https:\/\/happyhaus.fr\/en\/product\/le-pantalon-fleur-bleu-d-ete-vintage\/#primaryimage\"},\"image\":{\"@id\":\"https:\/\/happyhaus.fr\/en\/product\/le-pantalon-fleur-bleu-d-ete-vintage\/#primaryimage\"},\"thumbnailUrl\":\"https:\/\/happyhaus.fr\/wp-content\/uploads\/2025\/11\/Z1-2.jpg\",\"datePublished\":\"2025-11-26T09:40:20+00:00\",\"dateModified\":\"2026-01-27T16:09:47+00:00\",\"breadcrumb\":{\"@id\":\"https:\/\/happyhaus.fr\/en\/product\/le-pantalon-fleur-bleu-d-ete-vintage\/#breadcrumb\"},\"inLanguage\":\"en-US\",\"potentialAction\":[{\"@type\":\"ReadAction\",\"target\":[\"https:\/\/happyhaus.fr\/en\/product\/le-pantalon-fleur-bleu-d-ete-vintage\/\"]}]},{\"@type\":\"ImageObject\",\"inLanguage\":\"en-US\",\"@id\":\"https:\/\/happyhaus.fr\/en\/product\/le-pantalon-fleur-bleu-d-ete-vintage\/#primaryimage\",\"url\":\"https:\/\/happyhaus.fr\/wp-content\/uploads\/2025\/11\/Z1-2.jpg\",\"contentUrl\":\"https:\/\/happyhaus.fr\/wp-content\/uploads\/2025\/11\/Z1-2.jpg\",\"width\":1707,\"height\":2560},{\"@type\":\"BreadcrumbList\",\"@id\":\"https:\/\/happyhaus.fr\/en\/product\/le-pantalon-fleur-bleu-d-ete-vintage\/#breadcrumb\",\"itemListElement\":[{\"@type\":\"ListItem\",\"position\":1,\"name\":\"Accueil\",\"item\":\"https:\/\/happyhaus.fr\/en\/\"},{\"@type\":\"ListItem\",\"position\":2,\"name\":\"Private: Shop\",\"item\":\"https:\/\/happyhaus.fr\/en\/?page_id=1833\"},{\"@type\":\"ListItem\",\"position\":3,\"name\":\"LE PANTALON FLEUR\"}]},{\"@type\":\"WebSite\",\"@id\":\"https:\/\/happyhaus.fr\/#website\",\"url\":\"https:\/\/happyhaus.fr\/\",\"name\":\"\",\"description\":\"\",\"potentialAction\":[{\"@type\":\"SearchAction\",\"target\":{\"@type\":\"EntryPoint\",\"urlTemplate\":\"https:\/\/happyhaus.fr\/?s={search_term_string}\"},\"query-input\":\"required name=search_term_string\"}],\"inLanguage\":\"en-US\"}]}<\/script>\n<!-- \/ Yoast SEO plugin. -->","yoast_head_json":{"title":"LE PANTALON FLEUR -","robots":{"index":"index","follow":"follow","max-snippet":"max-snippet:-1","max-image-preview":"max-image-preview:large","max-video-preview":"max-video-preview:-1"},"canonical":"https:\/\/happyhaus.fr\/en\/product\/le-pantalon-fleur-bleu-d-ete-vintage\/","og_locale":"en_US","og_type":"article","og_title":"LE PANTALON FLEUR -","og_description":"Our FLEUR pants have a feminine and modern line. With its barrel cut and reworked high waist, it flatters the silhouette while offering great freedom of movement. The width of the hips has also been redesigned to provide more ease and comfort.  It features nice details: a five-pocket design, whose back pockets create a tulip shape, a zippered closure enhanced with a wooden button, and tobacco-colored Happy Haus embroidery at the back of the waist.  It is made in our washed denim \"Bleu d'\u00c9t\u00e9 Vintage\" a variant of our flagship wash \"Bleu d'\u00c9t\u00e9\" with a stronger treatment, which gives it a \"Vintage\" look, this wash is very bright.  The fit size normally, we recommend you to choose your usual size.","og_url":"https:\/\/happyhaus.fr\/en\/product\/le-pantalon-fleur-bleu-d-ete-vintage\/","article_modified_time":"2026-01-27T16:09:47+00:00","og_image":[{"width":1707,"height":2560,"url":"https:\/\/happyhaus.fr\/wp-content\/uploads\/2025\/11\/Z1-2.jpg","type":"image\/jpeg"}],"twitter_card":"summary_large_image","twitter_misc":{"Est. reading time":"1 minute"},"schema":{"@context":"https:\/\/schema.org","@graph":[{"@type":"WebPage","@id":"https:\/\/happyhaus.fr\/en\/product\/le-pantalon-fleur-bleu-d-ete-vintage\/","url":"https:\/\/happyhaus.fr\/en\/product\/le-pantalon-fleur-bleu-d-ete-vintage\/","name":"LE PANTALON FLEUR -","isPartOf":{"@id":"https:\/\/happyhaus.fr\/#website"},"primaryImageOfPage":{"@id":"https:\/\/happyhaus.fr\/en\/product\/le-pantalon-fleur-bleu-d-ete-vintage\/#primaryimage"},"image":{"@id":"https:\/\/happyhaus.fr\/en\/product\/le-pantalon-fleur-bleu-d-ete-vintage\/#primaryimage"},"thumbnailUrl":"https:\/\/happyhaus.fr\/wp-content\/uploads\/2025\/11\/Z1-2.jpg","datePublished":"2025-11-26T09:40:20+00:00","dateModified":"2026-01-27T16:09:47+00:00","breadcrumb":{"@id":"https:\/\/happyhaus.fr\/en\/product\/le-pantalon-fleur-bleu-d-ete-vintage\/#breadcrumb"},"inLanguage":"en-US","potentialAction":[{"@type":"ReadAction","target":["https:\/\/happyhaus.fr\/en\/product\/le-pantalon-fleur-bleu-d-ete-vintage\/"]}]},{"@type":"ImageObject","inLanguage":"en-US","@id":"https:\/\/happyhaus.fr\/en\/product\/le-pantalon-fleur-bleu-d-ete-vintage\/#primaryimage","url":"https:\/\/happyhaus.fr\/wp-content\/uploads\/2025\/11\/Z1-2.jpg","contentUrl":"https:\/\/happyhaus.fr\/wp-content\/uploads\/2025\/11\/Z1-2.jpg","width":1707,"height":2560},{"@type":"BreadcrumbList","@id":"https:\/\/happyhaus.fr\/en\/product\/le-pantalon-fleur-bleu-d-ete-vintage\/#breadcrumb","itemListElement":[{"@type":"ListItem","position":1,"name":"Accueil","item":"https:\/\/happyhaus.fr\/en\/"},{"@type":"ListItem","position":2,"name":"Private: Shop","item":"https:\/\/happyhaus.fr\/en\/?page_id=1833"},{"@type":"ListItem","position":3,"name":"LE PANTALON FLEUR"}]},{"@type":"WebSite","@id":"https:\/\/happyhaus.fr\/#website","url":"https:\/\/happyhaus.fr\/","name":"","description":"","potentialAction":[{"@type":"SearchAction","target":{"@type":"EntryPoint","urlTemplate":"https:\/\/happyhaus.fr\/?s={search_term_string}"},"query-input":"required name=search_term_string"}],"inLanguage":"en-US"}]}},"_links":{"self":[{"href":"https:\/\/happyhaus.fr\/en\/wp-json\/wp\/v2\/product\/98755"}],"collection":[{"href":"https:\/\/happyhaus.fr\/en\/wp-json\/wp\/v2\/product"}],"about":[{"href":"https:\/\/happyhaus.fr\/en\/wp-json\/wp\/v2\/types\/product"}],"replies":[{"embeddable":true,"href":"https:\/\/happyhaus.fr\/en\/wp-json\/wp\/v2\/comments?post=98755"}],"wp:featuredmedia":[{"embeddable":true,"href":"https:\/\/happyhaus.fr\/en\/wp-json\/wp\/v2\/media\/98783"}],"wp:attachment":[{"href":"https:\/\/happyhaus.fr\/en\/wp-json\/wp\/v2\/media?parent=98755"}],"wp:term":[{"taxonomy":"product_cat","embeddable":true,"href":"https:\/\/happyhaus.fr\/en\/wp-json\/wp\/v2\/product_cat?post=98755"},{"taxonomy":"product_tag","embeddable":true,"href":"https:\/\/happyhaus.fr\/en\/wp-json\/wp\/v2\/product_tag?post=98755"}],"curies":[{"name":"wp","href":"https:\/\/api.w.org\/{rel}","templated":true}]}}