{"id":95369,"date":"2025-02-26T12:40:34","date_gmt":"2025-02-26T11:40:34","guid":{"rendered":"https:\/\/happyhaus.fr\/?post_type=product&#038;p=95369"},"modified":"2026-02-16T20:56:30","modified_gmt":"2026-02-16T19:56:30","slug":"le-pantalon-baggy-bleu-d-ete-vintage","status":"publish","type":"product","link":"https:\/\/happyhaus.fr\/en\/product\/le-pantalon-baggy-bleu-d-ete-vintage\/","title":{"rendered":"Le Pantalon BAGGY"},"content":{"rendered":"<ul>\n<li>Boyfriend loose cut<\/li>\n<li>Regular size<\/li>\n<li>Normal fork<\/li>\n<li>5 pockets<\/li>\n<li>Back pockets in the shape of flowers<\/li>\n<li>Wooden front button and zipper<\/li>\n<li>HAPPY HAUS Peacock embroidery in multicolor wool<\/li>\n<li>Tobacco topstitching<\/li>\n<li>Wash \u201c Bleu d&#8217;\u00c9t\u00e9 Vintage\u201d<br \/>\n80% cotton 20% recycled cotton<\/li>\n<\/ul>\n<p>Fabric origin: Italy<br \/>\nMade in Tunisia<\/p>\n","protected":false},"excerpt":{"rendered":"<p>Our new BAGGY pants have a \u201cboyfriend loose\u201d cut. The BAGGY has a regular size. The pants has nice details: the front button in wood, the two back pockets in flower shape. The topstitching in a tobacco thread creates a nice contrast with our new wash &#8220;Bleu d&#8217;\u00c9t\u00e9 Vintage&#8221; a variant of our flagship wash &#8220;Bleu d&#8217;\u00c9t\u00e9&#8221; with a stronger treatment, which gives it a look &#8220;Vintage&#8221;, this wash is very bright. It is made from our recycled denim.<\/p>\n<p>Sandy, the founder of HAPPY HAUS wears a size 36, and measures 170 cm.<\/p>\n","protected":false},"featured_media":95393,"comment_status":"open","ping_status":"closed","template":"","meta":{"_acf_changed":false},"product_cat":[309,310,327,95],"product_tag":[],"acf":[],"yoast_head":"<!-- This site is optimized with the Yoast SEO plugin v22.6 - https:\/\/yoast.com\/wordpress\/plugins\/seo\/ -->\n<title>Le Pantalon BAGGY -<\/title>\n<meta name=\"robots\" content=\"index, follow, max-snippet:-1, max-image-preview:large, max-video-preview:-1\" \/>\n<link rel=\"canonical\" href=\"https:\/\/happyhaus.fr\/en\/product\/le-pantalon-baggy-bleu-d-ete-vintage\/\" \/>\n<meta property=\"og:locale\" content=\"en_US\" \/>\n<meta property=\"og:type\" content=\"article\" \/>\n<meta property=\"og:title\" content=\"Le Pantalon BAGGY -\" \/>\n<meta property=\"og:description\" content=\"Our new BAGGY pants have a \u201cboyfriend loose\u201d cut. The BAGGY has a regular size. The pants has nice details: the front button in wood, the two back pockets in flower shape. The topstitching in a tobacco thread creates a nice contrast with our new wash &quot;Bleu d&#039;\u00c9t\u00e9 Vintage&quot; a variant of our flagship wash &quot;Bleu d&#039;\u00c9t\u00e9&quot; with a stronger treatment, which gives it a look &quot;Vintage&quot;, this wash is very bright. It is made from our recycled denim.  Sandy, the founder of HAPPY HAUS wears a size 36, and measures 170 cm.\" \/>\n<meta property=\"og:url\" content=\"https:\/\/happyhaus.fr\/en\/product\/le-pantalon-baggy-bleu-d-ete-vintage\/\" \/>\n<meta property=\"article:modified_time\" content=\"2026-02-16T19:56:30+00:00\" \/>\n<meta property=\"og:image\" content=\"https:\/\/happyhaus.fr\/wp-content\/uploads\/2025\/02\/Z1-1.jpg\" \/>\n\t<meta property=\"og:image:width\" content=\"1707\" \/>\n\t<meta property=\"og:image:height\" content=\"2560\" \/>\n\t<meta property=\"og:image:type\" content=\"image\/jpeg\" \/>\n<meta name=\"twitter:card\" content=\"summary_large_image\" \/>\n<meta name=\"twitter:label1\" content=\"Est. reading time\" \/>\n\t<meta name=\"twitter:data1\" content=\"1 minute\" \/>\n<script type=\"application\/ld+json\" class=\"yoast-schema-graph\">{\"@context\":\"https:\/\/schema.org\",\"@graph\":[{\"@type\":\"WebPage\",\"@id\":\"https:\/\/happyhaus.fr\/en\/product\/le-pantalon-baggy-bleu-d-ete-vintage\/\",\"url\":\"https:\/\/happyhaus.fr\/en\/product\/le-pantalon-baggy-bleu-d-ete-vintage\/\",\"name\":\"Le Pantalon BAGGY -\",\"isPartOf\":{\"@id\":\"https:\/\/happyhaus.fr\/#website\"},\"primaryImageOfPage\":{\"@id\":\"https:\/\/happyhaus.fr\/en\/product\/le-pantalon-baggy-bleu-d-ete-vintage\/#primaryimage\"},\"image\":{\"@id\":\"https:\/\/happyhaus.fr\/en\/product\/le-pantalon-baggy-bleu-d-ete-vintage\/#primaryimage\"},\"thumbnailUrl\":\"https:\/\/happyhaus.fr\/wp-content\/uploads\/2025\/02\/Z1-1.jpg\",\"datePublished\":\"2025-02-26T11:40:34+00:00\",\"dateModified\":\"2026-02-16T19:56:30+00:00\",\"breadcrumb\":{\"@id\":\"https:\/\/happyhaus.fr\/en\/product\/le-pantalon-baggy-bleu-d-ete-vintage\/#breadcrumb\"},\"inLanguage\":\"en-US\",\"potentialAction\":[{\"@type\":\"ReadAction\",\"target\":[\"https:\/\/happyhaus.fr\/en\/product\/le-pantalon-baggy-bleu-d-ete-vintage\/\"]}]},{\"@type\":\"ImageObject\",\"inLanguage\":\"en-US\",\"@id\":\"https:\/\/happyhaus.fr\/en\/product\/le-pantalon-baggy-bleu-d-ete-vintage\/#primaryimage\",\"url\":\"https:\/\/happyhaus.fr\/wp-content\/uploads\/2025\/02\/Z1-1.jpg\",\"contentUrl\":\"https:\/\/happyhaus.fr\/wp-content\/uploads\/2025\/02\/Z1-1.jpg\",\"width\":1707,\"height\":2560},{\"@type\":\"BreadcrumbList\",\"@id\":\"https:\/\/happyhaus.fr\/en\/product\/le-pantalon-baggy-bleu-d-ete-vintage\/#breadcrumb\",\"itemListElement\":[{\"@type\":\"ListItem\",\"position\":1,\"name\":\"Accueil\",\"item\":\"https:\/\/happyhaus.fr\/en\/\"},{\"@type\":\"ListItem\",\"position\":2,\"name\":\"Private: Shop\",\"item\":\"https:\/\/happyhaus.fr\/en\/?page_id=1833\"},{\"@type\":\"ListItem\",\"position\":3,\"name\":\"Le Pantalon BAGGY\"}]},{\"@type\":\"WebSite\",\"@id\":\"https:\/\/happyhaus.fr\/#website\",\"url\":\"https:\/\/happyhaus.fr\/\",\"name\":\"\",\"description\":\"\",\"potentialAction\":[{\"@type\":\"SearchAction\",\"target\":{\"@type\":\"EntryPoint\",\"urlTemplate\":\"https:\/\/happyhaus.fr\/?s={search_term_string}\"},\"query-input\":\"required name=search_term_string\"}],\"inLanguage\":\"en-US\"}]}<\/script>\n<!-- \/ Yoast SEO plugin. -->","yoast_head_json":{"title":"Le Pantalon BAGGY -","robots":{"index":"index","follow":"follow","max-snippet":"max-snippet:-1","max-image-preview":"max-image-preview:large","max-video-preview":"max-video-preview:-1"},"canonical":"https:\/\/happyhaus.fr\/en\/product\/le-pantalon-baggy-bleu-d-ete-vintage\/","og_locale":"en_US","og_type":"article","og_title":"Le Pantalon BAGGY -","og_description":"Our new BAGGY pants have a \u201cboyfriend loose\u201d cut. The BAGGY has a regular size. The pants has nice details: the front button in wood, the two back pockets in flower shape. The topstitching in a tobacco thread creates a nice contrast with our new wash \"Bleu d'\u00c9t\u00e9 Vintage\" a variant of our flagship wash \"Bleu d'\u00c9t\u00e9\" with a stronger treatment, which gives it a look \"Vintage\", this wash is very bright. It is made from our recycled denim.  Sandy, the founder of HAPPY HAUS wears a size 36, and measures 170 cm.","og_url":"https:\/\/happyhaus.fr\/en\/product\/le-pantalon-baggy-bleu-d-ete-vintage\/","article_modified_time":"2026-02-16T19:56:30+00:00","og_image":[{"width":1707,"height":2560,"url":"https:\/\/happyhaus.fr\/wp-content\/uploads\/2025\/02\/Z1-1.jpg","type":"image\/jpeg"}],"twitter_card":"summary_large_image","twitter_misc":{"Est. reading time":"1 minute"},"schema":{"@context":"https:\/\/schema.org","@graph":[{"@type":"WebPage","@id":"https:\/\/happyhaus.fr\/en\/product\/le-pantalon-baggy-bleu-d-ete-vintage\/","url":"https:\/\/happyhaus.fr\/en\/product\/le-pantalon-baggy-bleu-d-ete-vintage\/","name":"Le Pantalon BAGGY -","isPartOf":{"@id":"https:\/\/happyhaus.fr\/#website"},"primaryImageOfPage":{"@id":"https:\/\/happyhaus.fr\/en\/product\/le-pantalon-baggy-bleu-d-ete-vintage\/#primaryimage"},"image":{"@id":"https:\/\/happyhaus.fr\/en\/product\/le-pantalon-baggy-bleu-d-ete-vintage\/#primaryimage"},"thumbnailUrl":"https:\/\/happyhaus.fr\/wp-content\/uploads\/2025\/02\/Z1-1.jpg","datePublished":"2025-02-26T11:40:34+00:00","dateModified":"2026-02-16T19:56:30+00:00","breadcrumb":{"@id":"https:\/\/happyhaus.fr\/en\/product\/le-pantalon-baggy-bleu-d-ete-vintage\/#breadcrumb"},"inLanguage":"en-US","potentialAction":[{"@type":"ReadAction","target":["https:\/\/happyhaus.fr\/en\/product\/le-pantalon-baggy-bleu-d-ete-vintage\/"]}]},{"@type":"ImageObject","inLanguage":"en-US","@id":"https:\/\/happyhaus.fr\/en\/product\/le-pantalon-baggy-bleu-d-ete-vintage\/#primaryimage","url":"https:\/\/happyhaus.fr\/wp-content\/uploads\/2025\/02\/Z1-1.jpg","contentUrl":"https:\/\/happyhaus.fr\/wp-content\/uploads\/2025\/02\/Z1-1.jpg","width":1707,"height":2560},{"@type":"BreadcrumbList","@id":"https:\/\/happyhaus.fr\/en\/product\/le-pantalon-baggy-bleu-d-ete-vintage\/#breadcrumb","itemListElement":[{"@type":"ListItem","position":1,"name":"Accueil","item":"https:\/\/happyhaus.fr\/en\/"},{"@type":"ListItem","position":2,"name":"Private: Shop","item":"https:\/\/happyhaus.fr\/en\/?page_id=1833"},{"@type":"ListItem","position":3,"name":"Le Pantalon BAGGY"}]},{"@type":"WebSite","@id":"https:\/\/happyhaus.fr\/#website","url":"https:\/\/happyhaus.fr\/","name":"","description":"","potentialAction":[{"@type":"SearchAction","target":{"@type":"EntryPoint","urlTemplate":"https:\/\/happyhaus.fr\/?s={search_term_string}"},"query-input":"required name=search_term_string"}],"inLanguage":"en-US"}]}},"_links":{"self":[{"href":"https:\/\/happyhaus.fr\/en\/wp-json\/wp\/v2\/product\/95369"}],"collection":[{"href":"https:\/\/happyhaus.fr\/en\/wp-json\/wp\/v2\/product"}],"about":[{"href":"https:\/\/happyhaus.fr\/en\/wp-json\/wp\/v2\/types\/product"}],"replies":[{"embeddable":true,"href":"https:\/\/happyhaus.fr\/en\/wp-json\/wp\/v2\/comments?post=95369"}],"wp:featuredmedia":[{"embeddable":true,"href":"https:\/\/happyhaus.fr\/en\/wp-json\/wp\/v2\/media\/95393"}],"wp:attachment":[{"href":"https:\/\/happyhaus.fr\/en\/wp-json\/wp\/v2\/media?parent=95369"}],"wp:term":[{"taxonomy":"product_cat","embeddable":true,"href":"https:\/\/happyhaus.fr\/en\/wp-json\/wp\/v2\/product_cat?post=95369"},{"taxonomy":"product_tag","embeddable":true,"href":"https:\/\/happyhaus.fr\/en\/wp-json\/wp\/v2\/product_tag?post=95369"}],"curies":[{"name":"wp","href":"https:\/\/api.w.org\/{rel}","templated":true}]}}