{"id":1746,"date":"2019-01-23T12:41:24","date_gmt":"2019-01-23T11:41:24","guid":{"rendered":"https:\/\/happyhaus.fr\/?page_id=1746"},"modified":"2020-07-21T08:39:54","modified_gmt":"2020-07-21T06:39:54","slug":"who-i-am","status":"publish","type":"page","link":"https:\/\/happyhaus.fr\/en\/who-i-am\/","title":{"rendered":"Who I am"},"content":{"rendered":"<p><img decoding=\"async\" src=\"https:\/\/happyhaus.fr\/wp-content\/uploads\/elementor\/thumbs\/mkkoj-e1546272956100-o1c6ynye67bn0t5h0c0znmrj4qv8kshpt665ddyeos.jpg\" title=\"mkkoj\" alt=\"mkkoj\" \/><\/p>\n<p>&#8220;Il y a 15 ans, j&#8217;ai quitt\u00e9 Francfort en Allemagne pour venir \u00e0 Paris avec mon r\u00eave de cr\u00e9er un jour une marque qui me corresponde vraiment.<\/p>\n<p>Apr\u00e8s avoir suivi mes \u00e9tudes \u00e0 ESMOD, j&#8217;ai fait mes premiers pas de styliste aux cot\u00e9s de Jean-Charles de Castelbajac, avant de d\u00e9couvrir une mode plus commerciale, j&#8217;ai voulu profiter de l&#8217;ensemble de ces exp\u00e9riences et de m&#8217;affranchir des toutes ces contraintes, en proposant aujhourd&#8217;hui une garde-robe qui se lib\u00e8re des saisons, des rythmes des collections, pour proposer des v\u00eatements que l&#8217;on puisse porter tout le temps, et avoir le plaisir de les voir vieillir.<\/p>\n<p>Et puis que toute ma vie, toute mon enfance, je l&#8217;ai v\u00e9cue avec la conscience de mon environnement et l&#8217;exigence de le respecter, il \u00e9tait pour moi naturel, presque imp\u00e9ratif, de proposer aujourd&#8217;hui une collection \u00ab\u00e9co-responsable\u00bb ou chacun de mes fournisseurs m&#8217;aideraient \u00e0 raconter cette histoire, en partageant cette m\u00eame exigence, ces m\u00eames valeurs.&#8221;<\/p>\n<p><img loading=\"lazy\" decoding=\"async\" width=\"2480\" height=\"3508\" src=\"https:\/\/happyhaus.fr\/wp-content\/uploads\/2018\/11\/happyhaus2.jpg\" alt=\"\" srcset=\"https:\/\/happyhaus.fr\/wp-content\/uploads\/2018\/11\/happyhaus2.jpg 2480w, https:\/\/happyhaus.fr\/wp-content\/uploads\/2018\/11\/happyhaus2-212x300.jpg 212w, https:\/\/happyhaus.fr\/wp-content\/uploads\/2018\/11\/happyhaus2-768x1086.jpg 768w, https:\/\/happyhaus.fr\/wp-content\/uploads\/2018\/11\/happyhaus2-724x1024.jpg 724w\" sizes=\"(max-width: 2480px) 100vw, 2480px\" \/><\/p>\n","protected":false},"excerpt":{"rendered":"<p>&#8220;Il y a 15 ans, j&#8217;ai quitt\u00e9 Francfort en Allemagne pour venir \u00e0 Paris avec mon r\u00eave de cr\u00e9er un jour une marque qui me corresponde vraiment. Apr\u00e8s avoir suivi mes \u00e9tudes \u00e0 ESMOD, j&#8217;ai fait mes premiers pas de styliste aux cot\u00e9s de Jean-Charles de Castelbajac, avant de d\u00e9couvrir&hellip;<\/p>\n","protected":false},"author":1,"featured_media":0,"parent":0,"menu_order":0,"comment_status":"closed","ping_status":"closed","template":"page-templates\/template-pagebuilder-full-width.php","meta":{"_acf_changed":false,"footnotes":""},"acf":[],"yoast_head":"<!-- This site is optimized with the Yoast SEO plugin v22.6 - https:\/\/yoast.com\/wordpress\/plugins\/seo\/ -->\n<title>Who I am -<\/title>\n<meta name=\"robots\" content=\"index, follow, max-snippet:-1, max-image-preview:large, max-video-preview:-1\" \/>\n<link rel=\"canonical\" href=\"https:\/\/happyhaus.fr\/en\/who-i-am\/\" \/>\n<meta property=\"og:locale\" content=\"en_US\" \/>\n<meta property=\"og:type\" content=\"article\" \/>\n<meta property=\"og:title\" content=\"Who I am -\" \/>\n<meta property=\"og:description\" content=\"&#8220;Il y a 15 ans, j&#8217;ai quitt\u00e9 Francfort en Allemagne pour venir \u00e0 Paris avec mon r\u00eave de cr\u00e9er un jour une marque qui me corresponde vraiment. Apr\u00e8s avoir suivi mes \u00e9tudes \u00e0 ESMOD, j&#8217;ai fait mes premiers pas de styliste aux cot\u00e9s de Jean-Charles de Castelbajac, avant de d\u00e9couvrir&hellip;\" \/>\n<meta property=\"og:url\" content=\"https:\/\/happyhaus.fr\/en\/who-i-am\/\" \/>\n<meta property=\"article:modified_time\" content=\"2020-07-21T06:39:54+00:00\" \/>\n<meta property=\"og:image\" content=\"https:\/\/happyhaus.fr\/wp-content\/uploads\/elementor\/thumbs\/mkkoj-e1546272956100-o1c6ynye67bn0t5h0c0znmrj4qv8kshpt665ddyeos.jpg\" \/>\n<meta name=\"twitter:card\" content=\"summary_large_image\" \/>\n<meta name=\"twitter:label1\" content=\"Est. reading time\" \/>\n\t<meta name=\"twitter:data1\" content=\"1 minute\" \/>\n<script type=\"application\/ld+json\" class=\"yoast-schema-graph\">{\"@context\":\"https:\/\/schema.org\",\"@graph\":[{\"@type\":\"WebPage\",\"@id\":\"https:\/\/happyhaus.fr\/en\/who-i-am\/\",\"url\":\"https:\/\/happyhaus.fr\/en\/who-i-am\/\",\"name\":\"Who I am -\",\"isPartOf\":{\"@id\":\"https:\/\/happyhaus.fr\/#website\"},\"primaryImageOfPage\":{\"@id\":\"https:\/\/happyhaus.fr\/en\/who-i-am\/#primaryimage\"},\"image\":{\"@id\":\"https:\/\/happyhaus.fr\/en\/who-i-am\/#primaryimage\"},\"thumbnailUrl\":\"https:\/\/happyhaus.fr\/wp-content\/uploads\/elementor\/thumbs\/mkkoj-e1546272956100-o1c6ynye67bn0t5h0c0znmrj4qv8kshpt665ddyeos.jpg\",\"datePublished\":\"2019-01-23T11:41:24+00:00\",\"dateModified\":\"2020-07-21T06:39:54+00:00\",\"breadcrumb\":{\"@id\":\"https:\/\/happyhaus.fr\/en\/who-i-am\/#breadcrumb\"},\"inLanguage\":\"en-US\",\"potentialAction\":[{\"@type\":\"ReadAction\",\"target\":[\"https:\/\/happyhaus.fr\/en\/who-i-am\/\"]}]},{\"@type\":\"ImageObject\",\"inLanguage\":\"en-US\",\"@id\":\"https:\/\/happyhaus.fr\/en\/who-i-am\/#primaryimage\",\"url\":\"https:\/\/happyhaus.fr\/wp-content\/uploads\/elementor\/thumbs\/mkkoj-e1546272956100-o1c6ynye67bn0t5h0c0znmrj4qv8kshpt665ddyeos.jpg\",\"contentUrl\":\"https:\/\/happyhaus.fr\/wp-content\/uploads\/elementor\/thumbs\/mkkoj-e1546272956100-o1c6ynye67bn0t5h0c0znmrj4qv8kshpt665ddyeos.jpg\"},{\"@type\":\"BreadcrumbList\",\"@id\":\"https:\/\/happyhaus.fr\/en\/who-i-am\/#breadcrumb\",\"itemListElement\":[{\"@type\":\"ListItem\",\"position\":1,\"name\":\"Accueil\",\"item\":\"https:\/\/happyhaus.fr\/en\/\"},{\"@type\":\"ListItem\",\"position\":2,\"name\":\"Who I am\"}]},{\"@type\":\"WebSite\",\"@id\":\"https:\/\/happyhaus.fr\/#website\",\"url\":\"https:\/\/happyhaus.fr\/\",\"name\":\"\",\"description\":\"\",\"potentialAction\":[{\"@type\":\"SearchAction\",\"target\":{\"@type\":\"EntryPoint\",\"urlTemplate\":\"https:\/\/happyhaus.fr\/?s={search_term_string}\"},\"query-input\":\"required name=search_term_string\"}],\"inLanguage\":\"en-US\"}]}<\/script>\n<!-- \/ Yoast SEO plugin. -->","yoast_head_json":{"title":"Who I am -","robots":{"index":"index","follow":"follow","max-snippet":"max-snippet:-1","max-image-preview":"max-image-preview:large","max-video-preview":"max-video-preview:-1"},"canonical":"https:\/\/happyhaus.fr\/en\/who-i-am\/","og_locale":"en_US","og_type":"article","og_title":"Who I am -","og_description":"&#8220;Il y a 15 ans, j&#8217;ai quitt\u00e9 Francfort en Allemagne pour venir \u00e0 Paris avec mon r\u00eave de cr\u00e9er un jour une marque qui me corresponde vraiment. Apr\u00e8s avoir suivi mes \u00e9tudes \u00e0 ESMOD, j&#8217;ai fait mes premiers pas de styliste aux cot\u00e9s de Jean-Charles de Castelbajac, avant de d\u00e9couvrir&hellip;","og_url":"https:\/\/happyhaus.fr\/en\/who-i-am\/","article_modified_time":"2020-07-21T06:39:54+00:00","og_image":[{"url":"https:\/\/happyhaus.fr\/wp-content\/uploads\/elementor\/thumbs\/mkkoj-e1546272956100-o1c6ynye67bn0t5h0c0znmrj4qv8kshpt665ddyeos.jpg"}],"twitter_card":"summary_large_image","twitter_misc":{"Est. reading time":"1 minute"},"schema":{"@context":"https:\/\/schema.org","@graph":[{"@type":"WebPage","@id":"https:\/\/happyhaus.fr\/en\/who-i-am\/","url":"https:\/\/happyhaus.fr\/en\/who-i-am\/","name":"Who I am -","isPartOf":{"@id":"https:\/\/happyhaus.fr\/#website"},"primaryImageOfPage":{"@id":"https:\/\/happyhaus.fr\/en\/who-i-am\/#primaryimage"},"image":{"@id":"https:\/\/happyhaus.fr\/en\/who-i-am\/#primaryimage"},"thumbnailUrl":"https:\/\/happyhaus.fr\/wp-content\/uploads\/elementor\/thumbs\/mkkoj-e1546272956100-o1c6ynye67bn0t5h0c0znmrj4qv8kshpt665ddyeos.jpg","datePublished":"2019-01-23T11:41:24+00:00","dateModified":"2020-07-21T06:39:54+00:00","breadcrumb":{"@id":"https:\/\/happyhaus.fr\/en\/who-i-am\/#breadcrumb"},"inLanguage":"en-US","potentialAction":[{"@type":"ReadAction","target":["https:\/\/happyhaus.fr\/en\/who-i-am\/"]}]},{"@type":"ImageObject","inLanguage":"en-US","@id":"https:\/\/happyhaus.fr\/en\/who-i-am\/#primaryimage","url":"https:\/\/happyhaus.fr\/wp-content\/uploads\/elementor\/thumbs\/mkkoj-e1546272956100-o1c6ynye67bn0t5h0c0znmrj4qv8kshpt665ddyeos.jpg","contentUrl":"https:\/\/happyhaus.fr\/wp-content\/uploads\/elementor\/thumbs\/mkkoj-e1546272956100-o1c6ynye67bn0t5h0c0znmrj4qv8kshpt665ddyeos.jpg"},{"@type":"BreadcrumbList","@id":"https:\/\/happyhaus.fr\/en\/who-i-am\/#breadcrumb","itemListElement":[{"@type":"ListItem","position":1,"name":"Accueil","item":"https:\/\/happyhaus.fr\/en\/"},{"@type":"ListItem","position":2,"name":"Who I am"}]},{"@type":"WebSite","@id":"https:\/\/happyhaus.fr\/#website","url":"https:\/\/happyhaus.fr\/","name":"","description":"","potentialAction":[{"@type":"SearchAction","target":{"@type":"EntryPoint","urlTemplate":"https:\/\/happyhaus.fr\/?s={search_term_string}"},"query-input":"required name=search_term_string"}],"inLanguage":"en-US"}]}},"_links":{"self":[{"href":"https:\/\/happyhaus.fr\/en\/wp-json\/wp\/v2\/pages\/1746"}],"collection":[{"href":"https:\/\/happyhaus.fr\/en\/wp-json\/wp\/v2\/pages"}],"about":[{"href":"https:\/\/happyhaus.fr\/en\/wp-json\/wp\/v2\/types\/page"}],"author":[{"embeddable":true,"href":"https:\/\/happyhaus.fr\/en\/wp-json\/wp\/v2\/users\/1"}],"replies":[{"embeddable":true,"href":"https:\/\/happyhaus.fr\/en\/wp-json\/wp\/v2\/comments?post=1746"}],"version-history":[{"count":4,"href":"https:\/\/happyhaus.fr\/en\/wp-json\/wp\/v2\/pages\/1746\/revisions"}],"predecessor-version":[{"id":5398,"href":"https:\/\/happyhaus.fr\/en\/wp-json\/wp\/v2\/pages\/1746\/revisions\/5398"}],"wp:attachment":[{"href":"https:\/\/happyhaus.fr\/en\/wp-json\/wp\/v2\/media?parent=1746"}],"curies":[{"name":"wp","href":"https:\/\/api.w.org\/{rel}","templated":true}]}}