{"id":106,"date":"2017-12-10T19:58:04","date_gmt":"2017-12-10T18:58:04","guid":{"rendered":"https:\/\/happyhaus.fr\/?page_id=106"},"modified":"2021-04-06T11:17:01","modified_gmt":"2021-04-06T09:17:01","slug":"home-page-2","status":"publish","type":"page","link":"https:\/\/happyhaus.fr\/en\/home-page-2\/","title":{"rendered":"Home page"},"content":{"rendered":"<h2><a href=\"\/categorie-produit\/enfant\/\">HAPPY HAUS KIDS<\/a><\/h2>\n<h2><a href=\"\/categorie-produit\/enfant\/\">Discover our kids&#8217; capsule<\/a><\/h2>\n<h2><a href=\"\/categorie-produit\/enfant\/\">HAPPY HAUS KIDS<\/a><\/h2>\n<h2><a href=\"\/categorie-produit\/enfant\/\">Discover our kids&#8217; capsule<\/a><\/h2>\n<p>\t\t\t<a href=\"\/shop\" role=\"button\"><br \/>\n\t\t\t\t\t\tClick here<br \/>\n\t\t\t\t\t<\/a><br \/>\n\t\t\t<a href=\"\/shop\" role=\"button\"><br \/>\n\t\t\t\t\t\tClick here<br \/>\n\t\t\t\t\t<\/a><\/p>\n<h2><a href=\"\/shop\">SHOP&#038;nbsp&#038;nbsp<br \/>\nTHE&#038;nbsp&#038;nbsp<br \/>\nCOLLECTION&#038;nbsp&#038;nbsp<\/a><\/h2>\n<p>\t\t\t<a href=\"\/shop\" role=\"button\"><br \/>\n\t\t\t\t\t\tClick here<br \/>\n\t\t\t\t\t<\/a><br \/>\n\t\t\t<a href=\"\/shop\" role=\"button\"><br \/>\n\t\t\t\t\t\tClick here<br \/>\n\t\t\t\t\t<\/a><\/p>\n<h2><a href=\"\/shop\">SHOP&#038;nbsp<br \/>\nTHE&#038;nbsp<br \/>\nCOLLECTION&#038;nbsp<\/a><\/h2>\n<h2>\u00ab  J\u2019ai voulu cr\u00e9er une collection pour toute l\u2019ann\u00e9e, et pour longtemps \u00bb<\/p>\n<p>Sandy, cr\u00e9atrice et fondatrice<br \/>de HAPPY HAUS<\/h2>\n<p>\t\t\t<a href=\"\/product\/la-combinaison-flair-in-denim-detox-certified-greenpeace-approved-available-also-in-light-blue-denim\/\" role=\"button\"><br \/>\n\t\t\t\t\t\tClick here<br \/>\n\t\t\t\t\t<\/a><br \/>\n\t\t\t<a href=\"\/product\/robe-gaby-light-blue-denim\" role=\"button\"><br \/>\n\t\t\t\t\t\tClick here<br \/>\n\t\t\t\t\t<\/a><\/p>\n<h2><a href=\"\/product\/robe-gaby-light-blue-denim\">&#038;nbsp&#038;nbspSHOP<br \/>\n&#038;nbsp&#038;nbspTHE<br \/>\n&#038;nbsp&#038;nbspCOLLECTION  <\/a><\/h2>\n<p>\t\t\t<a href=\"\/shop\" role=\"button\"><br \/>\n\t\t\t\t\t\tClick here<br \/>\n\t\t\t\t\t<\/a><br \/>\n\t\t\t<a href=\"\/shop\" role=\"button\"><br \/>\n\t\t\t\t\t\tClick here<br \/>\n\t\t\t\t\t<\/a><br \/>\n\t\t\t<a href=\"\/product\/robe-gaby-light-blue-denim\" role=\"button\"><br \/>\n\t\t\t\t\t\tClick here<br \/>\n\t\t\t\t\t<\/a><\/p>\n<h2><a href=\"\/product\/robe-gaby-light-blue-denim\">&nbsp;SHOP<br \/>&nbsp;THE<br \/>&nbsp;COLLECTION<\/a><\/h2>\n<h2>HAPPY HAUS, <br \/>CHANGER LA MODE, CHANGER LE MONDE !<\/h2>\n<h2>Mon plus bel engagement pour la plan\u00e8te est de cr\u00e9er des v\u00eatements que l\u2019on puisse porter le plus longtemps possible. Des v\u00eatements dont on ne se lasse pas, que l\u2019on aime porter encore et encore, qui vieillissent bien et deviennent avec le temps de plus en plus beaux. C\u2019est pour cela qu\u2019en imaginant HAPPY HAUS, j\u2019ai d\u2019abord voulu proposer un style et ne pas chercher \u00e0 \u00eatre \u00e0 la mode.<\/p>\n<p>J\u2019ai voulu proposer un vestiaire qui se porterait toute l\u2019ann\u00e9e autour de quelques mod\u00e8les, volontairement peu nombreux, longtemps r\u00e9fl\u00e9chis pour qu\u2019ils deviennent \u00e9vidents et r\u00e9pondent \u00e0 mon engagement.<\/p>\n<p>Je ne suis pas militante, je ne suis pas parfaite, encore moins exemplaire mais j\u2019essaye de faire au mieux, en cherchant les fournisseurs qui partagent mes valeurs, qu\u2019ils fabriquent du denim certifi\u00e9 par GOTS et par Greenpeace, des boutons en bois ou en corozo ou qu\u2019ils tissent sp\u00e9cialement pour nous du coton bio magnifique ou du tencel, ce tissus incroyablement doux comme de la soie fabriqu\u00e9 \u00e0 base de bois. <\/p>\n<p>Toutes ces femmes et tous ces hommes sont la HAPPY HAUS Family qui chaque jour s\u2019agrandit autour de ce r\u00eave de cr\u00e9er une marque qui ne vend pas que des v\u00eatements, mais qui propose un style de vie et r\u00eave d\u2019un monde meilleur.<\/p>\n<p>Merci \u00e0 eux, merci \u00e0 vous, <\/p>\n<p>LOVE<\/p>\n<p>Sandy<\/h2>\n<p>\t\t\t\t\t\t\t\t\t\t<img loading=\"lazy\" decoding=\"async\" width=\"1500\" height=\"1000\" src=\"https:\/\/happyhaus.fr\/wp-content\/uploads\/2020\/11\/sandy-2.jpg\" alt=\"\" srcset=\"https:\/\/happyhaus.fr\/wp-content\/uploads\/2020\/11\/sandy-2.jpg 1500w, https:\/\/happyhaus.fr\/wp-content\/uploads\/2020\/11\/sandy-2-300x200.jpg 300w, https:\/\/happyhaus.fr\/wp-content\/uploads\/2020\/11\/sandy-2-768x512.jpg 768w, https:\/\/happyhaus.fr\/wp-content\/uploads\/2020\/11\/sandy-2-1024x683.jpg 1024w, https:\/\/happyhaus.fr\/wp-content\/uploads\/2020\/11\/sandy-2-360x240.jpg 360w, https:\/\/happyhaus.fr\/wp-content\/uploads\/2020\/11\/sandy-2-600x400.jpg 600w\" sizes=\"(max-width: 1500px) 100vw, 1500px\" \/>\t\t\t\t\t\t\t\t\t\t\t<\/p>\n<h2><a href=\"https:\/\/www.instagram.com\/happyhaus_official\">#HAPPYHAUS                                                                                                 <\/a><\/h2>\n<h2><a href=\"https:\/\/www.instagram.com\/happyhaus_official\">FOLLOW US ON INSTAGRAM<\/a><\/h2>\n<h2><a href=\"https:\/\/www.instagram.com\/happyhaus_official\">#HAPPYHAUS                                                                                                 <\/a><\/h2>\n<h2><a href=\"https:\/\/www.instagram.com\/happyhaus_official\">FOLLOW US ON INSTAGRAM<\/a><\/h2>\n<h2>[instagram-feed]<\/h2>\n<p>\t\t\t\t\t\t\t\t\t\t<img decoding=\"async\" src=\"https:\/\/happyhaus.fr\/wp-content\/uploads\/elementor\/thumbs\/LOGO-HAPPY-HAUSok-oyxql2f5zsunm2h9k4potj0h368lkneq1bcpuqm01w.png\" title=\"LOGO-HAPPY-HAUSok\" alt=\"LOGO-HAPPY-HAUSok\" \/>\t\t\t\t\t\t\t\t\t\t\t<\/p>\n<h2>Our World<\/h2>\n<h2><a href=\"https:\/\/happyhaus.fr\/sandy\/\">WHO WE ARE<\/a><\/h2>\n<h2><a href=\"https:\/\/happyhaus.fr\/whyhappyhaus\/\">WHY HAPPY HAUS<\/a><\/h2>\n<h2><a href=\"http:\/\/happyhaus.fr\/terms-and-conditions\/\">CONTACT US<\/a><\/h2>\n<h2>Support<\/h2>\n<h2><a href=\"http:\/\/happyhaus.fr\/terms-and-conditions\/#ordering\">ORDERING<\/a><\/h2>\n<h2><a href=\"http:\/\/happyhaus.fr\/terms-and-conditions\/#shipping\">SHIPPING<\/a><\/h2>\n<h2><a href=\"http:\/\/happyhaus.fr\/terms-and-conditions\/#return\">RETURN &amp; EXCHANGES<\/a><\/h2>\n<h2>Follow Us<\/h2>\n<h2><a href=\"https:\/\/www.instagram.com\/happyhaus_official\/?hl=fr\" target=\"_blank\">INSTAGRAM<\/a><\/h2>\n<h2><a href=\"https:\/\/www.facebook.com\/www.happyhaus.fr\/\" target=\"_blank\">FACEBOOK<\/a><\/h2>\n<h2>Legal<\/h2>\n<h2><a href=\"http:\/\/happyhaus.fr\/terms-and-conditions\/\">TERMS &amp; CONDITIONS<\/a><\/h2>\n<h2>@2020 HAPPY HAUS<\/h2>\n","protected":false},"excerpt":{"rendered":"<p>HAPPY HAUS KIDS Discover our kids&#8217; capsule HAPPY HAUS KIDS Discover our kids&#8217; capsule Click here Click here SHOP&#038;nbsp&#038;nbsp THE&#038;nbsp&#038;nbsp COLLECTION&#038;nbsp&#038;nbsp Click here Click here SHOP&#038;nbsp THE&#038;nbsp COLLECTION&#038;nbsp \u00ab J\u2019ai voulu cr\u00e9er une collection pour toute l\u2019ann\u00e9e, et pour longtemps \u00bb Sandy, cr\u00e9atrice et fondatricede HAPPY HAUS Click here Click&hellip;<\/p>\n","protected":false},"author":1,"featured_media":0,"parent":0,"menu_order":0,"comment_status":"closed","ping_status":"closed","template":"","meta":{"_acf_changed":false,"footnotes":""},"acf":[],"yoast_head":"<!-- This site is optimized with the Yoast SEO plugin v22.6 - https:\/\/yoast.com\/wordpress\/plugins\/seo\/ -->\n<title>HAPPY HAUS - Home page<\/title>\n<meta name=\"description\" content=\"A style for a life. My greatest commitment to the planet is to create clothes that we can wear for as long as possible. Clothes that we never tire of, that we love to wear over and over, that age well and become more and more beautiful over time. This is why in imagining HAPPY HAUS.\" \/>\n<meta name=\"robots\" content=\"index, follow, max-snippet:-1, max-image-preview:large, max-video-preview:-1\" \/>\n<link rel=\"canonical\" href=\"https:\/\/happyhaus.fr\/home-page\/\" \/>\n<meta property=\"og:locale\" content=\"en_US\" \/>\n<meta property=\"og:type\" content=\"article\" \/>\n<meta property=\"og:title\" content=\"HAPPY HAUS - Home page\" \/>\n<meta property=\"og:description\" content=\"A style for a life. My greatest commitment to the planet is to create clothes that we can wear for as long as possible. Clothes that we never tire of, that we love to wear over and over, that age well and become more and more beautiful over time. This is why in imagining HAPPY HAUS.\" \/>\n<meta property=\"og:url\" content=\"https:\/\/happyhaus.fr\/home-page\/\" \/>\n<meta property=\"article:modified_time\" content=\"2021-04-06T09:17:01+00:00\" \/>\n<meta property=\"og:image\" content=\"https:\/\/happyhaus.fr\/wp-content\/uploads\/2020\/11\/sandy-2.jpg\" \/>\n<meta name=\"twitter:card\" content=\"summary_large_image\" \/>\n<meta name=\"twitter:label1\" content=\"Est. reading time\" \/>\n\t<meta name=\"twitter:data1\" content=\"1 minute\" \/>\n<script type=\"application\/ld+json\" class=\"yoast-schema-graph\">{\"@context\":\"https:\/\/schema.org\",\"@graph\":[{\"@type\":\"WebPage\",\"@id\":\"https:\/\/happyhaus.fr\/home-page\/\",\"url\":\"https:\/\/happyhaus.fr\/home-page\/\",\"name\":\"HAPPY HAUS - Home page\",\"isPartOf\":{\"@id\":\"https:\/\/happyhaus.fr\/#website\"},\"primaryImageOfPage\":{\"@id\":\"https:\/\/happyhaus.fr\/home-page\/#primaryimage\"},\"image\":{\"@id\":\"https:\/\/happyhaus.fr\/home-page\/#primaryimage\"},\"thumbnailUrl\":\"https:\/\/happyhaus.fr\/wp-content\/uploads\/2020\/11\/sandy-2.jpg\",\"datePublished\":\"2017-12-10T18:58:04+00:00\",\"dateModified\":\"2021-04-06T09:17:01+00:00\",\"description\":\"A style for a life. My greatest commitment to the planet is to create clothes that we can wear for as long as possible. Clothes that we never tire of, that we love to wear over and over, that age well and become more and more beautiful over time. This is why in imagining HAPPY HAUS.\",\"breadcrumb\":{\"@id\":\"https:\/\/happyhaus.fr\/home-page\/#breadcrumb\"},\"inLanguage\":\"en-US\",\"potentialAction\":[{\"@type\":\"ReadAction\",\"target\":[\"https:\/\/happyhaus.fr\/home-page\/\"]}]},{\"@type\":\"ImageObject\",\"inLanguage\":\"en-US\",\"@id\":\"https:\/\/happyhaus.fr\/home-page\/#primaryimage\",\"url\":\"https:\/\/happyhaus.fr\/wp-content\/uploads\/2020\/11\/sandy-2.jpg\",\"contentUrl\":\"https:\/\/happyhaus.fr\/wp-content\/uploads\/2020\/11\/sandy-2.jpg\"},{\"@type\":\"BreadcrumbList\",\"@id\":\"https:\/\/happyhaus.fr\/home-page\/#breadcrumb\",\"itemListElement\":[{\"@type\":\"ListItem\",\"position\":1,\"name\":\"Accueil\",\"item\":\"https:\/\/happyhaus.fr\/en\/\"},{\"@type\":\"ListItem\",\"position\":2,\"name\":\"Home page\"}]},{\"@type\":\"WebSite\",\"@id\":\"https:\/\/happyhaus.fr\/#website\",\"url\":\"https:\/\/happyhaus.fr\/\",\"name\":\"\",\"description\":\"\",\"potentialAction\":[{\"@type\":\"SearchAction\",\"target\":{\"@type\":\"EntryPoint\",\"urlTemplate\":\"https:\/\/happyhaus.fr\/?s={search_term_string}\"},\"query-input\":\"required name=search_term_string\"}],\"inLanguage\":\"en-US\"}]}<\/script>\n<!-- \/ Yoast SEO plugin. -->","yoast_head_json":{"title":"HAPPY HAUS - Home page","description":"A style for a life. My greatest commitment to the planet is to create clothes that we can wear for as long as possible. Clothes that we never tire of, that we love to wear over and over, that age well and become more and more beautiful over time. This is why in imagining HAPPY HAUS.","robots":{"index":"index","follow":"follow","max-snippet":"max-snippet:-1","max-image-preview":"max-image-preview:large","max-video-preview":"max-video-preview:-1"},"canonical":"https:\/\/happyhaus.fr\/home-page\/","og_locale":"en_US","og_type":"article","og_title":"HAPPY HAUS - Home page","og_description":"A style for a life. My greatest commitment to the planet is to create clothes that we can wear for as long as possible. Clothes that we never tire of, that we love to wear over and over, that age well and become more and more beautiful over time. This is why in imagining HAPPY HAUS.","og_url":"https:\/\/happyhaus.fr\/home-page\/","article_modified_time":"2021-04-06T09:17:01+00:00","og_image":[{"url":"https:\/\/happyhaus.fr\/wp-content\/uploads\/2020\/11\/sandy-2.jpg"}],"twitter_card":"summary_large_image","twitter_misc":{"Est. reading time":"1 minute"},"schema":{"@context":"https:\/\/schema.org","@graph":[{"@type":"WebPage","@id":"https:\/\/happyhaus.fr\/home-page\/","url":"https:\/\/happyhaus.fr\/home-page\/","name":"HAPPY HAUS - Home page","isPartOf":{"@id":"https:\/\/happyhaus.fr\/#website"},"primaryImageOfPage":{"@id":"https:\/\/happyhaus.fr\/home-page\/#primaryimage"},"image":{"@id":"https:\/\/happyhaus.fr\/home-page\/#primaryimage"},"thumbnailUrl":"https:\/\/happyhaus.fr\/wp-content\/uploads\/2020\/11\/sandy-2.jpg","datePublished":"2017-12-10T18:58:04+00:00","dateModified":"2021-04-06T09:17:01+00:00","description":"A style for a life. My greatest commitment to the planet is to create clothes that we can wear for as long as possible. Clothes that we never tire of, that we love to wear over and over, that age well and become more and more beautiful over time. This is why in imagining HAPPY HAUS.","breadcrumb":{"@id":"https:\/\/happyhaus.fr\/home-page\/#breadcrumb"},"inLanguage":"en-US","potentialAction":[{"@type":"ReadAction","target":["https:\/\/happyhaus.fr\/home-page\/"]}]},{"@type":"ImageObject","inLanguage":"en-US","@id":"https:\/\/happyhaus.fr\/home-page\/#primaryimage","url":"https:\/\/happyhaus.fr\/wp-content\/uploads\/2020\/11\/sandy-2.jpg","contentUrl":"https:\/\/happyhaus.fr\/wp-content\/uploads\/2020\/11\/sandy-2.jpg"},{"@type":"BreadcrumbList","@id":"https:\/\/happyhaus.fr\/home-page\/#breadcrumb","itemListElement":[{"@type":"ListItem","position":1,"name":"Accueil","item":"https:\/\/happyhaus.fr\/en\/"},{"@type":"ListItem","position":2,"name":"Home page"}]},{"@type":"WebSite","@id":"https:\/\/happyhaus.fr\/#website","url":"https:\/\/happyhaus.fr\/","name":"","description":"","potentialAction":[{"@type":"SearchAction","target":{"@type":"EntryPoint","urlTemplate":"https:\/\/happyhaus.fr\/?s={search_term_string}"},"query-input":"required name=search_term_string"}],"inLanguage":"en-US"}]}},"_links":{"self":[{"href":"https:\/\/happyhaus.fr\/en\/wp-json\/wp\/v2\/pages\/106"}],"collection":[{"href":"https:\/\/happyhaus.fr\/en\/wp-json\/wp\/v2\/pages"}],"about":[{"href":"https:\/\/happyhaus.fr\/en\/wp-json\/wp\/v2\/types\/page"}],"author":[{"embeddable":true,"href":"https:\/\/happyhaus.fr\/en\/wp-json\/wp\/v2\/users\/1"}],"replies":[{"embeddable":true,"href":"https:\/\/happyhaus.fr\/en\/wp-json\/wp\/v2\/comments?post=106"}],"version-history":[{"count":656,"href":"https:\/\/happyhaus.fr\/en\/wp-json\/wp\/v2\/pages\/106\/revisions"}],"predecessor-version":[{"id":20665,"href":"https:\/\/happyhaus.fr\/en\/wp-json\/wp\/v2\/pages\/106\/revisions\/20665"}],"wp:attachment":[{"href":"https:\/\/happyhaus.fr\/en\/wp-json\/wp\/v2\/media?parent=106"}],"curies":[{"name":"wp","href":"https:\/\/api.w.org\/{rel}","templated":true}]}}