{"id":99998,"date":"2026-03-18T14:21:36","date_gmt":"2026-03-17T09:21:38","guid":{"rendered":"https:\/\/happyhaus.fr\/?post_type=product&#038;p=99998"},"modified":"2026-03-24T14:20:44","modified_gmt":"2026-03-24T13:20:44","slug":"le-blazer-laine-japonaise","status":"publish","type":"product","link":"https:\/\/happyhaus.fr\/de\/produkt\/le-blazer-laine-japonaise\/","title":{"rendered":"LE BLAZER"},"content":{"rendered":"<ul>\n<li>Blazer gerader, leicht angepasster Schnitt<\/li>\n<li>Klassischer Kleiderschneider<\/li>\n<li>Knopfverschluss an der Vorderseite<\/li>\n<li>Brusttasche mit Passform<\/li>\n<li>Zwei Klappentaschen vorne<\/li>\n<li>Lange \u00c4rmel<\/li>\n<li>Gewebtes Etikett<\/li>\n<li>Au\u00dfergew\u00f6hnlicher in Japan gewebter Stoff<\/li>\n<li>Edle Mischung aus Wolle und Leinen<\/li>\n<li>80% Wolle und 20% Leinen<\/li>\n<\/ul>\n<p>Stoffherkunft: Japan<br \/>\nHergestellt in: Tunesien<\/p>\n","protected":false},"excerpt":{"rendered":"<p>Unser BLAZER ist elegant und zeitlos. Er hat eine weite und gerade Passform, bietet sch\u00f6ne Details: die sorgf\u00e4ltigen Oberfl\u00e4chen, die dezenten Taschen und die schlichte Linie.<\/p>\n<p>Der BLAZER hat eine &#8220;m\u00e4nnlich-weibliche&#8221; Einstellung, ist cool und sehr elegant zugleich. Sein gerader, strukturierter und gleichzeitig bequemer Schnitt zeichnet ein zeitloses Aussehen.<\/p>\n<p>Der BLAZER wird aus einem au\u00dfergew\u00f6hnlichen Stoff hergestellt, der in Japan gewebt und von einer Manufaktur stammt, die f\u00fcr die Qualit\u00e4t und Pr\u00e4zision ihrer Stoffe bekannt ist. Wolle sorgt f\u00fcr Weichheit und Halt, w\u00e4hrend Leinen Leichtigkeit und Authentizit\u00e4t verleiht.<\/p>\n<p>Er senkte sich bequem.<\/p>\n","protected":false},"featured_media":100186,"comment_status":"closed","ping_status":"closed","template":"","meta":{"_acf_changed":false},"product_cat":[312,231,238,313,315],"product_tag":[335],"acf":[],"yoast_head":"<!-- This site is optimized with the Yoast SEO plugin v22.6 - https:\/\/yoast.com\/wordpress\/plugins\/seo\/ -->\n<title>LE BLAZER -<\/title>\n<meta name=\"robots\" content=\"index, follow, max-snippet:-1, max-image-preview:large, max-video-preview:-1\" \/>\n<link rel=\"canonical\" href=\"https:\/\/happyhaus.fr\/de\/produkt\/le-blazer-laine-japonaise\/\" \/>\n<meta property=\"og:locale\" content=\"de_DE\" \/>\n<meta property=\"og:type\" content=\"article\" \/>\n<meta property=\"og:title\" content=\"LE BLAZER -\" \/>\n<meta property=\"og:description\" content=\"Unser BLAZER ist elegant und zeitlos. Er hat eine weite und gerade Passform, bietet sch\u00f6ne Details: die sorgf\u00e4ltigen Oberfl\u00e4chen, die dezenten Taschen und die schlichte Linie.  Der BLAZER hat eine &quot;m\u00e4nnlich-weibliche&quot; Einstellung, ist cool und sehr elegant zugleich. Sein gerader, strukturierter und gleichzeitig bequemer Schnitt zeichnet ein zeitloses Aussehen.  Der BLAZER wird aus einem au\u00dfergew\u00f6hnlichen Stoff hergestellt, der in Japan gewebt und von einer Manufaktur stammt, die f\u00fcr die Qualit\u00e4t und Pr\u00e4zision ihrer Stoffe bekannt ist. Wolle sorgt f\u00fcr Weichheit und Halt, w\u00e4hrend Leinen Leichtigkeit und Authentizit\u00e4t verleiht.  Er senkte sich bequem.\" \/>\n<meta property=\"og:url\" content=\"https:\/\/happyhaus.fr\/de\/produkt\/le-blazer-laine-japonaise\/\" \/>\n<meta property=\"article:modified_time\" content=\"2026-03-24T13:20:44+00:00\" \/>\n<meta property=\"og:image\" content=\"https:\/\/happyhaus.fr\/wp-content\/uploads\/2026\/03\/Z1-7.jpg\" \/>\n\t<meta property=\"og:image:width\" content=\"1707\" \/>\n\t<meta property=\"og:image:height\" content=\"2560\" \/>\n\t<meta property=\"og:image:type\" content=\"image\/jpeg\" \/>\n<meta name=\"twitter:card\" content=\"summary_large_image\" \/>\n<meta name=\"twitter:label1\" content=\"Gesch\u00e4tzte Lesezeit\" \/>\n\t<meta name=\"twitter:data1\" content=\"1\u00a0Minute\" \/>\n<script type=\"application\/ld+json\" class=\"yoast-schema-graph\">{\"@context\":\"https:\/\/schema.org\",\"@graph\":[{\"@type\":\"WebPage\",\"@id\":\"https:\/\/happyhaus.fr\/de\/produkt\/le-blazer-laine-japonaise\/\",\"url\":\"https:\/\/happyhaus.fr\/de\/produkt\/le-blazer-laine-japonaise\/\",\"name\":\"LE BLAZER -\",\"isPartOf\":{\"@id\":\"https:\/\/happyhaus.fr\/#website\"},\"primaryImageOfPage\":{\"@id\":\"https:\/\/happyhaus.fr\/de\/produkt\/le-blazer-laine-japonaise\/#primaryimage\"},\"image\":{\"@id\":\"https:\/\/happyhaus.fr\/de\/produkt\/le-blazer-laine-japonaise\/#primaryimage\"},\"thumbnailUrl\":\"https:\/\/happyhaus.fr\/wp-content\/uploads\/2026\/03\/Z1-7.jpg\",\"datePublished\":\"2026-03-17T09:21:38+00:00\",\"dateModified\":\"2026-03-24T13:20:44+00:00\",\"breadcrumb\":{\"@id\":\"https:\/\/happyhaus.fr\/de\/produkt\/le-blazer-laine-japonaise\/#breadcrumb\"},\"inLanguage\":\"de\",\"potentialAction\":[{\"@type\":\"ReadAction\",\"target\":[\"https:\/\/happyhaus.fr\/de\/produkt\/le-blazer-laine-japonaise\/\"]}]},{\"@type\":\"ImageObject\",\"inLanguage\":\"de\",\"@id\":\"https:\/\/happyhaus.fr\/de\/produkt\/le-blazer-laine-japonaise\/#primaryimage\",\"url\":\"https:\/\/happyhaus.fr\/wp-content\/uploads\/2026\/03\/Z1-7.jpg\",\"contentUrl\":\"https:\/\/happyhaus.fr\/wp-content\/uploads\/2026\/03\/Z1-7.jpg\",\"width\":1707,\"height\":2560},{\"@type\":\"BreadcrumbList\",\"@id\":\"https:\/\/happyhaus.fr\/de\/produkt\/le-blazer-laine-japonaise\/#breadcrumb\",\"itemListElement\":[{\"@type\":\"ListItem\",\"position\":1,\"name\":\"Accueil\",\"item\":\"https:\/\/happyhaus.fr\/de\/\"},{\"@type\":\"ListItem\",\"position\":2,\"name\":\"Priv\u00e9\u00a0: Shop\",\"item\":\"https:\/\/happyhaus.fr\/?page_id=4438\"},{\"@type\":\"ListItem\",\"position\":3,\"name\":\"LE BLAZER\"}]},{\"@type\":\"WebSite\",\"@id\":\"https:\/\/happyhaus.fr\/#website\",\"url\":\"https:\/\/happyhaus.fr\/\",\"name\":\"\",\"description\":\"\",\"potentialAction\":[{\"@type\":\"SearchAction\",\"target\":{\"@type\":\"EntryPoint\",\"urlTemplate\":\"https:\/\/happyhaus.fr\/?s={search_term_string}\"},\"query-input\":\"required name=search_term_string\"}],\"inLanguage\":\"de\"}]}<\/script>\n<!-- \/ Yoast SEO plugin. -->","yoast_head_json":{"title":"LE BLAZER -","robots":{"index":"index","follow":"follow","max-snippet":"max-snippet:-1","max-image-preview":"max-image-preview:large","max-video-preview":"max-video-preview:-1"},"canonical":"https:\/\/happyhaus.fr\/de\/produkt\/le-blazer-laine-japonaise\/","og_locale":"de_DE","og_type":"article","og_title":"LE BLAZER -","og_description":"Unser BLAZER ist elegant und zeitlos. Er hat eine weite und gerade Passform, bietet sch\u00f6ne Details: die sorgf\u00e4ltigen Oberfl\u00e4chen, die dezenten Taschen und die schlichte Linie.  Der BLAZER hat eine \"m\u00e4nnlich-weibliche\" Einstellung, ist cool und sehr elegant zugleich. Sein gerader, strukturierter und gleichzeitig bequemer Schnitt zeichnet ein zeitloses Aussehen.  Der BLAZER wird aus einem au\u00dfergew\u00f6hnlichen Stoff hergestellt, der in Japan gewebt und von einer Manufaktur stammt, die f\u00fcr die Qualit\u00e4t und Pr\u00e4zision ihrer Stoffe bekannt ist. Wolle sorgt f\u00fcr Weichheit und Halt, w\u00e4hrend Leinen Leichtigkeit und Authentizit\u00e4t verleiht.  Er senkte sich bequem.","og_url":"https:\/\/happyhaus.fr\/de\/produkt\/le-blazer-laine-japonaise\/","article_modified_time":"2026-03-24T13:20:44+00:00","og_image":[{"width":1707,"height":2560,"url":"https:\/\/happyhaus.fr\/wp-content\/uploads\/2026\/03\/Z1-7.jpg","type":"image\/jpeg"}],"twitter_card":"summary_large_image","twitter_misc":{"Gesch\u00e4tzte Lesezeit":"1\u00a0Minute"},"schema":{"@context":"https:\/\/schema.org","@graph":[{"@type":"WebPage","@id":"https:\/\/happyhaus.fr\/de\/produkt\/le-blazer-laine-japonaise\/","url":"https:\/\/happyhaus.fr\/de\/produkt\/le-blazer-laine-japonaise\/","name":"LE BLAZER -","isPartOf":{"@id":"https:\/\/happyhaus.fr\/#website"},"primaryImageOfPage":{"@id":"https:\/\/happyhaus.fr\/de\/produkt\/le-blazer-laine-japonaise\/#primaryimage"},"image":{"@id":"https:\/\/happyhaus.fr\/de\/produkt\/le-blazer-laine-japonaise\/#primaryimage"},"thumbnailUrl":"https:\/\/happyhaus.fr\/wp-content\/uploads\/2026\/03\/Z1-7.jpg","datePublished":"2026-03-17T09:21:38+00:00","dateModified":"2026-03-24T13:20:44+00:00","breadcrumb":{"@id":"https:\/\/happyhaus.fr\/de\/produkt\/le-blazer-laine-japonaise\/#breadcrumb"},"inLanguage":"de","potentialAction":[{"@type":"ReadAction","target":["https:\/\/happyhaus.fr\/de\/produkt\/le-blazer-laine-japonaise\/"]}]},{"@type":"ImageObject","inLanguage":"de","@id":"https:\/\/happyhaus.fr\/de\/produkt\/le-blazer-laine-japonaise\/#primaryimage","url":"https:\/\/happyhaus.fr\/wp-content\/uploads\/2026\/03\/Z1-7.jpg","contentUrl":"https:\/\/happyhaus.fr\/wp-content\/uploads\/2026\/03\/Z1-7.jpg","width":1707,"height":2560},{"@type":"BreadcrumbList","@id":"https:\/\/happyhaus.fr\/de\/produkt\/le-blazer-laine-japonaise\/#breadcrumb","itemListElement":[{"@type":"ListItem","position":1,"name":"Accueil","item":"https:\/\/happyhaus.fr\/de\/"},{"@type":"ListItem","position":2,"name":"Priv\u00e9\u00a0: Shop","item":"https:\/\/happyhaus.fr\/?page_id=4438"},{"@type":"ListItem","position":3,"name":"LE BLAZER"}]},{"@type":"WebSite","@id":"https:\/\/happyhaus.fr\/#website","url":"https:\/\/happyhaus.fr\/","name":"","description":"","potentialAction":[{"@type":"SearchAction","target":{"@type":"EntryPoint","urlTemplate":"https:\/\/happyhaus.fr\/?s={search_term_string}"},"query-input":"required name=search_term_string"}],"inLanguage":"de"}]}},"_links":{"self":[{"href":"https:\/\/happyhaus.fr\/de\/wp-json\/wp\/v2\/product\/99998"}],"collection":[{"href":"https:\/\/happyhaus.fr\/de\/wp-json\/wp\/v2\/product"}],"about":[{"href":"https:\/\/happyhaus.fr\/de\/wp-json\/wp\/v2\/types\/product"}],"replies":[{"embeddable":true,"href":"https:\/\/happyhaus.fr\/de\/wp-json\/wp\/v2\/comments?post=99998"}],"wp:featuredmedia":[{"embeddable":true,"href":"https:\/\/happyhaus.fr\/de\/wp-json\/wp\/v2\/media\/100186"}],"wp:attachment":[{"href":"https:\/\/happyhaus.fr\/de\/wp-json\/wp\/v2\/media?parent=99998"}],"wp:term":[{"taxonomy":"product_cat","embeddable":true,"href":"https:\/\/happyhaus.fr\/de\/wp-json\/wp\/v2\/product_cat?post=99998"},{"taxonomy":"product_tag","embeddable":true,"href":"https:\/\/happyhaus.fr\/de\/wp-json\/wp\/v2\/product_tag?post=99998"}],"curies":[{"name":"wp","href":"https:\/\/api.w.org\/{rel}","templated":true}]}}