{"id":99941,"date":"2026-02-11T12:21:07","date_gmt":"2026-03-11T11:21:09","guid":{"rendered":"https:\/\/happyhaus.fr\/?post_type=product&#038;p=99941"},"modified":"2026-03-11T13:02:57","modified_gmt":"2026-03-11T12:02:57","slug":"la-veste-peintre-summer-blue","status":"publish","type":"product","link":"https:\/\/happyhaus.fr\/de\/produkt\/la-veste-peintre-summer-blue\/","title":{"rendered":"LA VESTE PEINTRE"},"content":{"rendered":"<ul>\n<li>Breiter und gerader Schnitt<\/li>\n<li>L\u00e4nge unter den H\u00fcften<\/li>\n<li>Hemdkragen<\/li>\n<li>Verschluss mit Holzkn\u00f6pfen<\/li>\n<li>2 gro\u00dfe, plattierte Fronttaschen<\/li>\n<li>Kontrastreiche Tabakstiche<\/li>\n<li>Stickerei HAPPY HAUS auf der R\u00fcckseite<\/li>\n<li>100% Baumwolle, davon 20% recycelt<\/li>\n<\/ul>\n<p>Stoffherkunft: Italien<br \/>\nHergestellt in: Tunesien<\/p>\n","protected":false},"excerpt":{"rendered":"<p>Unsere PEINTRE-Jacke hat einen breiten und geraden Schnitt, der f\u00fcr eine entspannte und moderne Silhouette sorgt. Inspiriert von den Arbeitsjacken, ist sie einfach im Alltag zu tragen und f\u00fcgt sich nat\u00fcrlich in die Happy Haus Umkleidekabine ein.<\/p>\n<p>Sie zeichnet sich durch sch\u00f6ne Details aus: zwei gro\u00dfe, vorne plattierte Taschen, ein Verschluss mit Holzkn\u00f6pfen und Tabakstiche, die die Linien des Raumes betonen und ihm Charakter verleihen. Auf der R\u00fcckseite tr\u00e4gt eine HAPPY HAUS-Stickerei die diskrete Signatur des Modells.<\/p>\n<p>Sie ist in unserem &#8220;summer blue&#8221; Denim gefertigt, einem leuchtend hellblauen Denim, der dem Raum Frische und Modernit\u00e4t verleiht. Eine leicht zu kombinierende Farbe, ideal f\u00fcr die sch\u00f6ne Jahreszeit.<\/p>\n<p>Die Passform ist bewusst locker f\u00fcr eine bequeme und moderne Trageform. Wir empfehlen Ihnen, Ihre gewohnte Gr\u00f6\u00dfe zu w\u00e4hlen.<\/p>\n","protected":false},"featured_media":99972,"comment_status":"closed","ping_status":"closed","template":"","meta":{"_acf_changed":false},"product_cat":[312,231,238,313],"product_tag":[335],"acf":[],"yoast_head":"<!-- This site is optimized with the Yoast SEO plugin v22.6 - https:\/\/yoast.com\/wordpress\/plugins\/seo\/ -->\n<title>LA VESTE PEINTRE -<\/title>\n<meta name=\"robots\" content=\"index, follow, max-snippet:-1, max-image-preview:large, max-video-preview:-1\" \/>\n<link rel=\"canonical\" href=\"https:\/\/happyhaus.fr\/en\/produkt\/la-veste-peintre-summer-blue\/\" \/>\n<meta property=\"og:locale\" content=\"de_DE\" \/>\n<meta property=\"og:type\" content=\"article\" \/>\n<meta property=\"og:title\" content=\"LA VESTE PEINTRE -\" \/>\n<meta property=\"og:description\" content=\"Unsere PEINTRE-Jacke hat einen breiten und geraden Schnitt, der f\u00fcr eine entspannte und moderne Silhouette sorgt. Inspiriert von den Arbeitsjacken, ist sie einfach im Alltag zu tragen und f\u00fcgt sich nat\u00fcrlich in die Happy Haus Umkleidekabine ein.  Sie zeichnet sich durch sch\u00f6ne Details aus: zwei gro\u00dfe, vorne plattierte Taschen, ein Verschluss mit Holzkn\u00f6pfen und Tabakstiche, die die Linien des Raumes betonen und ihm Charakter verleihen. Auf der R\u00fcckseite tr\u00e4gt eine HAPPY HAUS-Stickerei die diskrete Signatur des Modells.  Sie ist in unserem &quot;summer blue&quot; Denim gefertigt, einem leuchtend hellblauen Denim, der dem Raum Frische und Modernit\u00e4t verleiht. Eine leicht zu kombinierende Farbe, ideal f\u00fcr die sch\u00f6ne Jahreszeit.  Die Passform ist bewusst locker f\u00fcr eine bequeme und moderne Trageform. Wir empfehlen Ihnen, Ihre gewohnte Gr\u00f6\u00dfe zu w\u00e4hlen.\" \/>\n<meta property=\"og:url\" content=\"https:\/\/happyhaus.fr\/en\/produkt\/la-veste-peintre-summer-blue\/\" \/>\n<meta property=\"article:modified_time\" content=\"2026-03-11T12:02:57+00:00\" \/>\n<meta property=\"og:image\" content=\"https:\/\/happyhaus.fr\/wp-content\/uploads\/2026\/03\/Z1-2.jpg\" \/>\n\t<meta property=\"og:image:width\" content=\"1707\" \/>\n\t<meta property=\"og:image:height\" content=\"2560\" \/>\n\t<meta property=\"og:image:type\" content=\"image\/jpeg\" \/>\n<meta name=\"twitter:card\" content=\"summary_large_image\" \/>\n<meta name=\"twitter:label1\" content=\"Gesch\u00e4tzte Lesezeit\" \/>\n\t<meta name=\"twitter:data1\" content=\"1\u00a0Minute\" \/>\n<script type=\"application\/ld+json\" class=\"yoast-schema-graph\">{\"@context\":\"https:\/\/schema.org\",\"@graph\":[{\"@type\":\"WebPage\",\"@id\":\"https:\/\/happyhaus.fr\/en\/produkt\/la-veste-peintre-summer-blue\/\",\"url\":\"https:\/\/happyhaus.fr\/en\/produkt\/la-veste-peintre-summer-blue\/\",\"name\":\"LA VESTE PEINTRE -\",\"isPartOf\":{\"@id\":\"https:\/\/happyhaus.fr\/#website\"},\"primaryImageOfPage\":{\"@id\":\"https:\/\/happyhaus.fr\/en\/produkt\/la-veste-peintre-summer-blue\/#primaryimage\"},\"image\":{\"@id\":\"https:\/\/happyhaus.fr\/en\/produkt\/la-veste-peintre-summer-blue\/#primaryimage\"},\"thumbnailUrl\":\"https:\/\/happyhaus.fr\/wp-content\/uploads\/2026\/03\/Z1-2.jpg\",\"datePublished\":\"2026-03-11T11:21:09+00:00\",\"dateModified\":\"2026-03-11T12:02:57+00:00\",\"breadcrumb\":{\"@id\":\"https:\/\/happyhaus.fr\/en\/produkt\/la-veste-peintre-summer-blue\/#breadcrumb\"},\"inLanguage\":\"de\",\"potentialAction\":[{\"@type\":\"ReadAction\",\"target\":[\"https:\/\/happyhaus.fr\/en\/produkt\/la-veste-peintre-summer-blue\/\"]}]},{\"@type\":\"ImageObject\",\"inLanguage\":\"de\",\"@id\":\"https:\/\/happyhaus.fr\/en\/produkt\/la-veste-peintre-summer-blue\/#primaryimage\",\"url\":\"https:\/\/happyhaus.fr\/wp-content\/uploads\/2026\/03\/Z1-2.jpg\",\"contentUrl\":\"https:\/\/happyhaus.fr\/wp-content\/uploads\/2026\/03\/Z1-2.jpg\",\"width\":1707,\"height\":2560},{\"@type\":\"BreadcrumbList\",\"@id\":\"https:\/\/happyhaus.fr\/en\/produkt\/la-veste-peintre-summer-blue\/#breadcrumb\",\"itemListElement\":[{\"@type\":\"ListItem\",\"position\":1,\"name\":\"Accueil\",\"item\":\"https:\/\/happyhaus.fr\/de\/\"},{\"@type\":\"ListItem\",\"position\":2,\"name\":\"Priv\u00e9\u00a0: Shop\",\"item\":\"https:\/\/happyhaus.fr\/?page_id=4438\"},{\"@type\":\"ListItem\",\"position\":3,\"name\":\"LA VESTE PEINTRE\"}]},{\"@type\":\"WebSite\",\"@id\":\"https:\/\/happyhaus.fr\/#website\",\"url\":\"https:\/\/happyhaus.fr\/\",\"name\":\"\",\"description\":\"\",\"potentialAction\":[{\"@type\":\"SearchAction\",\"target\":{\"@type\":\"EntryPoint\",\"urlTemplate\":\"https:\/\/happyhaus.fr\/?s={search_term_string}\"},\"query-input\":\"required name=search_term_string\"}],\"inLanguage\":\"de\"}]}<\/script>\n<!-- \/ Yoast SEO plugin. -->","yoast_head_json":{"title":"LA VESTE PEINTRE -","robots":{"index":"index","follow":"follow","max-snippet":"max-snippet:-1","max-image-preview":"max-image-preview:large","max-video-preview":"max-video-preview:-1"},"canonical":"https:\/\/happyhaus.fr\/en\/produkt\/la-veste-peintre-summer-blue\/","og_locale":"de_DE","og_type":"article","og_title":"LA VESTE PEINTRE -","og_description":"Unsere PEINTRE-Jacke hat einen breiten und geraden Schnitt, der f\u00fcr eine entspannte und moderne Silhouette sorgt. Inspiriert von den Arbeitsjacken, ist sie einfach im Alltag zu tragen und f\u00fcgt sich nat\u00fcrlich in die Happy Haus Umkleidekabine ein.  Sie zeichnet sich durch sch\u00f6ne Details aus: zwei gro\u00dfe, vorne plattierte Taschen, ein Verschluss mit Holzkn\u00f6pfen und Tabakstiche, die die Linien des Raumes betonen und ihm Charakter verleihen. Auf der R\u00fcckseite tr\u00e4gt eine HAPPY HAUS-Stickerei die diskrete Signatur des Modells.  Sie ist in unserem \"summer blue\" Denim gefertigt, einem leuchtend hellblauen Denim, der dem Raum Frische und Modernit\u00e4t verleiht. Eine leicht zu kombinierende Farbe, ideal f\u00fcr die sch\u00f6ne Jahreszeit.  Die Passform ist bewusst locker f\u00fcr eine bequeme und moderne Trageform. Wir empfehlen Ihnen, Ihre gewohnte Gr\u00f6\u00dfe zu w\u00e4hlen.","og_url":"https:\/\/happyhaus.fr\/en\/produkt\/la-veste-peintre-summer-blue\/","article_modified_time":"2026-03-11T12:02:57+00:00","og_image":[{"width":1707,"height":2560,"url":"https:\/\/happyhaus.fr\/wp-content\/uploads\/2026\/03\/Z1-2.jpg","type":"image\/jpeg"}],"twitter_card":"summary_large_image","twitter_misc":{"Gesch\u00e4tzte Lesezeit":"1\u00a0Minute"},"schema":{"@context":"https:\/\/schema.org","@graph":[{"@type":"WebPage","@id":"https:\/\/happyhaus.fr\/en\/produkt\/la-veste-peintre-summer-blue\/","url":"https:\/\/happyhaus.fr\/en\/produkt\/la-veste-peintre-summer-blue\/","name":"LA VESTE PEINTRE -","isPartOf":{"@id":"https:\/\/happyhaus.fr\/#website"},"primaryImageOfPage":{"@id":"https:\/\/happyhaus.fr\/en\/produkt\/la-veste-peintre-summer-blue\/#primaryimage"},"image":{"@id":"https:\/\/happyhaus.fr\/en\/produkt\/la-veste-peintre-summer-blue\/#primaryimage"},"thumbnailUrl":"https:\/\/happyhaus.fr\/wp-content\/uploads\/2026\/03\/Z1-2.jpg","datePublished":"2026-03-11T11:21:09+00:00","dateModified":"2026-03-11T12:02:57+00:00","breadcrumb":{"@id":"https:\/\/happyhaus.fr\/en\/produkt\/la-veste-peintre-summer-blue\/#breadcrumb"},"inLanguage":"de","potentialAction":[{"@type":"ReadAction","target":["https:\/\/happyhaus.fr\/en\/produkt\/la-veste-peintre-summer-blue\/"]}]},{"@type":"ImageObject","inLanguage":"de","@id":"https:\/\/happyhaus.fr\/en\/produkt\/la-veste-peintre-summer-blue\/#primaryimage","url":"https:\/\/happyhaus.fr\/wp-content\/uploads\/2026\/03\/Z1-2.jpg","contentUrl":"https:\/\/happyhaus.fr\/wp-content\/uploads\/2026\/03\/Z1-2.jpg","width":1707,"height":2560},{"@type":"BreadcrumbList","@id":"https:\/\/happyhaus.fr\/en\/produkt\/la-veste-peintre-summer-blue\/#breadcrumb","itemListElement":[{"@type":"ListItem","position":1,"name":"Accueil","item":"https:\/\/happyhaus.fr\/de\/"},{"@type":"ListItem","position":2,"name":"Priv\u00e9\u00a0: Shop","item":"https:\/\/happyhaus.fr\/?page_id=4438"},{"@type":"ListItem","position":3,"name":"LA VESTE PEINTRE"}]},{"@type":"WebSite","@id":"https:\/\/happyhaus.fr\/#website","url":"https:\/\/happyhaus.fr\/","name":"","description":"","potentialAction":[{"@type":"SearchAction","target":{"@type":"EntryPoint","urlTemplate":"https:\/\/happyhaus.fr\/?s={search_term_string}"},"query-input":"required name=search_term_string"}],"inLanguage":"de"}]}},"_links":{"self":[{"href":"https:\/\/happyhaus.fr\/de\/wp-json\/wp\/v2\/product\/99941"}],"collection":[{"href":"https:\/\/happyhaus.fr\/de\/wp-json\/wp\/v2\/product"}],"about":[{"href":"https:\/\/happyhaus.fr\/de\/wp-json\/wp\/v2\/types\/product"}],"replies":[{"embeddable":true,"href":"https:\/\/happyhaus.fr\/de\/wp-json\/wp\/v2\/comments?post=99941"}],"wp:featuredmedia":[{"embeddable":true,"href":"https:\/\/happyhaus.fr\/de\/wp-json\/wp\/v2\/media\/99972"}],"wp:attachment":[{"href":"https:\/\/happyhaus.fr\/de\/wp-json\/wp\/v2\/media?parent=99941"}],"wp:term":[{"taxonomy":"product_cat","embeddable":true,"href":"https:\/\/happyhaus.fr\/de\/wp-json\/wp\/v2\/product_cat?post=99941"},{"taxonomy":"product_tag","embeddable":true,"href":"https:\/\/happyhaus.fr\/de\/wp-json\/wp\/v2\/product_tag?post=99941"}],"curies":[{"name":"wp","href":"https:\/\/api.w.org\/{rel}","templated":true}]}}