{"id":99897,"date":"2026-03-09T15:27:15","date_gmt":"2026-03-09T14:27:17","guid":{"rendered":"https:\/\/happyhaus.fr\/?post_type=product&#038;p=99897"},"modified":"2026-04-01T15:45:32","modified_gmt":"2026-04-01T13:45:32","slug":"la-jupe-danah-denim-japonais","status":"publish","type":"product","link":"https:\/\/happyhaus.fr\/de\/produkt\/la-jupe-danah-denim-japonais\/","title":{"rendered":"LA JUPE DANAH"},"content":{"rendered":"<ul>\n<li>Auslaufender Mittagssrock<\/li>\n<li>Hohe Taille mit G\u00fcrtelpassagen<\/li>\n<li>Knopf- und Rei\u00dfverschluss an der Vorderseite<\/li>\n<li>Italienische Taschen an den Seiten<\/li>\n<li>Zwei aufgesetzte Taschen auf der R\u00fcckseite<\/li>\n<li>Kontrastreiche Aufstiche<\/li>\n<li>Gewebtes Etikett<\/li>\n<li>Au\u00dfergew\u00f6hnlicher Denim, gewebt in Japan<\/li>\n<li>100% Baumwolle<\/li>\n<\/ul>\n<p>Stoffherkunft: Japan<br \/>\nHergestellt in Tunesien<\/p>\n","protected":false},"excerpt":{"rendered":"<p>Der DANAH SKIRT ist aus einem au\u00dfergew\u00f6hnlichen, in Japan gewebten Denim gefertigt, der f\u00fcr seine reiche Farbe, sein perfektes Outfit und seinen eleganten Sitz bekannt ist. Dieses au\u00dfergew\u00f6hnliche Gem\u00e4lde vereint Authentizit\u00e4t und Raffinesse.<\/p>\n<p>Sie ist sowohl flexibel als auch strukturiert und bietet nat\u00fcrliche Bewegung und bemerkenswerten Komfort. Ihr verschwommener Mittagsschnitt zeichnet eine feminine und geschmeidige Figur, die sich leicht im Alltag tragen l\u00e4sst. Die kontrastreichen Spitzen unterstreichen die Verarbeitung des Denims, w\u00e4hrend die hohe Taille die Silhouette mit Eleganz betont.<\/p>\n<p>Die Passform ist bequem und auf nat\u00fcrliche Weise schmeichelhaft, um jede Bewegung mit Leichtigkeit zu begleiten und gleichzeitig einen au\u00dfergew\u00f6hnlichen Denim hervorzuheben, der den entscheidenden Unterschied macht.<\/p>\n<p>Sandy, die Gr\u00fcnderin von Happy Haus tr\u00e4gt Gr\u00f6\u00dfe 36 und ist 170 cm gro\u00df.<\/p>\n","protected":false},"featured_media":99877,"comment_status":"closed","ping_status":"closed","template":"","meta":{"_acf_changed":false},"product_cat":[312,231,313,328],"product_tag":[335],"acf":[],"yoast_head":"<!-- This site is optimized with the Yoast SEO plugin v22.6 - https:\/\/yoast.com\/wordpress\/plugins\/seo\/ -->\n<title>LA JUPE DANAH -<\/title>\n<meta name=\"robots\" content=\"index, follow, max-snippet:-1, max-image-preview:large, max-video-preview:-1\" \/>\n<link rel=\"canonical\" href=\"https:\/\/happyhaus.fr\/de\/produkt\/la-jupe-danah-denim-japonais\/\" \/>\n<meta property=\"og:locale\" content=\"de_DE\" \/>\n<meta property=\"og:type\" content=\"article\" \/>\n<meta property=\"og:title\" content=\"LA JUPE DANAH -\" \/>\n<meta property=\"og:description\" content=\"Der DANAH SKIRT ist aus einem au\u00dfergew\u00f6hnlichen, in Japan gewebten Denim gefertigt, der f\u00fcr seine reiche Farbe, sein perfektes Outfit und seinen eleganten Sitz bekannt ist. Dieses au\u00dfergew\u00f6hnliche Gem\u00e4lde vereint Authentizit\u00e4t und Raffinesse.  Sie ist sowohl flexibel als auch strukturiert und bietet nat\u00fcrliche Bewegung und bemerkenswerten Komfort. Ihr verschwommener Mittagsschnitt zeichnet eine feminine und geschmeidige Figur, die sich leicht im Alltag tragen l\u00e4sst. Die kontrastreichen Spitzen unterstreichen die Verarbeitung des Denims, w\u00e4hrend die hohe Taille die Silhouette mit Eleganz betont.  Die Passform ist bequem und auf nat\u00fcrliche Weise schmeichelhaft, um jede Bewegung mit Leichtigkeit zu begleiten und gleichzeitig einen au\u00dfergew\u00f6hnlichen Denim hervorzuheben, der den entscheidenden Unterschied macht.  Sandy, die Gr\u00fcnderin von Happy Haus tr\u00e4gt Gr\u00f6\u00dfe 36 und ist 170 cm gro\u00df.\" \/>\n<meta property=\"og:url\" content=\"https:\/\/happyhaus.fr\/de\/produkt\/la-jupe-danah-denim-japonais\/\" \/>\n<meta property=\"article:modified_time\" content=\"2026-04-01T13:45:32+00:00\" \/>\n<meta property=\"og:image\" content=\"https:\/\/happyhaus.fr\/wp-content\/uploads\/2026\/03\/Z1-1.jpg\" \/>\n\t<meta property=\"og:image:width\" content=\"1707\" \/>\n\t<meta property=\"og:image:height\" content=\"2560\" \/>\n\t<meta property=\"og:image:type\" content=\"image\/jpeg\" \/>\n<meta name=\"twitter:card\" content=\"summary_large_image\" \/>\n<meta name=\"twitter:label1\" content=\"Gesch\u00e4tzte Lesezeit\" \/>\n\t<meta name=\"twitter:data1\" content=\"1\u00a0Minute\" \/>\n<script type=\"application\/ld+json\" class=\"yoast-schema-graph\">{\"@context\":\"https:\/\/schema.org\",\"@graph\":[{\"@type\":\"WebPage\",\"@id\":\"https:\/\/happyhaus.fr\/de\/produkt\/la-jupe-danah-denim-japonais\/\",\"url\":\"https:\/\/happyhaus.fr\/de\/produkt\/la-jupe-danah-denim-japonais\/\",\"name\":\"LA JUPE DANAH -\",\"isPartOf\":{\"@id\":\"https:\/\/happyhaus.fr\/#website\"},\"primaryImageOfPage\":{\"@id\":\"https:\/\/happyhaus.fr\/de\/produkt\/la-jupe-danah-denim-japonais\/#primaryimage\"},\"image\":{\"@id\":\"https:\/\/happyhaus.fr\/de\/produkt\/la-jupe-danah-denim-japonais\/#primaryimage\"},\"thumbnailUrl\":\"https:\/\/happyhaus.fr\/wp-content\/uploads\/2026\/03\/Z1-1.jpg\",\"datePublished\":\"2026-03-09T14:27:17+00:00\",\"dateModified\":\"2026-04-01T13:45:32+00:00\",\"breadcrumb\":{\"@id\":\"https:\/\/happyhaus.fr\/de\/produkt\/la-jupe-danah-denim-japonais\/#breadcrumb\"},\"inLanguage\":\"de\",\"potentialAction\":[{\"@type\":\"ReadAction\",\"target\":[\"https:\/\/happyhaus.fr\/de\/produkt\/la-jupe-danah-denim-japonais\/\"]}]},{\"@type\":\"ImageObject\",\"inLanguage\":\"de\",\"@id\":\"https:\/\/happyhaus.fr\/de\/produkt\/la-jupe-danah-denim-japonais\/#primaryimage\",\"url\":\"https:\/\/happyhaus.fr\/wp-content\/uploads\/2026\/03\/Z1-1.jpg\",\"contentUrl\":\"https:\/\/happyhaus.fr\/wp-content\/uploads\/2026\/03\/Z1-1.jpg\",\"width\":1707,\"height\":2560},{\"@type\":\"BreadcrumbList\",\"@id\":\"https:\/\/happyhaus.fr\/de\/produkt\/la-jupe-danah-denim-japonais\/#breadcrumb\",\"itemListElement\":[{\"@type\":\"ListItem\",\"position\":1,\"name\":\"Accueil\",\"item\":\"https:\/\/happyhaus.fr\/de\/\"},{\"@type\":\"ListItem\",\"position\":2,\"name\":\"Priv\u00e9\u00a0: Shop\",\"item\":\"https:\/\/happyhaus.fr\/?page_id=4438\"},{\"@type\":\"ListItem\",\"position\":3,\"name\":\"LA JUPE DANAH\"}]},{\"@type\":\"WebSite\",\"@id\":\"https:\/\/happyhaus.fr\/#website\",\"url\":\"https:\/\/happyhaus.fr\/\",\"name\":\"\",\"description\":\"\",\"potentialAction\":[{\"@type\":\"SearchAction\",\"target\":{\"@type\":\"EntryPoint\",\"urlTemplate\":\"https:\/\/happyhaus.fr\/?s={search_term_string}\"},\"query-input\":\"required name=search_term_string\"}],\"inLanguage\":\"de\"}]}<\/script>\n<!-- \/ Yoast SEO plugin. -->","yoast_head_json":{"title":"LA JUPE DANAH -","robots":{"index":"index","follow":"follow","max-snippet":"max-snippet:-1","max-image-preview":"max-image-preview:large","max-video-preview":"max-video-preview:-1"},"canonical":"https:\/\/happyhaus.fr\/de\/produkt\/la-jupe-danah-denim-japonais\/","og_locale":"de_DE","og_type":"article","og_title":"LA JUPE DANAH -","og_description":"Der DANAH SKIRT ist aus einem au\u00dfergew\u00f6hnlichen, in Japan gewebten Denim gefertigt, der f\u00fcr seine reiche Farbe, sein perfektes Outfit und seinen eleganten Sitz bekannt ist. Dieses au\u00dfergew\u00f6hnliche Gem\u00e4lde vereint Authentizit\u00e4t und Raffinesse.  Sie ist sowohl flexibel als auch strukturiert und bietet nat\u00fcrliche Bewegung und bemerkenswerten Komfort. Ihr verschwommener Mittagsschnitt zeichnet eine feminine und geschmeidige Figur, die sich leicht im Alltag tragen l\u00e4sst. Die kontrastreichen Spitzen unterstreichen die Verarbeitung des Denims, w\u00e4hrend die hohe Taille die Silhouette mit Eleganz betont.  Die Passform ist bequem und auf nat\u00fcrliche Weise schmeichelhaft, um jede Bewegung mit Leichtigkeit zu begleiten und gleichzeitig einen au\u00dfergew\u00f6hnlichen Denim hervorzuheben, der den entscheidenden Unterschied macht.  Sandy, die Gr\u00fcnderin von Happy Haus tr\u00e4gt Gr\u00f6\u00dfe 36 und ist 170 cm gro\u00df.","og_url":"https:\/\/happyhaus.fr\/de\/produkt\/la-jupe-danah-denim-japonais\/","article_modified_time":"2026-04-01T13:45:32+00:00","og_image":[{"width":1707,"height":2560,"url":"https:\/\/happyhaus.fr\/wp-content\/uploads\/2026\/03\/Z1-1.jpg","type":"image\/jpeg"}],"twitter_card":"summary_large_image","twitter_misc":{"Gesch\u00e4tzte Lesezeit":"1\u00a0Minute"},"schema":{"@context":"https:\/\/schema.org","@graph":[{"@type":"WebPage","@id":"https:\/\/happyhaus.fr\/de\/produkt\/la-jupe-danah-denim-japonais\/","url":"https:\/\/happyhaus.fr\/de\/produkt\/la-jupe-danah-denim-japonais\/","name":"LA JUPE DANAH -","isPartOf":{"@id":"https:\/\/happyhaus.fr\/#website"},"primaryImageOfPage":{"@id":"https:\/\/happyhaus.fr\/de\/produkt\/la-jupe-danah-denim-japonais\/#primaryimage"},"image":{"@id":"https:\/\/happyhaus.fr\/de\/produkt\/la-jupe-danah-denim-japonais\/#primaryimage"},"thumbnailUrl":"https:\/\/happyhaus.fr\/wp-content\/uploads\/2026\/03\/Z1-1.jpg","datePublished":"2026-03-09T14:27:17+00:00","dateModified":"2026-04-01T13:45:32+00:00","breadcrumb":{"@id":"https:\/\/happyhaus.fr\/de\/produkt\/la-jupe-danah-denim-japonais\/#breadcrumb"},"inLanguage":"de","potentialAction":[{"@type":"ReadAction","target":["https:\/\/happyhaus.fr\/de\/produkt\/la-jupe-danah-denim-japonais\/"]}]},{"@type":"ImageObject","inLanguage":"de","@id":"https:\/\/happyhaus.fr\/de\/produkt\/la-jupe-danah-denim-japonais\/#primaryimage","url":"https:\/\/happyhaus.fr\/wp-content\/uploads\/2026\/03\/Z1-1.jpg","contentUrl":"https:\/\/happyhaus.fr\/wp-content\/uploads\/2026\/03\/Z1-1.jpg","width":1707,"height":2560},{"@type":"BreadcrumbList","@id":"https:\/\/happyhaus.fr\/de\/produkt\/la-jupe-danah-denim-japonais\/#breadcrumb","itemListElement":[{"@type":"ListItem","position":1,"name":"Accueil","item":"https:\/\/happyhaus.fr\/de\/"},{"@type":"ListItem","position":2,"name":"Priv\u00e9\u00a0: Shop","item":"https:\/\/happyhaus.fr\/?page_id=4438"},{"@type":"ListItem","position":3,"name":"LA JUPE DANAH"}]},{"@type":"WebSite","@id":"https:\/\/happyhaus.fr\/#website","url":"https:\/\/happyhaus.fr\/","name":"","description":"","potentialAction":[{"@type":"SearchAction","target":{"@type":"EntryPoint","urlTemplate":"https:\/\/happyhaus.fr\/?s={search_term_string}"},"query-input":"required name=search_term_string"}],"inLanguage":"de"}]}},"_links":{"self":[{"href":"https:\/\/happyhaus.fr\/de\/wp-json\/wp\/v2\/product\/99897"}],"collection":[{"href":"https:\/\/happyhaus.fr\/de\/wp-json\/wp\/v2\/product"}],"about":[{"href":"https:\/\/happyhaus.fr\/de\/wp-json\/wp\/v2\/types\/product"}],"replies":[{"embeddable":true,"href":"https:\/\/happyhaus.fr\/de\/wp-json\/wp\/v2\/comments?post=99897"}],"wp:featuredmedia":[{"embeddable":true,"href":"https:\/\/happyhaus.fr\/de\/wp-json\/wp\/v2\/media\/99877"}],"wp:attachment":[{"href":"https:\/\/happyhaus.fr\/de\/wp-json\/wp\/v2\/media?parent=99897"}],"wp:term":[{"taxonomy":"product_cat","embeddable":true,"href":"https:\/\/happyhaus.fr\/de\/wp-json\/wp\/v2\/product_cat?post=99897"},{"taxonomy":"product_tag","embeddable":true,"href":"https:\/\/happyhaus.fr\/de\/wp-json\/wp\/v2\/product_tag?post=99897"}],"curies":[{"name":"wp","href":"https:\/\/api.w.org\/{rel}","templated":true}]}}