{"id":99839,"date":"2026-03-17T12:01:00","date_gmt":"2026-03-04T13:01:02","guid":{"rendered":"https:\/\/happyhaus.fr\/?post_type=product&#038;p=99839"},"modified":"2026-03-04T14:56:42","modified_gmt":"2026-03-04T13:56:42","slug":"la-blouse-boheme-indigo-japonais","status":"publish","type":"product","link":"https:\/\/happyhaus.fr\/de\/produkt\/la-blouse-boheme-indigo-japonais\/","title":{"rendered":"LA BLOUSE BOH\u00c8ME"},"content":{"rendered":"<ul>\n<li>\u00dcbergro\u00dfer und gerader Schnitt<\/li>\n<li>V-Ausschnitt mit zu kn\u00fcpfenden Verbindungen<\/li>\n<li>3\/4-\u00c4rmel voll<\/li>\n<li>Eingeengte Oberfl\u00e4chen an den Handgelenken mit Verbindungen<\/li>\n<li>Kr\u00e4uselungen am Hals<\/li>\n<li>Stechen Sie den Ton an den Ton<\/li>\n<li>Gewebtes Etikett<\/li>\n<li>Au\u00dfergew\u00f6hnlicher Denim, gewebt in Japan<\/li>\n<li>100% BAUMWOLLE<\/li>\n<\/ul>\n<p>Stoffherkunft: Japan<br \/>\nHergestellt in Tunesien<\/p>\n","protected":false},"excerpt":{"rendered":"<p>Unsere BOH\u00c8ME-BLUSE ist aus einem au\u00dfergew\u00f6hnlichen Denim gefertigt, der in Japan gewebt ist, mit einem einzigartigen Know-how, das ihr diese Farbtiefe, dieses perfekte Outfit und diesen eleganten Look verleiht. Es ist ein au\u00dfergew\u00f6hnliches Gem\u00e4lde, sowohl authentisch als auch raffiniert.<\/p>\n<p>Dieses seltene Gewebe ist sowohl geschmeidig als auch strukturiert und bietet einen perfekten Sitz und bemerkenswerten Komfort. Der \u00fcbergro\u00dfe und gerade Schnitt schafft eine glatte und moderne Silhouette, die sich leicht im Alltag tragen l\u00e4sst. Die Ausschnitte und die zu kn\u00fcpfenden B\u00e4nder verleihen einen subtilen b\u00f6hmischen Touch, w\u00e4hrend die leicht prallen 3\/4-\u00c4rmel den Look sanft strukturieren.<\/p>\n<p>Die Passform ist breit und bequem, konzipiert f\u00fcr eine freie, nat\u00fcrliche und elegante Kleidung, die einen au\u00dfergew\u00f6hnlichen Stoff hervorhebt, der den entscheidenden Unterschied macht.<\/p>\n<p>Sandy, die Gr\u00fcnderin von Happy Haus tr\u00e4gt Gr\u00f6\u00dfe 36 und ist 170 cm gro\u00df.<\/p>\n","protected":false},"featured_media":99865,"comment_status":"closed","ping_status":"closed","template":"","meta":{"_acf_changed":false},"product_cat":[312,231,237,313],"product_tag":[335],"acf":[],"yoast_head":"<!-- This site is optimized with the Yoast SEO plugin v22.6 - https:\/\/yoast.com\/wordpress\/plugins\/seo\/ -->\n<title>LA BLOUSE BOH\u00c8ME -<\/title>\n<meta name=\"robots\" content=\"index, follow, max-snippet:-1, max-image-preview:large, max-video-preview:-1\" \/>\n<link rel=\"canonical\" href=\"https:\/\/happyhaus.fr\/de\/produkt\/la-blouse-boheme-indigo-japonais\/\" \/>\n<meta property=\"og:locale\" content=\"de_DE\" \/>\n<meta property=\"og:type\" content=\"article\" \/>\n<meta property=\"og:title\" content=\"LA BLOUSE BOH\u00c8ME -\" \/>\n<meta property=\"og:description\" content=\"Unsere BOH\u00c8ME-BLUSE ist aus einem au\u00dfergew\u00f6hnlichen Denim gefertigt, der in Japan gewebt ist, mit einem einzigartigen Know-how, das ihr diese Farbtiefe, dieses perfekte Outfit und diesen eleganten Look verleiht. Es ist ein au\u00dfergew\u00f6hnliches Gem\u00e4lde, sowohl authentisch als auch raffiniert.  Dieses seltene Gewebe ist sowohl geschmeidig als auch strukturiert und bietet einen perfekten Sitz und bemerkenswerten Komfort. Der \u00fcbergro\u00dfe und gerade Schnitt schafft eine glatte und moderne Silhouette, die sich leicht im Alltag tragen l\u00e4sst. Die Ausschnitte und die zu kn\u00fcpfenden B\u00e4nder verleihen einen subtilen b\u00f6hmischen Touch, w\u00e4hrend die leicht prallen 3\/4-\u00c4rmel den Look sanft strukturieren.  Die Passform ist breit und bequem, konzipiert f\u00fcr eine freie, nat\u00fcrliche und elegante Kleidung, die einen au\u00dfergew\u00f6hnlichen Stoff hervorhebt, der den entscheidenden Unterschied macht.  Sandy, die Gr\u00fcnderin von Happy Haus tr\u00e4gt Gr\u00f6\u00dfe 36 und ist 170 cm gro\u00df.\" \/>\n<meta property=\"og:url\" content=\"https:\/\/happyhaus.fr\/de\/produkt\/la-blouse-boheme-indigo-japonais\/\" \/>\n<meta property=\"article:modified_time\" content=\"2026-03-04T13:56:42+00:00\" \/>\n<meta property=\"og:image\" content=\"https:\/\/happyhaus.fr\/wp-content\/uploads\/2026\/03\/Z1.jpg\" \/>\n\t<meta property=\"og:image:width\" content=\"1707\" \/>\n\t<meta property=\"og:image:height\" content=\"2560\" \/>\n\t<meta property=\"og:image:type\" content=\"image\/jpeg\" \/>\n<meta name=\"twitter:card\" content=\"summary_large_image\" \/>\n<meta name=\"twitter:label1\" content=\"Gesch\u00e4tzte Lesezeit\" \/>\n\t<meta name=\"twitter:data1\" content=\"1\u00a0Minute\" \/>\n<script type=\"application\/ld+json\" class=\"yoast-schema-graph\">{\"@context\":\"https:\/\/schema.org\",\"@graph\":[{\"@type\":\"WebPage\",\"@id\":\"https:\/\/happyhaus.fr\/de\/produkt\/la-blouse-boheme-indigo-japonais\/\",\"url\":\"https:\/\/happyhaus.fr\/de\/produkt\/la-blouse-boheme-indigo-japonais\/\",\"name\":\"LA BLOUSE BOH\u00c8ME -\",\"isPartOf\":{\"@id\":\"https:\/\/happyhaus.fr\/#website\"},\"primaryImageOfPage\":{\"@id\":\"https:\/\/happyhaus.fr\/de\/produkt\/la-blouse-boheme-indigo-japonais\/#primaryimage\"},\"image\":{\"@id\":\"https:\/\/happyhaus.fr\/de\/produkt\/la-blouse-boheme-indigo-japonais\/#primaryimage\"},\"thumbnailUrl\":\"https:\/\/happyhaus.fr\/wp-content\/uploads\/2026\/03\/Z1.jpg\",\"datePublished\":\"2026-03-04T13:01:02+00:00\",\"dateModified\":\"2026-03-04T13:56:42+00:00\",\"breadcrumb\":{\"@id\":\"https:\/\/happyhaus.fr\/de\/produkt\/la-blouse-boheme-indigo-japonais\/#breadcrumb\"},\"inLanguage\":\"de\",\"potentialAction\":[{\"@type\":\"ReadAction\",\"target\":[\"https:\/\/happyhaus.fr\/de\/produkt\/la-blouse-boheme-indigo-japonais\/\"]}]},{\"@type\":\"ImageObject\",\"inLanguage\":\"de\",\"@id\":\"https:\/\/happyhaus.fr\/de\/produkt\/la-blouse-boheme-indigo-japonais\/#primaryimage\",\"url\":\"https:\/\/happyhaus.fr\/wp-content\/uploads\/2026\/03\/Z1.jpg\",\"contentUrl\":\"https:\/\/happyhaus.fr\/wp-content\/uploads\/2026\/03\/Z1.jpg\",\"width\":1707,\"height\":2560},{\"@type\":\"BreadcrumbList\",\"@id\":\"https:\/\/happyhaus.fr\/de\/produkt\/la-blouse-boheme-indigo-japonais\/#breadcrumb\",\"itemListElement\":[{\"@type\":\"ListItem\",\"position\":1,\"name\":\"Accueil\",\"item\":\"https:\/\/happyhaus.fr\/de\/\"},{\"@type\":\"ListItem\",\"position\":2,\"name\":\"Priv\u00e9\u00a0: Shop\",\"item\":\"https:\/\/happyhaus.fr\/?page_id=4438\"},{\"@type\":\"ListItem\",\"position\":3,\"name\":\"LA BLOUSE BOH\u00c8ME\"}]},{\"@type\":\"WebSite\",\"@id\":\"https:\/\/happyhaus.fr\/#website\",\"url\":\"https:\/\/happyhaus.fr\/\",\"name\":\"\",\"description\":\"\",\"potentialAction\":[{\"@type\":\"SearchAction\",\"target\":{\"@type\":\"EntryPoint\",\"urlTemplate\":\"https:\/\/happyhaus.fr\/?s={search_term_string}\"},\"query-input\":\"required name=search_term_string\"}],\"inLanguage\":\"de\"}]}<\/script>\n<!-- \/ Yoast SEO plugin. -->","yoast_head_json":{"title":"LA BLOUSE BOH\u00c8ME -","robots":{"index":"index","follow":"follow","max-snippet":"max-snippet:-1","max-image-preview":"max-image-preview:large","max-video-preview":"max-video-preview:-1"},"canonical":"https:\/\/happyhaus.fr\/de\/produkt\/la-blouse-boheme-indigo-japonais\/","og_locale":"de_DE","og_type":"article","og_title":"LA BLOUSE BOH\u00c8ME -","og_description":"Unsere BOH\u00c8ME-BLUSE ist aus einem au\u00dfergew\u00f6hnlichen Denim gefertigt, der in Japan gewebt ist, mit einem einzigartigen Know-how, das ihr diese Farbtiefe, dieses perfekte Outfit und diesen eleganten Look verleiht. Es ist ein au\u00dfergew\u00f6hnliches Gem\u00e4lde, sowohl authentisch als auch raffiniert.  Dieses seltene Gewebe ist sowohl geschmeidig als auch strukturiert und bietet einen perfekten Sitz und bemerkenswerten Komfort. Der \u00fcbergro\u00dfe und gerade Schnitt schafft eine glatte und moderne Silhouette, die sich leicht im Alltag tragen l\u00e4sst. Die Ausschnitte und die zu kn\u00fcpfenden B\u00e4nder verleihen einen subtilen b\u00f6hmischen Touch, w\u00e4hrend die leicht prallen 3\/4-\u00c4rmel den Look sanft strukturieren.  Die Passform ist breit und bequem, konzipiert f\u00fcr eine freie, nat\u00fcrliche und elegante Kleidung, die einen au\u00dfergew\u00f6hnlichen Stoff hervorhebt, der den entscheidenden Unterschied macht.  Sandy, die Gr\u00fcnderin von Happy Haus tr\u00e4gt Gr\u00f6\u00dfe 36 und ist 170 cm gro\u00df.","og_url":"https:\/\/happyhaus.fr\/de\/produkt\/la-blouse-boheme-indigo-japonais\/","article_modified_time":"2026-03-04T13:56:42+00:00","og_image":[{"width":1707,"height":2560,"url":"https:\/\/happyhaus.fr\/wp-content\/uploads\/2026\/03\/Z1.jpg","type":"image\/jpeg"}],"twitter_card":"summary_large_image","twitter_misc":{"Gesch\u00e4tzte Lesezeit":"1\u00a0Minute"},"schema":{"@context":"https:\/\/schema.org","@graph":[{"@type":"WebPage","@id":"https:\/\/happyhaus.fr\/de\/produkt\/la-blouse-boheme-indigo-japonais\/","url":"https:\/\/happyhaus.fr\/de\/produkt\/la-blouse-boheme-indigo-japonais\/","name":"LA BLOUSE BOH\u00c8ME -","isPartOf":{"@id":"https:\/\/happyhaus.fr\/#website"},"primaryImageOfPage":{"@id":"https:\/\/happyhaus.fr\/de\/produkt\/la-blouse-boheme-indigo-japonais\/#primaryimage"},"image":{"@id":"https:\/\/happyhaus.fr\/de\/produkt\/la-blouse-boheme-indigo-japonais\/#primaryimage"},"thumbnailUrl":"https:\/\/happyhaus.fr\/wp-content\/uploads\/2026\/03\/Z1.jpg","datePublished":"2026-03-04T13:01:02+00:00","dateModified":"2026-03-04T13:56:42+00:00","breadcrumb":{"@id":"https:\/\/happyhaus.fr\/de\/produkt\/la-blouse-boheme-indigo-japonais\/#breadcrumb"},"inLanguage":"de","potentialAction":[{"@type":"ReadAction","target":["https:\/\/happyhaus.fr\/de\/produkt\/la-blouse-boheme-indigo-japonais\/"]}]},{"@type":"ImageObject","inLanguage":"de","@id":"https:\/\/happyhaus.fr\/de\/produkt\/la-blouse-boheme-indigo-japonais\/#primaryimage","url":"https:\/\/happyhaus.fr\/wp-content\/uploads\/2026\/03\/Z1.jpg","contentUrl":"https:\/\/happyhaus.fr\/wp-content\/uploads\/2026\/03\/Z1.jpg","width":1707,"height":2560},{"@type":"BreadcrumbList","@id":"https:\/\/happyhaus.fr\/de\/produkt\/la-blouse-boheme-indigo-japonais\/#breadcrumb","itemListElement":[{"@type":"ListItem","position":1,"name":"Accueil","item":"https:\/\/happyhaus.fr\/de\/"},{"@type":"ListItem","position":2,"name":"Priv\u00e9\u00a0: Shop","item":"https:\/\/happyhaus.fr\/?page_id=4438"},{"@type":"ListItem","position":3,"name":"LA BLOUSE BOH\u00c8ME"}]},{"@type":"WebSite","@id":"https:\/\/happyhaus.fr\/#website","url":"https:\/\/happyhaus.fr\/","name":"","description":"","potentialAction":[{"@type":"SearchAction","target":{"@type":"EntryPoint","urlTemplate":"https:\/\/happyhaus.fr\/?s={search_term_string}"},"query-input":"required name=search_term_string"}],"inLanguage":"de"}]}},"_links":{"self":[{"href":"https:\/\/happyhaus.fr\/de\/wp-json\/wp\/v2\/product\/99839"}],"collection":[{"href":"https:\/\/happyhaus.fr\/de\/wp-json\/wp\/v2\/product"}],"about":[{"href":"https:\/\/happyhaus.fr\/de\/wp-json\/wp\/v2\/types\/product"}],"replies":[{"embeddable":true,"href":"https:\/\/happyhaus.fr\/de\/wp-json\/wp\/v2\/comments?post=99839"}],"wp:featuredmedia":[{"embeddable":true,"href":"https:\/\/happyhaus.fr\/de\/wp-json\/wp\/v2\/media\/99865"}],"wp:attachment":[{"href":"https:\/\/happyhaus.fr\/de\/wp-json\/wp\/v2\/media?parent=99839"}],"wp:term":[{"taxonomy":"product_cat","embeddable":true,"href":"https:\/\/happyhaus.fr\/de\/wp-json\/wp\/v2\/product_cat?post=99839"},{"taxonomy":"product_tag","embeddable":true,"href":"https:\/\/happyhaus.fr\/de\/wp-json\/wp\/v2\/product_tag?post=99839"}],"curies":[{"name":"wp","href":"https:\/\/api.w.org\/{rel}","templated":true}]}}