{"id":99776,"date":"2026-03-08T12:54:22","date_gmt":"2026-02-28T11:54:23","guid":{"rendered":"https:\/\/happyhaus.fr\/?post_type=product&#038;p=99776"},"modified":"2026-02-28T13:25:15","modified_gmt":"2026-02-28T12:25:15","slug":"le-tee-shirt-over-gots","status":"publish","type":"product","link":"https:\/\/happyhaus.fr\/de\/produkt\/le-tee-shirt-over-gots\/","title":{"rendered":"LE TEE SHIRT OVER"},"content":{"rendered":"<ul>\n<li>Oversize und gerade geschnitten<\/li>\n<li>Rundhalsausschnitt<\/li>\n<li>Rechte \u00c4rmel<\/li>\n<li>Stickerei Pfau F\u00e4den Regenbogen<\/li>\n<li>N\u00e4hen Ton in Ton<\/li>\n<li>Gewebtes Etikett klein<\/li>\n<li>Weiches Jersey<\/li>\n<li>100% GOTS zertifizierte Baumwolle<\/li>\n<\/ul>\n<p>Herkunft des Stoffes: Portugal<br \/>\nHergestellt in Portugal<\/p>\n<p>&nbsp;<\/p>\n","protected":false},"excerpt":{"rendered":"<p>Unser TEE SHIRT OVER, ein unverzichtbares Kleidungsst\u00fcck. Er ist aus sehr weichem Jersey gefertigt, f\u00fchlt sich unglaublich gut an und l\u00e4sst sich unter allen Umst\u00e4nden m\u00fchelos tragen. Er ist einfach und fr\u00f6hlich zugleich.<br \/>\nDer l\u00e4ssige Schnitt passt zu allen Silhouetten und passt sowohl zu einem Casual-Look als auch zu einer Layering-Garderobe.<br \/>\nWir lieben seine diskrete und elegante Stickerei mit F\u00e4den in den Farben des Regenbogens. Ein feines Detail, das f\u00fcr gute Laune sorgt und den Unterschied macht.<\/p>\n","protected":false},"featured_media":99815,"comment_status":"open","ping_status":"closed","template":"","meta":{"_acf_changed":false},"product_cat":[312,231,598],"product_tag":[],"acf":[],"yoast_head":"<!-- This site is optimized with the Yoast SEO plugin v22.6 - https:\/\/yoast.com\/wordpress\/plugins\/seo\/ -->\n<title>LE TEE SHIRT OVER -<\/title>\n<meta name=\"robots\" content=\"index, follow, max-snippet:-1, max-image-preview:large, max-video-preview:-1\" \/>\n<link rel=\"canonical\" href=\"https:\/\/happyhaus.fr\/de\/produkt\/le-tee-shirt-over-gots\/\" \/>\n<meta property=\"og:locale\" content=\"de_DE\" \/>\n<meta property=\"og:type\" content=\"article\" \/>\n<meta property=\"og:title\" content=\"LE TEE SHIRT OVER -\" \/>\n<meta property=\"og:description\" content=\"Unser TEE SHIRT OVER, ein unverzichtbares Kleidungsst\u00fcck. Er ist aus sehr weichem Jersey gefertigt, f\u00fchlt sich unglaublich gut an und l\u00e4sst sich unter allen Umst\u00e4nden m\u00fchelos tragen. Er ist einfach und fr\u00f6hlich zugleich. Der l\u00e4ssige Schnitt passt zu allen Silhouetten und passt sowohl zu einem Casual-Look als auch zu einer Layering-Garderobe. Wir lieben seine diskrete und elegante Stickerei mit F\u00e4den in den Farben des Regenbogens. Ein feines Detail, das f\u00fcr gute Laune sorgt und den Unterschied macht.\" \/>\n<meta property=\"og:url\" content=\"https:\/\/happyhaus.fr\/de\/produkt\/le-tee-shirt-over-gots\/\" \/>\n<meta property=\"article:modified_time\" content=\"2026-02-28T12:25:15+00:00\" \/>\n<meta property=\"og:image\" content=\"https:\/\/happyhaus.fr\/wp-content\/uploads\/2026\/02\/LE-T-SHIRT-WHITE-scaled.jpg\" \/>\n\t<meta property=\"og:image:width\" content=\"1164\" \/>\n\t<meta property=\"og:image:height\" content=\"2560\" \/>\n\t<meta property=\"og:image:type\" content=\"image\/jpeg\" \/>\n<meta name=\"twitter:card\" content=\"summary_large_image\" \/>\n<meta name=\"twitter:label1\" content=\"Gesch\u00e4tzte Lesezeit\" \/>\n\t<meta name=\"twitter:data1\" content=\"1\u00a0Minute\" \/>\n<script type=\"application\/ld+json\" class=\"yoast-schema-graph\">{\"@context\":\"https:\/\/schema.org\",\"@graph\":[{\"@type\":\"WebPage\",\"@id\":\"https:\/\/happyhaus.fr\/de\/produkt\/le-tee-shirt-over-gots\/\",\"url\":\"https:\/\/happyhaus.fr\/de\/produkt\/le-tee-shirt-over-gots\/\",\"name\":\"LE TEE SHIRT OVER -\",\"isPartOf\":{\"@id\":\"https:\/\/happyhaus.fr\/#website\"},\"primaryImageOfPage\":{\"@id\":\"https:\/\/happyhaus.fr\/de\/produkt\/le-tee-shirt-over-gots\/#primaryimage\"},\"image\":{\"@id\":\"https:\/\/happyhaus.fr\/de\/produkt\/le-tee-shirt-over-gots\/#primaryimage\"},\"thumbnailUrl\":\"https:\/\/happyhaus.fr\/wp-content\/uploads\/2026\/02\/Z1-10.jpg\",\"datePublished\":\"2026-02-28T11:54:23+00:00\",\"dateModified\":\"2026-02-28T12:25:15+00:00\",\"breadcrumb\":{\"@id\":\"https:\/\/happyhaus.fr\/de\/produkt\/le-tee-shirt-over-gots\/#breadcrumb\"},\"inLanguage\":\"de\",\"potentialAction\":[{\"@type\":\"ReadAction\",\"target\":[\"https:\/\/happyhaus.fr\/de\/produkt\/le-tee-shirt-over-gots\/\"]}]},{\"@type\":\"ImageObject\",\"inLanguage\":\"de\",\"@id\":\"https:\/\/happyhaus.fr\/de\/produkt\/le-tee-shirt-over-gots\/#primaryimage\",\"url\":\"https:\/\/happyhaus.fr\/wp-content\/uploads\/2026\/02\/Z1-10.jpg\",\"contentUrl\":\"https:\/\/happyhaus.fr\/wp-content\/uploads\/2026\/02\/Z1-10.jpg\",\"width\":1707,\"height\":2560},{\"@type\":\"BreadcrumbList\",\"@id\":\"https:\/\/happyhaus.fr\/de\/produkt\/le-tee-shirt-over-gots\/#breadcrumb\",\"itemListElement\":[{\"@type\":\"ListItem\",\"position\":1,\"name\":\"Accueil\",\"item\":\"https:\/\/happyhaus.fr\/de\/\"},{\"@type\":\"ListItem\",\"position\":2,\"name\":\"Priv\u00e9\u00a0: Shop\",\"item\":\"https:\/\/happyhaus.fr\/?page_id=4438\"},{\"@type\":\"ListItem\",\"position\":3,\"name\":\"LE TEE SHIRT OVER\"}]},{\"@type\":\"WebSite\",\"@id\":\"https:\/\/happyhaus.fr\/#website\",\"url\":\"https:\/\/happyhaus.fr\/\",\"name\":\"\",\"description\":\"\",\"potentialAction\":[{\"@type\":\"SearchAction\",\"target\":{\"@type\":\"EntryPoint\",\"urlTemplate\":\"https:\/\/happyhaus.fr\/?s={search_term_string}\"},\"query-input\":\"required name=search_term_string\"}],\"inLanguage\":\"de\"}]}<\/script>\n<!-- \/ Yoast SEO plugin. -->","yoast_head_json":{"title":"LE TEE SHIRT OVER -","robots":{"index":"index","follow":"follow","max-snippet":"max-snippet:-1","max-image-preview":"max-image-preview:large","max-video-preview":"max-video-preview:-1"},"canonical":"https:\/\/happyhaus.fr\/de\/produkt\/le-tee-shirt-over-gots\/","og_locale":"de_DE","og_type":"article","og_title":"LE TEE SHIRT OVER -","og_description":"Unser TEE SHIRT OVER, ein unverzichtbares Kleidungsst\u00fcck. Er ist aus sehr weichem Jersey gefertigt, f\u00fchlt sich unglaublich gut an und l\u00e4sst sich unter allen Umst\u00e4nden m\u00fchelos tragen. Er ist einfach und fr\u00f6hlich zugleich. Der l\u00e4ssige Schnitt passt zu allen Silhouetten und passt sowohl zu einem Casual-Look als auch zu einer Layering-Garderobe. Wir lieben seine diskrete und elegante Stickerei mit F\u00e4den in den Farben des Regenbogens. Ein feines Detail, das f\u00fcr gute Laune sorgt und den Unterschied macht.","og_url":"https:\/\/happyhaus.fr\/de\/produkt\/le-tee-shirt-over-gots\/","article_modified_time":"2026-02-28T12:25:15+00:00","og_image":[{"width":1164,"height":2560,"url":"https:\/\/happyhaus.fr\/wp-content\/uploads\/2026\/02\/LE-T-SHIRT-WHITE-scaled.jpg","type":"image\/jpeg"}],"twitter_card":"summary_large_image","twitter_misc":{"Gesch\u00e4tzte Lesezeit":"1\u00a0Minute"},"schema":{"@context":"https:\/\/schema.org","@graph":[{"@type":"WebPage","@id":"https:\/\/happyhaus.fr\/de\/produkt\/le-tee-shirt-over-gots\/","url":"https:\/\/happyhaus.fr\/de\/produkt\/le-tee-shirt-over-gots\/","name":"LE TEE SHIRT OVER -","isPartOf":{"@id":"https:\/\/happyhaus.fr\/#website"},"primaryImageOfPage":{"@id":"https:\/\/happyhaus.fr\/de\/produkt\/le-tee-shirt-over-gots\/#primaryimage"},"image":{"@id":"https:\/\/happyhaus.fr\/de\/produkt\/le-tee-shirt-over-gots\/#primaryimage"},"thumbnailUrl":"https:\/\/happyhaus.fr\/wp-content\/uploads\/2026\/02\/Z1-10.jpg","datePublished":"2026-02-28T11:54:23+00:00","dateModified":"2026-02-28T12:25:15+00:00","breadcrumb":{"@id":"https:\/\/happyhaus.fr\/de\/produkt\/le-tee-shirt-over-gots\/#breadcrumb"},"inLanguage":"de","potentialAction":[{"@type":"ReadAction","target":["https:\/\/happyhaus.fr\/de\/produkt\/le-tee-shirt-over-gots\/"]}]},{"@type":"ImageObject","inLanguage":"de","@id":"https:\/\/happyhaus.fr\/de\/produkt\/le-tee-shirt-over-gots\/#primaryimage","url":"https:\/\/happyhaus.fr\/wp-content\/uploads\/2026\/02\/Z1-10.jpg","contentUrl":"https:\/\/happyhaus.fr\/wp-content\/uploads\/2026\/02\/Z1-10.jpg","width":1707,"height":2560},{"@type":"BreadcrumbList","@id":"https:\/\/happyhaus.fr\/de\/produkt\/le-tee-shirt-over-gots\/#breadcrumb","itemListElement":[{"@type":"ListItem","position":1,"name":"Accueil","item":"https:\/\/happyhaus.fr\/de\/"},{"@type":"ListItem","position":2,"name":"Priv\u00e9\u00a0: Shop","item":"https:\/\/happyhaus.fr\/?page_id=4438"},{"@type":"ListItem","position":3,"name":"LE TEE SHIRT OVER"}]},{"@type":"WebSite","@id":"https:\/\/happyhaus.fr\/#website","url":"https:\/\/happyhaus.fr\/","name":"","description":"","potentialAction":[{"@type":"SearchAction","target":{"@type":"EntryPoint","urlTemplate":"https:\/\/happyhaus.fr\/?s={search_term_string}"},"query-input":"required name=search_term_string"}],"inLanguage":"de"}]}},"_links":{"self":[{"href":"https:\/\/happyhaus.fr\/de\/wp-json\/wp\/v2\/product\/99776"}],"collection":[{"href":"https:\/\/happyhaus.fr\/de\/wp-json\/wp\/v2\/product"}],"about":[{"href":"https:\/\/happyhaus.fr\/de\/wp-json\/wp\/v2\/types\/product"}],"replies":[{"embeddable":true,"href":"https:\/\/happyhaus.fr\/de\/wp-json\/wp\/v2\/comments?post=99776"}],"wp:featuredmedia":[{"embeddable":true,"href":"https:\/\/happyhaus.fr\/de\/wp-json\/wp\/v2\/media\/99815"}],"wp:attachment":[{"href":"https:\/\/happyhaus.fr\/de\/wp-json\/wp\/v2\/media?parent=99776"}],"wp:term":[{"taxonomy":"product_cat","embeddable":true,"href":"https:\/\/happyhaus.fr\/de\/wp-json\/wp\/v2\/product_cat?post=99776"},{"taxonomy":"product_tag","embeddable":true,"href":"https:\/\/happyhaus.fr\/de\/wp-json\/wp\/v2\/product_tag?post=99776"}],"curies":[{"name":"wp","href":"https:\/\/api.w.org\/{rel}","templated":true}]}}