{"id":99467,"date":"2026-01-27T09:38:55","date_gmt":"2026-02-02T15:38:55","guid":{"rendered":"https:\/\/happyhaus.fr\/?post_type=product&#038;p=99467"},"modified":"2026-02-02T16:58:03","modified_gmt":"2026-02-02T15:58:03","slug":"le-happy-hat-blau","status":"publish","type":"product","link":"https:\/\/happyhaus.fr\/de\/produkt\/le-happy-hat-blau\/","title":{"rendered":"LE HAPPY HAT"},"content":{"rendered":"<ul>\n<li>Zusammenarbeit zwischen HAPPY HAUS und Lola Hats<\/li>\n<li>Bord\u00fcre aus Chapeau und Raphia mit dem Blauen<\/li>\n<li>Haube und Denim recycelbar, waschbar, 5 Jahre schmutzig\u201c<\/li>\n<li>Surpiqures Tabac<\/li>\n<li>Patch Stickerei Pfau White<\/li>\n<li>Eingang Grosgrain Kopf orange<\/li>\n<li>Griffe Lola H\u00fcte<\/li>\n<li>HAPPY HAUS Webetikett<\/li>\n<\/ul>\n<p>Herkunft des Stoffes: Italien<br \/>\nHergestellt in New York<\/p>\n","protected":false},"excerpt":{"rendered":"<p>Der HAPPY HAT ist das Ergebnis einer Zusammenarbeit mit Lola Hats, einem franz\u00f6sischen Hut-Designer mit Sitz in New York, der seit Jahren wundersch\u00f6ne H\u00fcte anbietet, meist aus nat\u00fcrlicher Watte, die man so leicht wie ein Bob tragen kann.<br \/>\nDer Hut hat ein breites Rahivisier mit blauen F\u00e4den und die Kappe wird aus unserem recycelten Denim in der W\u00e4sche &#8220;5 YEARS dirty&#8221; hergestellt, der mit einem Tabakfaden bestickt ist, was einen sch\u00f6nen Kontrast schafft. Unser charakteristischer Pfau ist in einem wei\u00dfen Garn gestickt, es ist sehr einfach zu kombinieren.<\/p>\n","protected":false},"featured_media":99475,"comment_status":"open","ping_status":"closed","template":"","meta":{"_acf_changed":false},"product_cat":[231,313,404],"product_tag":[],"acf":[],"yoast_head":"<!-- This site is optimized with the Yoast SEO plugin v22.6 - https:\/\/yoast.com\/wordpress\/plugins\/seo\/ -->\n<title>LE HAPPY HAT -<\/title>\n<meta name=\"robots\" content=\"index, follow, max-snippet:-1, max-image-preview:large, max-video-preview:-1\" \/>\n<link rel=\"canonical\" href=\"https:\/\/happyhaus.fr\/de\/produkt\/le-happy-hat-blau\/\" \/>\n<meta property=\"og:locale\" content=\"de_DE\" \/>\n<meta property=\"og:type\" content=\"article\" \/>\n<meta property=\"og:title\" content=\"LE HAPPY HAT -\" \/>\n<meta property=\"og:description\" content=\"Der HAPPY HAT ist das Ergebnis einer Zusammenarbeit mit Lola Hats, einem franz\u00f6sischen Hut-Designer mit Sitz in New York, der seit Jahren wundersch\u00f6ne H\u00fcte anbietet, meist aus nat\u00fcrlicher Watte, die man so leicht wie ein Bob tragen kann. Der Hut hat ein breites Rahivisier mit blauen F\u00e4den und die Kappe wird aus unserem recycelten Denim in der W\u00e4sche &quot;5 YEARS dirty&quot; hergestellt, der mit einem Tabakfaden bestickt ist, was einen sch\u00f6nen Kontrast schafft. Unser charakteristischer Pfau ist in einem wei\u00dfen Garn gestickt, es ist sehr einfach zu kombinieren.\" \/>\n<meta property=\"og:url\" content=\"https:\/\/happyhaus.fr\/de\/produkt\/le-happy-hat-blau\/\" \/>\n<meta property=\"article:modified_time\" content=\"2026-02-02T15:58:03+00:00\" \/>\n<meta property=\"og:image\" content=\"https:\/\/happyhaus.fr\/wp-content\/uploads\/2026\/02\/Z1-1.jpg\" \/>\n\t<meta property=\"og:image:width\" content=\"1707\" \/>\n\t<meta property=\"og:image:height\" content=\"2560\" \/>\n\t<meta property=\"og:image:type\" content=\"image\/jpeg\" \/>\n<meta name=\"twitter:card\" content=\"summary_large_image\" \/>\n<meta name=\"twitter:label1\" content=\"Gesch\u00e4tzte Lesezeit\" \/>\n\t<meta name=\"twitter:data1\" content=\"1\u00a0Minute\" \/>\n<script type=\"application\/ld+json\" class=\"yoast-schema-graph\">{\"@context\":\"https:\/\/schema.org\",\"@graph\":[{\"@type\":\"WebPage\",\"@id\":\"https:\/\/happyhaus.fr\/de\/produkt\/le-happy-hat-blau\/\",\"url\":\"https:\/\/happyhaus.fr\/de\/produkt\/le-happy-hat-blau\/\",\"name\":\"LE HAPPY HAT -\",\"isPartOf\":{\"@id\":\"https:\/\/happyhaus.fr\/#website\"},\"primaryImageOfPage\":{\"@id\":\"https:\/\/happyhaus.fr\/de\/produkt\/le-happy-hat-blau\/#primaryimage\"},\"image\":{\"@id\":\"https:\/\/happyhaus.fr\/de\/produkt\/le-happy-hat-blau\/#primaryimage\"},\"thumbnailUrl\":\"https:\/\/happyhaus.fr\/wp-content\/uploads\/2026\/02\/Z1-1.jpg\",\"datePublished\":\"2026-02-02T15:38:55+00:00\",\"dateModified\":\"2026-02-02T15:58:03+00:00\",\"breadcrumb\":{\"@id\":\"https:\/\/happyhaus.fr\/de\/produkt\/le-happy-hat-blau\/#breadcrumb\"},\"inLanguage\":\"de\",\"potentialAction\":[{\"@type\":\"ReadAction\",\"target\":[\"https:\/\/happyhaus.fr\/de\/produkt\/le-happy-hat-blau\/\"]}]},{\"@type\":\"ImageObject\",\"inLanguage\":\"de\",\"@id\":\"https:\/\/happyhaus.fr\/de\/produkt\/le-happy-hat-blau\/#primaryimage\",\"url\":\"https:\/\/happyhaus.fr\/wp-content\/uploads\/2026\/02\/Z1-1.jpg\",\"contentUrl\":\"https:\/\/happyhaus.fr\/wp-content\/uploads\/2026\/02\/Z1-1.jpg\",\"width\":1707,\"height\":2560},{\"@type\":\"BreadcrumbList\",\"@id\":\"https:\/\/happyhaus.fr\/de\/produkt\/le-happy-hat-blau\/#breadcrumb\",\"itemListElement\":[{\"@type\":\"ListItem\",\"position\":1,\"name\":\"Accueil\",\"item\":\"https:\/\/happyhaus.fr\/de\/\"},{\"@type\":\"ListItem\",\"position\":2,\"name\":\"Priv\u00e9\u00a0: Shop\",\"item\":\"https:\/\/happyhaus.fr\/?page_id=4438\"},{\"@type\":\"ListItem\",\"position\":3,\"name\":\"LE HAPPY HAT\"}]},{\"@type\":\"WebSite\",\"@id\":\"https:\/\/happyhaus.fr\/#website\",\"url\":\"https:\/\/happyhaus.fr\/\",\"name\":\"\",\"description\":\"\",\"potentialAction\":[{\"@type\":\"SearchAction\",\"target\":{\"@type\":\"EntryPoint\",\"urlTemplate\":\"https:\/\/happyhaus.fr\/?s={search_term_string}\"},\"query-input\":\"required name=search_term_string\"}],\"inLanguage\":\"de\"}]}<\/script>\n<!-- \/ Yoast SEO plugin. -->","yoast_head_json":{"title":"LE HAPPY HAT -","robots":{"index":"index","follow":"follow","max-snippet":"max-snippet:-1","max-image-preview":"max-image-preview:large","max-video-preview":"max-video-preview:-1"},"canonical":"https:\/\/happyhaus.fr\/de\/produkt\/le-happy-hat-blau\/","og_locale":"de_DE","og_type":"article","og_title":"LE HAPPY HAT -","og_description":"Der HAPPY HAT ist das Ergebnis einer Zusammenarbeit mit Lola Hats, einem franz\u00f6sischen Hut-Designer mit Sitz in New York, der seit Jahren wundersch\u00f6ne H\u00fcte anbietet, meist aus nat\u00fcrlicher Watte, die man so leicht wie ein Bob tragen kann. Der Hut hat ein breites Rahivisier mit blauen F\u00e4den und die Kappe wird aus unserem recycelten Denim in der W\u00e4sche \"5 YEARS dirty\" hergestellt, der mit einem Tabakfaden bestickt ist, was einen sch\u00f6nen Kontrast schafft. Unser charakteristischer Pfau ist in einem wei\u00dfen Garn gestickt, es ist sehr einfach zu kombinieren.","og_url":"https:\/\/happyhaus.fr\/de\/produkt\/le-happy-hat-blau\/","article_modified_time":"2026-02-02T15:58:03+00:00","og_image":[{"width":1707,"height":2560,"url":"https:\/\/happyhaus.fr\/wp-content\/uploads\/2026\/02\/Z1-1.jpg","type":"image\/jpeg"}],"twitter_card":"summary_large_image","twitter_misc":{"Gesch\u00e4tzte Lesezeit":"1\u00a0Minute"},"schema":{"@context":"https:\/\/schema.org","@graph":[{"@type":"WebPage","@id":"https:\/\/happyhaus.fr\/de\/produkt\/le-happy-hat-blau\/","url":"https:\/\/happyhaus.fr\/de\/produkt\/le-happy-hat-blau\/","name":"LE HAPPY HAT -","isPartOf":{"@id":"https:\/\/happyhaus.fr\/#website"},"primaryImageOfPage":{"@id":"https:\/\/happyhaus.fr\/de\/produkt\/le-happy-hat-blau\/#primaryimage"},"image":{"@id":"https:\/\/happyhaus.fr\/de\/produkt\/le-happy-hat-blau\/#primaryimage"},"thumbnailUrl":"https:\/\/happyhaus.fr\/wp-content\/uploads\/2026\/02\/Z1-1.jpg","datePublished":"2026-02-02T15:38:55+00:00","dateModified":"2026-02-02T15:58:03+00:00","breadcrumb":{"@id":"https:\/\/happyhaus.fr\/de\/produkt\/le-happy-hat-blau\/#breadcrumb"},"inLanguage":"de","potentialAction":[{"@type":"ReadAction","target":["https:\/\/happyhaus.fr\/de\/produkt\/le-happy-hat-blau\/"]}]},{"@type":"ImageObject","inLanguage":"de","@id":"https:\/\/happyhaus.fr\/de\/produkt\/le-happy-hat-blau\/#primaryimage","url":"https:\/\/happyhaus.fr\/wp-content\/uploads\/2026\/02\/Z1-1.jpg","contentUrl":"https:\/\/happyhaus.fr\/wp-content\/uploads\/2026\/02\/Z1-1.jpg","width":1707,"height":2560},{"@type":"BreadcrumbList","@id":"https:\/\/happyhaus.fr\/de\/produkt\/le-happy-hat-blau\/#breadcrumb","itemListElement":[{"@type":"ListItem","position":1,"name":"Accueil","item":"https:\/\/happyhaus.fr\/de\/"},{"@type":"ListItem","position":2,"name":"Priv\u00e9\u00a0: Shop","item":"https:\/\/happyhaus.fr\/?page_id=4438"},{"@type":"ListItem","position":3,"name":"LE HAPPY HAT"}]},{"@type":"WebSite","@id":"https:\/\/happyhaus.fr\/#website","url":"https:\/\/happyhaus.fr\/","name":"","description":"","potentialAction":[{"@type":"SearchAction","target":{"@type":"EntryPoint","urlTemplate":"https:\/\/happyhaus.fr\/?s={search_term_string}"},"query-input":"required name=search_term_string"}],"inLanguage":"de"}]}},"_links":{"self":[{"href":"https:\/\/happyhaus.fr\/de\/wp-json\/wp\/v2\/product\/99467"}],"collection":[{"href":"https:\/\/happyhaus.fr\/de\/wp-json\/wp\/v2\/product"}],"about":[{"href":"https:\/\/happyhaus.fr\/de\/wp-json\/wp\/v2\/types\/product"}],"replies":[{"embeddable":true,"href":"https:\/\/happyhaus.fr\/de\/wp-json\/wp\/v2\/comments?post=99467"}],"wp:featuredmedia":[{"embeddable":true,"href":"https:\/\/happyhaus.fr\/de\/wp-json\/wp\/v2\/media\/99475"}],"wp:attachment":[{"href":"https:\/\/happyhaus.fr\/de\/wp-json\/wp\/v2\/media?parent=99467"}],"wp:term":[{"taxonomy":"product_cat","embeddable":true,"href":"https:\/\/happyhaus.fr\/de\/wp-json\/wp\/v2\/product_cat?post=99467"},{"taxonomy":"product_tag","embeddable":true,"href":"https:\/\/happyhaus.fr\/de\/wp-json\/wp\/v2\/product_tag?post=99467"}],"curies":[{"name":"wp","href":"https:\/\/api.w.org\/{rel}","templated":true}]}}