{"id":99212,"date":"2026-02-16T12:30:25","date_gmt":"2026-01-21T15:38:26","guid":{"rendered":"https:\/\/happyhaus.fr\/?post_type=product&#038;p=99212"},"modified":"2026-03-05T11:04:01","modified_gmt":"2026-03-05T10:04:01","slug":"la-jupe-feuille-beige","status":"publish","type":"product","link":"https:\/\/happyhaus.fr\/de\/produkt\/la-jupe-feuille-beige\/","title":{"rendered":"LA JUPE FEUILLE"},"content":{"rendered":"<ul>\n<li>Lange<\/li>\n<li>Ausgestellter Schnitt<\/li>\n<li>2 Taschen auf der Vorderseite<\/li>\n<li>Rei\u00dfverschluss an der Seite<\/li>\n<li>3 Klemmen vorne und 2 hinten<\/li>\n<li>Stickerei Pfau Ton auf Ton<\/li>\n<li>Taschen<\/li>\n<li>Schlaufen f\u00fcr G\u00fcrtel<\/li>\n<li>Webetikett<\/li>\n<li>100% Detox zertifizierte Baumwolle<\/li>\n<\/ul>\n<p>Herkunft des Stoffes: Italien<br \/>\nHergestellt in Tunesien<\/p>\n","protected":false},"excerpt":{"rendered":"<p>Unser FEUILLE-Rock ist elegant und zeitlos. Er ist lang und hat einen ausgestellten Schnitt. Es hat drei Klemmen vorne und zwei hinten, was ihm ein sch\u00f6nes Volumen und Fall verleiht. Sein Schlie\u00dfsystem wird von einem Rei\u00dfverschluss auf der linken Seite gemacht. Es bietet sch\u00f6ne Details wie die Stickerei unseres Ton-in-Ton Pfaus, hat zwei Taschen auf der Vorderseite und Schlaufen, mit denen ein G\u00fcrtel hinzugef\u00fcgt werden kann. Der FEUILLE Rock formt die Silhouette elegant, schick und l\u00e4ssig.<\/p>\n<p>Florence, tr\u00e4gt eine Gr\u00f6\u00dfe 36. Sie misst 165 cm<\/p>\n<p>&nbsp;<\/p>\n","protected":false},"featured_media":99229,"comment_status":"closed","ping_status":"closed","template":"","meta":{"_acf_changed":false},"product_cat":[312,231,328,512],"product_tag":[335],"acf":[],"yoast_head":"<!-- This site is optimized with the Yoast SEO plugin v22.6 - https:\/\/yoast.com\/wordpress\/plugins\/seo\/ -->\n<title>LA JUPE FEUILLE -<\/title>\n<meta name=\"robots\" content=\"index, follow, max-snippet:-1, max-image-preview:large, max-video-preview:-1\" \/>\n<link rel=\"canonical\" href=\"https:\/\/happyhaus.fr\/en\/produkt\/la-jupe-feuille-beige\/\" \/>\n<meta property=\"og:locale\" content=\"de_DE\" \/>\n<meta property=\"og:type\" content=\"article\" \/>\n<meta property=\"og:title\" content=\"LA JUPE FEUILLE -\" \/>\n<meta property=\"og:description\" content=\"Unser FEUILLE-Rock ist elegant und zeitlos. Er ist lang und hat einen ausgestellten Schnitt. Es hat drei Klemmen vorne und zwei hinten, was ihm ein sch\u00f6nes Volumen und Fall verleiht. Sein Schlie\u00dfsystem wird von einem Rei\u00dfverschluss auf der linken Seite gemacht. Es bietet sch\u00f6ne Details wie die Stickerei unseres Ton-in-Ton Pfaus, hat zwei Taschen auf der Vorderseite und Schlaufen, mit denen ein G\u00fcrtel hinzugef\u00fcgt werden kann. Der FEUILLE Rock formt die Silhouette elegant, schick und l\u00e4ssig.  Florence, tr\u00e4gt eine Gr\u00f6\u00dfe 36. Sie misst 165 cm  &nbsp;\" \/>\n<meta property=\"og:url\" content=\"https:\/\/happyhaus.fr\/en\/produkt\/la-jupe-feuille-beige\/\" \/>\n<meta property=\"article:modified_time\" content=\"2026-03-05T10:04:01+00:00\" \/>\n<meta property=\"og:image\" content=\"https:\/\/happyhaus.fr\/wp-content\/uploads\/2026\/01\/Z1-2.jpg\" \/>\n\t<meta property=\"og:image:width\" content=\"1707\" \/>\n\t<meta property=\"og:image:height\" content=\"2560\" \/>\n\t<meta property=\"og:image:type\" content=\"image\/jpeg\" \/>\n<meta name=\"twitter:card\" content=\"summary_large_image\" \/>\n<meta name=\"twitter:label1\" content=\"Gesch\u00e4tzte Lesezeit\" \/>\n\t<meta name=\"twitter:data1\" content=\"1\u00a0Minute\" \/>\n<script type=\"application\/ld+json\" class=\"yoast-schema-graph\">{\"@context\":\"https:\/\/schema.org\",\"@graph\":[{\"@type\":\"WebPage\",\"@id\":\"https:\/\/happyhaus.fr\/en\/produkt\/la-jupe-feuille-beige\/\",\"url\":\"https:\/\/happyhaus.fr\/en\/produkt\/la-jupe-feuille-beige\/\",\"name\":\"LA JUPE FEUILLE -\",\"isPartOf\":{\"@id\":\"https:\/\/happyhaus.fr\/#website\"},\"primaryImageOfPage\":{\"@id\":\"https:\/\/happyhaus.fr\/en\/produkt\/la-jupe-feuille-beige\/#primaryimage\"},\"image\":{\"@id\":\"https:\/\/happyhaus.fr\/en\/produkt\/la-jupe-feuille-beige\/#primaryimage\"},\"thumbnailUrl\":\"https:\/\/happyhaus.fr\/wp-content\/uploads\/2026\/01\/Z1-2.jpg\",\"datePublished\":\"2026-01-21T15:38:26+00:00\",\"dateModified\":\"2026-03-05T10:04:01+00:00\",\"breadcrumb\":{\"@id\":\"https:\/\/happyhaus.fr\/en\/produkt\/la-jupe-feuille-beige\/#breadcrumb\"},\"inLanguage\":\"de\",\"potentialAction\":[{\"@type\":\"ReadAction\",\"target\":[\"https:\/\/happyhaus.fr\/en\/produkt\/la-jupe-feuille-beige\/\"]}]},{\"@type\":\"ImageObject\",\"inLanguage\":\"de\",\"@id\":\"https:\/\/happyhaus.fr\/en\/produkt\/la-jupe-feuille-beige\/#primaryimage\",\"url\":\"https:\/\/happyhaus.fr\/wp-content\/uploads\/2026\/01\/Z1-2.jpg\",\"contentUrl\":\"https:\/\/happyhaus.fr\/wp-content\/uploads\/2026\/01\/Z1-2.jpg\",\"width\":1707,\"height\":2560},{\"@type\":\"BreadcrumbList\",\"@id\":\"https:\/\/happyhaus.fr\/en\/produkt\/la-jupe-feuille-beige\/#breadcrumb\",\"itemListElement\":[{\"@type\":\"ListItem\",\"position\":1,\"name\":\"Accueil\",\"item\":\"https:\/\/happyhaus.fr\/de\/\"},{\"@type\":\"ListItem\",\"position\":2,\"name\":\"Priv\u00e9\u00a0: Shop\",\"item\":\"https:\/\/happyhaus.fr\/?page_id=4438\"},{\"@type\":\"ListItem\",\"position\":3,\"name\":\"LA JUPE FEUILLE\"}]},{\"@type\":\"WebSite\",\"@id\":\"https:\/\/happyhaus.fr\/#website\",\"url\":\"https:\/\/happyhaus.fr\/\",\"name\":\"\",\"description\":\"\",\"potentialAction\":[{\"@type\":\"SearchAction\",\"target\":{\"@type\":\"EntryPoint\",\"urlTemplate\":\"https:\/\/happyhaus.fr\/?s={search_term_string}\"},\"query-input\":\"required name=search_term_string\"}],\"inLanguage\":\"de\"}]}<\/script>\n<!-- \/ Yoast SEO plugin. -->","yoast_head_json":{"title":"LA JUPE FEUILLE -","robots":{"index":"index","follow":"follow","max-snippet":"max-snippet:-1","max-image-preview":"max-image-preview:large","max-video-preview":"max-video-preview:-1"},"canonical":"https:\/\/happyhaus.fr\/en\/produkt\/la-jupe-feuille-beige\/","og_locale":"de_DE","og_type":"article","og_title":"LA JUPE FEUILLE -","og_description":"Unser FEUILLE-Rock ist elegant und zeitlos. Er ist lang und hat einen ausgestellten Schnitt. Es hat drei Klemmen vorne und zwei hinten, was ihm ein sch\u00f6nes Volumen und Fall verleiht. Sein Schlie\u00dfsystem wird von einem Rei\u00dfverschluss auf der linken Seite gemacht. Es bietet sch\u00f6ne Details wie die Stickerei unseres Ton-in-Ton Pfaus, hat zwei Taschen auf der Vorderseite und Schlaufen, mit denen ein G\u00fcrtel hinzugef\u00fcgt werden kann. Der FEUILLE Rock formt die Silhouette elegant, schick und l\u00e4ssig.  Florence, tr\u00e4gt eine Gr\u00f6\u00dfe 36. Sie misst 165 cm  &nbsp;","og_url":"https:\/\/happyhaus.fr\/en\/produkt\/la-jupe-feuille-beige\/","article_modified_time":"2026-03-05T10:04:01+00:00","og_image":[{"width":1707,"height":2560,"url":"https:\/\/happyhaus.fr\/wp-content\/uploads\/2026\/01\/Z1-2.jpg","type":"image\/jpeg"}],"twitter_card":"summary_large_image","twitter_misc":{"Gesch\u00e4tzte Lesezeit":"1\u00a0Minute"},"schema":{"@context":"https:\/\/schema.org","@graph":[{"@type":"WebPage","@id":"https:\/\/happyhaus.fr\/en\/produkt\/la-jupe-feuille-beige\/","url":"https:\/\/happyhaus.fr\/en\/produkt\/la-jupe-feuille-beige\/","name":"LA JUPE FEUILLE -","isPartOf":{"@id":"https:\/\/happyhaus.fr\/#website"},"primaryImageOfPage":{"@id":"https:\/\/happyhaus.fr\/en\/produkt\/la-jupe-feuille-beige\/#primaryimage"},"image":{"@id":"https:\/\/happyhaus.fr\/en\/produkt\/la-jupe-feuille-beige\/#primaryimage"},"thumbnailUrl":"https:\/\/happyhaus.fr\/wp-content\/uploads\/2026\/01\/Z1-2.jpg","datePublished":"2026-01-21T15:38:26+00:00","dateModified":"2026-03-05T10:04:01+00:00","breadcrumb":{"@id":"https:\/\/happyhaus.fr\/en\/produkt\/la-jupe-feuille-beige\/#breadcrumb"},"inLanguage":"de","potentialAction":[{"@type":"ReadAction","target":["https:\/\/happyhaus.fr\/en\/produkt\/la-jupe-feuille-beige\/"]}]},{"@type":"ImageObject","inLanguage":"de","@id":"https:\/\/happyhaus.fr\/en\/produkt\/la-jupe-feuille-beige\/#primaryimage","url":"https:\/\/happyhaus.fr\/wp-content\/uploads\/2026\/01\/Z1-2.jpg","contentUrl":"https:\/\/happyhaus.fr\/wp-content\/uploads\/2026\/01\/Z1-2.jpg","width":1707,"height":2560},{"@type":"BreadcrumbList","@id":"https:\/\/happyhaus.fr\/en\/produkt\/la-jupe-feuille-beige\/#breadcrumb","itemListElement":[{"@type":"ListItem","position":1,"name":"Accueil","item":"https:\/\/happyhaus.fr\/de\/"},{"@type":"ListItem","position":2,"name":"Priv\u00e9\u00a0: Shop","item":"https:\/\/happyhaus.fr\/?page_id=4438"},{"@type":"ListItem","position":3,"name":"LA JUPE FEUILLE"}]},{"@type":"WebSite","@id":"https:\/\/happyhaus.fr\/#website","url":"https:\/\/happyhaus.fr\/","name":"","description":"","potentialAction":[{"@type":"SearchAction","target":{"@type":"EntryPoint","urlTemplate":"https:\/\/happyhaus.fr\/?s={search_term_string}"},"query-input":"required name=search_term_string"}],"inLanguage":"de"}]}},"_links":{"self":[{"href":"https:\/\/happyhaus.fr\/de\/wp-json\/wp\/v2\/product\/99212"}],"collection":[{"href":"https:\/\/happyhaus.fr\/de\/wp-json\/wp\/v2\/product"}],"about":[{"href":"https:\/\/happyhaus.fr\/de\/wp-json\/wp\/v2\/types\/product"}],"replies":[{"embeddable":true,"href":"https:\/\/happyhaus.fr\/de\/wp-json\/wp\/v2\/comments?post=99212"}],"wp:featuredmedia":[{"embeddable":true,"href":"https:\/\/happyhaus.fr\/de\/wp-json\/wp\/v2\/media\/99229"}],"wp:attachment":[{"href":"https:\/\/happyhaus.fr\/de\/wp-json\/wp\/v2\/media?parent=99212"}],"wp:term":[{"taxonomy":"product_cat","embeddable":true,"href":"https:\/\/happyhaus.fr\/de\/wp-json\/wp\/v2\/product_cat?post=99212"},{"taxonomy":"product_tag","embeddable":true,"href":"https:\/\/happyhaus.fr\/de\/wp-json\/wp\/v2\/product_tag?post=99212"}],"curies":[{"name":"wp","href":"https:\/\/api.w.org\/{rel}","templated":true}]}}