{"id":99176,"date":"2026-01-27T13:00:49","date_gmt":"2026-01-21T13:44:49","guid":{"rendered":"https:\/\/happyhaus.fr\/?post_type=product&#038;p=99176"},"modified":"2026-04-01T17:26:26","modified_gmt":"2026-04-01T15:26:26","slug":"la-tunique-over-light-purple","status":"publish","type":"product","link":"https:\/\/happyhaus.fr\/de\/produkt\/la-tunique-over-light-purple\/","title":{"rendered":"LA TUNIQUE OVER"},"content":{"rendered":"<ul>\n<li>\u00dcberdimensionierte Schale<\/li>\n<li>H\u00e4ngende Schultern<\/li>\n<li>Langarm<\/li>\n<li>Kn\u00f6pfe mit gleichem Stoff<\/li>\n<li>N\u00e4hen Ton in Ton<\/li>\n<li>Tasche vorne plattiert<\/li>\n<li>Spitzkragen<\/li>\n<li>Gewebtes Label<\/li>\n<li>100% Tencel<\/li>\n<\/ul>\n<p>Herkunft des Stoffes: Italien<br \/>\nHergestellt in Tunesien<\/p>\n","protected":false},"excerpt":{"rendered":"<p>Unsere OVER-Tunika ist im minimalistischen Vintage-Stil gehalten. Mit seiner lockeren Passform, den schlaffen Schultern und dem breiten und spitzen Kragen. Seine langen geraden \u00c4rmel geben Ihnen die M\u00f6glichkeit, es auf unterschiedliche Weise zu tragen.<br \/>\nEs besteht zu 100 % aus Tencel, einem atmungsaktiven und widerstandsf\u00e4higen Stoff, der sehr gut mit Seide vergleichbar ist.<br \/>\nEs wird in unserer neuen Farbe \u201eHELLVIOLETT\u201c hergestellt, einer dezenten und leuchtenden Farbe, die beispielsweise sehr gut zu unserer Waschung \u201eHELLBLAU\u201c passt.<\/p>\n<p>Happy Haus-Gr\u00fcnderin Sandy tr\u00e4gt Gr\u00f6\u00dfe 36. Sie misst 170 cm.<\/p>\n","protected":false},"featured_media":99186,"comment_status":"closed","ping_status":"closed","template":"","meta":{"_acf_changed":false},"product_cat":[312,231,237],"product_tag":[335],"acf":[],"yoast_head":"<!-- This site is optimized with the Yoast SEO plugin v22.6 - https:\/\/yoast.com\/wordpress\/plugins\/seo\/ -->\n<title>LA TUNIQUE OVER -<\/title>\n<meta name=\"robots\" content=\"index, follow, max-snippet:-1, max-image-preview:large, max-video-preview:-1\" \/>\n<link rel=\"canonical\" href=\"https:\/\/happyhaus.fr\/de\/produkt\/la-tunique-over-light-purple\/\" \/>\n<meta property=\"og:locale\" content=\"de_DE\" \/>\n<meta property=\"og:type\" content=\"article\" \/>\n<meta property=\"og:title\" content=\"LA TUNIQUE OVER -\" \/>\n<meta property=\"og:description\" content=\"Unsere OVER-Tunika ist im minimalistischen Vintage-Stil gehalten. Mit seiner lockeren Passform, den schlaffen Schultern und dem breiten und spitzen Kragen. Seine langen geraden \u00c4rmel geben Ihnen die M\u00f6glichkeit, es auf unterschiedliche Weise zu tragen. Es besteht zu 100 % aus Tencel, einem atmungsaktiven und widerstandsf\u00e4higen Stoff, der sehr gut mit Seide vergleichbar ist. Es wird in unserer neuen Farbe \u201eHELLVIOLETT\u201c hergestellt, einer dezenten und leuchtenden Farbe, die beispielsweise sehr gut zu unserer Waschung \u201eHELLBLAU\u201c passt.  Happy Haus-Gr\u00fcnderin Sandy tr\u00e4gt Gr\u00f6\u00dfe 36. Sie misst 170 cm.\" \/>\n<meta property=\"og:url\" content=\"https:\/\/happyhaus.fr\/de\/produkt\/la-tunique-over-light-purple\/\" \/>\n<meta property=\"article:modified_time\" content=\"2026-04-01T15:26:26+00:00\" \/>\n<meta property=\"og:image\" content=\"https:\/\/happyhaus.fr\/wp-content\/uploads\/2026\/01\/Z1.jpg\" \/>\n\t<meta property=\"og:image:width\" content=\"1707\" \/>\n\t<meta property=\"og:image:height\" content=\"2560\" \/>\n\t<meta property=\"og:image:type\" content=\"image\/jpeg\" \/>\n<meta name=\"twitter:card\" content=\"summary_large_image\" \/>\n<meta name=\"twitter:label1\" content=\"Gesch\u00e4tzte Lesezeit\" \/>\n\t<meta name=\"twitter:data1\" content=\"1\u00a0Minute\" \/>\n<script type=\"application\/ld+json\" class=\"yoast-schema-graph\">{\"@context\":\"https:\/\/schema.org\",\"@graph\":[{\"@type\":\"WebPage\",\"@id\":\"https:\/\/happyhaus.fr\/de\/produkt\/la-tunique-over-light-purple\/\",\"url\":\"https:\/\/happyhaus.fr\/de\/produkt\/la-tunique-over-light-purple\/\",\"name\":\"LA TUNIQUE OVER -\",\"isPartOf\":{\"@id\":\"https:\/\/happyhaus.fr\/#website\"},\"primaryImageOfPage\":{\"@id\":\"https:\/\/happyhaus.fr\/de\/produkt\/la-tunique-over-light-purple\/#primaryimage\"},\"image\":{\"@id\":\"https:\/\/happyhaus.fr\/de\/produkt\/la-tunique-over-light-purple\/#primaryimage\"},\"thumbnailUrl\":\"https:\/\/happyhaus.fr\/wp-content\/uploads\/2026\/01\/Z1.jpg\",\"datePublished\":\"2026-01-21T13:44:49+00:00\",\"dateModified\":\"2026-04-01T15:26:26+00:00\",\"breadcrumb\":{\"@id\":\"https:\/\/happyhaus.fr\/de\/produkt\/la-tunique-over-light-purple\/#breadcrumb\"},\"inLanguage\":\"de\",\"potentialAction\":[{\"@type\":\"ReadAction\",\"target\":[\"https:\/\/happyhaus.fr\/de\/produkt\/la-tunique-over-light-purple\/\"]}]},{\"@type\":\"ImageObject\",\"inLanguage\":\"de\",\"@id\":\"https:\/\/happyhaus.fr\/de\/produkt\/la-tunique-over-light-purple\/#primaryimage\",\"url\":\"https:\/\/happyhaus.fr\/wp-content\/uploads\/2026\/01\/Z1.jpg\",\"contentUrl\":\"https:\/\/happyhaus.fr\/wp-content\/uploads\/2026\/01\/Z1.jpg\",\"width\":1707,\"height\":2560},{\"@type\":\"BreadcrumbList\",\"@id\":\"https:\/\/happyhaus.fr\/de\/produkt\/la-tunique-over-light-purple\/#breadcrumb\",\"itemListElement\":[{\"@type\":\"ListItem\",\"position\":1,\"name\":\"Accueil\",\"item\":\"https:\/\/happyhaus.fr\/de\/\"},{\"@type\":\"ListItem\",\"position\":2,\"name\":\"Priv\u00e9\u00a0: Shop\",\"item\":\"https:\/\/happyhaus.fr\/?page_id=4438\"},{\"@type\":\"ListItem\",\"position\":3,\"name\":\"LA TUNIQUE OVER\"}]},{\"@type\":\"WebSite\",\"@id\":\"https:\/\/happyhaus.fr\/#website\",\"url\":\"https:\/\/happyhaus.fr\/\",\"name\":\"\",\"description\":\"\",\"potentialAction\":[{\"@type\":\"SearchAction\",\"target\":{\"@type\":\"EntryPoint\",\"urlTemplate\":\"https:\/\/happyhaus.fr\/?s={search_term_string}\"},\"query-input\":\"required name=search_term_string\"}],\"inLanguage\":\"de\"}]}<\/script>\n<!-- \/ Yoast SEO plugin. -->","yoast_head_json":{"title":"LA TUNIQUE OVER -","robots":{"index":"index","follow":"follow","max-snippet":"max-snippet:-1","max-image-preview":"max-image-preview:large","max-video-preview":"max-video-preview:-1"},"canonical":"https:\/\/happyhaus.fr\/de\/produkt\/la-tunique-over-light-purple\/","og_locale":"de_DE","og_type":"article","og_title":"LA TUNIQUE OVER -","og_description":"Unsere OVER-Tunika ist im minimalistischen Vintage-Stil gehalten. Mit seiner lockeren Passform, den schlaffen Schultern und dem breiten und spitzen Kragen. Seine langen geraden \u00c4rmel geben Ihnen die M\u00f6glichkeit, es auf unterschiedliche Weise zu tragen. Es besteht zu 100 % aus Tencel, einem atmungsaktiven und widerstandsf\u00e4higen Stoff, der sehr gut mit Seide vergleichbar ist. Es wird in unserer neuen Farbe \u201eHELLVIOLETT\u201c hergestellt, einer dezenten und leuchtenden Farbe, die beispielsweise sehr gut zu unserer Waschung \u201eHELLBLAU\u201c passt.  Happy Haus-Gr\u00fcnderin Sandy tr\u00e4gt Gr\u00f6\u00dfe 36. Sie misst 170 cm.","og_url":"https:\/\/happyhaus.fr\/de\/produkt\/la-tunique-over-light-purple\/","article_modified_time":"2026-04-01T15:26:26+00:00","og_image":[{"width":1707,"height":2560,"url":"https:\/\/happyhaus.fr\/wp-content\/uploads\/2026\/01\/Z1.jpg","type":"image\/jpeg"}],"twitter_card":"summary_large_image","twitter_misc":{"Gesch\u00e4tzte Lesezeit":"1\u00a0Minute"},"schema":{"@context":"https:\/\/schema.org","@graph":[{"@type":"WebPage","@id":"https:\/\/happyhaus.fr\/de\/produkt\/la-tunique-over-light-purple\/","url":"https:\/\/happyhaus.fr\/de\/produkt\/la-tunique-over-light-purple\/","name":"LA TUNIQUE OVER -","isPartOf":{"@id":"https:\/\/happyhaus.fr\/#website"},"primaryImageOfPage":{"@id":"https:\/\/happyhaus.fr\/de\/produkt\/la-tunique-over-light-purple\/#primaryimage"},"image":{"@id":"https:\/\/happyhaus.fr\/de\/produkt\/la-tunique-over-light-purple\/#primaryimage"},"thumbnailUrl":"https:\/\/happyhaus.fr\/wp-content\/uploads\/2026\/01\/Z1.jpg","datePublished":"2026-01-21T13:44:49+00:00","dateModified":"2026-04-01T15:26:26+00:00","breadcrumb":{"@id":"https:\/\/happyhaus.fr\/de\/produkt\/la-tunique-over-light-purple\/#breadcrumb"},"inLanguage":"de","potentialAction":[{"@type":"ReadAction","target":["https:\/\/happyhaus.fr\/de\/produkt\/la-tunique-over-light-purple\/"]}]},{"@type":"ImageObject","inLanguage":"de","@id":"https:\/\/happyhaus.fr\/de\/produkt\/la-tunique-over-light-purple\/#primaryimage","url":"https:\/\/happyhaus.fr\/wp-content\/uploads\/2026\/01\/Z1.jpg","contentUrl":"https:\/\/happyhaus.fr\/wp-content\/uploads\/2026\/01\/Z1.jpg","width":1707,"height":2560},{"@type":"BreadcrumbList","@id":"https:\/\/happyhaus.fr\/de\/produkt\/la-tunique-over-light-purple\/#breadcrumb","itemListElement":[{"@type":"ListItem","position":1,"name":"Accueil","item":"https:\/\/happyhaus.fr\/de\/"},{"@type":"ListItem","position":2,"name":"Priv\u00e9\u00a0: Shop","item":"https:\/\/happyhaus.fr\/?page_id=4438"},{"@type":"ListItem","position":3,"name":"LA TUNIQUE OVER"}]},{"@type":"WebSite","@id":"https:\/\/happyhaus.fr\/#website","url":"https:\/\/happyhaus.fr\/","name":"","description":"","potentialAction":[{"@type":"SearchAction","target":{"@type":"EntryPoint","urlTemplate":"https:\/\/happyhaus.fr\/?s={search_term_string}"},"query-input":"required name=search_term_string"}],"inLanguage":"de"}]}},"_links":{"self":[{"href":"https:\/\/happyhaus.fr\/de\/wp-json\/wp\/v2\/product\/99176"}],"collection":[{"href":"https:\/\/happyhaus.fr\/de\/wp-json\/wp\/v2\/product"}],"about":[{"href":"https:\/\/happyhaus.fr\/de\/wp-json\/wp\/v2\/types\/product"}],"replies":[{"embeddable":true,"href":"https:\/\/happyhaus.fr\/de\/wp-json\/wp\/v2\/comments?post=99176"}],"wp:featuredmedia":[{"embeddable":true,"href":"https:\/\/happyhaus.fr\/de\/wp-json\/wp\/v2\/media\/99186"}],"wp:attachment":[{"href":"https:\/\/happyhaus.fr\/de\/wp-json\/wp\/v2\/media?parent=99176"}],"wp:term":[{"taxonomy":"product_cat","embeddable":true,"href":"https:\/\/happyhaus.fr\/de\/wp-json\/wp\/v2\/product_cat?post=99176"},{"taxonomy":"product_tag","embeddable":true,"href":"https:\/\/happyhaus.fr\/de\/wp-json\/wp\/v2\/product_tag?post=99176"}],"curies":[{"name":"wp","href":"https:\/\/api.w.org\/{rel}","templated":true}]}}