{"id":98991,"date":"2025-10-03T09:54:10","date_gmt":"2025-12-03T08:54:11","guid":{"rendered":"https:\/\/happyhaus.fr\/?post_type=product&#038;p=98991"},"modified":"2025-12-03T11:18:26","modified_gmt":"2025-12-03T10:18:26","slug":"le-pantalon-peacock-velours-noir","status":"publish","type":"product","link":"https:\/\/happyhaus.fr\/de\/produkt\/le-pantalon-peacock-velours-noir\/","title":{"rendered":"Le Pantalon PEACOCK"},"content":{"rendered":"<ul>\n<li>Hohe Taille<\/li>\n<li>Cordvelours<\/li>\n<li>Knopf aus Holz<\/li>\n<li>Rei\u00dfverschluss<\/li>\n<li>Breit, gerader Schnitt<\/li>\n<li>2 Ges\u00e4\u00dftaschen<\/li>\n<li>Pfau Ton in Ton gestickt auf der R\u00fcckseite<\/li>\n<li>100% Baumwolle<\/li>\n<\/ul>\n<p>&nbsp;<\/p>\n<p>Herkunft des Stoffes: Frankreich<br \/>\nHergestellt in Tunesien<\/p>\n<p>&nbsp;<\/p>\n","protected":false},"excerpt":{"rendered":"<p>Unsere PEACOCK Cordhose ist feminin, elegant und zeitlos. Mit hoher Taille schmeichelt sie der Silhouette. Die PEACOCK-Hose hat einen breiten, geraden Schnitt und bietet sch\u00f6ne Details: unser Ton-in-Ton gesticktes Pfau am hinteren Bund , zwei aufgesetzte Taschen mit doppelten Steppn\u00e4hten auf der R\u00fcckseite. Die Hose kann in der Taille getragen werden oder mehr &#8220;oversize deguaine&#8221; f\u00fcr eine coolere und entspannte Haltung.<br \/>\nHergestellt aus GOTS-zertifizierter Baumwolle. Cordvelours hat den Vorteil, Trost, W\u00e4rme, Weichheit, aber auch gro\u00dfen Komfort zu bringen.<\/p>\n<p>Seine schwarze Farbe ist sehr einfach mit allen Farben zu kombinieren.<\/p>\n<p>Er trug eine bequeme Taille.<\/p>\n","protected":false},"featured_media":99019,"comment_status":"open","ping_status":"closed","template":"","meta":{"_acf_changed":false},"product_cat":[312,231,236,313,314],"product_tag":[],"acf":[],"yoast_head":"<!-- This site is optimized with the Yoast SEO plugin v22.6 - https:\/\/yoast.com\/wordpress\/plugins\/seo\/ -->\n<title>Le Pantalon PEACOCK -<\/title>\n<meta name=\"robots\" content=\"index, follow, max-snippet:-1, max-image-preview:large, max-video-preview:-1\" \/>\n<link rel=\"canonical\" href=\"https:\/\/happyhaus.fr\/de\/produkt\/le-pantalon-peacock-velours-noir\/\" \/>\n<meta property=\"og:locale\" content=\"de_DE\" \/>\n<meta property=\"og:type\" content=\"article\" \/>\n<meta property=\"og:title\" content=\"Le Pantalon PEACOCK -\" \/>\n<meta property=\"og:description\" content=\"Unsere PEACOCK Cordhose ist feminin, elegant und zeitlos. Mit hoher Taille schmeichelt sie der Silhouette. Die PEACOCK-Hose hat einen breiten, geraden Schnitt und bietet sch\u00f6ne Details: unser Ton-in-Ton gesticktes Pfau am hinteren Bund , zwei aufgesetzte Taschen mit doppelten Steppn\u00e4hten auf der R\u00fcckseite. Die Hose kann in der Taille getragen werden oder mehr &quot;oversize deguaine&quot; f\u00fcr eine coolere und entspannte Haltung. Hergestellt aus GOTS-zertifizierter Baumwolle. Cordvelours hat den Vorteil, Trost, W\u00e4rme, Weichheit, aber auch gro\u00dfen Komfort zu bringen.  Seine schwarze Farbe ist sehr einfach mit allen Farben zu kombinieren.  Er trug eine bequeme Taille.\" \/>\n<meta property=\"og:url\" content=\"https:\/\/happyhaus.fr\/de\/produkt\/le-pantalon-peacock-velours-noir\/\" \/>\n<meta property=\"article:modified_time\" content=\"2025-12-03T10:18:26+00:00\" \/>\n<meta property=\"og:image\" content=\"https:\/\/happyhaus.fr\/wp-content\/uploads\/2025\/12\/Z1-2.jpg\" \/>\n\t<meta property=\"og:image:width\" content=\"1707\" \/>\n\t<meta property=\"og:image:height\" content=\"2560\" \/>\n\t<meta property=\"og:image:type\" content=\"image\/jpeg\" \/>\n<meta name=\"twitter:card\" content=\"summary_large_image\" \/>\n<meta name=\"twitter:label1\" content=\"Gesch\u00e4tzte Lesezeit\" \/>\n\t<meta name=\"twitter:data1\" content=\"1\u00a0Minute\" \/>\n<script type=\"application\/ld+json\" class=\"yoast-schema-graph\">{\"@context\":\"https:\/\/schema.org\",\"@graph\":[{\"@type\":\"WebPage\",\"@id\":\"https:\/\/happyhaus.fr\/de\/produkt\/le-pantalon-peacock-velours-noir\/\",\"url\":\"https:\/\/happyhaus.fr\/de\/produkt\/le-pantalon-peacock-velours-noir\/\",\"name\":\"Le Pantalon PEACOCK -\",\"isPartOf\":{\"@id\":\"https:\/\/happyhaus.fr\/#website\"},\"primaryImageOfPage\":{\"@id\":\"https:\/\/happyhaus.fr\/de\/produkt\/le-pantalon-peacock-velours-noir\/#primaryimage\"},\"image\":{\"@id\":\"https:\/\/happyhaus.fr\/de\/produkt\/le-pantalon-peacock-velours-noir\/#primaryimage\"},\"thumbnailUrl\":\"https:\/\/happyhaus.fr\/wp-content\/uploads\/2025\/12\/Z1-2.jpg\",\"datePublished\":\"2025-12-03T08:54:11+00:00\",\"dateModified\":\"2025-12-03T10:18:26+00:00\",\"breadcrumb\":{\"@id\":\"https:\/\/happyhaus.fr\/de\/produkt\/le-pantalon-peacock-velours-noir\/#breadcrumb\"},\"inLanguage\":\"de\",\"potentialAction\":[{\"@type\":\"ReadAction\",\"target\":[\"https:\/\/happyhaus.fr\/de\/produkt\/le-pantalon-peacock-velours-noir\/\"]}]},{\"@type\":\"ImageObject\",\"inLanguage\":\"de\",\"@id\":\"https:\/\/happyhaus.fr\/de\/produkt\/le-pantalon-peacock-velours-noir\/#primaryimage\",\"url\":\"https:\/\/happyhaus.fr\/wp-content\/uploads\/2025\/12\/Z1-2.jpg\",\"contentUrl\":\"https:\/\/happyhaus.fr\/wp-content\/uploads\/2025\/12\/Z1-2.jpg\",\"width\":1707,\"height\":2560},{\"@type\":\"BreadcrumbList\",\"@id\":\"https:\/\/happyhaus.fr\/de\/produkt\/le-pantalon-peacock-velours-noir\/#breadcrumb\",\"itemListElement\":[{\"@type\":\"ListItem\",\"position\":1,\"name\":\"Accueil\",\"item\":\"https:\/\/happyhaus.fr\/de\/\"},{\"@type\":\"ListItem\",\"position\":2,\"name\":\"Priv\u00e9\u00a0: Shop\",\"item\":\"https:\/\/happyhaus.fr\/?page_id=4438\"},{\"@type\":\"ListItem\",\"position\":3,\"name\":\"Le Pantalon PEACOCK\"}]},{\"@type\":\"WebSite\",\"@id\":\"https:\/\/happyhaus.fr\/#website\",\"url\":\"https:\/\/happyhaus.fr\/\",\"name\":\"\",\"description\":\"\",\"potentialAction\":[{\"@type\":\"SearchAction\",\"target\":{\"@type\":\"EntryPoint\",\"urlTemplate\":\"https:\/\/happyhaus.fr\/?s={search_term_string}\"},\"query-input\":\"required name=search_term_string\"}],\"inLanguage\":\"de\"}]}<\/script>\n<!-- \/ Yoast SEO plugin. -->","yoast_head_json":{"title":"Le Pantalon PEACOCK -","robots":{"index":"index","follow":"follow","max-snippet":"max-snippet:-1","max-image-preview":"max-image-preview:large","max-video-preview":"max-video-preview:-1"},"canonical":"https:\/\/happyhaus.fr\/de\/produkt\/le-pantalon-peacock-velours-noir\/","og_locale":"de_DE","og_type":"article","og_title":"Le Pantalon PEACOCK -","og_description":"Unsere PEACOCK Cordhose ist feminin, elegant und zeitlos. Mit hoher Taille schmeichelt sie der Silhouette. Die PEACOCK-Hose hat einen breiten, geraden Schnitt und bietet sch\u00f6ne Details: unser Ton-in-Ton gesticktes Pfau am hinteren Bund , zwei aufgesetzte Taschen mit doppelten Steppn\u00e4hten auf der R\u00fcckseite. Die Hose kann in der Taille getragen werden oder mehr \"oversize deguaine\" f\u00fcr eine coolere und entspannte Haltung. Hergestellt aus GOTS-zertifizierter Baumwolle. Cordvelours hat den Vorteil, Trost, W\u00e4rme, Weichheit, aber auch gro\u00dfen Komfort zu bringen.  Seine schwarze Farbe ist sehr einfach mit allen Farben zu kombinieren.  Er trug eine bequeme Taille.","og_url":"https:\/\/happyhaus.fr\/de\/produkt\/le-pantalon-peacock-velours-noir\/","article_modified_time":"2025-12-03T10:18:26+00:00","og_image":[{"width":1707,"height":2560,"url":"https:\/\/happyhaus.fr\/wp-content\/uploads\/2025\/12\/Z1-2.jpg","type":"image\/jpeg"}],"twitter_card":"summary_large_image","twitter_misc":{"Gesch\u00e4tzte Lesezeit":"1\u00a0Minute"},"schema":{"@context":"https:\/\/schema.org","@graph":[{"@type":"WebPage","@id":"https:\/\/happyhaus.fr\/de\/produkt\/le-pantalon-peacock-velours-noir\/","url":"https:\/\/happyhaus.fr\/de\/produkt\/le-pantalon-peacock-velours-noir\/","name":"Le Pantalon PEACOCK -","isPartOf":{"@id":"https:\/\/happyhaus.fr\/#website"},"primaryImageOfPage":{"@id":"https:\/\/happyhaus.fr\/de\/produkt\/le-pantalon-peacock-velours-noir\/#primaryimage"},"image":{"@id":"https:\/\/happyhaus.fr\/de\/produkt\/le-pantalon-peacock-velours-noir\/#primaryimage"},"thumbnailUrl":"https:\/\/happyhaus.fr\/wp-content\/uploads\/2025\/12\/Z1-2.jpg","datePublished":"2025-12-03T08:54:11+00:00","dateModified":"2025-12-03T10:18:26+00:00","breadcrumb":{"@id":"https:\/\/happyhaus.fr\/de\/produkt\/le-pantalon-peacock-velours-noir\/#breadcrumb"},"inLanguage":"de","potentialAction":[{"@type":"ReadAction","target":["https:\/\/happyhaus.fr\/de\/produkt\/le-pantalon-peacock-velours-noir\/"]}]},{"@type":"ImageObject","inLanguage":"de","@id":"https:\/\/happyhaus.fr\/de\/produkt\/le-pantalon-peacock-velours-noir\/#primaryimage","url":"https:\/\/happyhaus.fr\/wp-content\/uploads\/2025\/12\/Z1-2.jpg","contentUrl":"https:\/\/happyhaus.fr\/wp-content\/uploads\/2025\/12\/Z1-2.jpg","width":1707,"height":2560},{"@type":"BreadcrumbList","@id":"https:\/\/happyhaus.fr\/de\/produkt\/le-pantalon-peacock-velours-noir\/#breadcrumb","itemListElement":[{"@type":"ListItem","position":1,"name":"Accueil","item":"https:\/\/happyhaus.fr\/de\/"},{"@type":"ListItem","position":2,"name":"Priv\u00e9\u00a0: Shop","item":"https:\/\/happyhaus.fr\/?page_id=4438"},{"@type":"ListItem","position":3,"name":"Le Pantalon PEACOCK"}]},{"@type":"WebSite","@id":"https:\/\/happyhaus.fr\/#website","url":"https:\/\/happyhaus.fr\/","name":"","description":"","potentialAction":[{"@type":"SearchAction","target":{"@type":"EntryPoint","urlTemplate":"https:\/\/happyhaus.fr\/?s={search_term_string}"},"query-input":"required name=search_term_string"}],"inLanguage":"de"}]}},"_links":{"self":[{"href":"https:\/\/happyhaus.fr\/de\/wp-json\/wp\/v2\/product\/98991"}],"collection":[{"href":"https:\/\/happyhaus.fr\/de\/wp-json\/wp\/v2\/product"}],"about":[{"href":"https:\/\/happyhaus.fr\/de\/wp-json\/wp\/v2\/types\/product"}],"replies":[{"embeddable":true,"href":"https:\/\/happyhaus.fr\/de\/wp-json\/wp\/v2\/comments?post=98991"}],"wp:featuredmedia":[{"embeddable":true,"href":"https:\/\/happyhaus.fr\/de\/wp-json\/wp\/v2\/media\/99019"}],"wp:attachment":[{"href":"https:\/\/happyhaus.fr\/de\/wp-json\/wp\/v2\/media?parent=98991"}],"wp:term":[{"taxonomy":"product_cat","embeddable":true,"href":"https:\/\/happyhaus.fr\/de\/wp-json\/wp\/v2\/product_cat?post=98991"},{"taxonomy":"product_tag","embeddable":true,"href":"https:\/\/happyhaus.fr\/de\/wp-json\/wp\/v2\/product_tag?post=98991"}],"curies":[{"name":"wp","href":"https:\/\/api.w.org\/{rel}","templated":true}]}}