{"id":98897,"date":"2025-10-02T16:25:30","date_gmt":"2025-12-02T15:25:31","guid":{"rendered":"https:\/\/happyhaus.fr\/?post_type=product&#038;p=98897"},"modified":"2026-02-11T17:05:32","modified_gmt":"2026-02-11T16:05:32","slug":"le-pantalon-tali-10-years-dirty","status":"publish","type":"product","link":"https:\/\/happyhaus.fr\/de\/produkt\/le-pantalon-tali-10-years-dirty\/","title":{"rendered":"Le pantalon TALI"},"content":{"rendered":"<ul>\n<li>Normale Gr\u00f6\u00dfe<\/li>\n<li>Regul\u00e4rer und gerader Schnitt<\/li>\n<li>Bronze-Kn\u00f6pfe und Rei\u00dfverschluss<\/li>\n<li>2 Ges\u00e4\u00dftaschen<\/li>\n<li>Ziern\u00e4hte tabakfarben<\/li>\n<li>Gurtschloss<\/li>\n<li>&#8220;Vintage Blue&#8221; wash<\/li>\n<li>80% Baumwolle und 20% recycelte Baumwolle<\/li>\n<\/ul>\n<p>Herkunft des Stoffes: Italien<br \/>\nHergestellt in Tunesien<\/p>\n","protected":false},"excerpt":{"rendered":"<p>&nbsp;<\/p>\n<p>Unsere TALI Hose ist feminin, elegant und zeitlos. Sie hat eine normale Gr\u00f6\u00dfe. Und hat einen &#8220;regul\u00e4ren&#8221; und geraden Schnitt, bietet es sch\u00f6ne Details: unser gestickter Pfau auf dem hinteren G\u00fcrtel , die beiden aufgesetzten Taschen mit doppelten Steppn\u00e4hten auf der R\u00fcckseite. Dieser Schnitt ist eine gro\u00dfe classqiue der Garderobe, es kann leicht t\u00e4glich mit all Ihren Tops getragen werden.<\/p>\n<p>Er wird in unserer neuen Waschung \u00abVintage Blue\u00bb, einer Variante unserer Flaggschiff-Waschung \u00abLight Blue\u00bb mit st\u00e4rkerer Behandlung hergestellt, was ihm einen \u00abVintage\u00bb-Look verleiht. Es ist aus unserem recycelten Denim.<\/p>\n<p>Er war normal gro\u00df.<\/p>\n","protected":false},"featured_media":98933,"comment_status":"open","ping_status":"closed","template":"","meta":{"_acf_changed":false},"product_cat":[312,231,236,315],"product_tag":[],"acf":[],"yoast_head":"<!-- This site is optimized with the Yoast SEO plugin v22.6 - https:\/\/yoast.com\/wordpress\/plugins\/seo\/ -->\n<title>Le pantalon TALI -<\/title>\n<meta name=\"robots\" content=\"index, follow, max-snippet:-1, max-image-preview:large, max-video-preview:-1\" \/>\n<link rel=\"canonical\" href=\"https:\/\/happyhaus.fr\/de\/produkt\/le-pantalon-tali-10-years-dirty\/\" \/>\n<meta property=\"og:locale\" content=\"de_DE\" \/>\n<meta property=\"og:type\" content=\"article\" \/>\n<meta property=\"og:title\" content=\"Le pantalon TALI -\" \/>\n<meta property=\"og:description\" content=\"&nbsp;  Unsere TALI Hose ist feminin, elegant und zeitlos. Sie hat eine normale Gr\u00f6\u00dfe. Und hat einen &quot;regul\u00e4ren&quot; und geraden Schnitt, bietet es sch\u00f6ne Details: unser gestickter Pfau auf dem hinteren G\u00fcrtel , die beiden aufgesetzten Taschen mit doppelten Steppn\u00e4hten auf der R\u00fcckseite. Dieser Schnitt ist eine gro\u00dfe classqiue der Garderobe, es kann leicht t\u00e4glich mit all Ihren Tops getragen werden.  Er wird in unserer neuen Waschung \u00abVintage Blue\u00bb, einer Variante unserer Flaggschiff-Waschung \u00abLight Blue\u00bb mit st\u00e4rkerer Behandlung hergestellt, was ihm einen \u00abVintage\u00bb-Look verleiht. Es ist aus unserem recycelten Denim.  Er war normal gro\u00df.\" \/>\n<meta property=\"og:url\" content=\"https:\/\/happyhaus.fr\/de\/produkt\/le-pantalon-tali-10-years-dirty\/\" \/>\n<meta property=\"article:modified_time\" content=\"2026-02-11T16:05:32+00:00\" \/>\n<meta property=\"og:image\" content=\"https:\/\/happyhaus.fr\/wp-content\/uploads\/2025\/12\/Z1.jpg\" \/>\n\t<meta property=\"og:image:width\" content=\"1707\" \/>\n\t<meta property=\"og:image:height\" content=\"2560\" \/>\n\t<meta property=\"og:image:type\" content=\"image\/jpeg\" \/>\n<meta name=\"twitter:card\" content=\"summary_large_image\" \/>\n<meta name=\"twitter:label1\" content=\"Gesch\u00e4tzte Lesezeit\" \/>\n\t<meta name=\"twitter:data1\" content=\"1\u00a0Minute\" \/>\n<script type=\"application\/ld+json\" class=\"yoast-schema-graph\">{\"@context\":\"https:\/\/schema.org\",\"@graph\":[{\"@type\":\"WebPage\",\"@id\":\"https:\/\/happyhaus.fr\/de\/produkt\/le-pantalon-tali-10-years-dirty\/\",\"url\":\"https:\/\/happyhaus.fr\/de\/produkt\/le-pantalon-tali-10-years-dirty\/\",\"name\":\"Le pantalon TALI -\",\"isPartOf\":{\"@id\":\"https:\/\/happyhaus.fr\/#website\"},\"primaryImageOfPage\":{\"@id\":\"https:\/\/happyhaus.fr\/de\/produkt\/le-pantalon-tali-10-years-dirty\/#primaryimage\"},\"image\":{\"@id\":\"https:\/\/happyhaus.fr\/de\/produkt\/le-pantalon-tali-10-years-dirty\/#primaryimage\"},\"thumbnailUrl\":\"https:\/\/happyhaus.fr\/wp-content\/uploads\/2025\/12\/Z1.jpg\",\"datePublished\":\"2025-12-02T15:25:31+00:00\",\"dateModified\":\"2026-02-11T16:05:32+00:00\",\"breadcrumb\":{\"@id\":\"https:\/\/happyhaus.fr\/de\/produkt\/le-pantalon-tali-10-years-dirty\/#breadcrumb\"},\"inLanguage\":\"de\",\"potentialAction\":[{\"@type\":\"ReadAction\",\"target\":[\"https:\/\/happyhaus.fr\/de\/produkt\/le-pantalon-tali-10-years-dirty\/\"]}]},{\"@type\":\"ImageObject\",\"inLanguage\":\"de\",\"@id\":\"https:\/\/happyhaus.fr\/de\/produkt\/le-pantalon-tali-10-years-dirty\/#primaryimage\",\"url\":\"https:\/\/happyhaus.fr\/wp-content\/uploads\/2025\/12\/Z1.jpg\",\"contentUrl\":\"https:\/\/happyhaus.fr\/wp-content\/uploads\/2025\/12\/Z1.jpg\",\"width\":1707,\"height\":2560},{\"@type\":\"BreadcrumbList\",\"@id\":\"https:\/\/happyhaus.fr\/de\/produkt\/le-pantalon-tali-10-years-dirty\/#breadcrumb\",\"itemListElement\":[{\"@type\":\"ListItem\",\"position\":1,\"name\":\"Accueil\",\"item\":\"https:\/\/happyhaus.fr\/de\/\"},{\"@type\":\"ListItem\",\"position\":2,\"name\":\"Priv\u00e9\u00a0: Shop\",\"item\":\"https:\/\/happyhaus.fr\/?page_id=4438\"},{\"@type\":\"ListItem\",\"position\":3,\"name\":\"Le pantalon TALI\"}]},{\"@type\":\"WebSite\",\"@id\":\"https:\/\/happyhaus.fr\/#website\",\"url\":\"https:\/\/happyhaus.fr\/\",\"name\":\"\",\"description\":\"\",\"potentialAction\":[{\"@type\":\"SearchAction\",\"target\":{\"@type\":\"EntryPoint\",\"urlTemplate\":\"https:\/\/happyhaus.fr\/?s={search_term_string}\"},\"query-input\":\"required name=search_term_string\"}],\"inLanguage\":\"de\"}]}<\/script>\n<!-- \/ Yoast SEO plugin. -->","yoast_head_json":{"title":"Le pantalon TALI -","robots":{"index":"index","follow":"follow","max-snippet":"max-snippet:-1","max-image-preview":"max-image-preview:large","max-video-preview":"max-video-preview:-1"},"canonical":"https:\/\/happyhaus.fr\/de\/produkt\/le-pantalon-tali-10-years-dirty\/","og_locale":"de_DE","og_type":"article","og_title":"Le pantalon TALI -","og_description":"&nbsp;  Unsere TALI Hose ist feminin, elegant und zeitlos. Sie hat eine normale Gr\u00f6\u00dfe. Und hat einen \"regul\u00e4ren\" und geraden Schnitt, bietet es sch\u00f6ne Details: unser gestickter Pfau auf dem hinteren G\u00fcrtel , die beiden aufgesetzten Taschen mit doppelten Steppn\u00e4hten auf der R\u00fcckseite. Dieser Schnitt ist eine gro\u00dfe classqiue der Garderobe, es kann leicht t\u00e4glich mit all Ihren Tops getragen werden.  Er wird in unserer neuen Waschung \u00abVintage Blue\u00bb, einer Variante unserer Flaggschiff-Waschung \u00abLight Blue\u00bb mit st\u00e4rkerer Behandlung hergestellt, was ihm einen \u00abVintage\u00bb-Look verleiht. Es ist aus unserem recycelten Denim.  Er war normal gro\u00df.","og_url":"https:\/\/happyhaus.fr\/de\/produkt\/le-pantalon-tali-10-years-dirty\/","article_modified_time":"2026-02-11T16:05:32+00:00","og_image":[{"width":1707,"height":2560,"url":"https:\/\/happyhaus.fr\/wp-content\/uploads\/2025\/12\/Z1.jpg","type":"image\/jpeg"}],"twitter_card":"summary_large_image","twitter_misc":{"Gesch\u00e4tzte Lesezeit":"1\u00a0Minute"},"schema":{"@context":"https:\/\/schema.org","@graph":[{"@type":"WebPage","@id":"https:\/\/happyhaus.fr\/de\/produkt\/le-pantalon-tali-10-years-dirty\/","url":"https:\/\/happyhaus.fr\/de\/produkt\/le-pantalon-tali-10-years-dirty\/","name":"Le pantalon TALI -","isPartOf":{"@id":"https:\/\/happyhaus.fr\/#website"},"primaryImageOfPage":{"@id":"https:\/\/happyhaus.fr\/de\/produkt\/le-pantalon-tali-10-years-dirty\/#primaryimage"},"image":{"@id":"https:\/\/happyhaus.fr\/de\/produkt\/le-pantalon-tali-10-years-dirty\/#primaryimage"},"thumbnailUrl":"https:\/\/happyhaus.fr\/wp-content\/uploads\/2025\/12\/Z1.jpg","datePublished":"2025-12-02T15:25:31+00:00","dateModified":"2026-02-11T16:05:32+00:00","breadcrumb":{"@id":"https:\/\/happyhaus.fr\/de\/produkt\/le-pantalon-tali-10-years-dirty\/#breadcrumb"},"inLanguage":"de","potentialAction":[{"@type":"ReadAction","target":["https:\/\/happyhaus.fr\/de\/produkt\/le-pantalon-tali-10-years-dirty\/"]}]},{"@type":"ImageObject","inLanguage":"de","@id":"https:\/\/happyhaus.fr\/de\/produkt\/le-pantalon-tali-10-years-dirty\/#primaryimage","url":"https:\/\/happyhaus.fr\/wp-content\/uploads\/2025\/12\/Z1.jpg","contentUrl":"https:\/\/happyhaus.fr\/wp-content\/uploads\/2025\/12\/Z1.jpg","width":1707,"height":2560},{"@type":"BreadcrumbList","@id":"https:\/\/happyhaus.fr\/de\/produkt\/le-pantalon-tali-10-years-dirty\/#breadcrumb","itemListElement":[{"@type":"ListItem","position":1,"name":"Accueil","item":"https:\/\/happyhaus.fr\/de\/"},{"@type":"ListItem","position":2,"name":"Priv\u00e9\u00a0: Shop","item":"https:\/\/happyhaus.fr\/?page_id=4438"},{"@type":"ListItem","position":3,"name":"Le pantalon TALI"}]},{"@type":"WebSite","@id":"https:\/\/happyhaus.fr\/#website","url":"https:\/\/happyhaus.fr\/","name":"","description":"","potentialAction":[{"@type":"SearchAction","target":{"@type":"EntryPoint","urlTemplate":"https:\/\/happyhaus.fr\/?s={search_term_string}"},"query-input":"required name=search_term_string"}],"inLanguage":"de"}]}},"_links":{"self":[{"href":"https:\/\/happyhaus.fr\/de\/wp-json\/wp\/v2\/product\/98897"}],"collection":[{"href":"https:\/\/happyhaus.fr\/de\/wp-json\/wp\/v2\/product"}],"about":[{"href":"https:\/\/happyhaus.fr\/de\/wp-json\/wp\/v2\/types\/product"}],"replies":[{"embeddable":true,"href":"https:\/\/happyhaus.fr\/de\/wp-json\/wp\/v2\/comments?post=98897"}],"wp:featuredmedia":[{"embeddable":true,"href":"https:\/\/happyhaus.fr\/de\/wp-json\/wp\/v2\/media\/98933"}],"wp:attachment":[{"href":"https:\/\/happyhaus.fr\/de\/wp-json\/wp\/v2\/media?parent=98897"}],"wp:term":[{"taxonomy":"product_cat","embeddable":true,"href":"https:\/\/happyhaus.fr\/de\/wp-json\/wp\/v2\/product_cat?post=98897"},{"taxonomy":"product_tag","embeddable":true,"href":"https:\/\/happyhaus.fr\/de\/wp-json\/wp\/v2\/product_tag?post=98897"}],"curies":[{"name":"wp","href":"https:\/\/api.w.org\/{rel}","templated":true}]}}