{"id":98721,"date":"2025-11-26T10:44:21","date_gmt":"2025-11-24T13:44:21","guid":{"rendered":"https:\/\/happyhaus.fr\/?post_type=product&#038;p=98721"},"modified":"2025-11-26T12:37:00","modified_gmt":"2025-11-26T11:37:00","slug":"la-robe-trompe-loeil-stretch-noir-delave","status":"publish","type":"product","link":"https:\/\/happyhaus.fr\/de\/produkt\/la-robe-trompe-loeil-stretch-noir-delave\/","title":{"rendered":"LA ROBE TROMPE L&#8217;OEIL"},"content":{"rendered":"<ul>\n<li>Hemdkragen<\/li>\n<li>Knopflochblende vorne mit Druckkn\u00f6pfen aus Messing<\/li>\n<li>2 aufgesetzte Taschen hinten in Tulpenform<\/li>\n<li>Du sprichst Ton in Ton<\/li>\n<li>Runde 7\/8<\/li>\n<li>Abnehmbarer G\u00fcrtel<\/li>\n<li>98% Baumwolle &#8211; 2% Elasthan<\/li>\n<\/ul>\n<p>Herkunft des Stoffes: Italy<br \/>\nHergestellt in Tunesien<\/p>\n<p><strong>\u00a0<\/strong><\/p>\n","protected":false},"excerpt":{"rendered":"<p>Unser TROMPE L&#8217;OEIL Kleid ist unser Signature-Kleid mit einem ausdrucksstarken Stil. Sie hat den illusorischen Effekt eines Hemdes, das in einen lang ausgestellten Rock gesteckt wird.<\/p>\n<p>Sie k\u00f6nnen es ganz einfach an Ihren Stil anpassen, je nach Jahreszeit mit Sneaker im Fr\u00fchling oder Boots im Winter.<\/p>\n<p>Es bietet sch\u00f6ne Details: die hinteren Taschen sind in Form einer Tulpe, der abnehmbare G\u00fcrtel im gleichen Stoff, die Druckkn\u00f6pfe aus Messing.<\/p>\n<p>Es ist aus einer Stretch-Baumwolle mit 2% Elastan gefertigt, was es ultra-bequem macht.<\/p>\n<p>Die Gr\u00f6\u00dfe passt normalerweise, wir empfehlen Ihnen, Ihre \u00fcbliche Gr\u00f6\u00dfe zu w\u00e4hlen.<\/p>\n","protected":false},"featured_media":98749,"comment_status":"closed","ping_status":"closed","template":"","meta":{"_acf_changed":false},"product_cat":[312,231,233,314],"product_tag":[335],"acf":[],"yoast_head":"<!-- This site is optimized with the Yoast SEO plugin v22.6 - https:\/\/yoast.com\/wordpress\/plugins\/seo\/ -->\n<title>LA ROBE TROMPE L&#039;OEIL -<\/title>\n<meta name=\"robots\" content=\"index, follow, max-snippet:-1, max-image-preview:large, max-video-preview:-1\" \/>\n<link rel=\"canonical\" href=\"https:\/\/happyhaus.fr\/de\/produkt\/la-robe-trompe-loeil-stretch-noir-delave\/\" \/>\n<meta property=\"og:locale\" content=\"de_DE\" \/>\n<meta property=\"og:type\" content=\"article\" \/>\n<meta property=\"og:title\" content=\"LA ROBE TROMPE L&#039;OEIL -\" \/>\n<meta property=\"og:description\" content=\"Unser TROMPE L&#039;OEIL Kleid ist unser Signature-Kleid mit einem ausdrucksstarken Stil. Sie hat den illusorischen Effekt eines Hemdes, das in einen lang ausgestellten Rock gesteckt wird.  Sie k\u00f6nnen es ganz einfach an Ihren Stil anpassen, je nach Jahreszeit mit Sneaker im Fr\u00fchling oder Boots im Winter.  Es bietet sch\u00f6ne Details: die hinteren Taschen sind in Form einer Tulpe, der abnehmbare G\u00fcrtel im gleichen Stoff, die Druckkn\u00f6pfe aus Messing.  Es ist aus einer Stretch-Baumwolle mit 2% Elastan gefertigt, was es ultra-bequem macht.  Die Gr\u00f6\u00dfe passt normalerweise, wir empfehlen Ihnen, Ihre \u00fcbliche Gr\u00f6\u00dfe zu w\u00e4hlen.\" \/>\n<meta property=\"og:url\" content=\"https:\/\/happyhaus.fr\/de\/produkt\/la-robe-trompe-loeil-stretch-noir-delave\/\" \/>\n<meta property=\"article:modified_time\" content=\"2025-11-26T11:37:00+00:00\" \/>\n<meta property=\"og:image\" content=\"https:\/\/happyhaus.fr\/wp-content\/uploads\/2025\/11\/Z1-1.jpg\" \/>\n\t<meta property=\"og:image:width\" content=\"1707\" \/>\n\t<meta property=\"og:image:height\" content=\"2560\" \/>\n\t<meta property=\"og:image:type\" content=\"image\/jpeg\" \/>\n<meta name=\"twitter:card\" content=\"summary_large_image\" \/>\n<meta name=\"twitter:label1\" content=\"Gesch\u00e4tzte Lesezeit\" \/>\n\t<meta name=\"twitter:data1\" content=\"1\u00a0Minute\" \/>\n<script type=\"application\/ld+json\" class=\"yoast-schema-graph\">{\"@context\":\"https:\/\/schema.org\",\"@graph\":[{\"@type\":\"WebPage\",\"@id\":\"https:\/\/happyhaus.fr\/de\/produkt\/la-robe-trompe-loeil-stretch-noir-delave\/\",\"url\":\"https:\/\/happyhaus.fr\/de\/produkt\/la-robe-trompe-loeil-stretch-noir-delave\/\",\"name\":\"LA ROBE TROMPE L'OEIL -\",\"isPartOf\":{\"@id\":\"https:\/\/happyhaus.fr\/#website\"},\"primaryImageOfPage\":{\"@id\":\"https:\/\/happyhaus.fr\/de\/produkt\/la-robe-trompe-loeil-stretch-noir-delave\/#primaryimage\"},\"image\":{\"@id\":\"https:\/\/happyhaus.fr\/de\/produkt\/la-robe-trompe-loeil-stretch-noir-delave\/#primaryimage\"},\"thumbnailUrl\":\"https:\/\/happyhaus.fr\/wp-content\/uploads\/2025\/11\/Z1-1.jpg\",\"datePublished\":\"2025-11-24T13:44:21+00:00\",\"dateModified\":\"2025-11-26T11:37:00+00:00\",\"breadcrumb\":{\"@id\":\"https:\/\/happyhaus.fr\/de\/produkt\/la-robe-trompe-loeil-stretch-noir-delave\/#breadcrumb\"},\"inLanguage\":\"de\",\"potentialAction\":[{\"@type\":\"ReadAction\",\"target\":[\"https:\/\/happyhaus.fr\/de\/produkt\/la-robe-trompe-loeil-stretch-noir-delave\/\"]}]},{\"@type\":\"ImageObject\",\"inLanguage\":\"de\",\"@id\":\"https:\/\/happyhaus.fr\/de\/produkt\/la-robe-trompe-loeil-stretch-noir-delave\/#primaryimage\",\"url\":\"https:\/\/happyhaus.fr\/wp-content\/uploads\/2025\/11\/Z1-1.jpg\",\"contentUrl\":\"https:\/\/happyhaus.fr\/wp-content\/uploads\/2025\/11\/Z1-1.jpg\",\"width\":1707,\"height\":2560},{\"@type\":\"BreadcrumbList\",\"@id\":\"https:\/\/happyhaus.fr\/de\/produkt\/la-robe-trompe-loeil-stretch-noir-delave\/#breadcrumb\",\"itemListElement\":[{\"@type\":\"ListItem\",\"position\":1,\"name\":\"Accueil\",\"item\":\"https:\/\/happyhaus.fr\/de\/\"},{\"@type\":\"ListItem\",\"position\":2,\"name\":\"Priv\u00e9\u00a0: Shop\",\"item\":\"https:\/\/happyhaus.fr\/?page_id=4438\"},{\"@type\":\"ListItem\",\"position\":3,\"name\":\"LA ROBE TROMPE L&#8217;OEIL\"}]},{\"@type\":\"WebSite\",\"@id\":\"https:\/\/happyhaus.fr\/#website\",\"url\":\"https:\/\/happyhaus.fr\/\",\"name\":\"\",\"description\":\"\",\"potentialAction\":[{\"@type\":\"SearchAction\",\"target\":{\"@type\":\"EntryPoint\",\"urlTemplate\":\"https:\/\/happyhaus.fr\/?s={search_term_string}\"},\"query-input\":\"required name=search_term_string\"}],\"inLanguage\":\"de\"}]}<\/script>\n<!-- \/ Yoast SEO plugin. -->","yoast_head_json":{"title":"LA ROBE TROMPE L'OEIL -","robots":{"index":"index","follow":"follow","max-snippet":"max-snippet:-1","max-image-preview":"max-image-preview:large","max-video-preview":"max-video-preview:-1"},"canonical":"https:\/\/happyhaus.fr\/de\/produkt\/la-robe-trompe-loeil-stretch-noir-delave\/","og_locale":"de_DE","og_type":"article","og_title":"LA ROBE TROMPE L'OEIL -","og_description":"Unser TROMPE L'OEIL Kleid ist unser Signature-Kleid mit einem ausdrucksstarken Stil. Sie hat den illusorischen Effekt eines Hemdes, das in einen lang ausgestellten Rock gesteckt wird.  Sie k\u00f6nnen es ganz einfach an Ihren Stil anpassen, je nach Jahreszeit mit Sneaker im Fr\u00fchling oder Boots im Winter.  Es bietet sch\u00f6ne Details: die hinteren Taschen sind in Form einer Tulpe, der abnehmbare G\u00fcrtel im gleichen Stoff, die Druckkn\u00f6pfe aus Messing.  Es ist aus einer Stretch-Baumwolle mit 2% Elastan gefertigt, was es ultra-bequem macht.  Die Gr\u00f6\u00dfe passt normalerweise, wir empfehlen Ihnen, Ihre \u00fcbliche Gr\u00f6\u00dfe zu w\u00e4hlen.","og_url":"https:\/\/happyhaus.fr\/de\/produkt\/la-robe-trompe-loeil-stretch-noir-delave\/","article_modified_time":"2025-11-26T11:37:00+00:00","og_image":[{"width":1707,"height":2560,"url":"https:\/\/happyhaus.fr\/wp-content\/uploads\/2025\/11\/Z1-1.jpg","type":"image\/jpeg"}],"twitter_card":"summary_large_image","twitter_misc":{"Gesch\u00e4tzte Lesezeit":"1\u00a0Minute"},"schema":{"@context":"https:\/\/schema.org","@graph":[{"@type":"WebPage","@id":"https:\/\/happyhaus.fr\/de\/produkt\/la-robe-trompe-loeil-stretch-noir-delave\/","url":"https:\/\/happyhaus.fr\/de\/produkt\/la-robe-trompe-loeil-stretch-noir-delave\/","name":"LA ROBE TROMPE L'OEIL -","isPartOf":{"@id":"https:\/\/happyhaus.fr\/#website"},"primaryImageOfPage":{"@id":"https:\/\/happyhaus.fr\/de\/produkt\/la-robe-trompe-loeil-stretch-noir-delave\/#primaryimage"},"image":{"@id":"https:\/\/happyhaus.fr\/de\/produkt\/la-robe-trompe-loeil-stretch-noir-delave\/#primaryimage"},"thumbnailUrl":"https:\/\/happyhaus.fr\/wp-content\/uploads\/2025\/11\/Z1-1.jpg","datePublished":"2025-11-24T13:44:21+00:00","dateModified":"2025-11-26T11:37:00+00:00","breadcrumb":{"@id":"https:\/\/happyhaus.fr\/de\/produkt\/la-robe-trompe-loeil-stretch-noir-delave\/#breadcrumb"},"inLanguage":"de","potentialAction":[{"@type":"ReadAction","target":["https:\/\/happyhaus.fr\/de\/produkt\/la-robe-trompe-loeil-stretch-noir-delave\/"]}]},{"@type":"ImageObject","inLanguage":"de","@id":"https:\/\/happyhaus.fr\/de\/produkt\/la-robe-trompe-loeil-stretch-noir-delave\/#primaryimage","url":"https:\/\/happyhaus.fr\/wp-content\/uploads\/2025\/11\/Z1-1.jpg","contentUrl":"https:\/\/happyhaus.fr\/wp-content\/uploads\/2025\/11\/Z1-1.jpg","width":1707,"height":2560},{"@type":"BreadcrumbList","@id":"https:\/\/happyhaus.fr\/de\/produkt\/la-robe-trompe-loeil-stretch-noir-delave\/#breadcrumb","itemListElement":[{"@type":"ListItem","position":1,"name":"Accueil","item":"https:\/\/happyhaus.fr\/de\/"},{"@type":"ListItem","position":2,"name":"Priv\u00e9\u00a0: Shop","item":"https:\/\/happyhaus.fr\/?page_id=4438"},{"@type":"ListItem","position":3,"name":"LA ROBE TROMPE L&#8217;OEIL"}]},{"@type":"WebSite","@id":"https:\/\/happyhaus.fr\/#website","url":"https:\/\/happyhaus.fr\/","name":"","description":"","potentialAction":[{"@type":"SearchAction","target":{"@type":"EntryPoint","urlTemplate":"https:\/\/happyhaus.fr\/?s={search_term_string}"},"query-input":"required name=search_term_string"}],"inLanguage":"de"}]}},"_links":{"self":[{"href":"https:\/\/happyhaus.fr\/de\/wp-json\/wp\/v2\/product\/98721"}],"collection":[{"href":"https:\/\/happyhaus.fr\/de\/wp-json\/wp\/v2\/product"}],"about":[{"href":"https:\/\/happyhaus.fr\/de\/wp-json\/wp\/v2\/types\/product"}],"replies":[{"embeddable":true,"href":"https:\/\/happyhaus.fr\/de\/wp-json\/wp\/v2\/comments?post=98721"}],"wp:featuredmedia":[{"embeddable":true,"href":"https:\/\/happyhaus.fr\/de\/wp-json\/wp\/v2\/media\/98749"}],"wp:attachment":[{"href":"https:\/\/happyhaus.fr\/de\/wp-json\/wp\/v2\/media?parent=98721"}],"wp:term":[{"taxonomy":"product_cat","embeddable":true,"href":"https:\/\/happyhaus.fr\/de\/wp-json\/wp\/v2\/product_cat?post=98721"},{"taxonomy":"product_tag","embeddable":true,"href":"https:\/\/happyhaus.fr\/de\/wp-json\/wp\/v2\/product_tag?post=98721"}],"curies":[{"name":"wp","href":"https:\/\/api.w.org\/{rel}","templated":true}]}}