{"id":98643,"date":"2025-12-09T16:00:55","date_gmt":"2025-11-24T11:43:56","guid":{"rendered":"https:\/\/happyhaus.fr\/?post_type=product&#038;p=98643"},"modified":"2025-11-26T12:38:11","modified_gmt":"2025-11-26T11:38:11","slug":"la-surchemise-love-velours-beige","status":"publish","type":"product","link":"https:\/\/happyhaus.fr\/de\/produkt\/la-surchemise-love-velours-beige\/","title":{"rendered":"La surchemise LOVE"},"content":{"rendered":"<ul>\n<li>Spitzkragen des Hemdes<\/li>\n<li>Gerader Schnitt<\/li>\n<li>Kontrastnaht am Kragen<\/li>\n<li>Kn\u00f6pfe aus dem gleichen Stoff<\/li>\n<li>Cord<\/li>\n<li>Gewebtes Label<\/li>\n<li>100% Baumwolle<\/li>\n<\/ul>\n<p>Herkunft des Stoffes: Italien<br \/>\nHergestellt in Tunesien<\/p>\n","protected":false},"excerpt":{"rendered":"<p>Unser SURCHEMISE LOVE aus Kordsamt ist Teil unserer permanenten Kollektion. Es ist die perfekte \u00dcbereinstimmung zwischen dem Hemd und der Jacke. Mit seinem geraden Schnitt und dem h\u00fcbschen Kragen kann er Sie an k\u00fchlen Sommerabenden begleiten oder unter Ihrem Mantel \u00fcber Ihren kleinen Lieblingspulli gleiten.<\/p>\n<p>Es hat sch\u00f6ne Details, vor allem seinen spitzen Hemdkragen, dessen Revers mit kontrastierendem Denim gef\u00fcttert ist.<br \/>\nDie Kn\u00f6pfe sind mit dem gleichen Stoff bezogen.<\/p>\n<p>Die Farbe \u00abBeige Vintage\u00bb passt gut zu vielen Farben.<\/p>\n<p>Sein Schnitt ist eher eng, wir empfehlen Ihnen, eine gr\u00f6\u00dfere Gr\u00f6\u00dfe zu w\u00e4hlen, wenn Sie es unter einem Pullover tragen m\u00f6chten.<\/p>\n","protected":false},"featured_media":98841,"comment_status":"open","ping_status":"closed","template":"","meta":{"_acf_changed":false},"product_cat":[312,231,237,314],"product_tag":[],"acf":[],"yoast_head":"<!-- This site is optimized with the Yoast SEO plugin v22.6 - https:\/\/yoast.com\/wordpress\/plugins\/seo\/ -->\n<title>La surchemise LOVE -<\/title>\n<meta name=\"robots\" content=\"index, follow, max-snippet:-1, max-image-preview:large, max-video-preview:-1\" \/>\n<link rel=\"canonical\" href=\"https:\/\/happyhaus.fr\/de\/produkt\/la-surchemise-love-velours-beige\/\" \/>\n<meta property=\"og:locale\" content=\"de_DE\" \/>\n<meta property=\"og:type\" content=\"article\" \/>\n<meta property=\"og:title\" content=\"La surchemise LOVE -\" \/>\n<meta property=\"og:description\" content=\"Unser SURCHEMISE LOVE aus Kordsamt ist Teil unserer permanenten Kollektion. Es ist die perfekte \u00dcbereinstimmung zwischen dem Hemd und der Jacke. Mit seinem geraden Schnitt und dem h\u00fcbschen Kragen kann er Sie an k\u00fchlen Sommerabenden begleiten oder unter Ihrem Mantel \u00fcber Ihren kleinen Lieblingspulli gleiten.  Es hat sch\u00f6ne Details, vor allem seinen spitzen Hemdkragen, dessen Revers mit kontrastierendem Denim gef\u00fcttert ist. Die Kn\u00f6pfe sind mit dem gleichen Stoff bezogen.  Die Farbe \u00abBeige Vintage\u00bb passt gut zu vielen Farben.  Sein Schnitt ist eher eng, wir empfehlen Ihnen, eine gr\u00f6\u00dfere Gr\u00f6\u00dfe zu w\u00e4hlen, wenn Sie es unter einem Pullover tragen m\u00f6chten.\" \/>\n<meta property=\"og:url\" content=\"https:\/\/happyhaus.fr\/de\/produkt\/la-surchemise-love-velours-beige\/\" \/>\n<meta property=\"article:modified_time\" content=\"2025-11-26T11:38:11+00:00\" \/>\n<meta property=\"og:image\" content=\"https:\/\/happyhaus.fr\/wp-content\/uploads\/2025\/11\/Z1-3.jpg\" \/>\n\t<meta property=\"og:image:width\" content=\"1707\" \/>\n\t<meta property=\"og:image:height\" content=\"2560\" \/>\n\t<meta property=\"og:image:type\" content=\"image\/jpeg\" \/>\n<meta name=\"twitter:card\" content=\"summary_large_image\" \/>\n<meta name=\"twitter:label1\" content=\"Gesch\u00e4tzte Lesezeit\" \/>\n\t<meta name=\"twitter:data1\" content=\"1\u00a0Minute\" \/>\n<script type=\"application\/ld+json\" class=\"yoast-schema-graph\">{\"@context\":\"https:\/\/schema.org\",\"@graph\":[{\"@type\":\"WebPage\",\"@id\":\"https:\/\/happyhaus.fr\/de\/produkt\/la-surchemise-love-velours-beige\/\",\"url\":\"https:\/\/happyhaus.fr\/de\/produkt\/la-surchemise-love-velours-beige\/\",\"name\":\"La surchemise LOVE -\",\"isPartOf\":{\"@id\":\"https:\/\/happyhaus.fr\/#website\"},\"primaryImageOfPage\":{\"@id\":\"https:\/\/happyhaus.fr\/de\/produkt\/la-surchemise-love-velours-beige\/#primaryimage\"},\"image\":{\"@id\":\"https:\/\/happyhaus.fr\/de\/produkt\/la-surchemise-love-velours-beige\/#primaryimage\"},\"thumbnailUrl\":\"https:\/\/happyhaus.fr\/wp-content\/uploads\/2025\/11\/Z1-3.jpg\",\"datePublished\":\"2025-11-24T11:43:56+00:00\",\"dateModified\":\"2025-11-26T11:38:11+00:00\",\"breadcrumb\":{\"@id\":\"https:\/\/happyhaus.fr\/de\/produkt\/la-surchemise-love-velours-beige\/#breadcrumb\"},\"inLanguage\":\"de\",\"potentialAction\":[{\"@type\":\"ReadAction\",\"target\":[\"https:\/\/happyhaus.fr\/de\/produkt\/la-surchemise-love-velours-beige\/\"]}]},{\"@type\":\"ImageObject\",\"inLanguage\":\"de\",\"@id\":\"https:\/\/happyhaus.fr\/de\/produkt\/la-surchemise-love-velours-beige\/#primaryimage\",\"url\":\"https:\/\/happyhaus.fr\/wp-content\/uploads\/2025\/11\/Z1-3.jpg\",\"contentUrl\":\"https:\/\/happyhaus.fr\/wp-content\/uploads\/2025\/11\/Z1-3.jpg\",\"width\":1707,\"height\":2560},{\"@type\":\"BreadcrumbList\",\"@id\":\"https:\/\/happyhaus.fr\/de\/produkt\/la-surchemise-love-velours-beige\/#breadcrumb\",\"itemListElement\":[{\"@type\":\"ListItem\",\"position\":1,\"name\":\"Accueil\",\"item\":\"https:\/\/happyhaus.fr\/de\/\"},{\"@type\":\"ListItem\",\"position\":2,\"name\":\"Priv\u00e9\u00a0: Shop\",\"item\":\"https:\/\/happyhaus.fr\/?page_id=4438\"},{\"@type\":\"ListItem\",\"position\":3,\"name\":\"La surchemise LOVE\"}]},{\"@type\":\"WebSite\",\"@id\":\"https:\/\/happyhaus.fr\/#website\",\"url\":\"https:\/\/happyhaus.fr\/\",\"name\":\"\",\"description\":\"\",\"potentialAction\":[{\"@type\":\"SearchAction\",\"target\":{\"@type\":\"EntryPoint\",\"urlTemplate\":\"https:\/\/happyhaus.fr\/?s={search_term_string}\"},\"query-input\":\"required name=search_term_string\"}],\"inLanguage\":\"de\"}]}<\/script>\n<!-- \/ Yoast SEO plugin. -->","yoast_head_json":{"title":"La surchemise LOVE -","robots":{"index":"index","follow":"follow","max-snippet":"max-snippet:-1","max-image-preview":"max-image-preview:large","max-video-preview":"max-video-preview:-1"},"canonical":"https:\/\/happyhaus.fr\/de\/produkt\/la-surchemise-love-velours-beige\/","og_locale":"de_DE","og_type":"article","og_title":"La surchemise LOVE -","og_description":"Unser SURCHEMISE LOVE aus Kordsamt ist Teil unserer permanenten Kollektion. Es ist die perfekte \u00dcbereinstimmung zwischen dem Hemd und der Jacke. Mit seinem geraden Schnitt und dem h\u00fcbschen Kragen kann er Sie an k\u00fchlen Sommerabenden begleiten oder unter Ihrem Mantel \u00fcber Ihren kleinen Lieblingspulli gleiten.  Es hat sch\u00f6ne Details, vor allem seinen spitzen Hemdkragen, dessen Revers mit kontrastierendem Denim gef\u00fcttert ist. Die Kn\u00f6pfe sind mit dem gleichen Stoff bezogen.  Die Farbe \u00abBeige Vintage\u00bb passt gut zu vielen Farben.  Sein Schnitt ist eher eng, wir empfehlen Ihnen, eine gr\u00f6\u00dfere Gr\u00f6\u00dfe zu w\u00e4hlen, wenn Sie es unter einem Pullover tragen m\u00f6chten.","og_url":"https:\/\/happyhaus.fr\/de\/produkt\/la-surchemise-love-velours-beige\/","article_modified_time":"2025-11-26T11:38:11+00:00","og_image":[{"width":1707,"height":2560,"url":"https:\/\/happyhaus.fr\/wp-content\/uploads\/2025\/11\/Z1-3.jpg","type":"image\/jpeg"}],"twitter_card":"summary_large_image","twitter_misc":{"Gesch\u00e4tzte Lesezeit":"1\u00a0Minute"},"schema":{"@context":"https:\/\/schema.org","@graph":[{"@type":"WebPage","@id":"https:\/\/happyhaus.fr\/de\/produkt\/la-surchemise-love-velours-beige\/","url":"https:\/\/happyhaus.fr\/de\/produkt\/la-surchemise-love-velours-beige\/","name":"La surchemise LOVE -","isPartOf":{"@id":"https:\/\/happyhaus.fr\/#website"},"primaryImageOfPage":{"@id":"https:\/\/happyhaus.fr\/de\/produkt\/la-surchemise-love-velours-beige\/#primaryimage"},"image":{"@id":"https:\/\/happyhaus.fr\/de\/produkt\/la-surchemise-love-velours-beige\/#primaryimage"},"thumbnailUrl":"https:\/\/happyhaus.fr\/wp-content\/uploads\/2025\/11\/Z1-3.jpg","datePublished":"2025-11-24T11:43:56+00:00","dateModified":"2025-11-26T11:38:11+00:00","breadcrumb":{"@id":"https:\/\/happyhaus.fr\/de\/produkt\/la-surchemise-love-velours-beige\/#breadcrumb"},"inLanguage":"de","potentialAction":[{"@type":"ReadAction","target":["https:\/\/happyhaus.fr\/de\/produkt\/la-surchemise-love-velours-beige\/"]}]},{"@type":"ImageObject","inLanguage":"de","@id":"https:\/\/happyhaus.fr\/de\/produkt\/la-surchemise-love-velours-beige\/#primaryimage","url":"https:\/\/happyhaus.fr\/wp-content\/uploads\/2025\/11\/Z1-3.jpg","contentUrl":"https:\/\/happyhaus.fr\/wp-content\/uploads\/2025\/11\/Z1-3.jpg","width":1707,"height":2560},{"@type":"BreadcrumbList","@id":"https:\/\/happyhaus.fr\/de\/produkt\/la-surchemise-love-velours-beige\/#breadcrumb","itemListElement":[{"@type":"ListItem","position":1,"name":"Accueil","item":"https:\/\/happyhaus.fr\/de\/"},{"@type":"ListItem","position":2,"name":"Priv\u00e9\u00a0: Shop","item":"https:\/\/happyhaus.fr\/?page_id=4438"},{"@type":"ListItem","position":3,"name":"La surchemise LOVE"}]},{"@type":"WebSite","@id":"https:\/\/happyhaus.fr\/#website","url":"https:\/\/happyhaus.fr\/","name":"","description":"","potentialAction":[{"@type":"SearchAction","target":{"@type":"EntryPoint","urlTemplate":"https:\/\/happyhaus.fr\/?s={search_term_string}"},"query-input":"required name=search_term_string"}],"inLanguage":"de"}]}},"_links":{"self":[{"href":"https:\/\/happyhaus.fr\/de\/wp-json\/wp\/v2\/product\/98643"}],"collection":[{"href":"https:\/\/happyhaus.fr\/de\/wp-json\/wp\/v2\/product"}],"about":[{"href":"https:\/\/happyhaus.fr\/de\/wp-json\/wp\/v2\/types\/product"}],"replies":[{"embeddable":true,"href":"https:\/\/happyhaus.fr\/de\/wp-json\/wp\/v2\/comments?post=98643"}],"wp:featuredmedia":[{"embeddable":true,"href":"https:\/\/happyhaus.fr\/de\/wp-json\/wp\/v2\/media\/98841"}],"wp:attachment":[{"href":"https:\/\/happyhaus.fr\/de\/wp-json\/wp\/v2\/media?parent=98643"}],"wp:term":[{"taxonomy":"product_cat","embeddable":true,"href":"https:\/\/happyhaus.fr\/de\/wp-json\/wp\/v2\/product_cat?post=98643"},{"taxonomy":"product_tag","embeddable":true,"href":"https:\/\/happyhaus.fr\/de\/wp-json\/wp\/v2\/product_tag?post=98643"}],"curies":[{"name":"wp","href":"https:\/\/api.w.org\/{rel}","templated":true}]}}