{"id":98572,"date":"2026-02-16T13:06:26","date_gmt":"2025-10-29T12:06:27","guid":{"rendered":"https:\/\/happyhaus.fr\/?post_type=product&#038;p=98572"},"modified":"2026-02-21T12:50:34","modified_gmt":"2026-02-21T11:50:34","slug":"le-bermuda-4-poches-5-years","status":"publish","type":"product","link":"https:\/\/happyhaus.fr\/de\/produkt\/le-bermuda-4-poches-5-years\/","title":{"rendered":"LE BERMUDA 4 POCHES"},"content":{"rendered":"<ul>\n<li>Breiter und gerader Schnitt<\/li>\n<li>Unter dem Knie<\/li>\n<li>Hohe Taille<\/li>\n<li>4 aufgesetzte Taschen<\/li>\n<li>Stickerei HAPPY HAUS auf der R\u00fcckseite des Tabakg\u00fcrtels<\/li>\n<li>Knopf aus Holz<\/li>\n<li>Rei\u00dfverschlu\u00df<\/li>\n<li>100% Baumwolle, davon 20% recycelt<\/li>\n<\/ul>\n<p>Herkunft des Stoffes: Italien<br \/>\nHergestellt in Tunesien<\/p>\n<p>Hinweis: Der Happy Haus-Pfau wird in der Produktion nicht auf die hintere Tasche gestickt<\/p>\n<p>&nbsp;<\/p>\n","protected":false},"excerpt":{"rendered":"<p>Unsere 4-TASCHEN-Bermuda hat einen breiten, geraden Schnitt. Sie betont die Silhouette und bietet gleichzeitig viel Bewegungsfreiheit. Seine klare und zeitgen\u00f6ssische Linie macht es zu einem wesentlichen Teil der Happy Haus-Garderobe.<\/p>\n<p>Er zeichnet sich durch sch\u00f6ne Details aus: vier aufgesetzte Taschen, die die Silhouette strukturieren, ein Rei\u00dfverschluss mit Holzknopf und eine HAPPY HAUS-Stickerei auf der R\u00fcckseite des G\u00fcrtels. Die Ziern\u00e4hte verleihen Tabak und Authentizit\u00e4t.<br \/>\nHinweis: Der ikonische Pfau von Happy Haus ist in der Produktionsversion nicht auf die hintere Tasche gestickt.<\/p>\n<p>Es ist aus unserem &#8220;5 YEARS&#8221;-Denim gefertigt, einem Vintage-Waschung-Denim, der ihm einen einzigartigen Charakter verleiht. Ein zeitloser und leicht kombinierbarer Farbton, perfekt f\u00fcr alle Jahreszeiten.<\/p>\n<p>Die Gr\u00f6\u00dfe passt normalerweise, wir empfehlen Ihnen, Ihre \u00fcbliche Gr\u00f6\u00dfe zu w\u00e4hlen.<br \/>\nSandy tr\u00e4gt eine Gr\u00f6\u00dfe 36 und misst 170 cm.<\/p>\n","protected":false},"featured_media":99750,"comment_status":"closed","ping_status":"closed","template":"","meta":{"_acf_changed":false},"product_cat":[312,231,235,314],"product_tag":[335],"acf":[],"yoast_head":"<!-- This site is optimized with the Yoast SEO plugin v22.6 - https:\/\/yoast.com\/wordpress\/plugins\/seo\/ -->\n<title>LE BERMUDA 4 POCHES -<\/title>\n<meta name=\"robots\" content=\"index, follow, max-snippet:-1, max-image-preview:large, max-video-preview:-1\" \/>\n<link rel=\"canonical\" href=\"https:\/\/happyhaus.fr\/de\/produkt\/le-bermuda-4-poches-5-years\/\" \/>\n<meta property=\"og:locale\" content=\"de_DE\" \/>\n<meta property=\"og:type\" content=\"article\" \/>\n<meta property=\"og:title\" content=\"LE BERMUDA 4 POCHES -\" \/>\n<meta property=\"og:description\" content=\"Unsere 4-TASCHEN-Bermuda hat einen breiten, geraden Schnitt. Sie betont die Silhouette und bietet gleichzeitig viel Bewegungsfreiheit. Seine klare und zeitgen\u00f6ssische Linie macht es zu einem wesentlichen Teil der Happy Haus-Garderobe.  Er zeichnet sich durch sch\u00f6ne Details aus: vier aufgesetzte Taschen, die die Silhouette strukturieren, ein Rei\u00dfverschluss mit Holzknopf und eine HAPPY HAUS-Stickerei auf der R\u00fcckseite des G\u00fcrtels. Die Ziern\u00e4hte verleihen Tabak und Authentizit\u00e4t. Hinweis: Der ikonische Pfau von Happy Haus ist in der Produktionsversion nicht auf die hintere Tasche gestickt.  Es ist aus unserem &quot;5 YEARS&quot;-Denim gefertigt, einem Vintage-Waschung-Denim, der ihm einen einzigartigen Charakter verleiht. Ein zeitloser und leicht kombinierbarer Farbton, perfekt f\u00fcr alle Jahreszeiten.  Die Gr\u00f6\u00dfe passt normalerweise, wir empfehlen Ihnen, Ihre \u00fcbliche Gr\u00f6\u00dfe zu w\u00e4hlen. Sandy tr\u00e4gt eine Gr\u00f6\u00dfe 36 und misst 170 cm.\" \/>\n<meta property=\"og:url\" content=\"https:\/\/happyhaus.fr\/de\/produkt\/le-bermuda-4-poches-5-years\/\" \/>\n<meta property=\"article:modified_time\" content=\"2026-02-21T11:50:34+00:00\" \/>\n<meta property=\"og:image\" content=\"https:\/\/happyhaus.fr\/wp-content\/uploads\/2025\/10\/GIF-BERMUDA-4-POCHES.gif\" \/>\n\t<meta property=\"og:image:width\" content=\"682\" \/>\n\t<meta property=\"og:image:height\" content=\"1024\" \/>\n\t<meta property=\"og:image:type\" content=\"image\/gif\" \/>\n<meta name=\"twitter:card\" content=\"summary_large_image\" \/>\n<meta name=\"twitter:label1\" content=\"Gesch\u00e4tzte Lesezeit\" \/>\n\t<meta name=\"twitter:data1\" content=\"1\u00a0Minute\" \/>\n<script type=\"application\/ld+json\" class=\"yoast-schema-graph\">{\"@context\":\"https:\/\/schema.org\",\"@graph\":[{\"@type\":\"WebPage\",\"@id\":\"https:\/\/happyhaus.fr\/de\/produkt\/le-bermuda-4-poches-5-years\/\",\"url\":\"https:\/\/happyhaus.fr\/de\/produkt\/le-bermuda-4-poches-5-years\/\",\"name\":\"LE BERMUDA 4 POCHES -\",\"isPartOf\":{\"@id\":\"https:\/\/happyhaus.fr\/#website\"},\"primaryImageOfPage\":{\"@id\":\"https:\/\/happyhaus.fr\/de\/produkt\/le-bermuda-4-poches-5-years\/#primaryimage\"},\"image\":{\"@id\":\"https:\/\/happyhaus.fr\/de\/produkt\/le-bermuda-4-poches-5-years\/#primaryimage\"},\"thumbnailUrl\":\"https:\/\/happyhaus.fr\/wp-content\/uploads\/2025\/10\/GIF-BERMUDA-4-POCHES.gif\",\"datePublished\":\"2025-10-29T12:06:27+00:00\",\"dateModified\":\"2026-02-21T11:50:34+00:00\",\"breadcrumb\":{\"@id\":\"https:\/\/happyhaus.fr\/de\/produkt\/le-bermuda-4-poches-5-years\/#breadcrumb\"},\"inLanguage\":\"de\",\"potentialAction\":[{\"@type\":\"ReadAction\",\"target\":[\"https:\/\/happyhaus.fr\/de\/produkt\/le-bermuda-4-poches-5-years\/\"]}]},{\"@type\":\"ImageObject\",\"inLanguage\":\"de\",\"@id\":\"https:\/\/happyhaus.fr\/de\/produkt\/le-bermuda-4-poches-5-years\/#primaryimage\",\"url\":\"https:\/\/happyhaus.fr\/wp-content\/uploads\/2025\/10\/GIF-BERMUDA-4-POCHES.gif\",\"contentUrl\":\"https:\/\/happyhaus.fr\/wp-content\/uploads\/2025\/10\/GIF-BERMUDA-4-POCHES.gif\",\"width\":682,\"height\":1024},{\"@type\":\"BreadcrumbList\",\"@id\":\"https:\/\/happyhaus.fr\/de\/produkt\/le-bermuda-4-poches-5-years\/#breadcrumb\",\"itemListElement\":[{\"@type\":\"ListItem\",\"position\":1,\"name\":\"Accueil\",\"item\":\"https:\/\/happyhaus.fr\/de\/\"},{\"@type\":\"ListItem\",\"position\":2,\"name\":\"Priv\u00e9\u00a0: Shop\",\"item\":\"https:\/\/happyhaus.fr\/?page_id=4438\"},{\"@type\":\"ListItem\",\"position\":3,\"name\":\"LE BERMUDA 4 POCHES\"}]},{\"@type\":\"WebSite\",\"@id\":\"https:\/\/happyhaus.fr\/#website\",\"url\":\"https:\/\/happyhaus.fr\/\",\"name\":\"\",\"description\":\"\",\"potentialAction\":[{\"@type\":\"SearchAction\",\"target\":{\"@type\":\"EntryPoint\",\"urlTemplate\":\"https:\/\/happyhaus.fr\/?s={search_term_string}\"},\"query-input\":\"required name=search_term_string\"}],\"inLanguage\":\"de\"}]}<\/script>\n<!-- \/ Yoast SEO plugin. -->","yoast_head_json":{"title":"LE BERMUDA 4 POCHES -","robots":{"index":"index","follow":"follow","max-snippet":"max-snippet:-1","max-image-preview":"max-image-preview:large","max-video-preview":"max-video-preview:-1"},"canonical":"https:\/\/happyhaus.fr\/de\/produkt\/le-bermuda-4-poches-5-years\/","og_locale":"de_DE","og_type":"article","og_title":"LE BERMUDA 4 POCHES -","og_description":"Unsere 4-TASCHEN-Bermuda hat einen breiten, geraden Schnitt. Sie betont die Silhouette und bietet gleichzeitig viel Bewegungsfreiheit. Seine klare und zeitgen\u00f6ssische Linie macht es zu einem wesentlichen Teil der Happy Haus-Garderobe.  Er zeichnet sich durch sch\u00f6ne Details aus: vier aufgesetzte Taschen, die die Silhouette strukturieren, ein Rei\u00dfverschluss mit Holzknopf und eine HAPPY HAUS-Stickerei auf der R\u00fcckseite des G\u00fcrtels. Die Ziern\u00e4hte verleihen Tabak und Authentizit\u00e4t. Hinweis: Der ikonische Pfau von Happy Haus ist in der Produktionsversion nicht auf die hintere Tasche gestickt.  Es ist aus unserem \"5 YEARS\"-Denim gefertigt, einem Vintage-Waschung-Denim, der ihm einen einzigartigen Charakter verleiht. Ein zeitloser und leicht kombinierbarer Farbton, perfekt f\u00fcr alle Jahreszeiten.  Die Gr\u00f6\u00dfe passt normalerweise, wir empfehlen Ihnen, Ihre \u00fcbliche Gr\u00f6\u00dfe zu w\u00e4hlen. Sandy tr\u00e4gt eine Gr\u00f6\u00dfe 36 und misst 170 cm.","og_url":"https:\/\/happyhaus.fr\/de\/produkt\/le-bermuda-4-poches-5-years\/","article_modified_time":"2026-02-21T11:50:34+00:00","og_image":[{"url":"https:\/\/happyhaus.fr\/wp-content\/uploads\/2025\/10\/GIF-BERMUDA-4-POCHES.gif","width":682,"height":1024,"type":"image\/gif"}],"twitter_card":"summary_large_image","twitter_misc":{"Gesch\u00e4tzte Lesezeit":"1\u00a0Minute"},"schema":{"@context":"https:\/\/schema.org","@graph":[{"@type":"WebPage","@id":"https:\/\/happyhaus.fr\/de\/produkt\/le-bermuda-4-poches-5-years\/","url":"https:\/\/happyhaus.fr\/de\/produkt\/le-bermuda-4-poches-5-years\/","name":"LE BERMUDA 4 POCHES -","isPartOf":{"@id":"https:\/\/happyhaus.fr\/#website"},"primaryImageOfPage":{"@id":"https:\/\/happyhaus.fr\/de\/produkt\/le-bermuda-4-poches-5-years\/#primaryimage"},"image":{"@id":"https:\/\/happyhaus.fr\/de\/produkt\/le-bermuda-4-poches-5-years\/#primaryimage"},"thumbnailUrl":"https:\/\/happyhaus.fr\/wp-content\/uploads\/2025\/10\/GIF-BERMUDA-4-POCHES.gif","datePublished":"2025-10-29T12:06:27+00:00","dateModified":"2026-02-21T11:50:34+00:00","breadcrumb":{"@id":"https:\/\/happyhaus.fr\/de\/produkt\/le-bermuda-4-poches-5-years\/#breadcrumb"},"inLanguage":"de","potentialAction":[{"@type":"ReadAction","target":["https:\/\/happyhaus.fr\/de\/produkt\/le-bermuda-4-poches-5-years\/"]}]},{"@type":"ImageObject","inLanguage":"de","@id":"https:\/\/happyhaus.fr\/de\/produkt\/le-bermuda-4-poches-5-years\/#primaryimage","url":"https:\/\/happyhaus.fr\/wp-content\/uploads\/2025\/10\/GIF-BERMUDA-4-POCHES.gif","contentUrl":"https:\/\/happyhaus.fr\/wp-content\/uploads\/2025\/10\/GIF-BERMUDA-4-POCHES.gif","width":682,"height":1024},{"@type":"BreadcrumbList","@id":"https:\/\/happyhaus.fr\/de\/produkt\/le-bermuda-4-poches-5-years\/#breadcrumb","itemListElement":[{"@type":"ListItem","position":1,"name":"Accueil","item":"https:\/\/happyhaus.fr\/de\/"},{"@type":"ListItem","position":2,"name":"Priv\u00e9\u00a0: Shop","item":"https:\/\/happyhaus.fr\/?page_id=4438"},{"@type":"ListItem","position":3,"name":"LE BERMUDA 4 POCHES"}]},{"@type":"WebSite","@id":"https:\/\/happyhaus.fr\/#website","url":"https:\/\/happyhaus.fr\/","name":"","description":"","potentialAction":[{"@type":"SearchAction","target":{"@type":"EntryPoint","urlTemplate":"https:\/\/happyhaus.fr\/?s={search_term_string}"},"query-input":"required name=search_term_string"}],"inLanguage":"de"}]}},"_links":{"self":[{"href":"https:\/\/happyhaus.fr\/de\/wp-json\/wp\/v2\/product\/98572"}],"collection":[{"href":"https:\/\/happyhaus.fr\/de\/wp-json\/wp\/v2\/product"}],"about":[{"href":"https:\/\/happyhaus.fr\/de\/wp-json\/wp\/v2\/types\/product"}],"replies":[{"embeddable":true,"href":"https:\/\/happyhaus.fr\/de\/wp-json\/wp\/v2\/comments?post=98572"}],"wp:featuredmedia":[{"embeddable":true,"href":"https:\/\/happyhaus.fr\/de\/wp-json\/wp\/v2\/media\/99750"}],"wp:attachment":[{"href":"https:\/\/happyhaus.fr\/de\/wp-json\/wp\/v2\/media?parent=98572"}],"wp:term":[{"taxonomy":"product_cat","embeddable":true,"href":"https:\/\/happyhaus.fr\/de\/wp-json\/wp\/v2\/product_cat?post=98572"},{"taxonomy":"product_tag","embeddable":true,"href":"https:\/\/happyhaus.fr\/de\/wp-json\/wp\/v2\/product_tag?post=98572"}],"curies":[{"name":"wp","href":"https:\/\/api.w.org\/{rel}","templated":true}]}}