{"id":98524,"date":"2025-12-07T10:25:45","date_gmt":"2025-10-29T10:25:46","guid":{"rendered":"https:\/\/happyhaus.fr\/?post_type=product&#038;p=98524"},"modified":"2026-02-11T17:02:37","modified_gmt":"2026-02-11T16:02:37","slug":"le-pantalon-fleur-charbon-wash","status":"publish","type":"product","link":"https:\/\/happyhaus.fr\/de\/produkt\/le-pantalon-fleur-charbon-wash\/","title":{"rendered":"Le pantalon FLEUR"},"content":{"rendered":"<ul>\n<li>Coupe barell<\/li>\n<li>Normale L\u00e4nge<\/li>\n<li>Hohe Taille \u00fcberarbeitet<\/li>\n<li>Design mit f\u00fcnf Taschen<\/li>\n<li>Tasche mit TULPE-Form auf der R\u00fcckseite<\/li>\n<li>Rei\u00dfverschluss<\/li>\n<li>Knopf aus Holz<\/li>\n<li>Happy Haus Stickerei in Ton-in-Ton<\/li>\n<li>Du sprichst Ton in Ton<\/li>\n<li>Naht oben in Kontrastfarbe<\/li>\n<li>100% Baumwolle, davon 20% recycelte Baumwolle<\/li>\n<\/ul>\n<p>Herkunft des Stoffes: Italien<br \/>\nHergestellt in Tunesien<\/p>\n","protected":false},"excerpt":{"rendered":"<p>Unsere FLEUR Hose hat eine feminine und moderne Linie. Mit seinem Barrel-Schnitt und dem \u00fcberarbeiteten hohen Bund schmeichelt er der Silhouette und bietet gleichzeitig viel Bewegungsfreiheit. Die Breite der H\u00fcfte wurde ebenfalls \u00fcberarbeitet, um mehr Leichtigkeit und Komfort zu bieten.<\/p>\n<p>Mit h\u00fcbschen Details: ein F\u00fcnf-Taschen-Design, bei dem die hinteren Taschen eine Tulpenform bilden, ein h\u00f6lzerner Rei\u00dfverschluss und eine Happy Haus Ton in Ton Stickerei auf der R\u00fcckseite der Taille.<\/p>\n<p>Es ist aus unserem gewaschenen Denim &#8220;CHARBON&#8221; gefertigt und zeichnet sich durch seinen tiefen, nuancierten Farbton aus, eine elegante Alternative zu Schwarz, einfach zu kombinieren und perfekt f\u00fcr alle Jahreszeiten.<\/p>\n<p>Die Gr\u00f6\u00dfe passt normalerweise, wir empfehlen Ihnen, Ihre \u00fcbliche Gr\u00f6\u00dfe zu w\u00e4hlen.<br \/>\nFlorence tr\u00e4gt eine Gr\u00f6\u00dfe 36 und misst 165 cm.<\/p>\n","protected":false},"featured_media":98555,"comment_status":"closed","ping_status":"closed","template":"","meta":{"_acf_changed":false},"product_cat":[312,231,236,315],"product_tag":[335],"acf":[],"yoast_head":"<!-- This site is optimized with the Yoast SEO plugin v22.6 - https:\/\/yoast.com\/wordpress\/plugins\/seo\/ -->\n<title>Le pantalon FLEUR -<\/title>\n<meta name=\"robots\" content=\"index, follow, max-snippet:-1, max-image-preview:large, max-video-preview:-1\" \/>\n<link rel=\"canonical\" href=\"https:\/\/happyhaus.fr\/de\/produkt\/le-pantalon-fleur-charbon-wash\/\" \/>\n<meta property=\"og:locale\" content=\"de_DE\" \/>\n<meta property=\"og:type\" content=\"article\" \/>\n<meta property=\"og:title\" content=\"Le pantalon FLEUR -\" \/>\n<meta property=\"og:description\" content=\"Unsere FLEUR Hose hat eine feminine und moderne Linie. Mit seinem Barrel-Schnitt und dem \u00fcberarbeiteten hohen Bund schmeichelt er der Silhouette und bietet gleichzeitig viel Bewegungsfreiheit. Die Breite der H\u00fcfte wurde ebenfalls \u00fcberarbeitet, um mehr Leichtigkeit und Komfort zu bieten.  Mit h\u00fcbschen Details: ein F\u00fcnf-Taschen-Design, bei dem die hinteren Taschen eine Tulpenform bilden, ein h\u00f6lzerner Rei\u00dfverschluss und eine Happy Haus Ton in Ton Stickerei auf der R\u00fcckseite der Taille.  Es ist aus unserem gewaschenen Denim &quot;CHARBON&quot; gefertigt und zeichnet sich durch seinen tiefen, nuancierten Farbton aus, eine elegante Alternative zu Schwarz, einfach zu kombinieren und perfekt f\u00fcr alle Jahreszeiten.  Die Gr\u00f6\u00dfe passt normalerweise, wir empfehlen Ihnen, Ihre \u00fcbliche Gr\u00f6\u00dfe zu w\u00e4hlen. Florence tr\u00e4gt eine Gr\u00f6\u00dfe 36 und misst 165 cm.\" \/>\n<meta property=\"og:url\" content=\"https:\/\/happyhaus.fr\/de\/produkt\/le-pantalon-fleur-charbon-wash\/\" \/>\n<meta property=\"article:modified_time\" content=\"2026-02-11T16:02:37+00:00\" \/>\n<meta property=\"og:image\" content=\"https:\/\/happyhaus.fr\/wp-content\/uploads\/2025\/10\/Z1-2.jpg\" \/>\n\t<meta property=\"og:image:width\" content=\"1707\" \/>\n\t<meta property=\"og:image:height\" content=\"2560\" \/>\n\t<meta property=\"og:image:type\" content=\"image\/jpeg\" \/>\n<meta name=\"twitter:card\" content=\"summary_large_image\" \/>\n<meta name=\"twitter:label1\" content=\"Gesch\u00e4tzte Lesezeit\" \/>\n\t<meta name=\"twitter:data1\" content=\"1\u00a0Minute\" \/>\n<script type=\"application\/ld+json\" class=\"yoast-schema-graph\">{\"@context\":\"https:\/\/schema.org\",\"@graph\":[{\"@type\":\"WebPage\",\"@id\":\"https:\/\/happyhaus.fr\/de\/produkt\/le-pantalon-fleur-charbon-wash\/\",\"url\":\"https:\/\/happyhaus.fr\/de\/produkt\/le-pantalon-fleur-charbon-wash\/\",\"name\":\"Le pantalon FLEUR -\",\"isPartOf\":{\"@id\":\"https:\/\/happyhaus.fr\/#website\"},\"primaryImageOfPage\":{\"@id\":\"https:\/\/happyhaus.fr\/de\/produkt\/le-pantalon-fleur-charbon-wash\/#primaryimage\"},\"image\":{\"@id\":\"https:\/\/happyhaus.fr\/de\/produkt\/le-pantalon-fleur-charbon-wash\/#primaryimage\"},\"thumbnailUrl\":\"https:\/\/happyhaus.fr\/wp-content\/uploads\/2025\/10\/Z1-2.jpg\",\"datePublished\":\"2025-10-29T10:25:46+00:00\",\"dateModified\":\"2026-02-11T16:02:37+00:00\",\"breadcrumb\":{\"@id\":\"https:\/\/happyhaus.fr\/de\/produkt\/le-pantalon-fleur-charbon-wash\/#breadcrumb\"},\"inLanguage\":\"de\",\"potentialAction\":[{\"@type\":\"ReadAction\",\"target\":[\"https:\/\/happyhaus.fr\/de\/produkt\/le-pantalon-fleur-charbon-wash\/\"]}]},{\"@type\":\"ImageObject\",\"inLanguage\":\"de\",\"@id\":\"https:\/\/happyhaus.fr\/de\/produkt\/le-pantalon-fleur-charbon-wash\/#primaryimage\",\"url\":\"https:\/\/happyhaus.fr\/wp-content\/uploads\/2025\/10\/Z1-2.jpg\",\"contentUrl\":\"https:\/\/happyhaus.fr\/wp-content\/uploads\/2025\/10\/Z1-2.jpg\",\"width\":1707,\"height\":2560},{\"@type\":\"BreadcrumbList\",\"@id\":\"https:\/\/happyhaus.fr\/de\/produkt\/le-pantalon-fleur-charbon-wash\/#breadcrumb\",\"itemListElement\":[{\"@type\":\"ListItem\",\"position\":1,\"name\":\"Accueil\",\"item\":\"https:\/\/happyhaus.fr\/de\/\"},{\"@type\":\"ListItem\",\"position\":2,\"name\":\"Priv\u00e9\u00a0: Shop\",\"item\":\"https:\/\/happyhaus.fr\/?page_id=4438\"},{\"@type\":\"ListItem\",\"position\":3,\"name\":\"Le pantalon FLEUR\"}]},{\"@type\":\"WebSite\",\"@id\":\"https:\/\/happyhaus.fr\/#website\",\"url\":\"https:\/\/happyhaus.fr\/\",\"name\":\"\",\"description\":\"\",\"potentialAction\":[{\"@type\":\"SearchAction\",\"target\":{\"@type\":\"EntryPoint\",\"urlTemplate\":\"https:\/\/happyhaus.fr\/?s={search_term_string}\"},\"query-input\":\"required name=search_term_string\"}],\"inLanguage\":\"de\"}]}<\/script>\n<!-- \/ Yoast SEO plugin. -->","yoast_head_json":{"title":"Le pantalon FLEUR -","robots":{"index":"index","follow":"follow","max-snippet":"max-snippet:-1","max-image-preview":"max-image-preview:large","max-video-preview":"max-video-preview:-1"},"canonical":"https:\/\/happyhaus.fr\/de\/produkt\/le-pantalon-fleur-charbon-wash\/","og_locale":"de_DE","og_type":"article","og_title":"Le pantalon FLEUR -","og_description":"Unsere FLEUR Hose hat eine feminine und moderne Linie. Mit seinem Barrel-Schnitt und dem \u00fcberarbeiteten hohen Bund schmeichelt er der Silhouette und bietet gleichzeitig viel Bewegungsfreiheit. Die Breite der H\u00fcfte wurde ebenfalls \u00fcberarbeitet, um mehr Leichtigkeit und Komfort zu bieten.  Mit h\u00fcbschen Details: ein F\u00fcnf-Taschen-Design, bei dem die hinteren Taschen eine Tulpenform bilden, ein h\u00f6lzerner Rei\u00dfverschluss und eine Happy Haus Ton in Ton Stickerei auf der R\u00fcckseite der Taille.  Es ist aus unserem gewaschenen Denim \"CHARBON\" gefertigt und zeichnet sich durch seinen tiefen, nuancierten Farbton aus, eine elegante Alternative zu Schwarz, einfach zu kombinieren und perfekt f\u00fcr alle Jahreszeiten.  Die Gr\u00f6\u00dfe passt normalerweise, wir empfehlen Ihnen, Ihre \u00fcbliche Gr\u00f6\u00dfe zu w\u00e4hlen. Florence tr\u00e4gt eine Gr\u00f6\u00dfe 36 und misst 165 cm.","og_url":"https:\/\/happyhaus.fr\/de\/produkt\/le-pantalon-fleur-charbon-wash\/","article_modified_time":"2026-02-11T16:02:37+00:00","og_image":[{"width":1707,"height":2560,"url":"https:\/\/happyhaus.fr\/wp-content\/uploads\/2025\/10\/Z1-2.jpg","type":"image\/jpeg"}],"twitter_card":"summary_large_image","twitter_misc":{"Gesch\u00e4tzte Lesezeit":"1\u00a0Minute"},"schema":{"@context":"https:\/\/schema.org","@graph":[{"@type":"WebPage","@id":"https:\/\/happyhaus.fr\/de\/produkt\/le-pantalon-fleur-charbon-wash\/","url":"https:\/\/happyhaus.fr\/de\/produkt\/le-pantalon-fleur-charbon-wash\/","name":"Le pantalon FLEUR -","isPartOf":{"@id":"https:\/\/happyhaus.fr\/#website"},"primaryImageOfPage":{"@id":"https:\/\/happyhaus.fr\/de\/produkt\/le-pantalon-fleur-charbon-wash\/#primaryimage"},"image":{"@id":"https:\/\/happyhaus.fr\/de\/produkt\/le-pantalon-fleur-charbon-wash\/#primaryimage"},"thumbnailUrl":"https:\/\/happyhaus.fr\/wp-content\/uploads\/2025\/10\/Z1-2.jpg","datePublished":"2025-10-29T10:25:46+00:00","dateModified":"2026-02-11T16:02:37+00:00","breadcrumb":{"@id":"https:\/\/happyhaus.fr\/de\/produkt\/le-pantalon-fleur-charbon-wash\/#breadcrumb"},"inLanguage":"de","potentialAction":[{"@type":"ReadAction","target":["https:\/\/happyhaus.fr\/de\/produkt\/le-pantalon-fleur-charbon-wash\/"]}]},{"@type":"ImageObject","inLanguage":"de","@id":"https:\/\/happyhaus.fr\/de\/produkt\/le-pantalon-fleur-charbon-wash\/#primaryimage","url":"https:\/\/happyhaus.fr\/wp-content\/uploads\/2025\/10\/Z1-2.jpg","contentUrl":"https:\/\/happyhaus.fr\/wp-content\/uploads\/2025\/10\/Z1-2.jpg","width":1707,"height":2560},{"@type":"BreadcrumbList","@id":"https:\/\/happyhaus.fr\/de\/produkt\/le-pantalon-fleur-charbon-wash\/#breadcrumb","itemListElement":[{"@type":"ListItem","position":1,"name":"Accueil","item":"https:\/\/happyhaus.fr\/de\/"},{"@type":"ListItem","position":2,"name":"Priv\u00e9\u00a0: Shop","item":"https:\/\/happyhaus.fr\/?page_id=4438"},{"@type":"ListItem","position":3,"name":"Le pantalon FLEUR"}]},{"@type":"WebSite","@id":"https:\/\/happyhaus.fr\/#website","url":"https:\/\/happyhaus.fr\/","name":"","description":"","potentialAction":[{"@type":"SearchAction","target":{"@type":"EntryPoint","urlTemplate":"https:\/\/happyhaus.fr\/?s={search_term_string}"},"query-input":"required name=search_term_string"}],"inLanguage":"de"}]}},"_links":{"self":[{"href":"https:\/\/happyhaus.fr\/de\/wp-json\/wp\/v2\/product\/98524"}],"collection":[{"href":"https:\/\/happyhaus.fr\/de\/wp-json\/wp\/v2\/product"}],"about":[{"href":"https:\/\/happyhaus.fr\/de\/wp-json\/wp\/v2\/types\/product"}],"replies":[{"embeddable":true,"href":"https:\/\/happyhaus.fr\/de\/wp-json\/wp\/v2\/comments?post=98524"}],"wp:featuredmedia":[{"embeddable":true,"href":"https:\/\/happyhaus.fr\/de\/wp-json\/wp\/v2\/media\/98555"}],"wp:attachment":[{"href":"https:\/\/happyhaus.fr\/de\/wp-json\/wp\/v2\/media?parent=98524"}],"wp:term":[{"taxonomy":"product_cat","embeddable":true,"href":"https:\/\/happyhaus.fr\/de\/wp-json\/wp\/v2\/product_cat?post=98524"},{"taxonomy":"product_tag","embeddable":true,"href":"https:\/\/happyhaus.fr\/de\/wp-json\/wp\/v2\/product_tag?post=98524"}],"curies":[{"name":"wp","href":"https:\/\/api.w.org\/{rel}","templated":true}]}}