{"id":98407,"date":"2025-09-30T13:29:00","date_gmt":"2025-10-21T14:17:01","guid":{"rendered":"https:\/\/happyhaus.fr\/?post_type=product&#038;p=98407"},"modified":"2025-11-26T12:30:39","modified_gmt":"2025-11-26T11:30:39","slug":"le-trench-coat-beige-army","status":"publish","type":"product","link":"https:\/\/happyhaus.fr\/de\/produkt\/le-trench-coat-beige-army\/","title":{"rendered":"LE TRENCH-COAT"},"content":{"rendered":"<ul>\n<li>Taillierter und leicht ausgestellter Schnitt<\/li>\n<li>Breiter G\u00fcrtel mit gro\u00dfer Schleife aus Olivenholz<\/li>\n<li>Kn\u00f6pfe aus Olivenholz<\/li>\n<li>Unterzieher<\/li>\n<li>Spanngurte an der Unterseite der \u00c4rmel<\/li>\n<li>Taschen \u00e0 l&#8217;italienne<\/li>\n<li>Ungef\u00fcllt<\/li>\n<li>Abwaschen &#8220;Beige Army&#8221;<\/li>\n<li>80% Baumwolle 20% Recycling-Baumwolle<\/li>\n<\/ul>\n<p>Herkunft des Stoffes: Italien<br \/>\nHergestellt in Tunesien<\/p>\n","protected":false},"excerpt":{"rendered":"<p>Unser neuer TRENCH-COAT ist das Ergebnis langer \u00dcberlegungen. Wir freuen uns, ihn Ihnen anbieten zu k\u00f6nnen. Er ist sehr elegant und zeitlos. Der TRENCH-COAT hat eine eng anliegende, leicht ausgestellte Passform. Es bietet sch\u00f6ne Details: die Kn\u00f6pfe und die ma\u00dfgefertigte G\u00fcrtelschnalle sind aus Olivenholz, das einen sch\u00f6nen Kontrast zu den Denim schafft, die zwei italienischen Taschen f\u00fcr einen sicheren Look, die Kn\u00f6pfe an der Unterseite der \u00c4rmel erm\u00f6glicht die Breite anzupassen.<br \/>\nDer TRENCH-COAT ist aus unserem recycelten Denim. Seine Waschung \u00abBeige Army\u00bb verleiht ihm viel Charakter. Wir bei HAPPY HAUS lieben ihn.<\/p>\n<p>&nbsp;<\/p>\n","protected":false},"featured_media":98860,"comment_status":"closed","ping_status":"closed","template":"","meta":{"_acf_changed":false},"product_cat":[312,231,238,315],"product_tag":[335],"acf":[],"yoast_head":"<!-- This site is optimized with the Yoast SEO plugin v22.6 - https:\/\/yoast.com\/wordpress\/plugins\/seo\/ -->\n<title>LE TRENCH-COAT -<\/title>\n<meta name=\"robots\" content=\"index, follow, max-snippet:-1, max-image-preview:large, max-video-preview:-1\" \/>\n<link rel=\"canonical\" href=\"https:\/\/happyhaus.fr\/en\/produkt\/le-trench-coat-beige\/\" \/>\n<meta property=\"og:locale\" content=\"de_DE\" \/>\n<meta property=\"og:type\" content=\"article\" \/>\n<meta property=\"og:title\" content=\"LE TRENCH-COAT -\" \/>\n<meta property=\"og:description\" content=\"Unser neuer TRENCH-COAT ist das Ergebnis langer \u00dcberlegungen. Wir freuen uns, ihn Ihnen anbieten zu k\u00f6nnen. Er ist sehr elegant und zeitlos. Der TRENCH-COAT hat eine eng anliegende, leicht ausgestellte Passform. Es bietet sch\u00f6ne Details: die Kn\u00f6pfe und die ma\u00dfgefertigte G\u00fcrtelschnalle sind aus Olivenholz, das einen sch\u00f6nen Kontrast zu den Denim schafft, die zwei italienischen Taschen f\u00fcr einen sicheren Look, die Kn\u00f6pfe an der Unterseite der \u00c4rmel erm\u00f6glicht die Breite anzupassen. Der TRENCH-COAT ist aus unserem recycelten Denim. Seine Waschung \u00abBeige Army\u00bb verleiht ihm viel Charakter. Wir bei HAPPY HAUS lieben ihn.  &nbsp;\" \/>\n<meta property=\"og:url\" content=\"https:\/\/happyhaus.fr\/en\/produkt\/le-trench-coat-beige\/\" \/>\n<meta property=\"article:modified_time\" content=\"2025-11-26T11:30:39+00:00\" \/>\n<meta property=\"og:image\" content=\"https:\/\/happyhaus.fr\/wp-content\/uploads\/2025\/09\/Z5-683x1024.png\" \/>\n\t<meta property=\"og:image:width\" content=\"683\" \/>\n\t<meta property=\"og:image:height\" content=\"1024\" \/>\n\t<meta property=\"og:image:type\" content=\"image\/png\" \/>\n<meta name=\"twitter:card\" content=\"summary_large_image\" \/>\n<meta name=\"twitter:label1\" content=\"Gesch\u00e4tzte Lesezeit\" \/>\n\t<meta name=\"twitter:data1\" content=\"1\u00a0Minute\" \/>\n<script type=\"application\/ld+json\" class=\"yoast-schema-graph\">{\"@context\":\"https:\/\/schema.org\",\"@graph\":[{\"@type\":\"WebPage\",\"@id\":\"https:\/\/happyhaus.fr\/en\/produkt\/le-trench-coat-beige\/\",\"url\":\"https:\/\/happyhaus.fr\/en\/produkt\/le-trench-coat-beige\/\",\"name\":\"LE TRENCH-COAT -\",\"isPartOf\":{\"@id\":\"https:\/\/happyhaus.fr\/#website\"},\"primaryImageOfPage\":{\"@id\":\"https:\/\/happyhaus.fr\/en\/produkt\/le-trench-coat-beige\/#primaryimage\"},\"image\":{\"@id\":\"https:\/\/happyhaus.fr\/en\/produkt\/le-trench-coat-beige\/#primaryimage\"},\"thumbnailUrl\":\"https:\/\/happyhaus.fr\/wp-content\/uploads\/2025\/09\/Z5.png\",\"datePublished\":\"2025-10-21T14:17:01+00:00\",\"dateModified\":\"2025-11-26T11:30:39+00:00\",\"breadcrumb\":{\"@id\":\"https:\/\/happyhaus.fr\/en\/produkt\/le-trench-coat-beige\/#breadcrumb\"},\"inLanguage\":\"de\",\"potentialAction\":[{\"@type\":\"ReadAction\",\"target\":[\"https:\/\/happyhaus.fr\/en\/produkt\/le-trench-coat-beige\/\"]}]},{\"@type\":\"ImageObject\",\"inLanguage\":\"de\",\"@id\":\"https:\/\/happyhaus.fr\/en\/produkt\/le-trench-coat-beige\/#primaryimage\",\"url\":\"https:\/\/happyhaus.fr\/wp-content\/uploads\/2025\/09\/Z5.png\",\"contentUrl\":\"https:\/\/happyhaus.fr\/wp-content\/uploads\/2025\/09\/Z5.png\",\"width\":1707,\"height\":2560},{\"@type\":\"BreadcrumbList\",\"@id\":\"https:\/\/happyhaus.fr\/en\/produkt\/le-trench-coat-beige\/#breadcrumb\",\"itemListElement\":[{\"@type\":\"ListItem\",\"position\":1,\"name\":\"Accueil\",\"item\":\"https:\/\/happyhaus.fr\/de\/\"},{\"@type\":\"ListItem\",\"position\":2,\"name\":\"Priv\u00e9\u00a0: Shop\",\"item\":\"https:\/\/happyhaus.fr\/?page_id=4438\"},{\"@type\":\"ListItem\",\"position\":3,\"name\":\"LE TRENCH-COAT\"}]},{\"@type\":\"WebSite\",\"@id\":\"https:\/\/happyhaus.fr\/#website\",\"url\":\"https:\/\/happyhaus.fr\/\",\"name\":\"\",\"description\":\"\",\"potentialAction\":[{\"@type\":\"SearchAction\",\"target\":{\"@type\":\"EntryPoint\",\"urlTemplate\":\"https:\/\/happyhaus.fr\/?s={search_term_string}\"},\"query-input\":\"required name=search_term_string\"}],\"inLanguage\":\"de\"}]}<\/script>\n<!-- \/ Yoast SEO plugin. -->","yoast_head_json":{"title":"LE TRENCH-COAT -","robots":{"index":"index","follow":"follow","max-snippet":"max-snippet:-1","max-image-preview":"max-image-preview:large","max-video-preview":"max-video-preview:-1"},"canonical":"https:\/\/happyhaus.fr\/en\/produkt\/le-trench-coat-beige\/","og_locale":"de_DE","og_type":"article","og_title":"LE TRENCH-COAT -","og_description":"Unser neuer TRENCH-COAT ist das Ergebnis langer \u00dcberlegungen. Wir freuen uns, ihn Ihnen anbieten zu k\u00f6nnen. Er ist sehr elegant und zeitlos. Der TRENCH-COAT hat eine eng anliegende, leicht ausgestellte Passform. Es bietet sch\u00f6ne Details: die Kn\u00f6pfe und die ma\u00dfgefertigte G\u00fcrtelschnalle sind aus Olivenholz, das einen sch\u00f6nen Kontrast zu den Denim schafft, die zwei italienischen Taschen f\u00fcr einen sicheren Look, die Kn\u00f6pfe an der Unterseite der \u00c4rmel erm\u00f6glicht die Breite anzupassen. Der TRENCH-COAT ist aus unserem recycelten Denim. Seine Waschung \u00abBeige Army\u00bb verleiht ihm viel Charakter. Wir bei HAPPY HAUS lieben ihn.  &nbsp;","og_url":"https:\/\/happyhaus.fr\/en\/produkt\/le-trench-coat-beige\/","article_modified_time":"2025-11-26T11:30:39+00:00","og_image":[{"width":683,"height":1024,"url":"https:\/\/happyhaus.fr\/wp-content\/uploads\/2025\/09\/Z5-683x1024.png","type":"image\/png"}],"twitter_card":"summary_large_image","twitter_misc":{"Gesch\u00e4tzte Lesezeit":"1\u00a0Minute"},"schema":{"@context":"https:\/\/schema.org","@graph":[{"@type":"WebPage","@id":"https:\/\/happyhaus.fr\/en\/produkt\/le-trench-coat-beige\/","url":"https:\/\/happyhaus.fr\/en\/produkt\/le-trench-coat-beige\/","name":"LE TRENCH-COAT -","isPartOf":{"@id":"https:\/\/happyhaus.fr\/#website"},"primaryImageOfPage":{"@id":"https:\/\/happyhaus.fr\/en\/produkt\/le-trench-coat-beige\/#primaryimage"},"image":{"@id":"https:\/\/happyhaus.fr\/en\/produkt\/le-trench-coat-beige\/#primaryimage"},"thumbnailUrl":"https:\/\/happyhaus.fr\/wp-content\/uploads\/2025\/09\/Z5.png","datePublished":"2025-10-21T14:17:01+00:00","dateModified":"2025-11-26T11:30:39+00:00","breadcrumb":{"@id":"https:\/\/happyhaus.fr\/en\/produkt\/le-trench-coat-beige\/#breadcrumb"},"inLanguage":"de","potentialAction":[{"@type":"ReadAction","target":["https:\/\/happyhaus.fr\/en\/produkt\/le-trench-coat-beige\/"]}]},{"@type":"ImageObject","inLanguage":"de","@id":"https:\/\/happyhaus.fr\/en\/produkt\/le-trench-coat-beige\/#primaryimage","url":"https:\/\/happyhaus.fr\/wp-content\/uploads\/2025\/09\/Z5.png","contentUrl":"https:\/\/happyhaus.fr\/wp-content\/uploads\/2025\/09\/Z5.png","width":1707,"height":2560},{"@type":"BreadcrumbList","@id":"https:\/\/happyhaus.fr\/en\/produkt\/le-trench-coat-beige\/#breadcrumb","itemListElement":[{"@type":"ListItem","position":1,"name":"Accueil","item":"https:\/\/happyhaus.fr\/de\/"},{"@type":"ListItem","position":2,"name":"Priv\u00e9\u00a0: Shop","item":"https:\/\/happyhaus.fr\/?page_id=4438"},{"@type":"ListItem","position":3,"name":"LE TRENCH-COAT"}]},{"@type":"WebSite","@id":"https:\/\/happyhaus.fr\/#website","url":"https:\/\/happyhaus.fr\/","name":"","description":"","potentialAction":[{"@type":"SearchAction","target":{"@type":"EntryPoint","urlTemplate":"https:\/\/happyhaus.fr\/?s={search_term_string}"},"query-input":"required name=search_term_string"}],"inLanguage":"de"}]}},"_links":{"self":[{"href":"https:\/\/happyhaus.fr\/de\/wp-json\/wp\/v2\/product\/98407"}],"collection":[{"href":"https:\/\/happyhaus.fr\/de\/wp-json\/wp\/v2\/product"}],"about":[{"href":"https:\/\/happyhaus.fr\/de\/wp-json\/wp\/v2\/types\/product"}],"replies":[{"embeddable":true,"href":"https:\/\/happyhaus.fr\/de\/wp-json\/wp\/v2\/comments?post=98407"}],"wp:featuredmedia":[{"embeddable":true,"href":"https:\/\/happyhaus.fr\/de\/wp-json\/wp\/v2\/media\/98860"}],"wp:attachment":[{"href":"https:\/\/happyhaus.fr\/de\/wp-json\/wp\/v2\/media?parent=98407"}],"wp:term":[{"taxonomy":"product_cat","embeddable":true,"href":"https:\/\/happyhaus.fr\/de\/wp-json\/wp\/v2\/product_cat?post=98407"},{"taxonomy":"product_tag","embeddable":true,"href":"https:\/\/happyhaus.fr\/de\/wp-json\/wp\/v2\/product_tag?post=98407"}],"curies":[{"name":"wp","href":"https:\/\/api.w.org\/{rel}","templated":true}]}}