{"id":98332,"date":"2025-11-25T10:25:35","date_gmt":"2025-09-30T10:25:36","guid":{"rendered":"https:\/\/happyhaus.fr\/?post_type=product&#038;p=98332"},"modified":"2025-11-26T17:18:39","modified_gmt":"2025-11-26T16:18:39","slug":"le-pantalon-free-noir-grise","status":"publish","type":"product","link":"https:\/\/happyhaus.fr\/de\/produkt\/le-pantalon-free-noir-grise\/","title":{"rendered":"LE PANTALON FREE"},"content":{"rendered":"<ul>\n<li>Hohe Taille<\/li>\n<li>Inspiration Jahr 70\u2019s<\/li>\n<li>Holzkn\u00f6pfe und Rei\u00dfverschluss<\/li>\n<li>Flare und ausgestellter Schnitt<\/li>\n<li>Passgenaue, aber bequeme Taille<\/li>\n<li>Happy Haus Stickerei Ton in Ton auf dem hinteren G\u00fcrtel<\/li>\n<li>2 Taschen hinten in Tulpenform<\/li>\n<li>Gewebtes Etikett<\/li>\n<li>Graue schwarze W\u00e4sche<\/li>\n<li>100% Baumwolle<\/li>\n<\/ul>\n<p>Herkunft des Stoffes: Italien<br \/>\nHergestellt in Tunesien<\/p>\n<p>&nbsp;<\/p>\n","protected":false},"excerpt":{"rendered":"<p>&nbsp;<\/p>\n<p>Unsere FREE-Hose, eine ausgestellte Jeans, bringt uns zur\u00fcck in die Zeit der Hippies und ihrer unvergesslichen Heldinnen. Es \u00fcbernimmt die Codes unserer TULIPE Hose mit einem breiteren Volumen<br \/>\nDie Hose hat eine hohe Taille, sie dehnt sich von den Knien aus.<br \/>\nEs bietet sch\u00f6ne Details: die beiden R\u00fcckentaschen sind tulpenf\u00f6rmig, der h\u00f6lzerne Knopf, die HAPPY HAUS Ton in Ton gehaltene Bord\u00fcre am hinteren G\u00fcrtel. Die Hose kann in der Taille getragen werden oder mehr &#8220;oversize Deguaine&#8221; f\u00fcr eine coolere und entspanntere Haltung.<br \/>\nSeine graue schwarze Waschung ist sehr einfach mit Ihrer gesamten Garderobe zu kombinieren.<\/p>\n<p>Da die Gr\u00f6\u00dfe gr\u00f6\u00dfer als \u00fcblich ist, empfehlen wir Ihnen, eine Gr\u00f6\u00dfe unter Ihrer \u00fcblichen Gr\u00f6\u00dfe zu w\u00e4hlen.<br \/>\nSandy tr\u00e4gt eine Gr\u00f6\u00dfe 34 und misst 170 cm.<\/p>\n","protected":false},"featured_media":98806,"comment_status":"open","ping_status":"closed","template":"","meta":{"_acf_changed":false},"product_cat":[231,236,314],"product_tag":[],"acf":[],"yoast_head":"<!-- This site is optimized with the Yoast SEO plugin v22.6 - https:\/\/yoast.com\/wordpress\/plugins\/seo\/ -->\n<title>LE PANTALON FREE -<\/title>\n<meta name=\"robots\" content=\"index, follow, max-snippet:-1, max-image-preview:large, max-video-preview:-1\" \/>\n<link rel=\"canonical\" href=\"https:\/\/happyhaus.fr\/de\/produkt\/le-pantalon-free-noir-grise\/\" \/>\n<meta property=\"og:locale\" content=\"de_DE\" \/>\n<meta property=\"og:type\" content=\"article\" \/>\n<meta property=\"og:title\" content=\"LE PANTALON FREE -\" \/>\n<meta property=\"og:description\" content=\"&nbsp;  Unsere FREE-Hose, eine ausgestellte Jeans, bringt uns zur\u00fcck in die Zeit der Hippies und ihrer unvergesslichen Heldinnen. Es \u00fcbernimmt die Codes unserer TULIPE Hose mit einem breiteren Volumen Die Hose hat eine hohe Taille, sie dehnt sich von den Knien aus. Es bietet sch\u00f6ne Details: die beiden R\u00fcckentaschen sind tulpenf\u00f6rmig, der h\u00f6lzerne Knopf, die HAPPY HAUS Ton in Ton gehaltene Bord\u00fcre am hinteren G\u00fcrtel. Die Hose kann in der Taille getragen werden oder mehr &quot;oversize Deguaine&quot; f\u00fcr eine coolere und entspanntere Haltung. Seine graue schwarze Waschung ist sehr einfach mit Ihrer gesamten Garderobe zu kombinieren.  Da die Gr\u00f6\u00dfe gr\u00f6\u00dfer als \u00fcblich ist, empfehlen wir Ihnen, eine Gr\u00f6\u00dfe unter Ihrer \u00fcblichen Gr\u00f6\u00dfe zu w\u00e4hlen. Sandy tr\u00e4gt eine Gr\u00f6\u00dfe 34 und misst 170 cm.\" \/>\n<meta property=\"og:url\" content=\"https:\/\/happyhaus.fr\/de\/produkt\/le-pantalon-free-noir-grise\/\" \/>\n<meta property=\"article:modified_time\" content=\"2025-11-26T16:18:39+00:00\" \/>\n<meta property=\"og:image\" content=\"https:\/\/happyhaus.fr\/wp-content\/uploads\/2025\/09\/Z1-8.jpg\" \/>\n\t<meta property=\"og:image:width\" content=\"1707\" \/>\n\t<meta property=\"og:image:height\" content=\"2560\" \/>\n\t<meta property=\"og:image:type\" content=\"image\/jpeg\" \/>\n<meta name=\"twitter:card\" content=\"summary_large_image\" \/>\n<meta name=\"twitter:label1\" content=\"Gesch\u00e4tzte Lesezeit\" \/>\n\t<meta name=\"twitter:data1\" content=\"1\u00a0Minute\" \/>\n<script type=\"application\/ld+json\" class=\"yoast-schema-graph\">{\"@context\":\"https:\/\/schema.org\",\"@graph\":[{\"@type\":\"WebPage\",\"@id\":\"https:\/\/happyhaus.fr\/de\/produkt\/le-pantalon-free-noir-grise\/\",\"url\":\"https:\/\/happyhaus.fr\/de\/produkt\/le-pantalon-free-noir-grise\/\",\"name\":\"LE PANTALON FREE -\",\"isPartOf\":{\"@id\":\"https:\/\/happyhaus.fr\/#website\"},\"primaryImageOfPage\":{\"@id\":\"https:\/\/happyhaus.fr\/de\/produkt\/le-pantalon-free-noir-grise\/#primaryimage\"},\"image\":{\"@id\":\"https:\/\/happyhaus.fr\/de\/produkt\/le-pantalon-free-noir-grise\/#primaryimage\"},\"thumbnailUrl\":\"https:\/\/happyhaus.fr\/wp-content\/uploads\/2025\/09\/Z1-8.jpg\",\"datePublished\":\"2025-09-30T10:25:36+00:00\",\"dateModified\":\"2025-11-26T16:18:39+00:00\",\"breadcrumb\":{\"@id\":\"https:\/\/happyhaus.fr\/de\/produkt\/le-pantalon-free-noir-grise\/#breadcrumb\"},\"inLanguage\":\"de\",\"potentialAction\":[{\"@type\":\"ReadAction\",\"target\":[\"https:\/\/happyhaus.fr\/de\/produkt\/le-pantalon-free-noir-grise\/\"]}]},{\"@type\":\"ImageObject\",\"inLanguage\":\"de\",\"@id\":\"https:\/\/happyhaus.fr\/de\/produkt\/le-pantalon-free-noir-grise\/#primaryimage\",\"url\":\"https:\/\/happyhaus.fr\/wp-content\/uploads\/2025\/09\/Z1-8.jpg\",\"contentUrl\":\"https:\/\/happyhaus.fr\/wp-content\/uploads\/2025\/09\/Z1-8.jpg\",\"width\":1707,\"height\":2560},{\"@type\":\"BreadcrumbList\",\"@id\":\"https:\/\/happyhaus.fr\/de\/produkt\/le-pantalon-free-noir-grise\/#breadcrumb\",\"itemListElement\":[{\"@type\":\"ListItem\",\"position\":1,\"name\":\"Accueil\",\"item\":\"https:\/\/happyhaus.fr\/de\/\"},{\"@type\":\"ListItem\",\"position\":2,\"name\":\"Priv\u00e9\u00a0: Shop\",\"item\":\"https:\/\/happyhaus.fr\/?page_id=4438\"},{\"@type\":\"ListItem\",\"position\":3,\"name\":\"LE PANTALON FREE\"}]},{\"@type\":\"WebSite\",\"@id\":\"https:\/\/happyhaus.fr\/#website\",\"url\":\"https:\/\/happyhaus.fr\/\",\"name\":\"\",\"description\":\"\",\"potentialAction\":[{\"@type\":\"SearchAction\",\"target\":{\"@type\":\"EntryPoint\",\"urlTemplate\":\"https:\/\/happyhaus.fr\/?s={search_term_string}\"},\"query-input\":\"required name=search_term_string\"}],\"inLanguage\":\"de\"}]}<\/script>\n<!-- \/ Yoast SEO plugin. -->","yoast_head_json":{"title":"LE PANTALON FREE -","robots":{"index":"index","follow":"follow","max-snippet":"max-snippet:-1","max-image-preview":"max-image-preview:large","max-video-preview":"max-video-preview:-1"},"canonical":"https:\/\/happyhaus.fr\/de\/produkt\/le-pantalon-free-noir-grise\/","og_locale":"de_DE","og_type":"article","og_title":"LE PANTALON FREE -","og_description":"&nbsp;  Unsere FREE-Hose, eine ausgestellte Jeans, bringt uns zur\u00fcck in die Zeit der Hippies und ihrer unvergesslichen Heldinnen. Es \u00fcbernimmt die Codes unserer TULIPE Hose mit einem breiteren Volumen Die Hose hat eine hohe Taille, sie dehnt sich von den Knien aus. Es bietet sch\u00f6ne Details: die beiden R\u00fcckentaschen sind tulpenf\u00f6rmig, der h\u00f6lzerne Knopf, die HAPPY HAUS Ton in Ton gehaltene Bord\u00fcre am hinteren G\u00fcrtel. Die Hose kann in der Taille getragen werden oder mehr \"oversize Deguaine\" f\u00fcr eine coolere und entspanntere Haltung. Seine graue schwarze Waschung ist sehr einfach mit Ihrer gesamten Garderobe zu kombinieren.  Da die Gr\u00f6\u00dfe gr\u00f6\u00dfer als \u00fcblich ist, empfehlen wir Ihnen, eine Gr\u00f6\u00dfe unter Ihrer \u00fcblichen Gr\u00f6\u00dfe zu w\u00e4hlen. Sandy tr\u00e4gt eine Gr\u00f6\u00dfe 34 und misst 170 cm.","og_url":"https:\/\/happyhaus.fr\/de\/produkt\/le-pantalon-free-noir-grise\/","article_modified_time":"2025-11-26T16:18:39+00:00","og_image":[{"width":1707,"height":2560,"url":"https:\/\/happyhaus.fr\/wp-content\/uploads\/2025\/09\/Z1-8.jpg","type":"image\/jpeg"}],"twitter_card":"summary_large_image","twitter_misc":{"Gesch\u00e4tzte Lesezeit":"1\u00a0Minute"},"schema":{"@context":"https:\/\/schema.org","@graph":[{"@type":"WebPage","@id":"https:\/\/happyhaus.fr\/de\/produkt\/le-pantalon-free-noir-grise\/","url":"https:\/\/happyhaus.fr\/de\/produkt\/le-pantalon-free-noir-grise\/","name":"LE PANTALON FREE -","isPartOf":{"@id":"https:\/\/happyhaus.fr\/#website"},"primaryImageOfPage":{"@id":"https:\/\/happyhaus.fr\/de\/produkt\/le-pantalon-free-noir-grise\/#primaryimage"},"image":{"@id":"https:\/\/happyhaus.fr\/de\/produkt\/le-pantalon-free-noir-grise\/#primaryimage"},"thumbnailUrl":"https:\/\/happyhaus.fr\/wp-content\/uploads\/2025\/09\/Z1-8.jpg","datePublished":"2025-09-30T10:25:36+00:00","dateModified":"2025-11-26T16:18:39+00:00","breadcrumb":{"@id":"https:\/\/happyhaus.fr\/de\/produkt\/le-pantalon-free-noir-grise\/#breadcrumb"},"inLanguage":"de","potentialAction":[{"@type":"ReadAction","target":["https:\/\/happyhaus.fr\/de\/produkt\/le-pantalon-free-noir-grise\/"]}]},{"@type":"ImageObject","inLanguage":"de","@id":"https:\/\/happyhaus.fr\/de\/produkt\/le-pantalon-free-noir-grise\/#primaryimage","url":"https:\/\/happyhaus.fr\/wp-content\/uploads\/2025\/09\/Z1-8.jpg","contentUrl":"https:\/\/happyhaus.fr\/wp-content\/uploads\/2025\/09\/Z1-8.jpg","width":1707,"height":2560},{"@type":"BreadcrumbList","@id":"https:\/\/happyhaus.fr\/de\/produkt\/le-pantalon-free-noir-grise\/#breadcrumb","itemListElement":[{"@type":"ListItem","position":1,"name":"Accueil","item":"https:\/\/happyhaus.fr\/de\/"},{"@type":"ListItem","position":2,"name":"Priv\u00e9\u00a0: Shop","item":"https:\/\/happyhaus.fr\/?page_id=4438"},{"@type":"ListItem","position":3,"name":"LE PANTALON FREE"}]},{"@type":"WebSite","@id":"https:\/\/happyhaus.fr\/#website","url":"https:\/\/happyhaus.fr\/","name":"","description":"","potentialAction":[{"@type":"SearchAction","target":{"@type":"EntryPoint","urlTemplate":"https:\/\/happyhaus.fr\/?s={search_term_string}"},"query-input":"required name=search_term_string"}],"inLanguage":"de"}]}},"_links":{"self":[{"href":"https:\/\/happyhaus.fr\/de\/wp-json\/wp\/v2\/product\/98332"}],"collection":[{"href":"https:\/\/happyhaus.fr\/de\/wp-json\/wp\/v2\/product"}],"about":[{"href":"https:\/\/happyhaus.fr\/de\/wp-json\/wp\/v2\/types\/product"}],"replies":[{"embeddable":true,"href":"https:\/\/happyhaus.fr\/de\/wp-json\/wp\/v2\/comments?post=98332"}],"wp:featuredmedia":[{"embeddable":true,"href":"https:\/\/happyhaus.fr\/de\/wp-json\/wp\/v2\/media\/98806"}],"wp:attachment":[{"href":"https:\/\/happyhaus.fr\/de\/wp-json\/wp\/v2\/media?parent=98332"}],"wp:term":[{"taxonomy":"product_cat","embeddable":true,"href":"https:\/\/happyhaus.fr\/de\/wp-json\/wp\/v2\/product_cat?post=98332"},{"taxonomy":"product_tag","embeddable":true,"href":"https:\/\/happyhaus.fr\/de\/wp-json\/wp\/v2\/product_tag?post=98332"}],"curies":[{"name":"wp","href":"https:\/\/api.w.org\/{rel}","templated":true}]}}