{"id":98266,"date":"2025-11-26T10:00:15","date_gmt":"2025-09-24T13:56:16","guid":{"rendered":"https:\/\/happyhaus.fr\/?post_type=product&#038;p=98266"},"modified":"2025-11-26T12:27:21","modified_gmt":"2025-11-26T11:27:21","slug":"la-robe-trompe-loeil-chocolat","status":"publish","type":"product","link":"https:\/\/happyhaus.fr\/de\/produkt\/la-robe-trompe-loeil-chocolat\/","title":{"rendered":"LA ROBE TROMPE L&#8217;OEIL"},"content":{"rendered":"<ul>\n<li>Hemdkragen<\/li>\n<li>Knopflochblende vorne mit Druckkn\u00f6pfen aus Messing<\/li>\n<li>2 aufgesetzte Taschen hinten in Tulpenform<\/li>\n<li>Du sprichst Ton in Ton<\/li>\n<li>Runde 7\/8<\/li>\n<li>Abnehmbarer G\u00fcrtel<\/li>\n<li>100% Baumwolle<\/li>\n<\/ul>\n<p>Herkunft des Stoffes: Italy<br \/>\nHergestellt in Tunesien<\/p>\n<p><strong>\u00a0<\/strong><\/p>\n","protected":false},"excerpt":{"rendered":"<p>Unser TROMPE L&#8217;OEIL Kleid aus Cord ist feminin und zeitlos. Sie zeigt den illusorischen Effekt eines Hemdes, das in einen langen ausgestellten Rock gesteckt wird. Sie zeichnet die Silhouette mit gro\u00dfer Eleganz. Und Sie k\u00f6nnen es leicht an Ihren Stil anpassen!<br \/>\nEs bietet sch\u00f6ne Details: die hinteren Taschen sind in Form einer Tulpe, der abnehmbare G\u00fcrtel im gleichen Stoff, die Druckkn\u00f6pfe aus Messing.<br \/>\nHergestellt aus einer Cord-Baumwolle, die den Vorteil hat, Trost, W\u00e4rme, Weichheit, aber auch gro\u00dfen Komfort zu bringen.<br \/>\nDie Farbe &#8220;CHOCOLAT&#8221; ist eine Alternative zum Schwarz, sie w\u00e4rmt den Teint im Winter. Eine einzigartige schicke und easy-to-wear Farbe.<\/p>\n<p>Die Gr\u00f6\u00dfe passt normalerweise, wir empfehlen Ihnen, Ihre \u00fcbliche Gr\u00f6\u00dfe zu w\u00e4hlen.<br \/>\nSandy tr\u00e4gt eine Gr\u00f6\u00dfe 36 und misst 170 cm.<\/p>\n","protected":false},"featured_media":98854,"comment_status":"closed","ping_status":"closed","template":"","meta":{"_acf_changed":false},"product_cat":[312,231,233,328,314],"product_tag":[335],"acf":[],"yoast_head":"<!-- This site is optimized with the Yoast SEO plugin v22.6 - https:\/\/yoast.com\/wordpress\/plugins\/seo\/ -->\n<title>LA ROBE TROMPE L&#039;OEIL -<\/title>\n<meta name=\"robots\" content=\"index, follow, max-snippet:-1, max-image-preview:large, max-video-preview:-1\" \/>\n<link rel=\"canonical\" href=\"https:\/\/happyhaus.fr\/de\/produkt\/la-robe-trompe-loeil-chocolat\/\" \/>\n<meta property=\"og:locale\" content=\"de_DE\" \/>\n<meta property=\"og:type\" content=\"article\" \/>\n<meta property=\"og:title\" content=\"LA ROBE TROMPE L&#039;OEIL -\" \/>\n<meta property=\"og:description\" content=\"Unser TROMPE L&#039;OEIL Kleid aus Cord ist feminin und zeitlos. Sie zeigt den illusorischen Effekt eines Hemdes, das in einen langen ausgestellten Rock gesteckt wird. Sie zeichnet die Silhouette mit gro\u00dfer Eleganz. Und Sie k\u00f6nnen es leicht an Ihren Stil anpassen! Es bietet sch\u00f6ne Details: die hinteren Taschen sind in Form einer Tulpe, der abnehmbare G\u00fcrtel im gleichen Stoff, die Druckkn\u00f6pfe aus Messing. Hergestellt aus einer Cord-Baumwolle, die den Vorteil hat, Trost, W\u00e4rme, Weichheit, aber auch gro\u00dfen Komfort zu bringen. Die Farbe &quot;CHOCOLAT&quot; ist eine Alternative zum Schwarz, sie w\u00e4rmt den Teint im Winter. Eine einzigartige schicke und easy-to-wear Farbe.  Die Gr\u00f6\u00dfe passt normalerweise, wir empfehlen Ihnen, Ihre \u00fcbliche Gr\u00f6\u00dfe zu w\u00e4hlen. Sandy tr\u00e4gt eine Gr\u00f6\u00dfe 36 und misst 170 cm.\" \/>\n<meta property=\"og:url\" content=\"https:\/\/happyhaus.fr\/de\/produkt\/la-robe-trompe-loeil-chocolat\/\" \/>\n<meta property=\"article:modified_time\" content=\"2025-11-26T11:27:21+00:00\" \/>\n<meta property=\"og:image\" content=\"https:\/\/happyhaus.fr\/wp-content\/uploads\/2025\/10\/Z1-683x1024.png\" \/>\n\t<meta property=\"og:image:width\" content=\"683\" \/>\n\t<meta property=\"og:image:height\" content=\"1024\" \/>\n\t<meta property=\"og:image:type\" content=\"image\/png\" \/>\n<meta name=\"twitter:card\" content=\"summary_large_image\" \/>\n<meta name=\"twitter:label1\" content=\"Gesch\u00e4tzte Lesezeit\" \/>\n\t<meta name=\"twitter:data1\" content=\"1\u00a0Minute\" \/>\n<script type=\"application\/ld+json\" class=\"yoast-schema-graph\">{\"@context\":\"https:\/\/schema.org\",\"@graph\":[{\"@type\":\"WebPage\",\"@id\":\"https:\/\/happyhaus.fr\/de\/produkt\/la-robe-trompe-loeil-chocolat\/\",\"url\":\"https:\/\/happyhaus.fr\/de\/produkt\/la-robe-trompe-loeil-chocolat\/\",\"name\":\"LA ROBE TROMPE L'OEIL -\",\"isPartOf\":{\"@id\":\"https:\/\/happyhaus.fr\/#website\"},\"primaryImageOfPage\":{\"@id\":\"https:\/\/happyhaus.fr\/de\/produkt\/la-robe-trompe-loeil-chocolat\/#primaryimage\"},\"image\":{\"@id\":\"https:\/\/happyhaus.fr\/de\/produkt\/la-robe-trompe-loeil-chocolat\/#primaryimage\"},\"thumbnailUrl\":\"https:\/\/happyhaus.fr\/wp-content\/uploads\/2025\/10\/Z1.png\",\"datePublished\":\"2025-09-24T13:56:16+00:00\",\"dateModified\":\"2025-11-26T11:27:21+00:00\",\"breadcrumb\":{\"@id\":\"https:\/\/happyhaus.fr\/de\/produkt\/la-robe-trompe-loeil-chocolat\/#breadcrumb\"},\"inLanguage\":\"de\",\"potentialAction\":[{\"@type\":\"ReadAction\",\"target\":[\"https:\/\/happyhaus.fr\/de\/produkt\/la-robe-trompe-loeil-chocolat\/\"]}]},{\"@type\":\"ImageObject\",\"inLanguage\":\"de\",\"@id\":\"https:\/\/happyhaus.fr\/de\/produkt\/la-robe-trompe-loeil-chocolat\/#primaryimage\",\"url\":\"https:\/\/happyhaus.fr\/wp-content\/uploads\/2025\/10\/Z1.png\",\"contentUrl\":\"https:\/\/happyhaus.fr\/wp-content\/uploads\/2025\/10\/Z1.png\",\"width\":1707,\"height\":2560},{\"@type\":\"BreadcrumbList\",\"@id\":\"https:\/\/happyhaus.fr\/de\/produkt\/la-robe-trompe-loeil-chocolat\/#breadcrumb\",\"itemListElement\":[{\"@type\":\"ListItem\",\"position\":1,\"name\":\"Accueil\",\"item\":\"https:\/\/happyhaus.fr\/de\/\"},{\"@type\":\"ListItem\",\"position\":2,\"name\":\"Priv\u00e9\u00a0: Shop\",\"item\":\"https:\/\/happyhaus.fr\/?page_id=4438\"},{\"@type\":\"ListItem\",\"position\":3,\"name\":\"LA ROBE TROMPE L&#8217;OEIL\"}]},{\"@type\":\"WebSite\",\"@id\":\"https:\/\/happyhaus.fr\/#website\",\"url\":\"https:\/\/happyhaus.fr\/\",\"name\":\"\",\"description\":\"\",\"potentialAction\":[{\"@type\":\"SearchAction\",\"target\":{\"@type\":\"EntryPoint\",\"urlTemplate\":\"https:\/\/happyhaus.fr\/?s={search_term_string}\"},\"query-input\":\"required name=search_term_string\"}],\"inLanguage\":\"de\"}]}<\/script>\n<!-- \/ Yoast SEO plugin. -->","yoast_head_json":{"title":"LA ROBE TROMPE L'OEIL -","robots":{"index":"index","follow":"follow","max-snippet":"max-snippet:-1","max-image-preview":"max-image-preview:large","max-video-preview":"max-video-preview:-1"},"canonical":"https:\/\/happyhaus.fr\/de\/produkt\/la-robe-trompe-loeil-chocolat\/","og_locale":"de_DE","og_type":"article","og_title":"LA ROBE TROMPE L'OEIL -","og_description":"Unser TROMPE L'OEIL Kleid aus Cord ist feminin und zeitlos. Sie zeigt den illusorischen Effekt eines Hemdes, das in einen langen ausgestellten Rock gesteckt wird. Sie zeichnet die Silhouette mit gro\u00dfer Eleganz. Und Sie k\u00f6nnen es leicht an Ihren Stil anpassen! Es bietet sch\u00f6ne Details: die hinteren Taschen sind in Form einer Tulpe, der abnehmbare G\u00fcrtel im gleichen Stoff, die Druckkn\u00f6pfe aus Messing. Hergestellt aus einer Cord-Baumwolle, die den Vorteil hat, Trost, W\u00e4rme, Weichheit, aber auch gro\u00dfen Komfort zu bringen. Die Farbe \"CHOCOLAT\" ist eine Alternative zum Schwarz, sie w\u00e4rmt den Teint im Winter. Eine einzigartige schicke und easy-to-wear Farbe.  Die Gr\u00f6\u00dfe passt normalerweise, wir empfehlen Ihnen, Ihre \u00fcbliche Gr\u00f6\u00dfe zu w\u00e4hlen. Sandy tr\u00e4gt eine Gr\u00f6\u00dfe 36 und misst 170 cm.","og_url":"https:\/\/happyhaus.fr\/de\/produkt\/la-robe-trompe-loeil-chocolat\/","article_modified_time":"2025-11-26T11:27:21+00:00","og_image":[{"width":683,"height":1024,"url":"https:\/\/happyhaus.fr\/wp-content\/uploads\/2025\/10\/Z1-683x1024.png","type":"image\/png"}],"twitter_card":"summary_large_image","twitter_misc":{"Gesch\u00e4tzte Lesezeit":"1\u00a0Minute"},"schema":{"@context":"https:\/\/schema.org","@graph":[{"@type":"WebPage","@id":"https:\/\/happyhaus.fr\/de\/produkt\/la-robe-trompe-loeil-chocolat\/","url":"https:\/\/happyhaus.fr\/de\/produkt\/la-robe-trompe-loeil-chocolat\/","name":"LA ROBE TROMPE L'OEIL -","isPartOf":{"@id":"https:\/\/happyhaus.fr\/#website"},"primaryImageOfPage":{"@id":"https:\/\/happyhaus.fr\/de\/produkt\/la-robe-trompe-loeil-chocolat\/#primaryimage"},"image":{"@id":"https:\/\/happyhaus.fr\/de\/produkt\/la-robe-trompe-loeil-chocolat\/#primaryimage"},"thumbnailUrl":"https:\/\/happyhaus.fr\/wp-content\/uploads\/2025\/10\/Z1.png","datePublished":"2025-09-24T13:56:16+00:00","dateModified":"2025-11-26T11:27:21+00:00","breadcrumb":{"@id":"https:\/\/happyhaus.fr\/de\/produkt\/la-robe-trompe-loeil-chocolat\/#breadcrumb"},"inLanguage":"de","potentialAction":[{"@type":"ReadAction","target":["https:\/\/happyhaus.fr\/de\/produkt\/la-robe-trompe-loeil-chocolat\/"]}]},{"@type":"ImageObject","inLanguage":"de","@id":"https:\/\/happyhaus.fr\/de\/produkt\/la-robe-trompe-loeil-chocolat\/#primaryimage","url":"https:\/\/happyhaus.fr\/wp-content\/uploads\/2025\/10\/Z1.png","contentUrl":"https:\/\/happyhaus.fr\/wp-content\/uploads\/2025\/10\/Z1.png","width":1707,"height":2560},{"@type":"BreadcrumbList","@id":"https:\/\/happyhaus.fr\/de\/produkt\/la-robe-trompe-loeil-chocolat\/#breadcrumb","itemListElement":[{"@type":"ListItem","position":1,"name":"Accueil","item":"https:\/\/happyhaus.fr\/de\/"},{"@type":"ListItem","position":2,"name":"Priv\u00e9\u00a0: Shop","item":"https:\/\/happyhaus.fr\/?page_id=4438"},{"@type":"ListItem","position":3,"name":"LA ROBE TROMPE L&#8217;OEIL"}]},{"@type":"WebSite","@id":"https:\/\/happyhaus.fr\/#website","url":"https:\/\/happyhaus.fr\/","name":"","description":"","potentialAction":[{"@type":"SearchAction","target":{"@type":"EntryPoint","urlTemplate":"https:\/\/happyhaus.fr\/?s={search_term_string}"},"query-input":"required name=search_term_string"}],"inLanguage":"de"}]}},"_links":{"self":[{"href":"https:\/\/happyhaus.fr\/de\/wp-json\/wp\/v2\/product\/98266"}],"collection":[{"href":"https:\/\/happyhaus.fr\/de\/wp-json\/wp\/v2\/product"}],"about":[{"href":"https:\/\/happyhaus.fr\/de\/wp-json\/wp\/v2\/types\/product"}],"replies":[{"embeddable":true,"href":"https:\/\/happyhaus.fr\/de\/wp-json\/wp\/v2\/comments?post=98266"}],"wp:featuredmedia":[{"embeddable":true,"href":"https:\/\/happyhaus.fr\/de\/wp-json\/wp\/v2\/media\/98854"}],"wp:attachment":[{"href":"https:\/\/happyhaus.fr\/de\/wp-json\/wp\/v2\/media?parent=98266"}],"wp:term":[{"taxonomy":"product_cat","embeddable":true,"href":"https:\/\/happyhaus.fr\/de\/wp-json\/wp\/v2\/product_cat?post=98266"},{"taxonomy":"product_tag","embeddable":true,"href":"https:\/\/happyhaus.fr\/de\/wp-json\/wp\/v2\/product_tag?post=98266"}],"curies":[{"name":"wp","href":"https:\/\/api.w.org\/{rel}","templated":true}]}}