{"id":98194,"date":"2025-09-29T12:27:26","date_gmt":"2025-09-23T10:00:27","guid":{"rendered":"https:\/\/happyhaus.fr\/?post_type=product&#038;p=98194"},"modified":"2026-02-11T17:01:57","modified_gmt":"2026-02-11T16:01:57","slug":"le-pantalon-over-chino-schwarz","status":"publish","type":"product","link":"https:\/\/happyhaus.fr\/de\/produkt\/le-pantalon-over-chino-schwarz\/","title":{"rendered":"Le pantalon OVER CHINO"},"content":{"rendered":"<ul>\n<li>Oversize fit<\/li>\n<li>Ausgestellter Schnitt<\/li>\n<li>5 Taschen<\/li>\n<li>2 gro\u00dfe aufgesetzte Taschen auf der R\u00fcckseite<\/li>\n<li>Happy Haus gesteppte Pfauenstickerei auf der Ges\u00e4\u00dftasche<\/li>\n<li>Corozo-Knopf<\/li>\n<li>Abnehmbarer G\u00fcrtel<\/li>\n<li>Cord<\/li>\n<li>100% Baumwolle<\/li>\n<\/ul>\n<p>Stoffherkunft: Italien<br \/>\nHergestellt in Tunesien<\/p>\n","protected":false},"excerpt":{"rendered":"<p>&nbsp;<\/p>\n<p>Unsere OVER CHINO Cordhose ist feminin, elegant und zeitlos. Sie hat einen weiten, \u00fcbergro\u00dfen Schnitt mit gleichm\u00e4\u00dfiger L\u00e4nge. Tragen Sie hohe Taille oder niedrige Taille, es liegt an Ihnen. Es bietet sch\u00f6ne Details: unser Ton-in-Ton gestickter Pfau auf der hinteren Tasche, abnehmbarer G\u00fcrtel im gleichen Stoff, Corozo-Knopf. Die Hose kann in der Taille getragen werden oder mehr &#8220;oversize Deguaine&#8221; f\u00fcr eine coolere und entspanntere Haltung.<br \/>\nHergestellt aus einer Cordbaumwolle, die den Vorteil hat, Trost, W\u00e4rme, Weichheit, aber auch gro\u00dfen Komfort zu bringen.<br \/>\nSeine schwarze Farbe ist sehr einfach mit Ihrer gesamten Garderobe zu kombinieren.<\/p>\n<p>Die Gr\u00f6\u00dfe passt bequem, wir empfehlen Ihnen, eine Gr\u00f6\u00dfe unter Ihrer \u00fcblichen Gr\u00f6\u00dfe zu w\u00e4hlen.<br \/>\nSandy tr\u00e4gt eine Gr\u00f6\u00dfe 35 und misst 170 cm.<\/p>\n","protected":false},"featured_media":98866,"comment_status":"open","ping_status":"closed","template":"","meta":{"_acf_changed":false},"product_cat":[312,231,236,314],"product_tag":[],"acf":[],"yoast_head":"<!-- This site is optimized with the Yoast SEO plugin v22.6 - https:\/\/yoast.com\/wordpress\/plugins\/seo\/ -->\n<title>Le pantalon OVER CHINO -<\/title>\n<meta name=\"robots\" content=\"index, follow, max-snippet:-1, max-image-preview:large, max-video-preview:-1\" \/>\n<link rel=\"canonical\" href=\"https:\/\/happyhaus.fr\/de\/produkt\/le-pantalon-over-chino-schwarz\/\" \/>\n<meta property=\"og:locale\" content=\"de_DE\" \/>\n<meta property=\"og:type\" content=\"article\" \/>\n<meta property=\"og:title\" content=\"Le pantalon OVER CHINO -\" \/>\n<meta property=\"og:description\" content=\"&nbsp;  Unsere OVER CHINO Cordhose ist feminin, elegant und zeitlos. Sie hat einen weiten, \u00fcbergro\u00dfen Schnitt mit gleichm\u00e4\u00dfiger L\u00e4nge. Tragen Sie hohe Taille oder niedrige Taille, es liegt an Ihnen. Es bietet sch\u00f6ne Details: unser Ton-in-Ton gestickter Pfau auf der hinteren Tasche, abnehmbarer G\u00fcrtel im gleichen Stoff, Corozo-Knopf. Die Hose kann in der Taille getragen werden oder mehr &quot;oversize Deguaine&quot; f\u00fcr eine coolere und entspanntere Haltung. Hergestellt aus einer Cordbaumwolle, die den Vorteil hat, Trost, W\u00e4rme, Weichheit, aber auch gro\u00dfen Komfort zu bringen. Seine schwarze Farbe ist sehr einfach mit Ihrer gesamten Garderobe zu kombinieren.  Die Gr\u00f6\u00dfe passt bequem, wir empfehlen Ihnen, eine Gr\u00f6\u00dfe unter Ihrer \u00fcblichen Gr\u00f6\u00dfe zu w\u00e4hlen. Sandy tr\u00e4gt eine Gr\u00f6\u00dfe 35 und misst 170 cm.\" \/>\n<meta property=\"og:url\" content=\"https:\/\/happyhaus.fr\/de\/produkt\/le-pantalon-over-chino-schwarz\/\" \/>\n<meta property=\"article:modified_time\" content=\"2026-02-11T16:01:57+00:00\" \/>\n<meta property=\"og:image\" content=\"https:\/\/happyhaus.fr\/wp-content\/uploads\/2025\/09\/Z3-683x1024.png\" \/>\n\t<meta property=\"og:image:width\" content=\"683\" \/>\n\t<meta property=\"og:image:height\" content=\"1024\" \/>\n\t<meta property=\"og:image:type\" content=\"image\/png\" \/>\n<meta name=\"twitter:card\" content=\"summary_large_image\" \/>\n<meta name=\"twitter:label1\" content=\"Gesch\u00e4tzte Lesezeit\" \/>\n\t<meta name=\"twitter:data1\" content=\"1\u00a0Minute\" \/>\n<script type=\"application\/ld+json\" class=\"yoast-schema-graph\">{\"@context\":\"https:\/\/schema.org\",\"@graph\":[{\"@type\":\"WebPage\",\"@id\":\"https:\/\/happyhaus.fr\/de\/produkt\/le-pantalon-over-chino-schwarz\/\",\"url\":\"https:\/\/happyhaus.fr\/de\/produkt\/le-pantalon-over-chino-schwarz\/\",\"name\":\"Le pantalon OVER CHINO -\",\"isPartOf\":{\"@id\":\"https:\/\/happyhaus.fr\/#website\"},\"primaryImageOfPage\":{\"@id\":\"https:\/\/happyhaus.fr\/de\/produkt\/le-pantalon-over-chino-schwarz\/#primaryimage\"},\"image\":{\"@id\":\"https:\/\/happyhaus.fr\/de\/produkt\/le-pantalon-over-chino-schwarz\/#primaryimage\"},\"thumbnailUrl\":\"https:\/\/happyhaus.fr\/wp-content\/uploads\/2025\/09\/Z3.png\",\"datePublished\":\"2025-09-23T10:00:27+00:00\",\"dateModified\":\"2026-02-11T16:01:57+00:00\",\"breadcrumb\":{\"@id\":\"https:\/\/happyhaus.fr\/de\/produkt\/le-pantalon-over-chino-schwarz\/#breadcrumb\"},\"inLanguage\":\"de\",\"potentialAction\":[{\"@type\":\"ReadAction\",\"target\":[\"https:\/\/happyhaus.fr\/de\/produkt\/le-pantalon-over-chino-schwarz\/\"]}]},{\"@type\":\"ImageObject\",\"inLanguage\":\"de\",\"@id\":\"https:\/\/happyhaus.fr\/de\/produkt\/le-pantalon-over-chino-schwarz\/#primaryimage\",\"url\":\"https:\/\/happyhaus.fr\/wp-content\/uploads\/2025\/09\/Z3.png\",\"contentUrl\":\"https:\/\/happyhaus.fr\/wp-content\/uploads\/2025\/09\/Z3.png\",\"width\":1707,\"height\":2560},{\"@type\":\"BreadcrumbList\",\"@id\":\"https:\/\/happyhaus.fr\/de\/produkt\/le-pantalon-over-chino-schwarz\/#breadcrumb\",\"itemListElement\":[{\"@type\":\"ListItem\",\"position\":1,\"name\":\"Accueil\",\"item\":\"https:\/\/happyhaus.fr\/de\/\"},{\"@type\":\"ListItem\",\"position\":2,\"name\":\"Priv\u00e9\u00a0: Shop\",\"item\":\"https:\/\/happyhaus.fr\/?page_id=4438\"},{\"@type\":\"ListItem\",\"position\":3,\"name\":\"Le pantalon OVER CHINO\"}]},{\"@type\":\"WebSite\",\"@id\":\"https:\/\/happyhaus.fr\/#website\",\"url\":\"https:\/\/happyhaus.fr\/\",\"name\":\"\",\"description\":\"\",\"potentialAction\":[{\"@type\":\"SearchAction\",\"target\":{\"@type\":\"EntryPoint\",\"urlTemplate\":\"https:\/\/happyhaus.fr\/?s={search_term_string}\"},\"query-input\":\"required name=search_term_string\"}],\"inLanguage\":\"de\"}]}<\/script>\n<!-- \/ Yoast SEO plugin. -->","yoast_head_json":{"title":"Le pantalon OVER CHINO -","robots":{"index":"index","follow":"follow","max-snippet":"max-snippet:-1","max-image-preview":"max-image-preview:large","max-video-preview":"max-video-preview:-1"},"canonical":"https:\/\/happyhaus.fr\/de\/produkt\/le-pantalon-over-chino-schwarz\/","og_locale":"de_DE","og_type":"article","og_title":"Le pantalon OVER CHINO -","og_description":"&nbsp;  Unsere OVER CHINO Cordhose ist feminin, elegant und zeitlos. Sie hat einen weiten, \u00fcbergro\u00dfen Schnitt mit gleichm\u00e4\u00dfiger L\u00e4nge. Tragen Sie hohe Taille oder niedrige Taille, es liegt an Ihnen. Es bietet sch\u00f6ne Details: unser Ton-in-Ton gestickter Pfau auf der hinteren Tasche, abnehmbarer G\u00fcrtel im gleichen Stoff, Corozo-Knopf. Die Hose kann in der Taille getragen werden oder mehr \"oversize Deguaine\" f\u00fcr eine coolere und entspanntere Haltung. Hergestellt aus einer Cordbaumwolle, die den Vorteil hat, Trost, W\u00e4rme, Weichheit, aber auch gro\u00dfen Komfort zu bringen. Seine schwarze Farbe ist sehr einfach mit Ihrer gesamten Garderobe zu kombinieren.  Die Gr\u00f6\u00dfe passt bequem, wir empfehlen Ihnen, eine Gr\u00f6\u00dfe unter Ihrer \u00fcblichen Gr\u00f6\u00dfe zu w\u00e4hlen. Sandy tr\u00e4gt eine Gr\u00f6\u00dfe 35 und misst 170 cm.","og_url":"https:\/\/happyhaus.fr\/de\/produkt\/le-pantalon-over-chino-schwarz\/","article_modified_time":"2026-02-11T16:01:57+00:00","og_image":[{"width":683,"height":1024,"url":"https:\/\/happyhaus.fr\/wp-content\/uploads\/2025\/09\/Z3-683x1024.png","type":"image\/png"}],"twitter_card":"summary_large_image","twitter_misc":{"Gesch\u00e4tzte Lesezeit":"1\u00a0Minute"},"schema":{"@context":"https:\/\/schema.org","@graph":[{"@type":"WebPage","@id":"https:\/\/happyhaus.fr\/de\/produkt\/le-pantalon-over-chino-schwarz\/","url":"https:\/\/happyhaus.fr\/de\/produkt\/le-pantalon-over-chino-schwarz\/","name":"Le pantalon OVER CHINO -","isPartOf":{"@id":"https:\/\/happyhaus.fr\/#website"},"primaryImageOfPage":{"@id":"https:\/\/happyhaus.fr\/de\/produkt\/le-pantalon-over-chino-schwarz\/#primaryimage"},"image":{"@id":"https:\/\/happyhaus.fr\/de\/produkt\/le-pantalon-over-chino-schwarz\/#primaryimage"},"thumbnailUrl":"https:\/\/happyhaus.fr\/wp-content\/uploads\/2025\/09\/Z3.png","datePublished":"2025-09-23T10:00:27+00:00","dateModified":"2026-02-11T16:01:57+00:00","breadcrumb":{"@id":"https:\/\/happyhaus.fr\/de\/produkt\/le-pantalon-over-chino-schwarz\/#breadcrumb"},"inLanguage":"de","potentialAction":[{"@type":"ReadAction","target":["https:\/\/happyhaus.fr\/de\/produkt\/le-pantalon-over-chino-schwarz\/"]}]},{"@type":"ImageObject","inLanguage":"de","@id":"https:\/\/happyhaus.fr\/de\/produkt\/le-pantalon-over-chino-schwarz\/#primaryimage","url":"https:\/\/happyhaus.fr\/wp-content\/uploads\/2025\/09\/Z3.png","contentUrl":"https:\/\/happyhaus.fr\/wp-content\/uploads\/2025\/09\/Z3.png","width":1707,"height":2560},{"@type":"BreadcrumbList","@id":"https:\/\/happyhaus.fr\/de\/produkt\/le-pantalon-over-chino-schwarz\/#breadcrumb","itemListElement":[{"@type":"ListItem","position":1,"name":"Accueil","item":"https:\/\/happyhaus.fr\/de\/"},{"@type":"ListItem","position":2,"name":"Priv\u00e9\u00a0: Shop","item":"https:\/\/happyhaus.fr\/?page_id=4438"},{"@type":"ListItem","position":3,"name":"Le pantalon OVER CHINO"}]},{"@type":"WebSite","@id":"https:\/\/happyhaus.fr\/#website","url":"https:\/\/happyhaus.fr\/","name":"","description":"","potentialAction":[{"@type":"SearchAction","target":{"@type":"EntryPoint","urlTemplate":"https:\/\/happyhaus.fr\/?s={search_term_string}"},"query-input":"required name=search_term_string"}],"inLanguage":"de"}]}},"_links":{"self":[{"href":"https:\/\/happyhaus.fr\/de\/wp-json\/wp\/v2\/product\/98194"}],"collection":[{"href":"https:\/\/happyhaus.fr\/de\/wp-json\/wp\/v2\/product"}],"about":[{"href":"https:\/\/happyhaus.fr\/de\/wp-json\/wp\/v2\/types\/product"}],"replies":[{"embeddable":true,"href":"https:\/\/happyhaus.fr\/de\/wp-json\/wp\/v2\/comments?post=98194"}],"wp:featuredmedia":[{"embeddable":true,"href":"https:\/\/happyhaus.fr\/de\/wp-json\/wp\/v2\/media\/98866"}],"wp:attachment":[{"href":"https:\/\/happyhaus.fr\/de\/wp-json\/wp\/v2\/media?parent=98194"}],"wp:term":[{"taxonomy":"product_cat","embeddable":true,"href":"https:\/\/happyhaus.fr\/de\/wp-json\/wp\/v2\/product_cat?post=98194"},{"taxonomy":"product_tag","embeddable":true,"href":"https:\/\/happyhaus.fr\/de\/wp-json\/wp\/v2\/product_tag?post=98194"}],"curies":[{"name":"wp","href":"https:\/\/api.w.org\/{rel}","templated":true}]}}