{"id":98116,"date":"2025-09-03T10:08:39","date_gmt":"2025-09-03T08:08:40","guid":{"rendered":"https:\/\/happyhaus.fr\/?post_type=product&#038;p=98116"},"modified":"2025-11-26T17:21:01","modified_gmt":"2025-11-26T16:21:01","slug":"la-blouse-bubble-indigo","status":"publish","type":"product","link":"https:\/\/happyhaus.fr\/de\/produkt\/la-blouse-bubble-indigo\/","title":{"rendered":"LA BLOUSE BUBBLE"},"content":{"rendered":"<ul>\n<li>Gerader Schnitt<\/li>\n<li>Kurzarm in Ballonform<\/li>\n<li>Corozo Kn\u00f6pfe<\/li>\n<li>Tabakn\u00e4hte<\/li>\n<li>Rundhalsausschnitt<\/li>\n<li>100% Baumwolle<\/li>\n<\/ul>\n<p>Fabric Origin : Italy<\/p>\n<p>Made in Tunisia<\/p>\n","protected":false},"excerpt":{"rendered":"<p>Die BUBBLE-Bluse zeichnet sich durch ihre schicken und zeitlosen Ballon\u00e4rmel aus. Sie hat einen geraden Schnitt. Die Details sind sehr gepflegt: die N\u00e4hte in der Farbe Tabak, die Kn\u00f6pfe in Corozo. Die BUBBLE-Bluse hat einen runden Ausschnitt.<\/p>\n<p>Es ist aus unserem leichten Baumwoll-Denim gefertigt, dieser ist leicht, weich und sehr angenehm zu tragen.<\/p>\n<p>Die Gr\u00f6\u00dfe passt normal. Wir empfehlen Ihnen, Ihre \u00fcbliche Gr\u00f6\u00dfe zu nehmen.<\/p>\n","protected":false},"featured_media":98158,"comment_status":"closed","ping_status":"closed","template":"","meta":{"_acf_changed":false},"product_cat":[312,231,237,512],"product_tag":[335],"acf":[],"yoast_head":"<!-- This site is optimized with the Yoast SEO plugin v22.6 - https:\/\/yoast.com\/wordpress\/plugins\/seo\/ -->\n<title>LA BLOUSE BUBBLE -<\/title>\n<meta name=\"robots\" content=\"index, follow, max-snippet:-1, max-image-preview:large, max-video-preview:-1\" \/>\n<link rel=\"canonical\" href=\"https:\/\/happyhaus.fr\/en\/produkt\/la-blouse-bubble-indigo\/\" \/>\n<meta property=\"og:locale\" content=\"de_DE\" \/>\n<meta property=\"og:type\" content=\"article\" \/>\n<meta property=\"og:title\" content=\"LA BLOUSE BUBBLE -\" \/>\n<meta property=\"og:description\" content=\"Die BUBBLE-Bluse zeichnet sich durch ihre schicken und zeitlosen Ballon\u00e4rmel aus. Sie hat einen geraden Schnitt. Die Details sind sehr gepflegt: die N\u00e4hte in der Farbe Tabak, die Kn\u00f6pfe in Corozo. Die BUBBLE-Bluse hat einen runden Ausschnitt.  Es ist aus unserem leichten Baumwoll-Denim gefertigt, dieser ist leicht, weich und sehr angenehm zu tragen.  Die Gr\u00f6\u00dfe passt normal. Wir empfehlen Ihnen, Ihre \u00fcbliche Gr\u00f6\u00dfe zu nehmen.\" \/>\n<meta property=\"og:url\" content=\"https:\/\/happyhaus.fr\/en\/produkt\/la-blouse-bubble-indigo\/\" \/>\n<meta property=\"article:modified_time\" content=\"2025-11-26T16:21:01+00:00\" \/>\n<meta property=\"og:image\" content=\"https:\/\/happyhaus.fr\/wp-content\/uploads\/2025\/09\/Z1-3.jpg\" \/>\n\t<meta property=\"og:image:width\" content=\"1707\" \/>\n\t<meta property=\"og:image:height\" content=\"2560\" \/>\n\t<meta property=\"og:image:type\" content=\"image\/jpeg\" \/>\n<meta name=\"twitter:card\" content=\"summary_large_image\" \/>\n<meta name=\"twitter:label1\" content=\"Gesch\u00e4tzte Lesezeit\" \/>\n\t<meta name=\"twitter:data1\" content=\"1\u00a0Minute\" \/>\n<script type=\"application\/ld+json\" class=\"yoast-schema-graph\">{\"@context\":\"https:\/\/schema.org\",\"@graph\":[{\"@type\":\"WebPage\",\"@id\":\"https:\/\/happyhaus.fr\/en\/produkt\/la-blouse-bubble-indigo\/\",\"url\":\"https:\/\/happyhaus.fr\/en\/produkt\/la-blouse-bubble-indigo\/\",\"name\":\"LA BLOUSE BUBBLE -\",\"isPartOf\":{\"@id\":\"https:\/\/happyhaus.fr\/#website\"},\"primaryImageOfPage\":{\"@id\":\"https:\/\/happyhaus.fr\/en\/produkt\/la-blouse-bubble-indigo\/#primaryimage\"},\"image\":{\"@id\":\"https:\/\/happyhaus.fr\/en\/produkt\/la-blouse-bubble-indigo\/#primaryimage\"},\"thumbnailUrl\":\"https:\/\/happyhaus.fr\/wp-content\/uploads\/2025\/09\/Z1-3.jpg\",\"datePublished\":\"2025-09-03T08:08:40+00:00\",\"dateModified\":\"2025-11-26T16:21:01+00:00\",\"breadcrumb\":{\"@id\":\"https:\/\/happyhaus.fr\/en\/produkt\/la-blouse-bubble-indigo\/#breadcrumb\"},\"inLanguage\":\"de\",\"potentialAction\":[{\"@type\":\"ReadAction\",\"target\":[\"https:\/\/happyhaus.fr\/en\/produkt\/la-blouse-bubble-indigo\/\"]}]},{\"@type\":\"ImageObject\",\"inLanguage\":\"de\",\"@id\":\"https:\/\/happyhaus.fr\/en\/produkt\/la-blouse-bubble-indigo\/#primaryimage\",\"url\":\"https:\/\/happyhaus.fr\/wp-content\/uploads\/2025\/09\/Z1-3.jpg\",\"contentUrl\":\"https:\/\/happyhaus.fr\/wp-content\/uploads\/2025\/09\/Z1-3.jpg\",\"width\":1707,\"height\":2560},{\"@type\":\"BreadcrumbList\",\"@id\":\"https:\/\/happyhaus.fr\/en\/produkt\/la-blouse-bubble-indigo\/#breadcrumb\",\"itemListElement\":[{\"@type\":\"ListItem\",\"position\":1,\"name\":\"Accueil\",\"item\":\"https:\/\/happyhaus.fr\/de\/\"},{\"@type\":\"ListItem\",\"position\":2,\"name\":\"Priv\u00e9\u00a0: Shop\",\"item\":\"https:\/\/happyhaus.fr\/?page_id=4438\"},{\"@type\":\"ListItem\",\"position\":3,\"name\":\"LA BLOUSE BUBBLE\"}]},{\"@type\":\"WebSite\",\"@id\":\"https:\/\/happyhaus.fr\/#website\",\"url\":\"https:\/\/happyhaus.fr\/\",\"name\":\"\",\"description\":\"\",\"potentialAction\":[{\"@type\":\"SearchAction\",\"target\":{\"@type\":\"EntryPoint\",\"urlTemplate\":\"https:\/\/happyhaus.fr\/?s={search_term_string}\"},\"query-input\":\"required name=search_term_string\"}],\"inLanguage\":\"de\"}]}<\/script>\n<!-- \/ Yoast SEO plugin. -->","yoast_head_json":{"title":"LA BLOUSE BUBBLE -","robots":{"index":"index","follow":"follow","max-snippet":"max-snippet:-1","max-image-preview":"max-image-preview:large","max-video-preview":"max-video-preview:-1"},"canonical":"https:\/\/happyhaus.fr\/en\/produkt\/la-blouse-bubble-indigo\/","og_locale":"de_DE","og_type":"article","og_title":"LA BLOUSE BUBBLE -","og_description":"Die BUBBLE-Bluse zeichnet sich durch ihre schicken und zeitlosen Ballon\u00e4rmel aus. Sie hat einen geraden Schnitt. Die Details sind sehr gepflegt: die N\u00e4hte in der Farbe Tabak, die Kn\u00f6pfe in Corozo. Die BUBBLE-Bluse hat einen runden Ausschnitt.  Es ist aus unserem leichten Baumwoll-Denim gefertigt, dieser ist leicht, weich und sehr angenehm zu tragen.  Die Gr\u00f6\u00dfe passt normal. Wir empfehlen Ihnen, Ihre \u00fcbliche Gr\u00f6\u00dfe zu nehmen.","og_url":"https:\/\/happyhaus.fr\/en\/produkt\/la-blouse-bubble-indigo\/","article_modified_time":"2025-11-26T16:21:01+00:00","og_image":[{"width":1707,"height":2560,"url":"https:\/\/happyhaus.fr\/wp-content\/uploads\/2025\/09\/Z1-3.jpg","type":"image\/jpeg"}],"twitter_card":"summary_large_image","twitter_misc":{"Gesch\u00e4tzte Lesezeit":"1\u00a0Minute"},"schema":{"@context":"https:\/\/schema.org","@graph":[{"@type":"WebPage","@id":"https:\/\/happyhaus.fr\/en\/produkt\/la-blouse-bubble-indigo\/","url":"https:\/\/happyhaus.fr\/en\/produkt\/la-blouse-bubble-indigo\/","name":"LA BLOUSE BUBBLE -","isPartOf":{"@id":"https:\/\/happyhaus.fr\/#website"},"primaryImageOfPage":{"@id":"https:\/\/happyhaus.fr\/en\/produkt\/la-blouse-bubble-indigo\/#primaryimage"},"image":{"@id":"https:\/\/happyhaus.fr\/en\/produkt\/la-blouse-bubble-indigo\/#primaryimage"},"thumbnailUrl":"https:\/\/happyhaus.fr\/wp-content\/uploads\/2025\/09\/Z1-3.jpg","datePublished":"2025-09-03T08:08:40+00:00","dateModified":"2025-11-26T16:21:01+00:00","breadcrumb":{"@id":"https:\/\/happyhaus.fr\/en\/produkt\/la-blouse-bubble-indigo\/#breadcrumb"},"inLanguage":"de","potentialAction":[{"@type":"ReadAction","target":["https:\/\/happyhaus.fr\/en\/produkt\/la-blouse-bubble-indigo\/"]}]},{"@type":"ImageObject","inLanguage":"de","@id":"https:\/\/happyhaus.fr\/en\/produkt\/la-blouse-bubble-indigo\/#primaryimage","url":"https:\/\/happyhaus.fr\/wp-content\/uploads\/2025\/09\/Z1-3.jpg","contentUrl":"https:\/\/happyhaus.fr\/wp-content\/uploads\/2025\/09\/Z1-3.jpg","width":1707,"height":2560},{"@type":"BreadcrumbList","@id":"https:\/\/happyhaus.fr\/en\/produkt\/la-blouse-bubble-indigo\/#breadcrumb","itemListElement":[{"@type":"ListItem","position":1,"name":"Accueil","item":"https:\/\/happyhaus.fr\/de\/"},{"@type":"ListItem","position":2,"name":"Priv\u00e9\u00a0: Shop","item":"https:\/\/happyhaus.fr\/?page_id=4438"},{"@type":"ListItem","position":3,"name":"LA BLOUSE BUBBLE"}]},{"@type":"WebSite","@id":"https:\/\/happyhaus.fr\/#website","url":"https:\/\/happyhaus.fr\/","name":"","description":"","potentialAction":[{"@type":"SearchAction","target":{"@type":"EntryPoint","urlTemplate":"https:\/\/happyhaus.fr\/?s={search_term_string}"},"query-input":"required name=search_term_string"}],"inLanguage":"de"}]}},"_links":{"self":[{"href":"https:\/\/happyhaus.fr\/de\/wp-json\/wp\/v2\/product\/98116"}],"collection":[{"href":"https:\/\/happyhaus.fr\/de\/wp-json\/wp\/v2\/product"}],"about":[{"href":"https:\/\/happyhaus.fr\/de\/wp-json\/wp\/v2\/types\/product"}],"replies":[{"embeddable":true,"href":"https:\/\/happyhaus.fr\/de\/wp-json\/wp\/v2\/comments?post=98116"}],"wp:featuredmedia":[{"embeddable":true,"href":"https:\/\/happyhaus.fr\/de\/wp-json\/wp\/v2\/media\/98158"}],"wp:attachment":[{"href":"https:\/\/happyhaus.fr\/de\/wp-json\/wp\/v2\/media?parent=98116"}],"wp:term":[{"taxonomy":"product_cat","embeddable":true,"href":"https:\/\/happyhaus.fr\/de\/wp-json\/wp\/v2\/product_cat?post=98116"},{"taxonomy":"product_tag","embeddable":true,"href":"https:\/\/happyhaus.fr\/de\/wp-json\/wp\/v2\/product_tag?post=98116"}],"curies":[{"name":"wp","href":"https:\/\/api.w.org\/{rel}","templated":true}]}}