{"id":97936,"date":"2025-06-13T16:10:06","date_gmt":"2025-08-12T10:10:07","guid":{"rendered":"https:\/\/happyhaus.fr\/?post_type=product&#038;p=97936"},"modified":"2025-09-30T13:30:32","modified_gmt":"2025-09-30T11:30:32","slug":"la-chemise-star-light-blue-vintage","status":"publish","type":"product","link":"https:\/\/happyhaus.fr\/de\/produkt\/la-chemise-star-light-blue-vintage\/","title":{"rendered":"LA CHEMISE STAR"},"content":{"rendered":"<ul>\n<li>Gerader Schnitt<\/li>\n<li>Hemdkragen<\/li>\n<li>Verschluss mit Druckkn\u00f6pfen aus Messing<\/li>\n<li>Aufgesetzte Taschen mit Klappen vorne<\/li>\n<li>Sterneinsatz vorne und hinten<\/li>\n<li>Stickerei HAPPY HAUS Ton auf Ton auf der R\u00fcckseite<\/li>\n<li>Waschen \u201cLight Blue Vintage\u201d<\/li>\n<li>100% Baumwolle<\/li>\n<\/ul>\n<p>Fabric Origin : Italy<\/p>\n<p>Made in Tunisia<\/p>\n","protected":false},"excerpt":{"rendered":"<p>Das CHEMISE STAR ist einzigartig, schick und zeitlos. Es hat einen geraden Schnitt. Seine Details sind sehr aufwendig: die Flecken vorne und hinten, die die Idee der Spitze eines Sterns aufgreifen. Die beiden aufgesetzten Taschen mit Klappen vorne, der h\u00fcbsche Hemdkragen, die Ton-in-Ton-Stickerei hinten.<\/p>\n<p>Seine Waschung &#8220;Light Blue Vintage&#8221; aus unserem leichten Baumwoll-Denim verleiht Ihrem Look einen Hauch von &#8220;used&#8221; und &#8220;rock&#8221;.<\/p>\n<p>Die Passform ist normal. Wir empfehlen Ihnen, Ihre \u00fcbliche Gr\u00f6\u00dfe zu nehmen.<\/p>\n","protected":false},"featured_media":97967,"comment_status":"closed","ping_status":"closed","template":"","meta":{"_acf_changed":false},"product_cat":[312,231,237,315],"product_tag":[335],"acf":[],"yoast_head":"<!-- This site is optimized with the Yoast SEO plugin v22.6 - https:\/\/yoast.com\/wordpress\/plugins\/seo\/ -->\n<title>LA CHEMISE STAR -<\/title>\n<meta name=\"robots\" content=\"index, follow, max-snippet:-1, max-image-preview:large, max-video-preview:-1\" \/>\n<link rel=\"canonical\" href=\"https:\/\/happyhaus.fr\/de\/produkt\/la-chemise-star-light-blue-vintage\/\" \/>\n<meta property=\"og:locale\" content=\"de_DE\" \/>\n<meta property=\"og:type\" content=\"article\" \/>\n<meta property=\"og:title\" content=\"LA CHEMISE STAR -\" \/>\n<meta property=\"og:description\" content=\"Das CHEMISE STAR ist einzigartig, schick und zeitlos. Es hat einen geraden Schnitt. Seine Details sind sehr aufwendig: die Flecken vorne und hinten, die die Idee der Spitze eines Sterns aufgreifen. Die beiden aufgesetzten Taschen mit Klappen vorne, der h\u00fcbsche Hemdkragen, die Ton-in-Ton-Stickerei hinten.  Seine Waschung &quot;Light Blue Vintage&quot; aus unserem leichten Baumwoll-Denim verleiht Ihrem Look einen Hauch von &quot;used&quot; und &quot;rock&quot;.  Die Passform ist normal. Wir empfehlen Ihnen, Ihre \u00fcbliche Gr\u00f6\u00dfe zu nehmen.\" \/>\n<meta property=\"og:url\" content=\"https:\/\/happyhaus.fr\/de\/produkt\/la-chemise-star-light-blue-vintage\/\" \/>\n<meta property=\"article:modified_time\" content=\"2025-09-30T11:30:32+00:00\" \/>\n<meta property=\"og:image\" content=\"https:\/\/happyhaus.fr\/wp-content\/uploads\/2025\/08\/Z1-3.jpg\" \/>\n\t<meta property=\"og:image:width\" content=\"1707\" \/>\n\t<meta property=\"og:image:height\" content=\"2560\" \/>\n\t<meta property=\"og:image:type\" content=\"image\/jpeg\" \/>\n<meta name=\"twitter:card\" content=\"summary_large_image\" \/>\n<meta name=\"twitter:label1\" content=\"Gesch\u00e4tzte Lesezeit\" \/>\n\t<meta name=\"twitter:data1\" content=\"1\u00a0Minute\" \/>\n<script type=\"application\/ld+json\" class=\"yoast-schema-graph\">{\"@context\":\"https:\/\/schema.org\",\"@graph\":[{\"@type\":\"WebPage\",\"@id\":\"https:\/\/happyhaus.fr\/de\/produkt\/la-chemise-star-light-blue-vintage\/\",\"url\":\"https:\/\/happyhaus.fr\/de\/produkt\/la-chemise-star-light-blue-vintage\/\",\"name\":\"LA CHEMISE STAR -\",\"isPartOf\":{\"@id\":\"https:\/\/happyhaus.fr\/#website\"},\"primaryImageOfPage\":{\"@id\":\"https:\/\/happyhaus.fr\/de\/produkt\/la-chemise-star-light-blue-vintage\/#primaryimage\"},\"image\":{\"@id\":\"https:\/\/happyhaus.fr\/de\/produkt\/la-chemise-star-light-blue-vintage\/#primaryimage\"},\"thumbnailUrl\":\"https:\/\/happyhaus.fr\/wp-content\/uploads\/2025\/08\/Z1-3.jpg\",\"datePublished\":\"2025-08-12T10:10:07+00:00\",\"dateModified\":\"2025-09-30T11:30:32+00:00\",\"breadcrumb\":{\"@id\":\"https:\/\/happyhaus.fr\/de\/produkt\/la-chemise-star-light-blue-vintage\/#breadcrumb\"},\"inLanguage\":\"de\",\"potentialAction\":[{\"@type\":\"ReadAction\",\"target\":[\"https:\/\/happyhaus.fr\/de\/produkt\/la-chemise-star-light-blue-vintage\/\"]}]},{\"@type\":\"ImageObject\",\"inLanguage\":\"de\",\"@id\":\"https:\/\/happyhaus.fr\/de\/produkt\/la-chemise-star-light-blue-vintage\/#primaryimage\",\"url\":\"https:\/\/happyhaus.fr\/wp-content\/uploads\/2025\/08\/Z1-3.jpg\",\"contentUrl\":\"https:\/\/happyhaus.fr\/wp-content\/uploads\/2025\/08\/Z1-3.jpg\",\"width\":1707,\"height\":2560},{\"@type\":\"BreadcrumbList\",\"@id\":\"https:\/\/happyhaus.fr\/de\/produkt\/la-chemise-star-light-blue-vintage\/#breadcrumb\",\"itemListElement\":[{\"@type\":\"ListItem\",\"position\":1,\"name\":\"Accueil\",\"item\":\"https:\/\/happyhaus.fr\/de\/\"},{\"@type\":\"ListItem\",\"position\":2,\"name\":\"Priv\u00e9\u00a0: Shop\",\"item\":\"https:\/\/happyhaus.fr\/?page_id=4438\"},{\"@type\":\"ListItem\",\"position\":3,\"name\":\"LA CHEMISE STAR\"}]},{\"@type\":\"WebSite\",\"@id\":\"https:\/\/happyhaus.fr\/#website\",\"url\":\"https:\/\/happyhaus.fr\/\",\"name\":\"\",\"description\":\"\",\"potentialAction\":[{\"@type\":\"SearchAction\",\"target\":{\"@type\":\"EntryPoint\",\"urlTemplate\":\"https:\/\/happyhaus.fr\/?s={search_term_string}\"},\"query-input\":\"required name=search_term_string\"}],\"inLanguage\":\"de\"}]}<\/script>\n<!-- \/ Yoast SEO plugin. -->","yoast_head_json":{"title":"LA CHEMISE STAR -","robots":{"index":"index","follow":"follow","max-snippet":"max-snippet:-1","max-image-preview":"max-image-preview:large","max-video-preview":"max-video-preview:-1"},"canonical":"https:\/\/happyhaus.fr\/de\/produkt\/la-chemise-star-light-blue-vintage\/","og_locale":"de_DE","og_type":"article","og_title":"LA CHEMISE STAR -","og_description":"Das CHEMISE STAR ist einzigartig, schick und zeitlos. Es hat einen geraden Schnitt. Seine Details sind sehr aufwendig: die Flecken vorne und hinten, die die Idee der Spitze eines Sterns aufgreifen. Die beiden aufgesetzten Taschen mit Klappen vorne, der h\u00fcbsche Hemdkragen, die Ton-in-Ton-Stickerei hinten.  Seine Waschung \"Light Blue Vintage\" aus unserem leichten Baumwoll-Denim verleiht Ihrem Look einen Hauch von \"used\" und \"rock\".  Die Passform ist normal. Wir empfehlen Ihnen, Ihre \u00fcbliche Gr\u00f6\u00dfe zu nehmen.","og_url":"https:\/\/happyhaus.fr\/de\/produkt\/la-chemise-star-light-blue-vintage\/","article_modified_time":"2025-09-30T11:30:32+00:00","og_image":[{"width":1707,"height":2560,"url":"https:\/\/happyhaus.fr\/wp-content\/uploads\/2025\/08\/Z1-3.jpg","type":"image\/jpeg"}],"twitter_card":"summary_large_image","twitter_misc":{"Gesch\u00e4tzte Lesezeit":"1\u00a0Minute"},"schema":{"@context":"https:\/\/schema.org","@graph":[{"@type":"WebPage","@id":"https:\/\/happyhaus.fr\/de\/produkt\/la-chemise-star-light-blue-vintage\/","url":"https:\/\/happyhaus.fr\/de\/produkt\/la-chemise-star-light-blue-vintage\/","name":"LA CHEMISE STAR -","isPartOf":{"@id":"https:\/\/happyhaus.fr\/#website"},"primaryImageOfPage":{"@id":"https:\/\/happyhaus.fr\/de\/produkt\/la-chemise-star-light-blue-vintage\/#primaryimage"},"image":{"@id":"https:\/\/happyhaus.fr\/de\/produkt\/la-chemise-star-light-blue-vintage\/#primaryimage"},"thumbnailUrl":"https:\/\/happyhaus.fr\/wp-content\/uploads\/2025\/08\/Z1-3.jpg","datePublished":"2025-08-12T10:10:07+00:00","dateModified":"2025-09-30T11:30:32+00:00","breadcrumb":{"@id":"https:\/\/happyhaus.fr\/de\/produkt\/la-chemise-star-light-blue-vintage\/#breadcrumb"},"inLanguage":"de","potentialAction":[{"@type":"ReadAction","target":["https:\/\/happyhaus.fr\/de\/produkt\/la-chemise-star-light-blue-vintage\/"]}]},{"@type":"ImageObject","inLanguage":"de","@id":"https:\/\/happyhaus.fr\/de\/produkt\/la-chemise-star-light-blue-vintage\/#primaryimage","url":"https:\/\/happyhaus.fr\/wp-content\/uploads\/2025\/08\/Z1-3.jpg","contentUrl":"https:\/\/happyhaus.fr\/wp-content\/uploads\/2025\/08\/Z1-3.jpg","width":1707,"height":2560},{"@type":"BreadcrumbList","@id":"https:\/\/happyhaus.fr\/de\/produkt\/la-chemise-star-light-blue-vintage\/#breadcrumb","itemListElement":[{"@type":"ListItem","position":1,"name":"Accueil","item":"https:\/\/happyhaus.fr\/de\/"},{"@type":"ListItem","position":2,"name":"Priv\u00e9\u00a0: Shop","item":"https:\/\/happyhaus.fr\/?page_id=4438"},{"@type":"ListItem","position":3,"name":"LA CHEMISE STAR"}]},{"@type":"WebSite","@id":"https:\/\/happyhaus.fr\/#website","url":"https:\/\/happyhaus.fr\/","name":"","description":"","potentialAction":[{"@type":"SearchAction","target":{"@type":"EntryPoint","urlTemplate":"https:\/\/happyhaus.fr\/?s={search_term_string}"},"query-input":"required name=search_term_string"}],"inLanguage":"de"}]}},"_links":{"self":[{"href":"https:\/\/happyhaus.fr\/de\/wp-json\/wp\/v2\/product\/97936"}],"collection":[{"href":"https:\/\/happyhaus.fr\/de\/wp-json\/wp\/v2\/product"}],"about":[{"href":"https:\/\/happyhaus.fr\/de\/wp-json\/wp\/v2\/types\/product"}],"replies":[{"embeddable":true,"href":"https:\/\/happyhaus.fr\/de\/wp-json\/wp\/v2\/comments?post=97936"}],"wp:featuredmedia":[{"embeddable":true,"href":"https:\/\/happyhaus.fr\/de\/wp-json\/wp\/v2\/media\/97967"}],"wp:attachment":[{"href":"https:\/\/happyhaus.fr\/de\/wp-json\/wp\/v2\/media?parent=97936"}],"wp:term":[{"taxonomy":"product_cat","embeddable":true,"href":"https:\/\/happyhaus.fr\/de\/wp-json\/wp\/v2\/product_cat?post=97936"},{"taxonomy":"product_tag","embeddable":true,"href":"https:\/\/happyhaus.fr\/de\/wp-json\/wp\/v2\/product_tag?post=97936"}],"curies":[{"name":"wp","href":"https:\/\/api.w.org\/{rel}","templated":true}]}}