{"id":97331,"date":"2025-02-22T14:37:11","date_gmt":"2025-07-22T12:37:12","guid":{"rendered":"https:\/\/happyhaus.fr\/?post_type=product&#038;p=97331"},"modified":"2025-07-22T15:10:37","modified_gmt":"2025-07-22T13:10:37","slug":"la-robe-nuage-verte","status":"publish","type":"product","link":"https:\/\/happyhaus.fr\/de\/produkt\/la-robe-nuage-verte\/","title":{"rendered":"LA ROBE NUAGE &#8211; ARCHIVES"},"content":{"rendered":"<ul>\n<li id=\"tw-target-text\" class=\"tw-data-text tw-text-large tw-ta\" dir=\"ltr\" data-placeholder=\"Traduction\"><span class=\"Y2IQFc\" lang=\"de\">Ausgestellter Schnitt <\/span><\/li>\n<li class=\"tw-data-text tw-text-large tw-ta\" dir=\"ltr\" data-placeholder=\"Traduction\"><span class=\"Y2IQFc\" lang=\"de\">Tunnelhals <\/span><\/li>\n<li class=\"tw-data-text tw-text-large tw-ta\" dir=\"ltr\" data-placeholder=\"Traduction\"><span class=\"Y2IQFc\" lang=\"de\">Niedrige Armausschnitte mit gerafften Details <\/span><\/li>\n<li class=\"tw-data-text tw-text-large tw-ta\" dir=\"ltr\" data-placeholder=\"Traduction\"><span class=\"Y2IQFc\" lang=\"de\">Knopfloch auf der Vorderseite mit dem Hauptstoff bedeckt <\/span><\/li>\n<li class=\"tw-data-text tw-text-large tw-ta\" dir=\"ltr\" data-placeholder=\"Traduction\"><span class=\"Y2IQFc\" lang=\"de\">Puff\u00e4rmel <\/span><\/li>\n<li class=\"tw-data-text tw-text-large tw-ta\" dir=\"ltr\" data-placeholder=\"Traduction\"><span class=\"Y2IQFc\" lang=\"de\">Plissee-Ausf\u00fchrungen<\/span><\/li>\n<li class=\"tw-data-text tw-text-large tw-ta\" dir=\"ltr\" data-placeholder=\"Traduction\"><span class=\"Y2IQFc\" lang=\"de\">Gerafftes Detail an den \u00c4rmelkanten<\/span><\/li>\n<li class=\"tw-data-text tw-text-large tw-ta\" dir=\"ltr\" data-placeholder=\"Traduction\"><span class=\"Y2IQFc\" lang=\"de\">Taschen auf der Vorderseite Schleier aus <\/span><\/li>\n<li class=\"tw-data-text tw-text-large tw-ta\" dir=\"ltr\" data-placeholder=\"Traduction\"><span class=\"Y2IQFc\" lang=\"de\">50% Leinen &#8211; 50% Baumwolle<\/span><\/li>\n<\/ul>\n<p><span class=\"Y2IQFc\" lang=\"de\">Stoffherkunft: Italien<\/span><\/p>\n<p><span class=\"Y2IQFc\" lang=\"de\">Hergestellt in Tunesien<\/span><\/p>\n<p><strong>\u00a0<\/strong><\/p>\n","protected":false},"excerpt":{"rendered":"<p>Das Kleid NUAGE hat einen \u00fcppigen, luftigen Schnitt. Es ist sehr leicht, einfach zu tragen und Zubeh\u00f6r, schick oder l\u00e4ssig, und vor allem so angenehm zu tragen! Sie ist aus einem leichten Stoff aus Leinen und Baumwolle gefertigt. Sie ist der ideale Begleiter f\u00fcr den Sommer.<\/p>\n<p>Sandy, die Gr\u00fcnderin von HAPPY HAUS, tr\u00e4gt eine Gr\u00f6\u00dfe 36. Sie misst 170 cm.<\/p>\n","protected":false},"featured_media":97359,"comment_status":"closed","ping_status":"closed","template":"","meta":{"_acf_changed":false},"product_cat":[312,316,231,233],"product_tag":[335],"acf":[],"yoast_head":"<!-- This site is optimized with the Yoast SEO plugin v22.6 - https:\/\/yoast.com\/wordpress\/plugins\/seo\/ -->\n<title>LA ROBE NUAGE - ARCHIVES -<\/title>\n<meta name=\"robots\" content=\"index, follow, max-snippet:-1, max-image-preview:large, max-video-preview:-1\" \/>\n<link rel=\"canonical\" href=\"https:\/\/happyhaus.fr\/en\/produkt\/la-robe-nuage-verte\/\" \/>\n<meta property=\"og:locale\" content=\"de_DE\" \/>\n<meta property=\"og:type\" content=\"article\" \/>\n<meta property=\"og:title\" content=\"LA ROBE NUAGE - ARCHIVES -\" \/>\n<meta property=\"og:description\" content=\"Das Kleid NUAGE hat einen \u00fcppigen, luftigen Schnitt. Es ist sehr leicht, einfach zu tragen und Zubeh\u00f6r, schick oder l\u00e4ssig, und vor allem so angenehm zu tragen! Sie ist aus einem leichten Stoff aus Leinen und Baumwolle gefertigt. Sie ist der ideale Begleiter f\u00fcr den Sommer.  Sandy, die Gr\u00fcnderin von HAPPY HAUS, tr\u00e4gt eine Gr\u00f6\u00dfe 36. Sie misst 170 cm.\" \/>\n<meta property=\"og:url\" content=\"https:\/\/happyhaus.fr\/en\/produkt\/la-robe-nuage-verte\/\" \/>\n<meta property=\"article:modified_time\" content=\"2025-07-22T13:10:37+00:00\" \/>\n<meta property=\"og:image\" content=\"https:\/\/happyhaus.fr\/wp-content\/uploads\/2025\/07\/Z1-2.jpg\" \/>\n\t<meta property=\"og:image:width\" content=\"1707\" \/>\n\t<meta property=\"og:image:height\" content=\"2560\" \/>\n\t<meta property=\"og:image:type\" content=\"image\/jpeg\" \/>\n<meta name=\"twitter:card\" content=\"summary_large_image\" \/>\n<meta name=\"twitter:label1\" content=\"Gesch\u00e4tzte Lesezeit\" \/>\n\t<meta name=\"twitter:data1\" content=\"1\u00a0Minute\" \/>\n<script type=\"application\/ld+json\" class=\"yoast-schema-graph\">{\"@context\":\"https:\/\/schema.org\",\"@graph\":[{\"@type\":\"WebPage\",\"@id\":\"https:\/\/happyhaus.fr\/en\/produkt\/la-robe-nuage-verte\/\",\"url\":\"https:\/\/happyhaus.fr\/en\/produkt\/la-robe-nuage-verte\/\",\"name\":\"LA ROBE NUAGE - ARCHIVES -\",\"isPartOf\":{\"@id\":\"https:\/\/happyhaus.fr\/#website\"},\"primaryImageOfPage\":{\"@id\":\"https:\/\/happyhaus.fr\/en\/produkt\/la-robe-nuage-verte\/#primaryimage\"},\"image\":{\"@id\":\"https:\/\/happyhaus.fr\/en\/produkt\/la-robe-nuage-verte\/#primaryimage\"},\"thumbnailUrl\":\"https:\/\/happyhaus.fr\/wp-content\/uploads\/2025\/07\/Z1-2.jpg\",\"datePublished\":\"2025-07-22T12:37:12+00:00\",\"dateModified\":\"2025-07-22T13:10:37+00:00\",\"breadcrumb\":{\"@id\":\"https:\/\/happyhaus.fr\/en\/produkt\/la-robe-nuage-verte\/#breadcrumb\"},\"inLanguage\":\"de\",\"potentialAction\":[{\"@type\":\"ReadAction\",\"target\":[\"https:\/\/happyhaus.fr\/en\/produkt\/la-robe-nuage-verte\/\"]}]},{\"@type\":\"ImageObject\",\"inLanguage\":\"de\",\"@id\":\"https:\/\/happyhaus.fr\/en\/produkt\/la-robe-nuage-verte\/#primaryimage\",\"url\":\"https:\/\/happyhaus.fr\/wp-content\/uploads\/2025\/07\/Z1-2.jpg\",\"contentUrl\":\"https:\/\/happyhaus.fr\/wp-content\/uploads\/2025\/07\/Z1-2.jpg\",\"width\":1707,\"height\":2560},{\"@type\":\"BreadcrumbList\",\"@id\":\"https:\/\/happyhaus.fr\/en\/produkt\/la-robe-nuage-verte\/#breadcrumb\",\"itemListElement\":[{\"@type\":\"ListItem\",\"position\":1,\"name\":\"Accueil\",\"item\":\"https:\/\/happyhaus.fr\/de\/\"},{\"@type\":\"ListItem\",\"position\":2,\"name\":\"Priv\u00e9\u00a0: Shop\",\"item\":\"https:\/\/happyhaus.fr\/?page_id=4438\"},{\"@type\":\"ListItem\",\"position\":3,\"name\":\"LA ROBE NUAGE &#8211; ARCHIVES\"}]},{\"@type\":\"WebSite\",\"@id\":\"https:\/\/happyhaus.fr\/#website\",\"url\":\"https:\/\/happyhaus.fr\/\",\"name\":\"\",\"description\":\"\",\"potentialAction\":[{\"@type\":\"SearchAction\",\"target\":{\"@type\":\"EntryPoint\",\"urlTemplate\":\"https:\/\/happyhaus.fr\/?s={search_term_string}\"},\"query-input\":\"required name=search_term_string\"}],\"inLanguage\":\"de\"}]}<\/script>\n<!-- \/ Yoast SEO plugin. -->","yoast_head_json":{"title":"LA ROBE NUAGE - ARCHIVES -","robots":{"index":"index","follow":"follow","max-snippet":"max-snippet:-1","max-image-preview":"max-image-preview:large","max-video-preview":"max-video-preview:-1"},"canonical":"https:\/\/happyhaus.fr\/en\/produkt\/la-robe-nuage-verte\/","og_locale":"de_DE","og_type":"article","og_title":"LA ROBE NUAGE - ARCHIVES -","og_description":"Das Kleid NUAGE hat einen \u00fcppigen, luftigen Schnitt. Es ist sehr leicht, einfach zu tragen und Zubeh\u00f6r, schick oder l\u00e4ssig, und vor allem so angenehm zu tragen! Sie ist aus einem leichten Stoff aus Leinen und Baumwolle gefertigt. Sie ist der ideale Begleiter f\u00fcr den Sommer.  Sandy, die Gr\u00fcnderin von HAPPY HAUS, tr\u00e4gt eine Gr\u00f6\u00dfe 36. Sie misst 170 cm.","og_url":"https:\/\/happyhaus.fr\/en\/produkt\/la-robe-nuage-verte\/","article_modified_time":"2025-07-22T13:10:37+00:00","og_image":[{"width":1707,"height":2560,"url":"https:\/\/happyhaus.fr\/wp-content\/uploads\/2025\/07\/Z1-2.jpg","type":"image\/jpeg"}],"twitter_card":"summary_large_image","twitter_misc":{"Gesch\u00e4tzte Lesezeit":"1\u00a0Minute"},"schema":{"@context":"https:\/\/schema.org","@graph":[{"@type":"WebPage","@id":"https:\/\/happyhaus.fr\/en\/produkt\/la-robe-nuage-verte\/","url":"https:\/\/happyhaus.fr\/en\/produkt\/la-robe-nuage-verte\/","name":"LA ROBE NUAGE - ARCHIVES -","isPartOf":{"@id":"https:\/\/happyhaus.fr\/#website"},"primaryImageOfPage":{"@id":"https:\/\/happyhaus.fr\/en\/produkt\/la-robe-nuage-verte\/#primaryimage"},"image":{"@id":"https:\/\/happyhaus.fr\/en\/produkt\/la-robe-nuage-verte\/#primaryimage"},"thumbnailUrl":"https:\/\/happyhaus.fr\/wp-content\/uploads\/2025\/07\/Z1-2.jpg","datePublished":"2025-07-22T12:37:12+00:00","dateModified":"2025-07-22T13:10:37+00:00","breadcrumb":{"@id":"https:\/\/happyhaus.fr\/en\/produkt\/la-robe-nuage-verte\/#breadcrumb"},"inLanguage":"de","potentialAction":[{"@type":"ReadAction","target":["https:\/\/happyhaus.fr\/en\/produkt\/la-robe-nuage-verte\/"]}]},{"@type":"ImageObject","inLanguage":"de","@id":"https:\/\/happyhaus.fr\/en\/produkt\/la-robe-nuage-verte\/#primaryimage","url":"https:\/\/happyhaus.fr\/wp-content\/uploads\/2025\/07\/Z1-2.jpg","contentUrl":"https:\/\/happyhaus.fr\/wp-content\/uploads\/2025\/07\/Z1-2.jpg","width":1707,"height":2560},{"@type":"BreadcrumbList","@id":"https:\/\/happyhaus.fr\/en\/produkt\/la-robe-nuage-verte\/#breadcrumb","itemListElement":[{"@type":"ListItem","position":1,"name":"Accueil","item":"https:\/\/happyhaus.fr\/de\/"},{"@type":"ListItem","position":2,"name":"Priv\u00e9\u00a0: Shop","item":"https:\/\/happyhaus.fr\/?page_id=4438"},{"@type":"ListItem","position":3,"name":"LA ROBE NUAGE &#8211; ARCHIVES"}]},{"@type":"WebSite","@id":"https:\/\/happyhaus.fr\/#website","url":"https:\/\/happyhaus.fr\/","name":"","description":"","potentialAction":[{"@type":"SearchAction","target":{"@type":"EntryPoint","urlTemplate":"https:\/\/happyhaus.fr\/?s={search_term_string}"},"query-input":"required name=search_term_string"}],"inLanguage":"de"}]}},"_links":{"self":[{"href":"https:\/\/happyhaus.fr\/de\/wp-json\/wp\/v2\/product\/97331"}],"collection":[{"href":"https:\/\/happyhaus.fr\/de\/wp-json\/wp\/v2\/product"}],"about":[{"href":"https:\/\/happyhaus.fr\/de\/wp-json\/wp\/v2\/types\/product"}],"replies":[{"embeddable":true,"href":"https:\/\/happyhaus.fr\/de\/wp-json\/wp\/v2\/comments?post=97331"}],"wp:featuredmedia":[{"embeddable":true,"href":"https:\/\/happyhaus.fr\/de\/wp-json\/wp\/v2\/media\/97359"}],"wp:attachment":[{"href":"https:\/\/happyhaus.fr\/de\/wp-json\/wp\/v2\/media?parent=97331"}],"wp:term":[{"taxonomy":"product_cat","embeddable":true,"href":"https:\/\/happyhaus.fr\/de\/wp-json\/wp\/v2\/product_cat?post=97331"},{"taxonomy":"product_tag","embeddable":true,"href":"https:\/\/happyhaus.fr\/de\/wp-json\/wp\/v2\/product_tag?post=97331"}],"curies":[{"name":"wp","href":"https:\/\/api.w.org\/{rel}","templated":true}]}}