{"id":97143,"date":"2025-07-11T16:52:11","date_gmt":"2025-07-10T15:50:13","guid":{"rendered":"https:\/\/happyhaus.fr\/?post_type=product&#038;p=97143"},"modified":"2026-04-07T14:36:52","modified_gmt":"2026-04-07T12:36:52","slug":"le-pantalon-tulipe-fleck","status":"publish","type":"product","link":"https:\/\/happyhaus.fr\/de\/produkt\/le-pantalon-tulipe-fleck\/","title":{"rendered":"Le Pantalon TULIPE"},"content":{"rendered":"<ul>\n<li>Regular waist<\/li>\n<li>Fabric button and zipper<\/li>\n<li>Raw edge hem<\/li>\n<li>Five Pocket design<\/li>\n<li>2 Pockets creating flower shape in the back<\/li>\n<li>Embroidered in the waistband<\/li>\n<li>100% cotton<\/li>\n<\/ul>\n<p>Herkunft des Stoffes: Italien<br \/>\nHergestellt in Tunesien<\/p>\n<p>&nbsp;<\/p>\n","protected":false},"excerpt":{"rendered":"<p>Unsere Hose TULIPE, eine ausgestellte Jeans, bringt uns zur\u00fcck in die Zeit der Hippies und ihrer unvergesslichen Heldinnen.<br \/>\nDie Hose hat eine mittelhohe Taille, sie dehnt sich ab vom Knie aus. Die R\u00fcckseite der Hose hat zwei Blumentaschen, sie sind die Signatur des Hauses HAPPY HAUS. Sein 10 years wash verleiht ihm viel Charakter.<br \/>\nIn diesen schwierigen Zeiten m\u00fcssen wir frei sein, wir m\u00fcssen stark sein, wir m\u00fcssen vereint sein. Wir m\u00fcssen die neuen Hippies sein!<\/p>\n<p>Sandy, die Gr\u00fcnderin von Happy Haus, tr\u00e4gt eine Gr\u00f6\u00dfe 36 und misst 170 cm.<\/p>\n","protected":false},"featured_media":97178,"comment_status":"open","ping_status":"closed","template":"","meta":{"_acf_changed":false},"product_cat":[231,236,315],"product_tag":[],"acf":[],"yoast_head":"<!-- This site is optimized with the Yoast SEO plugin v22.6 - https:\/\/yoast.com\/wordpress\/plugins\/seo\/ -->\n<title>Le Pantalon TULIPE -<\/title>\n<meta name=\"robots\" content=\"index, follow, max-snippet:-1, max-image-preview:large, max-video-preview:-1\" \/>\n<link rel=\"canonical\" href=\"https:\/\/happyhaus.fr\/de\/produkt\/le-pantalon-tulipe-fleck\/\" \/>\n<meta property=\"og:locale\" content=\"de_DE\" \/>\n<meta property=\"og:type\" content=\"article\" \/>\n<meta property=\"og:title\" content=\"Le Pantalon TULIPE -\" \/>\n<meta property=\"og:description\" content=\"Unsere Hose TULIPE, eine ausgestellte Jeans, bringt uns zur\u00fcck in die Zeit der Hippies und ihrer unvergesslichen Heldinnen. Die Hose hat eine mittelhohe Taille, sie dehnt sich ab vom Knie aus. Die R\u00fcckseite der Hose hat zwei Blumentaschen, sie sind die Signatur des Hauses HAPPY HAUS. Sein 10 years wash verleiht ihm viel Charakter. In diesen schwierigen Zeiten m\u00fcssen wir frei sein, wir m\u00fcssen stark sein, wir m\u00fcssen vereint sein. Wir m\u00fcssen die neuen Hippies sein!  Sandy, die Gr\u00fcnderin von Happy Haus, tr\u00e4gt eine Gr\u00f6\u00dfe 36 und misst 170 cm.\" \/>\n<meta property=\"og:url\" content=\"https:\/\/happyhaus.fr\/de\/produkt\/le-pantalon-tulipe-fleck\/\" \/>\n<meta property=\"article:modified_time\" content=\"2026-04-07T12:36:52+00:00\" \/>\n<meta property=\"og:image\" content=\"https:\/\/happyhaus.fr\/wp-content\/uploads\/2025\/07\/Z2.jpg\" \/>\n\t<meta property=\"og:image:width\" content=\"1707\" \/>\n\t<meta property=\"og:image:height\" content=\"2560\" \/>\n\t<meta property=\"og:image:type\" content=\"image\/jpeg\" \/>\n<meta name=\"twitter:card\" content=\"summary_large_image\" \/>\n<meta name=\"twitter:label1\" content=\"Gesch\u00e4tzte Lesezeit\" \/>\n\t<meta name=\"twitter:data1\" content=\"1\u00a0Minute\" \/>\n<script type=\"application\/ld+json\" class=\"yoast-schema-graph\">{\"@context\":\"https:\/\/schema.org\",\"@graph\":[{\"@type\":\"WebPage\",\"@id\":\"https:\/\/happyhaus.fr\/de\/produkt\/le-pantalon-tulipe-fleck\/\",\"url\":\"https:\/\/happyhaus.fr\/de\/produkt\/le-pantalon-tulipe-fleck\/\",\"name\":\"Le Pantalon TULIPE -\",\"isPartOf\":{\"@id\":\"https:\/\/happyhaus.fr\/#website\"},\"primaryImageOfPage\":{\"@id\":\"https:\/\/happyhaus.fr\/de\/produkt\/le-pantalon-tulipe-fleck\/#primaryimage\"},\"image\":{\"@id\":\"https:\/\/happyhaus.fr\/de\/produkt\/le-pantalon-tulipe-fleck\/#primaryimage\"},\"thumbnailUrl\":\"https:\/\/happyhaus.fr\/wp-content\/uploads\/2025\/07\/Z2.jpg\",\"datePublished\":\"2025-07-10T15:50:13+00:00\",\"dateModified\":\"2026-04-07T12:36:52+00:00\",\"breadcrumb\":{\"@id\":\"https:\/\/happyhaus.fr\/de\/produkt\/le-pantalon-tulipe-fleck\/#breadcrumb\"},\"inLanguage\":\"de\",\"potentialAction\":[{\"@type\":\"ReadAction\",\"target\":[\"https:\/\/happyhaus.fr\/de\/produkt\/le-pantalon-tulipe-fleck\/\"]}]},{\"@type\":\"ImageObject\",\"inLanguage\":\"de\",\"@id\":\"https:\/\/happyhaus.fr\/de\/produkt\/le-pantalon-tulipe-fleck\/#primaryimage\",\"url\":\"https:\/\/happyhaus.fr\/wp-content\/uploads\/2025\/07\/Z2.jpg\",\"contentUrl\":\"https:\/\/happyhaus.fr\/wp-content\/uploads\/2025\/07\/Z2.jpg\",\"width\":1707,\"height\":2560},{\"@type\":\"BreadcrumbList\",\"@id\":\"https:\/\/happyhaus.fr\/de\/produkt\/le-pantalon-tulipe-fleck\/#breadcrumb\",\"itemListElement\":[{\"@type\":\"ListItem\",\"position\":1,\"name\":\"Accueil\",\"item\":\"https:\/\/happyhaus.fr\/de\/\"},{\"@type\":\"ListItem\",\"position\":2,\"name\":\"Priv\u00e9\u00a0: Shop\",\"item\":\"https:\/\/happyhaus.fr\/?page_id=4438\"},{\"@type\":\"ListItem\",\"position\":3,\"name\":\"Le Pantalon TULIPE\"}]},{\"@type\":\"WebSite\",\"@id\":\"https:\/\/happyhaus.fr\/#website\",\"url\":\"https:\/\/happyhaus.fr\/\",\"name\":\"\",\"description\":\"\",\"potentialAction\":[{\"@type\":\"SearchAction\",\"target\":{\"@type\":\"EntryPoint\",\"urlTemplate\":\"https:\/\/happyhaus.fr\/?s={search_term_string}\"},\"query-input\":\"required name=search_term_string\"}],\"inLanguage\":\"de\"}]}<\/script>\n<!-- \/ Yoast SEO plugin. -->","yoast_head_json":{"title":"Le Pantalon TULIPE -","robots":{"index":"index","follow":"follow","max-snippet":"max-snippet:-1","max-image-preview":"max-image-preview:large","max-video-preview":"max-video-preview:-1"},"canonical":"https:\/\/happyhaus.fr\/de\/produkt\/le-pantalon-tulipe-fleck\/","og_locale":"de_DE","og_type":"article","og_title":"Le Pantalon TULIPE -","og_description":"Unsere Hose TULIPE, eine ausgestellte Jeans, bringt uns zur\u00fcck in die Zeit der Hippies und ihrer unvergesslichen Heldinnen. Die Hose hat eine mittelhohe Taille, sie dehnt sich ab vom Knie aus. Die R\u00fcckseite der Hose hat zwei Blumentaschen, sie sind die Signatur des Hauses HAPPY HAUS. Sein 10 years wash verleiht ihm viel Charakter. In diesen schwierigen Zeiten m\u00fcssen wir frei sein, wir m\u00fcssen stark sein, wir m\u00fcssen vereint sein. Wir m\u00fcssen die neuen Hippies sein!  Sandy, die Gr\u00fcnderin von Happy Haus, tr\u00e4gt eine Gr\u00f6\u00dfe 36 und misst 170 cm.","og_url":"https:\/\/happyhaus.fr\/de\/produkt\/le-pantalon-tulipe-fleck\/","article_modified_time":"2026-04-07T12:36:52+00:00","og_image":[{"width":1707,"height":2560,"url":"https:\/\/happyhaus.fr\/wp-content\/uploads\/2025\/07\/Z2.jpg","type":"image\/jpeg"}],"twitter_card":"summary_large_image","twitter_misc":{"Gesch\u00e4tzte Lesezeit":"1\u00a0Minute"},"schema":{"@context":"https:\/\/schema.org","@graph":[{"@type":"WebPage","@id":"https:\/\/happyhaus.fr\/de\/produkt\/le-pantalon-tulipe-fleck\/","url":"https:\/\/happyhaus.fr\/de\/produkt\/le-pantalon-tulipe-fleck\/","name":"Le Pantalon TULIPE -","isPartOf":{"@id":"https:\/\/happyhaus.fr\/#website"},"primaryImageOfPage":{"@id":"https:\/\/happyhaus.fr\/de\/produkt\/le-pantalon-tulipe-fleck\/#primaryimage"},"image":{"@id":"https:\/\/happyhaus.fr\/de\/produkt\/le-pantalon-tulipe-fleck\/#primaryimage"},"thumbnailUrl":"https:\/\/happyhaus.fr\/wp-content\/uploads\/2025\/07\/Z2.jpg","datePublished":"2025-07-10T15:50:13+00:00","dateModified":"2026-04-07T12:36:52+00:00","breadcrumb":{"@id":"https:\/\/happyhaus.fr\/de\/produkt\/le-pantalon-tulipe-fleck\/#breadcrumb"},"inLanguage":"de","potentialAction":[{"@type":"ReadAction","target":["https:\/\/happyhaus.fr\/de\/produkt\/le-pantalon-tulipe-fleck\/"]}]},{"@type":"ImageObject","inLanguage":"de","@id":"https:\/\/happyhaus.fr\/de\/produkt\/le-pantalon-tulipe-fleck\/#primaryimage","url":"https:\/\/happyhaus.fr\/wp-content\/uploads\/2025\/07\/Z2.jpg","contentUrl":"https:\/\/happyhaus.fr\/wp-content\/uploads\/2025\/07\/Z2.jpg","width":1707,"height":2560},{"@type":"BreadcrumbList","@id":"https:\/\/happyhaus.fr\/de\/produkt\/le-pantalon-tulipe-fleck\/#breadcrumb","itemListElement":[{"@type":"ListItem","position":1,"name":"Accueil","item":"https:\/\/happyhaus.fr\/de\/"},{"@type":"ListItem","position":2,"name":"Priv\u00e9\u00a0: Shop","item":"https:\/\/happyhaus.fr\/?page_id=4438"},{"@type":"ListItem","position":3,"name":"Le Pantalon TULIPE"}]},{"@type":"WebSite","@id":"https:\/\/happyhaus.fr\/#website","url":"https:\/\/happyhaus.fr\/","name":"","description":"","potentialAction":[{"@type":"SearchAction","target":{"@type":"EntryPoint","urlTemplate":"https:\/\/happyhaus.fr\/?s={search_term_string}"},"query-input":"required name=search_term_string"}],"inLanguage":"de"}]}},"_links":{"self":[{"href":"https:\/\/happyhaus.fr\/de\/wp-json\/wp\/v2\/product\/97143"}],"collection":[{"href":"https:\/\/happyhaus.fr\/de\/wp-json\/wp\/v2\/product"}],"about":[{"href":"https:\/\/happyhaus.fr\/de\/wp-json\/wp\/v2\/types\/product"}],"replies":[{"embeddable":true,"href":"https:\/\/happyhaus.fr\/de\/wp-json\/wp\/v2\/comments?post=97143"}],"wp:featuredmedia":[{"embeddable":true,"href":"https:\/\/happyhaus.fr\/de\/wp-json\/wp\/v2\/media\/97178"}],"wp:attachment":[{"href":"https:\/\/happyhaus.fr\/de\/wp-json\/wp\/v2\/media?parent=97143"}],"wp:term":[{"taxonomy":"product_cat","embeddable":true,"href":"https:\/\/happyhaus.fr\/de\/wp-json\/wp\/v2\/product_cat?post=97143"},{"taxonomy":"product_tag","embeddable":true,"href":"https:\/\/happyhaus.fr\/de\/wp-json\/wp\/v2\/product_tag?post=97143"}],"curies":[{"name":"wp","href":"https:\/\/api.w.org\/{rel}","templated":true}]}}