{"id":97067,"date":"2025-05-02T14:06:55","date_gmt":"2025-06-02T12:06:55","guid":{"rendered":"https:\/\/happyhaus.fr\/?post_type=product&#038;p=97067"},"modified":"2025-07-17T14:25:13","modified_gmt":"2025-07-17T12:25:13","slug":"le-s-bag","status":"publish","type":"product","link":"https:\/\/happyhaus.fr\/de\/produkt\/le-s-bag\/","title":{"rendered":"Le S Bag"},"content":{"rendered":"<ul>\n<li>Handgefertigt<\/li>\n<li>HAPPY HAUS Webetikett innen gen\u00e4ht<\/li>\n<li>Gr\u00f6\u00dfe S<\/li>\n<li>100% Raffia in natur Farbe<\/li>\n<li>65 cm tief<\/li>\n<\/ul>\n<p>Hergestellt in Indien.<\/p>\n","protected":false},"excerpt":{"rendered":"<p>Unsere S BAG aus Bast ist unsere Lieblingstasche. Ihr Format und ihre Kapazit\u00e4t machen sie zu einem perfekten Verb\u00fcndeten f\u00fcr den Strand, den Markt oder als Handtasche&#8230; Es kann Sie den ganzen Sommer in all Ihren Ausfl\u00fcgen begleiten. Es geht mit allem und jedem Stil! Seine Farbe erinnert an den Sonnenuntergang.<\/p>\n","protected":false},"featured_media":97076,"comment_status":"open","ping_status":"closed","template":"","meta":{"_acf_changed":false},"product_cat":[312,231,404],"product_tag":[],"acf":[],"yoast_head":"<!-- This site is optimized with the Yoast SEO plugin v22.6 - https:\/\/yoast.com\/wordpress\/plugins\/seo\/ -->\n<title>Le S Bag -<\/title>\n<meta name=\"robots\" content=\"index, follow, max-snippet:-1, max-image-preview:large, max-video-preview:-1\" \/>\n<link rel=\"canonical\" href=\"https:\/\/happyhaus.fr\/de\/produkt\/le-s-bag\/\" \/>\n<meta property=\"og:locale\" content=\"de_DE\" \/>\n<meta property=\"og:type\" content=\"article\" \/>\n<meta property=\"og:title\" content=\"Le S Bag -\" \/>\n<meta property=\"og:description\" content=\"Unsere S BAG aus Bast ist unsere Lieblingstasche. Ihr Format und ihre Kapazit\u00e4t machen sie zu einem perfekten Verb\u00fcndeten f\u00fcr den Strand, den Markt oder als Handtasche... Es kann Sie den ganzen Sommer in all Ihren Ausfl\u00fcgen begleiten. Es geht mit allem und jedem Stil! Seine Farbe erinnert an den Sonnenuntergang.\" \/>\n<meta property=\"og:url\" content=\"https:\/\/happyhaus.fr\/de\/produkt\/le-s-bag\/\" \/>\n<meta property=\"article:modified_time\" content=\"2025-07-17T12:25:13+00:00\" \/>\n<meta property=\"og:image\" content=\"https:\/\/happyhaus.fr\/wp-content\/uploads\/2025\/06\/Z1.jpg\" \/>\n\t<meta property=\"og:image:width\" content=\"1707\" \/>\n\t<meta property=\"og:image:height\" content=\"2560\" \/>\n\t<meta property=\"og:image:type\" content=\"image\/jpeg\" \/>\n<meta name=\"twitter:card\" content=\"summary_large_image\" \/>\n<meta name=\"twitter:label1\" content=\"Gesch\u00e4tzte Lesezeit\" \/>\n\t<meta name=\"twitter:data1\" content=\"1\u00a0Minute\" \/>\n<script type=\"application\/ld+json\" class=\"yoast-schema-graph\">{\"@context\":\"https:\/\/schema.org\",\"@graph\":[{\"@type\":\"WebPage\",\"@id\":\"https:\/\/happyhaus.fr\/de\/produkt\/le-s-bag\/\",\"url\":\"https:\/\/happyhaus.fr\/de\/produkt\/le-s-bag\/\",\"name\":\"Le S Bag -\",\"isPartOf\":{\"@id\":\"https:\/\/happyhaus.fr\/#website\"},\"primaryImageOfPage\":{\"@id\":\"https:\/\/happyhaus.fr\/de\/produkt\/le-s-bag\/#primaryimage\"},\"image\":{\"@id\":\"https:\/\/happyhaus.fr\/de\/produkt\/le-s-bag\/#primaryimage\"},\"thumbnailUrl\":\"https:\/\/happyhaus.fr\/wp-content\/uploads\/2025\/06\/Z1.jpg\",\"datePublished\":\"2025-06-02T12:06:55+00:00\",\"dateModified\":\"2025-07-17T12:25:13+00:00\",\"breadcrumb\":{\"@id\":\"https:\/\/happyhaus.fr\/de\/produkt\/le-s-bag\/#breadcrumb\"},\"inLanguage\":\"de\",\"potentialAction\":[{\"@type\":\"ReadAction\",\"target\":[\"https:\/\/happyhaus.fr\/de\/produkt\/le-s-bag\/\"]}]},{\"@type\":\"ImageObject\",\"inLanguage\":\"de\",\"@id\":\"https:\/\/happyhaus.fr\/de\/produkt\/le-s-bag\/#primaryimage\",\"url\":\"https:\/\/happyhaus.fr\/wp-content\/uploads\/2025\/06\/Z1.jpg\",\"contentUrl\":\"https:\/\/happyhaus.fr\/wp-content\/uploads\/2025\/06\/Z1.jpg\",\"width\":1707,\"height\":2560},{\"@type\":\"BreadcrumbList\",\"@id\":\"https:\/\/happyhaus.fr\/de\/produkt\/le-s-bag\/#breadcrumb\",\"itemListElement\":[{\"@type\":\"ListItem\",\"position\":1,\"name\":\"Accueil\",\"item\":\"https:\/\/happyhaus.fr\/de\/\"},{\"@type\":\"ListItem\",\"position\":2,\"name\":\"Priv\u00e9\u00a0: Shop\",\"item\":\"https:\/\/happyhaus.fr\/?page_id=4438\"},{\"@type\":\"ListItem\",\"position\":3,\"name\":\"Le S Bag\"}]},{\"@type\":\"WebSite\",\"@id\":\"https:\/\/happyhaus.fr\/#website\",\"url\":\"https:\/\/happyhaus.fr\/\",\"name\":\"\",\"description\":\"\",\"potentialAction\":[{\"@type\":\"SearchAction\",\"target\":{\"@type\":\"EntryPoint\",\"urlTemplate\":\"https:\/\/happyhaus.fr\/?s={search_term_string}\"},\"query-input\":\"required name=search_term_string\"}],\"inLanguage\":\"de\"}]}<\/script>\n<!-- \/ Yoast SEO plugin. -->","yoast_head_json":{"title":"Le S Bag -","robots":{"index":"index","follow":"follow","max-snippet":"max-snippet:-1","max-image-preview":"max-image-preview:large","max-video-preview":"max-video-preview:-1"},"canonical":"https:\/\/happyhaus.fr\/de\/produkt\/le-s-bag\/","og_locale":"de_DE","og_type":"article","og_title":"Le S Bag -","og_description":"Unsere S BAG aus Bast ist unsere Lieblingstasche. Ihr Format und ihre Kapazit\u00e4t machen sie zu einem perfekten Verb\u00fcndeten f\u00fcr den Strand, den Markt oder als Handtasche... Es kann Sie den ganzen Sommer in all Ihren Ausfl\u00fcgen begleiten. Es geht mit allem und jedem Stil! Seine Farbe erinnert an den Sonnenuntergang.","og_url":"https:\/\/happyhaus.fr\/de\/produkt\/le-s-bag\/","article_modified_time":"2025-07-17T12:25:13+00:00","og_image":[{"width":1707,"height":2560,"url":"https:\/\/happyhaus.fr\/wp-content\/uploads\/2025\/06\/Z1.jpg","type":"image\/jpeg"}],"twitter_card":"summary_large_image","twitter_misc":{"Gesch\u00e4tzte Lesezeit":"1\u00a0Minute"},"schema":{"@context":"https:\/\/schema.org","@graph":[{"@type":"WebPage","@id":"https:\/\/happyhaus.fr\/de\/produkt\/le-s-bag\/","url":"https:\/\/happyhaus.fr\/de\/produkt\/le-s-bag\/","name":"Le S Bag -","isPartOf":{"@id":"https:\/\/happyhaus.fr\/#website"},"primaryImageOfPage":{"@id":"https:\/\/happyhaus.fr\/de\/produkt\/le-s-bag\/#primaryimage"},"image":{"@id":"https:\/\/happyhaus.fr\/de\/produkt\/le-s-bag\/#primaryimage"},"thumbnailUrl":"https:\/\/happyhaus.fr\/wp-content\/uploads\/2025\/06\/Z1.jpg","datePublished":"2025-06-02T12:06:55+00:00","dateModified":"2025-07-17T12:25:13+00:00","breadcrumb":{"@id":"https:\/\/happyhaus.fr\/de\/produkt\/le-s-bag\/#breadcrumb"},"inLanguage":"de","potentialAction":[{"@type":"ReadAction","target":["https:\/\/happyhaus.fr\/de\/produkt\/le-s-bag\/"]}]},{"@type":"ImageObject","inLanguage":"de","@id":"https:\/\/happyhaus.fr\/de\/produkt\/le-s-bag\/#primaryimage","url":"https:\/\/happyhaus.fr\/wp-content\/uploads\/2025\/06\/Z1.jpg","contentUrl":"https:\/\/happyhaus.fr\/wp-content\/uploads\/2025\/06\/Z1.jpg","width":1707,"height":2560},{"@type":"BreadcrumbList","@id":"https:\/\/happyhaus.fr\/de\/produkt\/le-s-bag\/#breadcrumb","itemListElement":[{"@type":"ListItem","position":1,"name":"Accueil","item":"https:\/\/happyhaus.fr\/de\/"},{"@type":"ListItem","position":2,"name":"Priv\u00e9\u00a0: Shop","item":"https:\/\/happyhaus.fr\/?page_id=4438"},{"@type":"ListItem","position":3,"name":"Le S Bag"}]},{"@type":"WebSite","@id":"https:\/\/happyhaus.fr\/#website","url":"https:\/\/happyhaus.fr\/","name":"","description":"","potentialAction":[{"@type":"SearchAction","target":{"@type":"EntryPoint","urlTemplate":"https:\/\/happyhaus.fr\/?s={search_term_string}"},"query-input":"required name=search_term_string"}],"inLanguage":"de"}]}},"_links":{"self":[{"href":"https:\/\/happyhaus.fr\/de\/wp-json\/wp\/v2\/product\/97067"}],"collection":[{"href":"https:\/\/happyhaus.fr\/de\/wp-json\/wp\/v2\/product"}],"about":[{"href":"https:\/\/happyhaus.fr\/de\/wp-json\/wp\/v2\/types\/product"}],"replies":[{"embeddable":true,"href":"https:\/\/happyhaus.fr\/de\/wp-json\/wp\/v2\/comments?post=97067"}],"wp:featuredmedia":[{"embeddable":true,"href":"https:\/\/happyhaus.fr\/de\/wp-json\/wp\/v2\/media\/97076"}],"wp:attachment":[{"href":"https:\/\/happyhaus.fr\/de\/wp-json\/wp\/v2\/media?parent=97067"}],"wp:term":[{"taxonomy":"product_cat","embeddable":true,"href":"https:\/\/happyhaus.fr\/de\/wp-json\/wp\/v2\/product_cat?post=97067"},{"taxonomy":"product_tag","embeddable":true,"href":"https:\/\/happyhaus.fr\/de\/wp-json\/wp\/v2\/product_tag?post=97067"}],"curies":[{"name":"wp","href":"https:\/\/api.w.org\/{rel}","templated":true}]}}