{"id":96872,"date":"2025-05-06T16:00:12","date_gmt":"2025-05-06T14:51:13","guid":{"rendered":"https:\/\/happyhaus.fr\/?post_type=product&#038;p=96872"},"modified":"2025-07-17T14:45:01","modified_gmt":"2025-07-17T12:45:01","slug":"la-jupe-trompe-loeil-sand","status":"publish","type":"product","link":"https:\/\/happyhaus.fr\/de\/produkt\/la-jupe-trompe-loeil-sand\/","title":{"rendered":"LA JUPE TROMPE L&#8217;OEIL"},"content":{"rendered":"<ul>\n<li class=\"p1\">Lange<\/li>\n<li class=\"p1\">Ausgestellter Schnitt<\/li>\n<li class=\"p1\">5 Taschen<\/li>\n<li class=\"p1\">2 R\u00fcckentaschen in Blumenform<\/li>\n<li class=\"p1\">Holzkn\u00f6pfe<\/li>\n<li class=\"p1\">HAPPY HAUS Stickerei auf der R\u00fcckseite des G\u00fcrtels<\/li>\n<li class=\"p1\">Geflechtg\u00fcrtel<\/li>\n<li class=\"p1\">100% Detox zertifizierte Baumwolle<\/li>\n<\/ul>\n<p class=\"p1\">Herkunft des Stoffes: Italien<br \/>\nHergestellt in Tunesien<\/p>\n","protected":false},"excerpt":{"rendered":"<p>Unser TROMPE-L&#8217;OEIL-Rock interpretiert die \u00c4sthetik der Unterseite unseres TROMPE L&#8217;\u0152IL-Kleides neu, das das Flaggschiff unserer permanenten Kollektion ist. Der Rock TROMPE-L&#8217;OEIL ist lang und hat einen ausgestellten Schnitt. Sein Verschlusssystem besteht aus Holzkn\u00f6pfen. Sie bietet sch\u00f6ne Details wie den aus dem gleichen Stoff geflochtenen G\u00fcrtel, die beiden R\u00fcckentaschen in Blumenform, die HAPPY HAUS Stickerei auf der R\u00fcckseite. Der TROMPE -L&#8217;OEIL Rock formt die Silhouette elegant, chic und l\u00e4ssig.<\/p>\n<p>Hergestellt aus unserer detox zertifizierten Baumwolle, ist es sehr angenehm zu tragen im Sommer mit einem T-Shirt und einer Sandale, aber auch im Winter mit einem Paar Strumpfhosen, einem gro\u00dfen Pullover und Santiags.<\/p>\n","protected":false},"featured_media":96896,"comment_status":"closed","ping_status":"closed","template":"","meta":{"_acf_changed":false},"product_cat":[312,231,328,512],"product_tag":[335],"acf":[],"yoast_head":"<!-- This site is optimized with the Yoast SEO plugin v22.6 - https:\/\/yoast.com\/wordpress\/plugins\/seo\/ -->\n<title>LA JUPE TROMPE L&#039;OEIL -<\/title>\n<meta name=\"robots\" content=\"index, follow, max-snippet:-1, max-image-preview:large, max-video-preview:-1\" \/>\n<link rel=\"canonical\" href=\"https:\/\/happyhaus.fr\/de\/produkt\/la-jupe-trompe-loeil-sand\/\" \/>\n<meta property=\"og:locale\" content=\"de_DE\" \/>\n<meta property=\"og:type\" content=\"article\" \/>\n<meta property=\"og:title\" content=\"LA JUPE TROMPE L&#039;OEIL -\" \/>\n<meta property=\"og:description\" content=\"Unser TROMPE-L&#039;OEIL-Rock interpretiert die \u00c4sthetik der Unterseite unseres TROMPE L&#039;\u0152IL-Kleides neu, das das Flaggschiff unserer permanenten Kollektion ist. Der Rock TROMPE-L&#039;OEIL ist lang und hat einen ausgestellten Schnitt. Sein Verschlusssystem besteht aus Holzkn\u00f6pfen. Sie bietet sch\u00f6ne Details wie den aus dem gleichen Stoff geflochtenen G\u00fcrtel, die beiden R\u00fcckentaschen in Blumenform, die HAPPY HAUS Stickerei auf der R\u00fcckseite. Der TROMPE -L&#039;OEIL Rock formt die Silhouette elegant, chic und l\u00e4ssig.  Hergestellt aus unserer detox zertifizierten Baumwolle, ist es sehr angenehm zu tragen im Sommer mit einem T-Shirt und einer Sandale, aber auch im Winter mit einem Paar Strumpfhosen, einem gro\u00dfen Pullover und Santiags.\" \/>\n<meta property=\"og:url\" content=\"https:\/\/happyhaus.fr\/de\/produkt\/la-jupe-trompe-loeil-sand\/\" \/>\n<meta property=\"article:modified_time\" content=\"2025-07-17T12:45:01+00:00\" \/>\n<meta property=\"og:image\" content=\"https:\/\/happyhaus.fr\/wp-content\/uploads\/2025\/05\/Z1-3.jpg\" \/>\n\t<meta property=\"og:image:width\" content=\"1707\" \/>\n\t<meta property=\"og:image:height\" content=\"2560\" \/>\n\t<meta property=\"og:image:type\" content=\"image\/jpeg\" \/>\n<meta name=\"twitter:card\" content=\"summary_large_image\" \/>\n<meta name=\"twitter:label1\" content=\"Gesch\u00e4tzte Lesezeit\" \/>\n\t<meta name=\"twitter:data1\" content=\"1\u00a0Minute\" \/>\n<script type=\"application\/ld+json\" class=\"yoast-schema-graph\">{\"@context\":\"https:\/\/schema.org\",\"@graph\":[{\"@type\":\"WebPage\",\"@id\":\"https:\/\/happyhaus.fr\/de\/produkt\/la-jupe-trompe-loeil-sand\/\",\"url\":\"https:\/\/happyhaus.fr\/de\/produkt\/la-jupe-trompe-loeil-sand\/\",\"name\":\"LA JUPE TROMPE L'OEIL -\",\"isPartOf\":{\"@id\":\"https:\/\/happyhaus.fr\/#website\"},\"primaryImageOfPage\":{\"@id\":\"https:\/\/happyhaus.fr\/de\/produkt\/la-jupe-trompe-loeil-sand\/#primaryimage\"},\"image\":{\"@id\":\"https:\/\/happyhaus.fr\/de\/produkt\/la-jupe-trompe-loeil-sand\/#primaryimage\"},\"thumbnailUrl\":\"https:\/\/happyhaus.fr\/wp-content\/uploads\/2025\/05\/Z1-3.jpg\",\"datePublished\":\"2025-05-06T14:51:13+00:00\",\"dateModified\":\"2025-07-17T12:45:01+00:00\",\"breadcrumb\":{\"@id\":\"https:\/\/happyhaus.fr\/de\/produkt\/la-jupe-trompe-loeil-sand\/#breadcrumb\"},\"inLanguage\":\"de\",\"potentialAction\":[{\"@type\":\"ReadAction\",\"target\":[\"https:\/\/happyhaus.fr\/de\/produkt\/la-jupe-trompe-loeil-sand\/\"]}]},{\"@type\":\"ImageObject\",\"inLanguage\":\"de\",\"@id\":\"https:\/\/happyhaus.fr\/de\/produkt\/la-jupe-trompe-loeil-sand\/#primaryimage\",\"url\":\"https:\/\/happyhaus.fr\/wp-content\/uploads\/2025\/05\/Z1-3.jpg\",\"contentUrl\":\"https:\/\/happyhaus.fr\/wp-content\/uploads\/2025\/05\/Z1-3.jpg\",\"width\":1707,\"height\":2560},{\"@type\":\"BreadcrumbList\",\"@id\":\"https:\/\/happyhaus.fr\/de\/produkt\/la-jupe-trompe-loeil-sand\/#breadcrumb\",\"itemListElement\":[{\"@type\":\"ListItem\",\"position\":1,\"name\":\"Accueil\",\"item\":\"https:\/\/happyhaus.fr\/de\/\"},{\"@type\":\"ListItem\",\"position\":2,\"name\":\"Priv\u00e9\u00a0: Shop\",\"item\":\"https:\/\/happyhaus.fr\/?page_id=4438\"},{\"@type\":\"ListItem\",\"position\":3,\"name\":\"LA JUPE TROMPE L&#8217;OEIL\"}]},{\"@type\":\"WebSite\",\"@id\":\"https:\/\/happyhaus.fr\/#website\",\"url\":\"https:\/\/happyhaus.fr\/\",\"name\":\"\",\"description\":\"\",\"potentialAction\":[{\"@type\":\"SearchAction\",\"target\":{\"@type\":\"EntryPoint\",\"urlTemplate\":\"https:\/\/happyhaus.fr\/?s={search_term_string}\"},\"query-input\":\"required name=search_term_string\"}],\"inLanguage\":\"de\"}]}<\/script>\n<!-- \/ Yoast SEO plugin. -->","yoast_head_json":{"title":"LA JUPE TROMPE L'OEIL -","robots":{"index":"index","follow":"follow","max-snippet":"max-snippet:-1","max-image-preview":"max-image-preview:large","max-video-preview":"max-video-preview:-1"},"canonical":"https:\/\/happyhaus.fr\/de\/produkt\/la-jupe-trompe-loeil-sand\/","og_locale":"de_DE","og_type":"article","og_title":"LA JUPE TROMPE L'OEIL -","og_description":"Unser TROMPE-L'OEIL-Rock interpretiert die \u00c4sthetik der Unterseite unseres TROMPE L'\u0152IL-Kleides neu, das das Flaggschiff unserer permanenten Kollektion ist. Der Rock TROMPE-L'OEIL ist lang und hat einen ausgestellten Schnitt. Sein Verschlusssystem besteht aus Holzkn\u00f6pfen. Sie bietet sch\u00f6ne Details wie den aus dem gleichen Stoff geflochtenen G\u00fcrtel, die beiden R\u00fcckentaschen in Blumenform, die HAPPY HAUS Stickerei auf der R\u00fcckseite. Der TROMPE -L'OEIL Rock formt die Silhouette elegant, chic und l\u00e4ssig.  Hergestellt aus unserer detox zertifizierten Baumwolle, ist es sehr angenehm zu tragen im Sommer mit einem T-Shirt und einer Sandale, aber auch im Winter mit einem Paar Strumpfhosen, einem gro\u00dfen Pullover und Santiags.","og_url":"https:\/\/happyhaus.fr\/de\/produkt\/la-jupe-trompe-loeil-sand\/","article_modified_time":"2025-07-17T12:45:01+00:00","og_image":[{"width":1707,"height":2560,"url":"https:\/\/happyhaus.fr\/wp-content\/uploads\/2025\/05\/Z1-3.jpg","type":"image\/jpeg"}],"twitter_card":"summary_large_image","twitter_misc":{"Gesch\u00e4tzte Lesezeit":"1\u00a0Minute"},"schema":{"@context":"https:\/\/schema.org","@graph":[{"@type":"WebPage","@id":"https:\/\/happyhaus.fr\/de\/produkt\/la-jupe-trompe-loeil-sand\/","url":"https:\/\/happyhaus.fr\/de\/produkt\/la-jupe-trompe-loeil-sand\/","name":"LA JUPE TROMPE L'OEIL -","isPartOf":{"@id":"https:\/\/happyhaus.fr\/#website"},"primaryImageOfPage":{"@id":"https:\/\/happyhaus.fr\/de\/produkt\/la-jupe-trompe-loeil-sand\/#primaryimage"},"image":{"@id":"https:\/\/happyhaus.fr\/de\/produkt\/la-jupe-trompe-loeil-sand\/#primaryimage"},"thumbnailUrl":"https:\/\/happyhaus.fr\/wp-content\/uploads\/2025\/05\/Z1-3.jpg","datePublished":"2025-05-06T14:51:13+00:00","dateModified":"2025-07-17T12:45:01+00:00","breadcrumb":{"@id":"https:\/\/happyhaus.fr\/de\/produkt\/la-jupe-trompe-loeil-sand\/#breadcrumb"},"inLanguage":"de","potentialAction":[{"@type":"ReadAction","target":["https:\/\/happyhaus.fr\/de\/produkt\/la-jupe-trompe-loeil-sand\/"]}]},{"@type":"ImageObject","inLanguage":"de","@id":"https:\/\/happyhaus.fr\/de\/produkt\/la-jupe-trompe-loeil-sand\/#primaryimage","url":"https:\/\/happyhaus.fr\/wp-content\/uploads\/2025\/05\/Z1-3.jpg","contentUrl":"https:\/\/happyhaus.fr\/wp-content\/uploads\/2025\/05\/Z1-3.jpg","width":1707,"height":2560},{"@type":"BreadcrumbList","@id":"https:\/\/happyhaus.fr\/de\/produkt\/la-jupe-trompe-loeil-sand\/#breadcrumb","itemListElement":[{"@type":"ListItem","position":1,"name":"Accueil","item":"https:\/\/happyhaus.fr\/de\/"},{"@type":"ListItem","position":2,"name":"Priv\u00e9\u00a0: Shop","item":"https:\/\/happyhaus.fr\/?page_id=4438"},{"@type":"ListItem","position":3,"name":"LA JUPE TROMPE L&#8217;OEIL"}]},{"@type":"WebSite","@id":"https:\/\/happyhaus.fr\/#website","url":"https:\/\/happyhaus.fr\/","name":"","description":"","potentialAction":[{"@type":"SearchAction","target":{"@type":"EntryPoint","urlTemplate":"https:\/\/happyhaus.fr\/?s={search_term_string}"},"query-input":"required name=search_term_string"}],"inLanguage":"de"}]}},"_links":{"self":[{"href":"https:\/\/happyhaus.fr\/de\/wp-json\/wp\/v2\/product\/96872"}],"collection":[{"href":"https:\/\/happyhaus.fr\/de\/wp-json\/wp\/v2\/product"}],"about":[{"href":"https:\/\/happyhaus.fr\/de\/wp-json\/wp\/v2\/types\/product"}],"replies":[{"embeddable":true,"href":"https:\/\/happyhaus.fr\/de\/wp-json\/wp\/v2\/comments?post=96872"}],"wp:featuredmedia":[{"embeddable":true,"href":"https:\/\/happyhaus.fr\/de\/wp-json\/wp\/v2\/media\/96896"}],"wp:attachment":[{"href":"https:\/\/happyhaus.fr\/de\/wp-json\/wp\/v2\/media?parent=96872"}],"wp:term":[{"taxonomy":"product_cat","embeddable":true,"href":"https:\/\/happyhaus.fr\/de\/wp-json\/wp\/v2\/product_cat?post=96872"},{"taxonomy":"product_tag","embeddable":true,"href":"https:\/\/happyhaus.fr\/de\/wp-json\/wp\/v2\/product_tag?post=96872"}],"curies":[{"name":"wp","href":"https:\/\/api.w.org\/{rel}","templated":true}]}}