{"id":96747,"date":"2025-05-07T15:40:49","date_gmt":"2025-05-06T11:53:50","guid":{"rendered":"https:\/\/happyhaus.fr\/?post_type=product&#038;p=96747"},"modified":"2025-07-11T17:38:48","modified_gmt":"2025-07-11T15:38:48","slug":"le-pantalon-oversize-light-rose","status":"publish","type":"product","link":"https:\/\/happyhaus.fr\/de\/produkt\/le-pantalon-oversize-light-rose\/","title":{"rendered":"LE PANTALON OVERSIZE"},"content":{"rendered":"<ul>\n<li>Volumin\u00f6ser, ausgestellter Schnitt<\/li>\n<li>5 Taschen.<\/li>\n<li>Mit einer Kordel<\/li>\n<li>Auf der Ges\u00e4\u00dftasche ist der Pfau von Happy Haus aufgestickt.<\/li>\n<li>Fransen an den Kanten<\/li>\n<li>100 % Baumwolle<\/li>\n<\/ul>\n<p>Herkunft des Stoffes: Italien<br \/>\nHergestellt in Tunesien<\/p>\n","protected":false},"excerpt":{"rendered":"<p>&nbsp;<\/p>\n<p>Die OVERSIZE-Hose ist das Flaggschiff von HAPPY HAUS. Sie ist feminin, elegant und zeitlos. Sie hat eine<br \/>\nbreit geschnitten und leicht aufgeweitet, bietet er sch\u00f6ne Details.<br \/>\nDie Gr\u00f6\u00dfe passt bequem, aber f\u00fcr einen gr\u00f6\u00dferen Look empfehlen wir eine<br \/>\ngr\u00f6\u00dfer.<\/p>\n<p>Sandy, die Gr\u00fcnderin von HAPPY HAUS tr\u00e4gt eine Gr\u00f6\u00dfe 36 und ist 170 cm gro\u00df.<\/p>\n","protected":false},"featured_media":96801,"comment_status":"closed","ping_status":"closed","template":"","meta":{"_acf_changed":false},"product_cat":[312,231,236,512],"product_tag":[335],"acf":[],"yoast_head":"<!-- This site is optimized with the Yoast SEO plugin v22.6 - https:\/\/yoast.com\/wordpress\/plugins\/seo\/ -->\n<title>LE PANTALON OVERSIZE -<\/title>\n<meta name=\"robots\" content=\"index, follow, max-snippet:-1, max-image-preview:large, max-video-preview:-1\" \/>\n<link rel=\"canonical\" href=\"https:\/\/happyhaus.fr\/de\/produkt\/le-pantalon-oversize-light-rose\/\" \/>\n<meta property=\"og:locale\" content=\"de_DE\" \/>\n<meta property=\"og:type\" content=\"article\" \/>\n<meta property=\"og:title\" content=\"LE PANTALON OVERSIZE -\" \/>\n<meta property=\"og:description\" content=\"&nbsp;  Die OVERSIZE-Hose ist das Flaggschiff von HAPPY HAUS. Sie ist feminin, elegant und zeitlos. Sie hat eine breit geschnitten und leicht aufgeweitet, bietet er sch\u00f6ne Details. Die Gr\u00f6\u00dfe passt bequem, aber f\u00fcr einen gr\u00f6\u00dferen Look empfehlen wir eine gr\u00f6\u00dfer.  Sandy, die Gr\u00fcnderin von HAPPY HAUS tr\u00e4gt eine Gr\u00f6\u00dfe 36 und ist 170 cm gro\u00df.\" \/>\n<meta property=\"og:url\" content=\"https:\/\/happyhaus.fr\/de\/produkt\/le-pantalon-oversize-light-rose\/\" \/>\n<meta property=\"article:modified_time\" content=\"2025-07-11T15:38:48+00:00\" \/>\n<meta property=\"og:image\" content=\"https:\/\/happyhaus.fr\/wp-content\/uploads\/2025\/05\/Z1-1.jpg\" \/>\n\t<meta property=\"og:image:width\" content=\"1707\" \/>\n\t<meta property=\"og:image:height\" content=\"2560\" \/>\n\t<meta property=\"og:image:type\" content=\"image\/jpeg\" \/>\n<meta name=\"twitter:card\" content=\"summary_large_image\" \/>\n<meta name=\"twitter:label1\" content=\"Gesch\u00e4tzte Lesezeit\" \/>\n\t<meta name=\"twitter:data1\" content=\"1\u00a0Minute\" \/>\n<script type=\"application\/ld+json\" class=\"yoast-schema-graph\">{\"@context\":\"https:\/\/schema.org\",\"@graph\":[{\"@type\":\"WebPage\",\"@id\":\"https:\/\/happyhaus.fr\/de\/produkt\/le-pantalon-oversize-light-rose\/\",\"url\":\"https:\/\/happyhaus.fr\/de\/produkt\/le-pantalon-oversize-light-rose\/\",\"name\":\"LE PANTALON OVERSIZE -\",\"isPartOf\":{\"@id\":\"https:\/\/happyhaus.fr\/#website\"},\"primaryImageOfPage\":{\"@id\":\"https:\/\/happyhaus.fr\/de\/produkt\/le-pantalon-oversize-light-rose\/#primaryimage\"},\"image\":{\"@id\":\"https:\/\/happyhaus.fr\/de\/produkt\/le-pantalon-oversize-light-rose\/#primaryimage\"},\"thumbnailUrl\":\"https:\/\/happyhaus.fr\/wp-content\/uploads\/2025\/05\/Z1-1.jpg\",\"datePublished\":\"2025-05-06T11:53:50+00:00\",\"dateModified\":\"2025-07-11T15:38:48+00:00\",\"breadcrumb\":{\"@id\":\"https:\/\/happyhaus.fr\/de\/produkt\/le-pantalon-oversize-light-rose\/#breadcrumb\"},\"inLanguage\":\"de\",\"potentialAction\":[{\"@type\":\"ReadAction\",\"target\":[\"https:\/\/happyhaus.fr\/de\/produkt\/le-pantalon-oversize-light-rose\/\"]}]},{\"@type\":\"ImageObject\",\"inLanguage\":\"de\",\"@id\":\"https:\/\/happyhaus.fr\/de\/produkt\/le-pantalon-oversize-light-rose\/#primaryimage\",\"url\":\"https:\/\/happyhaus.fr\/wp-content\/uploads\/2025\/05\/Z1-1.jpg\",\"contentUrl\":\"https:\/\/happyhaus.fr\/wp-content\/uploads\/2025\/05\/Z1-1.jpg\",\"width\":1707,\"height\":2560},{\"@type\":\"BreadcrumbList\",\"@id\":\"https:\/\/happyhaus.fr\/de\/produkt\/le-pantalon-oversize-light-rose\/#breadcrumb\",\"itemListElement\":[{\"@type\":\"ListItem\",\"position\":1,\"name\":\"Accueil\",\"item\":\"https:\/\/happyhaus.fr\/de\/\"},{\"@type\":\"ListItem\",\"position\":2,\"name\":\"Priv\u00e9\u00a0: Shop\",\"item\":\"https:\/\/happyhaus.fr\/?page_id=4438\"},{\"@type\":\"ListItem\",\"position\":3,\"name\":\"LE PANTALON OVERSIZE\"}]},{\"@type\":\"WebSite\",\"@id\":\"https:\/\/happyhaus.fr\/#website\",\"url\":\"https:\/\/happyhaus.fr\/\",\"name\":\"\",\"description\":\"\",\"potentialAction\":[{\"@type\":\"SearchAction\",\"target\":{\"@type\":\"EntryPoint\",\"urlTemplate\":\"https:\/\/happyhaus.fr\/?s={search_term_string}\"},\"query-input\":\"required name=search_term_string\"}],\"inLanguage\":\"de\"}]}<\/script>\n<!-- \/ Yoast SEO plugin. -->","yoast_head_json":{"title":"LE PANTALON OVERSIZE -","robots":{"index":"index","follow":"follow","max-snippet":"max-snippet:-1","max-image-preview":"max-image-preview:large","max-video-preview":"max-video-preview:-1"},"canonical":"https:\/\/happyhaus.fr\/de\/produkt\/le-pantalon-oversize-light-rose\/","og_locale":"de_DE","og_type":"article","og_title":"LE PANTALON OVERSIZE -","og_description":"&nbsp;  Die OVERSIZE-Hose ist das Flaggschiff von HAPPY HAUS. Sie ist feminin, elegant und zeitlos. Sie hat eine breit geschnitten und leicht aufgeweitet, bietet er sch\u00f6ne Details. Die Gr\u00f6\u00dfe passt bequem, aber f\u00fcr einen gr\u00f6\u00dferen Look empfehlen wir eine gr\u00f6\u00dfer.  Sandy, die Gr\u00fcnderin von HAPPY HAUS tr\u00e4gt eine Gr\u00f6\u00dfe 36 und ist 170 cm gro\u00df.","og_url":"https:\/\/happyhaus.fr\/de\/produkt\/le-pantalon-oversize-light-rose\/","article_modified_time":"2025-07-11T15:38:48+00:00","og_image":[{"width":1707,"height":2560,"url":"https:\/\/happyhaus.fr\/wp-content\/uploads\/2025\/05\/Z1-1.jpg","type":"image\/jpeg"}],"twitter_card":"summary_large_image","twitter_misc":{"Gesch\u00e4tzte Lesezeit":"1\u00a0Minute"},"schema":{"@context":"https:\/\/schema.org","@graph":[{"@type":"WebPage","@id":"https:\/\/happyhaus.fr\/de\/produkt\/le-pantalon-oversize-light-rose\/","url":"https:\/\/happyhaus.fr\/de\/produkt\/le-pantalon-oversize-light-rose\/","name":"LE PANTALON OVERSIZE -","isPartOf":{"@id":"https:\/\/happyhaus.fr\/#website"},"primaryImageOfPage":{"@id":"https:\/\/happyhaus.fr\/de\/produkt\/le-pantalon-oversize-light-rose\/#primaryimage"},"image":{"@id":"https:\/\/happyhaus.fr\/de\/produkt\/le-pantalon-oversize-light-rose\/#primaryimage"},"thumbnailUrl":"https:\/\/happyhaus.fr\/wp-content\/uploads\/2025\/05\/Z1-1.jpg","datePublished":"2025-05-06T11:53:50+00:00","dateModified":"2025-07-11T15:38:48+00:00","breadcrumb":{"@id":"https:\/\/happyhaus.fr\/de\/produkt\/le-pantalon-oversize-light-rose\/#breadcrumb"},"inLanguage":"de","potentialAction":[{"@type":"ReadAction","target":["https:\/\/happyhaus.fr\/de\/produkt\/le-pantalon-oversize-light-rose\/"]}]},{"@type":"ImageObject","inLanguage":"de","@id":"https:\/\/happyhaus.fr\/de\/produkt\/le-pantalon-oversize-light-rose\/#primaryimage","url":"https:\/\/happyhaus.fr\/wp-content\/uploads\/2025\/05\/Z1-1.jpg","contentUrl":"https:\/\/happyhaus.fr\/wp-content\/uploads\/2025\/05\/Z1-1.jpg","width":1707,"height":2560},{"@type":"BreadcrumbList","@id":"https:\/\/happyhaus.fr\/de\/produkt\/le-pantalon-oversize-light-rose\/#breadcrumb","itemListElement":[{"@type":"ListItem","position":1,"name":"Accueil","item":"https:\/\/happyhaus.fr\/de\/"},{"@type":"ListItem","position":2,"name":"Priv\u00e9\u00a0: Shop","item":"https:\/\/happyhaus.fr\/?page_id=4438"},{"@type":"ListItem","position":3,"name":"LE PANTALON OVERSIZE"}]},{"@type":"WebSite","@id":"https:\/\/happyhaus.fr\/#website","url":"https:\/\/happyhaus.fr\/","name":"","description":"","potentialAction":[{"@type":"SearchAction","target":{"@type":"EntryPoint","urlTemplate":"https:\/\/happyhaus.fr\/?s={search_term_string}"},"query-input":"required name=search_term_string"}],"inLanguage":"de"}]}},"_links":{"self":[{"href":"https:\/\/happyhaus.fr\/de\/wp-json\/wp\/v2\/product\/96747"}],"collection":[{"href":"https:\/\/happyhaus.fr\/de\/wp-json\/wp\/v2\/product"}],"about":[{"href":"https:\/\/happyhaus.fr\/de\/wp-json\/wp\/v2\/types\/product"}],"replies":[{"embeddable":true,"href":"https:\/\/happyhaus.fr\/de\/wp-json\/wp\/v2\/comments?post=96747"}],"wp:featuredmedia":[{"embeddable":true,"href":"https:\/\/happyhaus.fr\/de\/wp-json\/wp\/v2\/media\/96801"}],"wp:attachment":[{"href":"https:\/\/happyhaus.fr\/de\/wp-json\/wp\/v2\/media?parent=96747"}],"wp:term":[{"taxonomy":"product_cat","embeddable":true,"href":"https:\/\/happyhaus.fr\/de\/wp-json\/wp\/v2\/product_cat?post=96747"},{"taxonomy":"product_tag","embeddable":true,"href":"https:\/\/happyhaus.fr\/de\/wp-json\/wp\/v2\/product_tag?post=96747"}],"curies":[{"name":"wp","href":"https:\/\/api.w.org\/{rel}","templated":true}]}}