{"id":96534,"date":"2025-04-24T11:49:28","date_gmt":"2025-04-24T09:49:28","guid":{"rendered":"https:\/\/happyhaus.fr\/?post_type=product&#038;p=96534"},"modified":"2025-07-17T14:41:56","modified_gmt":"2025-07-17T12:41:56","slug":"le-xs-bag-blue-denim","status":"publish","type":"product","link":"https:\/\/happyhaus.fr\/de\/produkt\/le-xs-bag-blue-denim\/","title":{"rendered":"Le XS Bag"},"content":{"rendered":"<ul>\n<li>Handgefertigt<\/li>\n<li>Gr\u00f6sse XS<\/li>\n<li>Label mit HAPPY HAUS Logo aus recycelbarem Papier<\/li>\n<li>Denim-Blau mit Schattierungen in Bast<\/li>\n<li>Griffh\u00f6he: 26 cm<\/li>\n<li>Breite: 50 cm<\/li>\n<li>Tiefe: 45 cm<\/li>\n<li>100 % Bast<\/li>\n<\/ul>\n<p>Handgefertigt in Indien<\/p>\n<p>&nbsp;<\/p>\n","protected":false},"excerpt":{"rendered":"<p>Unsere neue XS BAG aus Bast ist unser neues, kleineres Format. Es ist perfekt f\u00fcr den Strand, den Markt oder als Handtasche&#8230; Es kann Sie den ganzen Sommer in all Ihren Ausfl\u00fcgen begleiten. Es passt zu allem und mit allen Stilen! Seine blaue Vintage-Denim-Farbe mit Farbt\u00f6nen in Bast bringt Farbe und Originalit\u00e4t zu Ihren Looks.<\/p>\n<p>Z\u00e9lie, 165 cm.<\/p>\n","protected":false},"featured_media":96543,"comment_status":"open","ping_status":"closed","template":"","meta":{"_acf_changed":false},"product_cat":[312,231,404],"product_tag":[],"acf":[],"yoast_head":"<!-- This site is optimized with the Yoast SEO plugin v22.6 - https:\/\/yoast.com\/wordpress\/plugins\/seo\/ -->\n<title>Le XS Bag -<\/title>\n<meta name=\"robots\" content=\"index, follow, max-snippet:-1, max-image-preview:large, max-video-preview:-1\" \/>\n<link rel=\"canonical\" href=\"https:\/\/happyhaus.fr\/de\/produkt\/le-xs-bag-blue-denim\/\" \/>\n<meta property=\"og:locale\" content=\"de_DE\" \/>\n<meta property=\"og:type\" content=\"article\" \/>\n<meta property=\"og:title\" content=\"Le XS Bag -\" \/>\n<meta property=\"og:description\" content=\"Unsere neue XS BAG aus Bast ist unser neues, kleineres Format. Es ist perfekt f\u00fcr den Strand, den Markt oder als Handtasche... Es kann Sie den ganzen Sommer in all Ihren Ausfl\u00fcgen begleiten. Es passt zu allem und mit allen Stilen! Seine blaue Vintage-Denim-Farbe mit Farbt\u00f6nen in Bast bringt Farbe und Originalit\u00e4t zu Ihren Looks.  Z\u00e9lie, 165 cm.\" \/>\n<meta property=\"og:url\" content=\"https:\/\/happyhaus.fr\/de\/produkt\/le-xs-bag-blue-denim\/\" \/>\n<meta property=\"article:modified_time\" content=\"2025-07-17T12:41:56+00:00\" \/>\n<meta property=\"og:image\" content=\"https:\/\/happyhaus.fr\/wp-content\/uploads\/2025\/04\/Z3-4.jpg\" \/>\n\t<meta property=\"og:image:width\" content=\"1707\" \/>\n\t<meta property=\"og:image:height\" content=\"2560\" \/>\n\t<meta property=\"og:image:type\" content=\"image\/jpeg\" \/>\n<meta name=\"twitter:card\" content=\"summary_large_image\" \/>\n<meta name=\"twitter:label1\" content=\"Gesch\u00e4tzte Lesezeit\" \/>\n\t<meta name=\"twitter:data1\" content=\"1\u00a0Minute\" \/>\n<script type=\"application\/ld+json\" class=\"yoast-schema-graph\">{\"@context\":\"https:\/\/schema.org\",\"@graph\":[{\"@type\":\"WebPage\",\"@id\":\"https:\/\/happyhaus.fr\/de\/produkt\/le-xs-bag-blue-denim\/\",\"url\":\"https:\/\/happyhaus.fr\/de\/produkt\/le-xs-bag-blue-denim\/\",\"name\":\"Le XS Bag -\",\"isPartOf\":{\"@id\":\"https:\/\/happyhaus.fr\/#website\"},\"primaryImageOfPage\":{\"@id\":\"https:\/\/happyhaus.fr\/de\/produkt\/le-xs-bag-blue-denim\/#primaryimage\"},\"image\":{\"@id\":\"https:\/\/happyhaus.fr\/de\/produkt\/le-xs-bag-blue-denim\/#primaryimage\"},\"thumbnailUrl\":\"https:\/\/happyhaus.fr\/wp-content\/uploads\/2025\/04\/Z3-4.jpg\",\"datePublished\":\"2025-04-24T09:49:28+00:00\",\"dateModified\":\"2025-07-17T12:41:56+00:00\",\"breadcrumb\":{\"@id\":\"https:\/\/happyhaus.fr\/de\/produkt\/le-xs-bag-blue-denim\/#breadcrumb\"},\"inLanguage\":\"de\",\"potentialAction\":[{\"@type\":\"ReadAction\",\"target\":[\"https:\/\/happyhaus.fr\/de\/produkt\/le-xs-bag-blue-denim\/\"]}]},{\"@type\":\"ImageObject\",\"inLanguage\":\"de\",\"@id\":\"https:\/\/happyhaus.fr\/de\/produkt\/le-xs-bag-blue-denim\/#primaryimage\",\"url\":\"https:\/\/happyhaus.fr\/wp-content\/uploads\/2025\/04\/Z3-4.jpg\",\"contentUrl\":\"https:\/\/happyhaus.fr\/wp-content\/uploads\/2025\/04\/Z3-4.jpg\",\"width\":1707,\"height\":2560},{\"@type\":\"BreadcrumbList\",\"@id\":\"https:\/\/happyhaus.fr\/de\/produkt\/le-xs-bag-blue-denim\/#breadcrumb\",\"itemListElement\":[{\"@type\":\"ListItem\",\"position\":1,\"name\":\"Accueil\",\"item\":\"https:\/\/happyhaus.fr\/de\/\"},{\"@type\":\"ListItem\",\"position\":2,\"name\":\"Priv\u00e9\u00a0: Shop\",\"item\":\"https:\/\/happyhaus.fr\/?page_id=4438\"},{\"@type\":\"ListItem\",\"position\":3,\"name\":\"Le XS Bag\"}]},{\"@type\":\"WebSite\",\"@id\":\"https:\/\/happyhaus.fr\/#website\",\"url\":\"https:\/\/happyhaus.fr\/\",\"name\":\"\",\"description\":\"\",\"potentialAction\":[{\"@type\":\"SearchAction\",\"target\":{\"@type\":\"EntryPoint\",\"urlTemplate\":\"https:\/\/happyhaus.fr\/?s={search_term_string}\"},\"query-input\":\"required name=search_term_string\"}],\"inLanguage\":\"de\"}]}<\/script>\n<!-- \/ Yoast SEO plugin. -->","yoast_head_json":{"title":"Le XS Bag -","robots":{"index":"index","follow":"follow","max-snippet":"max-snippet:-1","max-image-preview":"max-image-preview:large","max-video-preview":"max-video-preview:-1"},"canonical":"https:\/\/happyhaus.fr\/de\/produkt\/le-xs-bag-blue-denim\/","og_locale":"de_DE","og_type":"article","og_title":"Le XS Bag -","og_description":"Unsere neue XS BAG aus Bast ist unser neues, kleineres Format. Es ist perfekt f\u00fcr den Strand, den Markt oder als Handtasche... Es kann Sie den ganzen Sommer in all Ihren Ausfl\u00fcgen begleiten. Es passt zu allem und mit allen Stilen! Seine blaue Vintage-Denim-Farbe mit Farbt\u00f6nen in Bast bringt Farbe und Originalit\u00e4t zu Ihren Looks.  Z\u00e9lie, 165 cm.","og_url":"https:\/\/happyhaus.fr\/de\/produkt\/le-xs-bag-blue-denim\/","article_modified_time":"2025-07-17T12:41:56+00:00","og_image":[{"width":1707,"height":2560,"url":"https:\/\/happyhaus.fr\/wp-content\/uploads\/2025\/04\/Z3-4.jpg","type":"image\/jpeg"}],"twitter_card":"summary_large_image","twitter_misc":{"Gesch\u00e4tzte Lesezeit":"1\u00a0Minute"},"schema":{"@context":"https:\/\/schema.org","@graph":[{"@type":"WebPage","@id":"https:\/\/happyhaus.fr\/de\/produkt\/le-xs-bag-blue-denim\/","url":"https:\/\/happyhaus.fr\/de\/produkt\/le-xs-bag-blue-denim\/","name":"Le XS Bag -","isPartOf":{"@id":"https:\/\/happyhaus.fr\/#website"},"primaryImageOfPage":{"@id":"https:\/\/happyhaus.fr\/de\/produkt\/le-xs-bag-blue-denim\/#primaryimage"},"image":{"@id":"https:\/\/happyhaus.fr\/de\/produkt\/le-xs-bag-blue-denim\/#primaryimage"},"thumbnailUrl":"https:\/\/happyhaus.fr\/wp-content\/uploads\/2025\/04\/Z3-4.jpg","datePublished":"2025-04-24T09:49:28+00:00","dateModified":"2025-07-17T12:41:56+00:00","breadcrumb":{"@id":"https:\/\/happyhaus.fr\/de\/produkt\/le-xs-bag-blue-denim\/#breadcrumb"},"inLanguage":"de","potentialAction":[{"@type":"ReadAction","target":["https:\/\/happyhaus.fr\/de\/produkt\/le-xs-bag-blue-denim\/"]}]},{"@type":"ImageObject","inLanguage":"de","@id":"https:\/\/happyhaus.fr\/de\/produkt\/le-xs-bag-blue-denim\/#primaryimage","url":"https:\/\/happyhaus.fr\/wp-content\/uploads\/2025\/04\/Z3-4.jpg","contentUrl":"https:\/\/happyhaus.fr\/wp-content\/uploads\/2025\/04\/Z3-4.jpg","width":1707,"height":2560},{"@type":"BreadcrumbList","@id":"https:\/\/happyhaus.fr\/de\/produkt\/le-xs-bag-blue-denim\/#breadcrumb","itemListElement":[{"@type":"ListItem","position":1,"name":"Accueil","item":"https:\/\/happyhaus.fr\/de\/"},{"@type":"ListItem","position":2,"name":"Priv\u00e9\u00a0: Shop","item":"https:\/\/happyhaus.fr\/?page_id=4438"},{"@type":"ListItem","position":3,"name":"Le XS Bag"}]},{"@type":"WebSite","@id":"https:\/\/happyhaus.fr\/#website","url":"https:\/\/happyhaus.fr\/","name":"","description":"","potentialAction":[{"@type":"SearchAction","target":{"@type":"EntryPoint","urlTemplate":"https:\/\/happyhaus.fr\/?s={search_term_string}"},"query-input":"required name=search_term_string"}],"inLanguage":"de"}]}},"_links":{"self":[{"href":"https:\/\/happyhaus.fr\/de\/wp-json\/wp\/v2\/product\/96534"}],"collection":[{"href":"https:\/\/happyhaus.fr\/de\/wp-json\/wp\/v2\/product"}],"about":[{"href":"https:\/\/happyhaus.fr\/de\/wp-json\/wp\/v2\/types\/product"}],"replies":[{"embeddable":true,"href":"https:\/\/happyhaus.fr\/de\/wp-json\/wp\/v2\/comments?post=96534"}],"wp:featuredmedia":[{"embeddable":true,"href":"https:\/\/happyhaus.fr\/de\/wp-json\/wp\/v2\/media\/96543"}],"wp:attachment":[{"href":"https:\/\/happyhaus.fr\/de\/wp-json\/wp\/v2\/media?parent=96534"}],"wp:term":[{"taxonomy":"product_cat","embeddable":true,"href":"https:\/\/happyhaus.fr\/de\/wp-json\/wp\/v2\/product_cat?post=96534"},{"taxonomy":"product_tag","embeddable":true,"href":"https:\/\/happyhaus.fr\/de\/wp-json\/wp\/v2\/product_tag?post=96534"}],"curies":[{"name":"wp","href":"https:\/\/api.w.org\/{rel}","templated":true}]}}