{"id":96493,"date":"2025-04-23T16:32:22","date_gmt":"2025-04-23T14:32:23","guid":{"rendered":"https:\/\/happyhaus.fr\/?post_type=product&#038;p=96493"},"modified":"2025-05-06T14:54:08","modified_gmt":"2025-05-06T12:54:08","slug":"la-chemise-light-rose","status":"publish","type":"product","link":"https:\/\/happyhaus.fr\/de\/produkt\/la-chemise-light-rose\/","title":{"rendered":"LA CHEMISE"},"content":{"rendered":"<ul>\n<li>Gerader Schnitt<\/li>\n<li>Spitz zulaufender Hemdkragen<\/li>\n<li>Einstiegsfront mit Knopf, verdeckt durch Leinen<\/li>\n<li>Knopfverschluss an den Manschetten<\/li>\n<li>100% Leinen<\/li>\n<\/ul>\n<p>Fabric Origin : Italy<\/p>\n<p>Made in Tunisia<\/p>\n","protected":false},"excerpt":{"rendered":"<p>Das HEMD hat einen minimalistischen Vintage-Stil. Es ist schmal geschnitten. Es bietet sch\u00f6ne Details: die<br \/>\nKn\u00f6pfe bedeckt, der spitze Hemdkragen inspiriert 70\u2019s, das Finish der Manschetten.<br \/>\nEs ist aus unserem edlen und eleganten Leinen-Stoff gefertigt. Die Farbe LIGHT ROSE ist sanft und beruhigend und l\u00e4sst sich leicht mit vielen Looks kombinieren.<\/p>\n<p>Sandy, die Gr\u00fcnderin von HAPPY HAUS tr\u00e4gt Gr\u00f6\u00dfe 36.<\/p>\n","protected":false},"featured_media":96521,"comment_status":"closed","ping_status":"closed","template":"","meta":{"_acf_changed":false},"product_cat":[312,231,237,512],"product_tag":[335],"acf":[],"yoast_head":"<!-- This site is optimized with the Yoast SEO plugin v22.6 - https:\/\/yoast.com\/wordpress\/plugins\/seo\/ -->\n<title>LA CHEMISE -<\/title>\n<meta name=\"robots\" content=\"index, follow, max-snippet:-1, max-image-preview:large, max-video-preview:-1\" \/>\n<link rel=\"canonical\" href=\"https:\/\/happyhaus.fr\/de\/produkt\/la-chemise-light-rose\/\" \/>\n<meta property=\"og:locale\" content=\"de_DE\" \/>\n<meta property=\"og:type\" content=\"article\" \/>\n<meta property=\"og:title\" content=\"LA CHEMISE -\" \/>\n<meta property=\"og:description\" content=\"Das HEMD hat einen minimalistischen Vintage-Stil. Es ist schmal geschnitten. Es bietet sch\u00f6ne Details: die Kn\u00f6pfe bedeckt, der spitze Hemdkragen inspiriert 70\u2019s, das Finish der Manschetten. Es ist aus unserem edlen und eleganten Leinen-Stoff gefertigt. Die Farbe LIGHT ROSE ist sanft und beruhigend und l\u00e4sst sich leicht mit vielen Looks kombinieren.  Sandy, die Gr\u00fcnderin von HAPPY HAUS tr\u00e4gt Gr\u00f6\u00dfe 36.\" \/>\n<meta property=\"og:url\" content=\"https:\/\/happyhaus.fr\/de\/produkt\/la-chemise-light-rose\/\" \/>\n<meta property=\"article:modified_time\" content=\"2025-05-06T12:54:08+00:00\" \/>\n<meta property=\"og:image\" content=\"https:\/\/happyhaus.fr\/wp-content\/uploads\/2025\/04\/Z1-9.jpg\" \/>\n\t<meta property=\"og:image:width\" content=\"1707\" \/>\n\t<meta property=\"og:image:height\" content=\"2560\" \/>\n\t<meta property=\"og:image:type\" content=\"image\/jpeg\" \/>\n<meta name=\"twitter:card\" content=\"summary_large_image\" \/>\n<meta name=\"twitter:label1\" content=\"Gesch\u00e4tzte Lesezeit\" \/>\n\t<meta name=\"twitter:data1\" content=\"1\u00a0Minute\" \/>\n<script type=\"application\/ld+json\" class=\"yoast-schema-graph\">{\"@context\":\"https:\/\/schema.org\",\"@graph\":[{\"@type\":\"WebPage\",\"@id\":\"https:\/\/happyhaus.fr\/de\/produkt\/la-chemise-light-rose\/\",\"url\":\"https:\/\/happyhaus.fr\/de\/produkt\/la-chemise-light-rose\/\",\"name\":\"LA CHEMISE -\",\"isPartOf\":{\"@id\":\"https:\/\/happyhaus.fr\/#website\"},\"primaryImageOfPage\":{\"@id\":\"https:\/\/happyhaus.fr\/de\/produkt\/la-chemise-light-rose\/#primaryimage\"},\"image\":{\"@id\":\"https:\/\/happyhaus.fr\/de\/produkt\/la-chemise-light-rose\/#primaryimage\"},\"thumbnailUrl\":\"https:\/\/happyhaus.fr\/wp-content\/uploads\/2025\/04\/Z1-9.jpg\",\"datePublished\":\"2025-04-23T14:32:23+00:00\",\"dateModified\":\"2025-05-06T12:54:08+00:00\",\"breadcrumb\":{\"@id\":\"https:\/\/happyhaus.fr\/de\/produkt\/la-chemise-light-rose\/#breadcrumb\"},\"inLanguage\":\"de\",\"potentialAction\":[{\"@type\":\"ReadAction\",\"target\":[\"https:\/\/happyhaus.fr\/de\/produkt\/la-chemise-light-rose\/\"]}]},{\"@type\":\"ImageObject\",\"inLanguage\":\"de\",\"@id\":\"https:\/\/happyhaus.fr\/de\/produkt\/la-chemise-light-rose\/#primaryimage\",\"url\":\"https:\/\/happyhaus.fr\/wp-content\/uploads\/2025\/04\/Z1-9.jpg\",\"contentUrl\":\"https:\/\/happyhaus.fr\/wp-content\/uploads\/2025\/04\/Z1-9.jpg\",\"width\":1707,\"height\":2560},{\"@type\":\"BreadcrumbList\",\"@id\":\"https:\/\/happyhaus.fr\/de\/produkt\/la-chemise-light-rose\/#breadcrumb\",\"itemListElement\":[{\"@type\":\"ListItem\",\"position\":1,\"name\":\"Accueil\",\"item\":\"https:\/\/happyhaus.fr\/de\/\"},{\"@type\":\"ListItem\",\"position\":2,\"name\":\"Priv\u00e9\u00a0: Shop\",\"item\":\"https:\/\/happyhaus.fr\/?page_id=4438\"},{\"@type\":\"ListItem\",\"position\":3,\"name\":\"LA CHEMISE\"}]},{\"@type\":\"WebSite\",\"@id\":\"https:\/\/happyhaus.fr\/#website\",\"url\":\"https:\/\/happyhaus.fr\/\",\"name\":\"\",\"description\":\"\",\"potentialAction\":[{\"@type\":\"SearchAction\",\"target\":{\"@type\":\"EntryPoint\",\"urlTemplate\":\"https:\/\/happyhaus.fr\/?s={search_term_string}\"},\"query-input\":\"required name=search_term_string\"}],\"inLanguage\":\"de\"}]}<\/script>\n<!-- \/ Yoast SEO plugin. -->","yoast_head_json":{"title":"LA CHEMISE -","robots":{"index":"index","follow":"follow","max-snippet":"max-snippet:-1","max-image-preview":"max-image-preview:large","max-video-preview":"max-video-preview:-1"},"canonical":"https:\/\/happyhaus.fr\/de\/produkt\/la-chemise-light-rose\/","og_locale":"de_DE","og_type":"article","og_title":"LA CHEMISE -","og_description":"Das HEMD hat einen minimalistischen Vintage-Stil. Es ist schmal geschnitten. Es bietet sch\u00f6ne Details: die Kn\u00f6pfe bedeckt, der spitze Hemdkragen inspiriert 70\u2019s, das Finish der Manschetten. Es ist aus unserem edlen und eleganten Leinen-Stoff gefertigt. Die Farbe LIGHT ROSE ist sanft und beruhigend und l\u00e4sst sich leicht mit vielen Looks kombinieren.  Sandy, die Gr\u00fcnderin von HAPPY HAUS tr\u00e4gt Gr\u00f6\u00dfe 36.","og_url":"https:\/\/happyhaus.fr\/de\/produkt\/la-chemise-light-rose\/","article_modified_time":"2025-05-06T12:54:08+00:00","og_image":[{"width":1707,"height":2560,"url":"https:\/\/happyhaus.fr\/wp-content\/uploads\/2025\/04\/Z1-9.jpg","type":"image\/jpeg"}],"twitter_card":"summary_large_image","twitter_misc":{"Gesch\u00e4tzte Lesezeit":"1\u00a0Minute"},"schema":{"@context":"https:\/\/schema.org","@graph":[{"@type":"WebPage","@id":"https:\/\/happyhaus.fr\/de\/produkt\/la-chemise-light-rose\/","url":"https:\/\/happyhaus.fr\/de\/produkt\/la-chemise-light-rose\/","name":"LA CHEMISE -","isPartOf":{"@id":"https:\/\/happyhaus.fr\/#website"},"primaryImageOfPage":{"@id":"https:\/\/happyhaus.fr\/de\/produkt\/la-chemise-light-rose\/#primaryimage"},"image":{"@id":"https:\/\/happyhaus.fr\/de\/produkt\/la-chemise-light-rose\/#primaryimage"},"thumbnailUrl":"https:\/\/happyhaus.fr\/wp-content\/uploads\/2025\/04\/Z1-9.jpg","datePublished":"2025-04-23T14:32:23+00:00","dateModified":"2025-05-06T12:54:08+00:00","breadcrumb":{"@id":"https:\/\/happyhaus.fr\/de\/produkt\/la-chemise-light-rose\/#breadcrumb"},"inLanguage":"de","potentialAction":[{"@type":"ReadAction","target":["https:\/\/happyhaus.fr\/de\/produkt\/la-chemise-light-rose\/"]}]},{"@type":"ImageObject","inLanguage":"de","@id":"https:\/\/happyhaus.fr\/de\/produkt\/la-chemise-light-rose\/#primaryimage","url":"https:\/\/happyhaus.fr\/wp-content\/uploads\/2025\/04\/Z1-9.jpg","contentUrl":"https:\/\/happyhaus.fr\/wp-content\/uploads\/2025\/04\/Z1-9.jpg","width":1707,"height":2560},{"@type":"BreadcrumbList","@id":"https:\/\/happyhaus.fr\/de\/produkt\/la-chemise-light-rose\/#breadcrumb","itemListElement":[{"@type":"ListItem","position":1,"name":"Accueil","item":"https:\/\/happyhaus.fr\/de\/"},{"@type":"ListItem","position":2,"name":"Priv\u00e9\u00a0: Shop","item":"https:\/\/happyhaus.fr\/?page_id=4438"},{"@type":"ListItem","position":3,"name":"LA CHEMISE"}]},{"@type":"WebSite","@id":"https:\/\/happyhaus.fr\/#website","url":"https:\/\/happyhaus.fr\/","name":"","description":"","potentialAction":[{"@type":"SearchAction","target":{"@type":"EntryPoint","urlTemplate":"https:\/\/happyhaus.fr\/?s={search_term_string}"},"query-input":"required name=search_term_string"}],"inLanguage":"de"}]}},"_links":{"self":[{"href":"https:\/\/happyhaus.fr\/de\/wp-json\/wp\/v2\/product\/96493"}],"collection":[{"href":"https:\/\/happyhaus.fr\/de\/wp-json\/wp\/v2\/product"}],"about":[{"href":"https:\/\/happyhaus.fr\/de\/wp-json\/wp\/v2\/types\/product"}],"replies":[{"embeddable":true,"href":"https:\/\/happyhaus.fr\/de\/wp-json\/wp\/v2\/comments?post=96493"}],"wp:featuredmedia":[{"embeddable":true,"href":"https:\/\/happyhaus.fr\/de\/wp-json\/wp\/v2\/media\/96521"}],"wp:attachment":[{"href":"https:\/\/happyhaus.fr\/de\/wp-json\/wp\/v2\/media?parent=96493"}],"wp:term":[{"taxonomy":"product_cat","embeddable":true,"href":"https:\/\/happyhaus.fr\/de\/wp-json\/wp\/v2\/product_cat?post=96493"},{"taxonomy":"product_tag","embeddable":true,"href":"https:\/\/happyhaus.fr\/de\/wp-json\/wp\/v2\/product_tag?post=96493"}],"curies":[{"name":"wp","href":"https:\/\/api.w.org\/{rel}","templated":true}]}}