{"id":96338,"date":"2025-04-09T16:10:16","date_gmt":"2025-04-09T14:22:17","guid":{"rendered":"https:\/\/happyhaus.fr\/?post_type=product&#038;p=96338"},"modified":"2025-07-17T15:52:20","modified_gmt":"2025-07-17T13:52:20","slug":"le-blouson-unisex-pink-blue","status":"publish","type":"product","link":"https:\/\/happyhaus.fr\/de\/produkt\/le-blouson-unisex-pink-blue\/","title":{"rendered":"LE BLOUSON UNISEX"},"content":{"rendered":"<ul>\n<li>Schnitt leicht locker<\/li>\n<li>Spitzkragen des Hemdes<\/li>\n<li>Verschluss mit Nieten aus Bronze<\/li>\n<li>Zwei aufgesetzte Taschen vorne<\/li>\n<li>Zwei ges\u00e4umte Taschen<\/li>\n<li>N\u00e4hte gelb<\/li>\n<li>Stickerei mit gelbem Pfau-Logo auf der R\u00fcckseite<\/li>\n<li>Lange \u00c4rmel, Kn\u00f6pfe an den Handgelenken<\/li>\n<li>Nicht verdoppelt<\/li>\n<li>Waschung \u00abPINK BLUE\u00bb<\/li>\n<li>80% Baumwolle 20% recycelte Baumwolle<\/li>\n<\/ul>\n<p>Herkunft des Stoffes: Italien<br \/>\nHergestellt in Tunesien<\/p>\n<p>&nbsp;<\/p>\n<p>&nbsp;<\/p>\n","protected":false},"excerpt":{"rendered":"<p>&nbsp;<\/p>\n<p>Unsere neue UNISEX-JACKE greift die Linien der m\u00e4nnlichen\/weiblichen Jeansjacke auf. Sie hat einen leicht lockeren Schnitt. DIE UNISEX-JACKE bietet wundersch\u00f6ne Details: die bronzenen Nietkn\u00f6pfe, die zwei diskreten Taschen am Nadelstreifen, die kontrastierenden Steppn\u00e4hte in Gelb und das gestickte HAPPY HAUS-Logo in Gelb. Die einzigartige Farbe PINK BLUE, die ihm viel Kraft und Charakter verleiht. Die UNISEX-JACKE ist Ihr idealer Begleiter, sie verleiht allen Ihren Looks einen Twist.<\/p>\n<p>Wir bei HAPPY HAUS lieben ihn.<\/p>\n<p>&nbsp;<\/p>\n","protected":false},"featured_media":96531,"comment_status":"closed","ping_status":"closed","template":"","meta":{"_acf_changed":false},"product_cat":[312,231,238,512],"product_tag":[335],"acf":[],"yoast_head":"<!-- This site is optimized with the Yoast SEO plugin v22.6 - https:\/\/yoast.com\/wordpress\/plugins\/seo\/ -->\n<title>LE BLOUSON UNISEX -<\/title>\n<meta name=\"robots\" content=\"index, follow, max-snippet:-1, max-image-preview:large, max-video-preview:-1\" \/>\n<link rel=\"canonical\" href=\"https:\/\/happyhaus.fr\/de\/produkt\/le-blouson-unisex-pink-blue\/\" \/>\n<meta property=\"og:locale\" content=\"de_DE\" \/>\n<meta property=\"og:type\" content=\"article\" \/>\n<meta property=\"og:title\" content=\"LE BLOUSON UNISEX -\" \/>\n<meta property=\"og:description\" content=\"&nbsp;  Unsere neue UNISEX-JACKE greift die Linien der m\u00e4nnlichen\/weiblichen Jeansjacke auf. Sie hat einen leicht lockeren Schnitt. DIE UNISEX-JACKE bietet wundersch\u00f6ne Details: die bronzenen Nietkn\u00f6pfe, die zwei diskreten Taschen am Nadelstreifen, die kontrastierenden Steppn\u00e4hte in Gelb und das gestickte HAPPY HAUS-Logo in Gelb. Die einzigartige Farbe PINK BLUE, die ihm viel Kraft und Charakter verleiht. Die UNISEX-JACKE ist Ihr idealer Begleiter, sie verleiht allen Ihren Looks einen Twist.  Wir bei HAPPY HAUS lieben ihn.  &nbsp;\" \/>\n<meta property=\"og:url\" content=\"https:\/\/happyhaus.fr\/de\/produkt\/le-blouson-unisex-pink-blue\/\" \/>\n<meta property=\"article:modified_time\" content=\"2025-07-17T13:52:20+00:00\" \/>\n<meta property=\"og:image\" content=\"https:\/\/happyhaus.fr\/wp-content\/uploads\/2025\/04\/Z1-10.jpg\" \/>\n\t<meta property=\"og:image:width\" content=\"1707\" \/>\n\t<meta property=\"og:image:height\" content=\"2560\" \/>\n\t<meta property=\"og:image:type\" content=\"image\/jpeg\" \/>\n<meta name=\"twitter:card\" content=\"summary_large_image\" \/>\n<meta name=\"twitter:label1\" content=\"Gesch\u00e4tzte Lesezeit\" \/>\n\t<meta name=\"twitter:data1\" content=\"1\u00a0Minute\" \/>\n<script type=\"application\/ld+json\" class=\"yoast-schema-graph\">{\"@context\":\"https:\/\/schema.org\",\"@graph\":[{\"@type\":\"WebPage\",\"@id\":\"https:\/\/happyhaus.fr\/de\/produkt\/le-blouson-unisex-pink-blue\/\",\"url\":\"https:\/\/happyhaus.fr\/de\/produkt\/le-blouson-unisex-pink-blue\/\",\"name\":\"LE BLOUSON UNISEX -\",\"isPartOf\":{\"@id\":\"https:\/\/happyhaus.fr\/#website\"},\"primaryImageOfPage\":{\"@id\":\"https:\/\/happyhaus.fr\/de\/produkt\/le-blouson-unisex-pink-blue\/#primaryimage\"},\"image\":{\"@id\":\"https:\/\/happyhaus.fr\/de\/produkt\/le-blouson-unisex-pink-blue\/#primaryimage\"},\"thumbnailUrl\":\"https:\/\/happyhaus.fr\/wp-content\/uploads\/2025\/04\/Z1-10.jpg\",\"datePublished\":\"2025-04-09T14:22:17+00:00\",\"dateModified\":\"2025-07-17T13:52:20+00:00\",\"breadcrumb\":{\"@id\":\"https:\/\/happyhaus.fr\/de\/produkt\/le-blouson-unisex-pink-blue\/#breadcrumb\"},\"inLanguage\":\"de\",\"potentialAction\":[{\"@type\":\"ReadAction\",\"target\":[\"https:\/\/happyhaus.fr\/de\/produkt\/le-blouson-unisex-pink-blue\/\"]}]},{\"@type\":\"ImageObject\",\"inLanguage\":\"de\",\"@id\":\"https:\/\/happyhaus.fr\/de\/produkt\/le-blouson-unisex-pink-blue\/#primaryimage\",\"url\":\"https:\/\/happyhaus.fr\/wp-content\/uploads\/2025\/04\/Z1-10.jpg\",\"contentUrl\":\"https:\/\/happyhaus.fr\/wp-content\/uploads\/2025\/04\/Z1-10.jpg\",\"width\":1707,\"height\":2560},{\"@type\":\"BreadcrumbList\",\"@id\":\"https:\/\/happyhaus.fr\/de\/produkt\/le-blouson-unisex-pink-blue\/#breadcrumb\",\"itemListElement\":[{\"@type\":\"ListItem\",\"position\":1,\"name\":\"Accueil\",\"item\":\"https:\/\/happyhaus.fr\/de\/\"},{\"@type\":\"ListItem\",\"position\":2,\"name\":\"Priv\u00e9\u00a0: Shop\",\"item\":\"https:\/\/happyhaus.fr\/?page_id=4438\"},{\"@type\":\"ListItem\",\"position\":3,\"name\":\"LE BLOUSON UNISEX\"}]},{\"@type\":\"WebSite\",\"@id\":\"https:\/\/happyhaus.fr\/#website\",\"url\":\"https:\/\/happyhaus.fr\/\",\"name\":\"\",\"description\":\"\",\"potentialAction\":[{\"@type\":\"SearchAction\",\"target\":{\"@type\":\"EntryPoint\",\"urlTemplate\":\"https:\/\/happyhaus.fr\/?s={search_term_string}\"},\"query-input\":\"required name=search_term_string\"}],\"inLanguage\":\"de\"}]}<\/script>\n<!-- \/ Yoast SEO plugin. -->","yoast_head_json":{"title":"LE BLOUSON UNISEX -","robots":{"index":"index","follow":"follow","max-snippet":"max-snippet:-1","max-image-preview":"max-image-preview:large","max-video-preview":"max-video-preview:-1"},"canonical":"https:\/\/happyhaus.fr\/de\/produkt\/le-blouson-unisex-pink-blue\/","og_locale":"de_DE","og_type":"article","og_title":"LE BLOUSON UNISEX -","og_description":"&nbsp;  Unsere neue UNISEX-JACKE greift die Linien der m\u00e4nnlichen\/weiblichen Jeansjacke auf. Sie hat einen leicht lockeren Schnitt. DIE UNISEX-JACKE bietet wundersch\u00f6ne Details: die bronzenen Nietkn\u00f6pfe, die zwei diskreten Taschen am Nadelstreifen, die kontrastierenden Steppn\u00e4hte in Gelb und das gestickte HAPPY HAUS-Logo in Gelb. Die einzigartige Farbe PINK BLUE, die ihm viel Kraft und Charakter verleiht. Die UNISEX-JACKE ist Ihr idealer Begleiter, sie verleiht allen Ihren Looks einen Twist.  Wir bei HAPPY HAUS lieben ihn.  &nbsp;","og_url":"https:\/\/happyhaus.fr\/de\/produkt\/le-blouson-unisex-pink-blue\/","article_modified_time":"2025-07-17T13:52:20+00:00","og_image":[{"width":1707,"height":2560,"url":"https:\/\/happyhaus.fr\/wp-content\/uploads\/2025\/04\/Z1-10.jpg","type":"image\/jpeg"}],"twitter_card":"summary_large_image","twitter_misc":{"Gesch\u00e4tzte Lesezeit":"1\u00a0Minute"},"schema":{"@context":"https:\/\/schema.org","@graph":[{"@type":"WebPage","@id":"https:\/\/happyhaus.fr\/de\/produkt\/le-blouson-unisex-pink-blue\/","url":"https:\/\/happyhaus.fr\/de\/produkt\/le-blouson-unisex-pink-blue\/","name":"LE BLOUSON UNISEX -","isPartOf":{"@id":"https:\/\/happyhaus.fr\/#website"},"primaryImageOfPage":{"@id":"https:\/\/happyhaus.fr\/de\/produkt\/le-blouson-unisex-pink-blue\/#primaryimage"},"image":{"@id":"https:\/\/happyhaus.fr\/de\/produkt\/le-blouson-unisex-pink-blue\/#primaryimage"},"thumbnailUrl":"https:\/\/happyhaus.fr\/wp-content\/uploads\/2025\/04\/Z1-10.jpg","datePublished":"2025-04-09T14:22:17+00:00","dateModified":"2025-07-17T13:52:20+00:00","breadcrumb":{"@id":"https:\/\/happyhaus.fr\/de\/produkt\/le-blouson-unisex-pink-blue\/#breadcrumb"},"inLanguage":"de","potentialAction":[{"@type":"ReadAction","target":["https:\/\/happyhaus.fr\/de\/produkt\/le-blouson-unisex-pink-blue\/"]}]},{"@type":"ImageObject","inLanguage":"de","@id":"https:\/\/happyhaus.fr\/de\/produkt\/le-blouson-unisex-pink-blue\/#primaryimage","url":"https:\/\/happyhaus.fr\/wp-content\/uploads\/2025\/04\/Z1-10.jpg","contentUrl":"https:\/\/happyhaus.fr\/wp-content\/uploads\/2025\/04\/Z1-10.jpg","width":1707,"height":2560},{"@type":"BreadcrumbList","@id":"https:\/\/happyhaus.fr\/de\/produkt\/le-blouson-unisex-pink-blue\/#breadcrumb","itemListElement":[{"@type":"ListItem","position":1,"name":"Accueil","item":"https:\/\/happyhaus.fr\/de\/"},{"@type":"ListItem","position":2,"name":"Priv\u00e9\u00a0: Shop","item":"https:\/\/happyhaus.fr\/?page_id=4438"},{"@type":"ListItem","position":3,"name":"LE BLOUSON UNISEX"}]},{"@type":"WebSite","@id":"https:\/\/happyhaus.fr\/#website","url":"https:\/\/happyhaus.fr\/","name":"","description":"","potentialAction":[{"@type":"SearchAction","target":{"@type":"EntryPoint","urlTemplate":"https:\/\/happyhaus.fr\/?s={search_term_string}"},"query-input":"required name=search_term_string"}],"inLanguage":"de"}]}},"_links":{"self":[{"href":"https:\/\/happyhaus.fr\/de\/wp-json\/wp\/v2\/product\/96338"}],"collection":[{"href":"https:\/\/happyhaus.fr\/de\/wp-json\/wp\/v2\/product"}],"about":[{"href":"https:\/\/happyhaus.fr\/de\/wp-json\/wp\/v2\/types\/product"}],"replies":[{"embeddable":true,"href":"https:\/\/happyhaus.fr\/de\/wp-json\/wp\/v2\/comments?post=96338"}],"wp:featuredmedia":[{"embeddable":true,"href":"https:\/\/happyhaus.fr\/de\/wp-json\/wp\/v2\/media\/96531"}],"wp:attachment":[{"href":"https:\/\/happyhaus.fr\/de\/wp-json\/wp\/v2\/media?parent=96338"}],"wp:term":[{"taxonomy":"product_cat","embeddable":true,"href":"https:\/\/happyhaus.fr\/de\/wp-json\/wp\/v2\/product_cat?post=96338"},{"taxonomy":"product_tag","embeddable":true,"href":"https:\/\/happyhaus.fr\/de\/wp-json\/wp\/v2\/product_tag?post=96338"}],"curies":[{"name":"wp","href":"https:\/\/api.w.org\/{rel}","templated":true}]}}