{"id":96241,"date":"2025-04-09T15:03:13","date_gmt":"2025-04-09T13:03:14","guid":{"rendered":"https:\/\/happyhaus.fr\/?post_type=product&#038;p=96241"},"modified":"2026-04-07T14:57:52","modified_gmt":"2026-04-07T12:57:52","slug":"la-mini-jupe-louise-light-blue","status":"publish","type":"product","link":"https:\/\/happyhaus.fr\/de\/produkt\/la-mini-jupe-louise-light-blue\/","title":{"rendered":"LA MINI-JUPE LOUISE"},"content":{"rendered":"<ul>\n<li>Kurzl\u00e4nge<\/li>\n<li>Ausgestellter Schnitt<\/li>\n<li>Fliegen<\/li>\n<li>Gesticktes Pfau-Logo auf der R\u00fcckseite<\/li>\n<li>2 Taschen auf der Vorderseite<\/li>\n<li>Verdeckte Front\u00f6ffnung mit Holzkn\u00f6pfen<\/li>\n<li>100% Baumwolle &#8211; DETOX zertifiziert<\/li>\n<\/ul>\n<p>Herkunft des Stoffes: Italien<br \/>\nHergestellt in Tunesien<\/p>\n","protected":false},"excerpt":{"rendered":"<p>&nbsp;<\/p>\n<p>Der MINIROCK LOUISE ist eine Variation unseres LOUISE-Rocks. Es handelt sich um einen kurzen Rock im Bohemian-Stil aus leichtem Denim. Es zeichnet sich durch seine sch\u00f6nen Details aus, wie R\u00fcschen, die ein sehr sch\u00f6nes Volumen schaffen, seine zwei Taschen und seinen Verschluss mit h\u00fcbschen Holzkn\u00f6pfen auf der Vorderseite versteckt. Unser HAPPY HAUS Logo ist auf der R\u00fcckseite gestickt. Es ist ein Rock, der Einzigartigkeit zu Ihren Looks bringen wird, zum Beispiel mit einem Tank-Top oder ein Hemd im Sommer und einen gro\u00dfen Pullover und Strumpfhosen im Winter!<\/p>\n<p>Sandy, die Gr\u00fcnderin von Happy Haus, tr\u00e4gt eine Gr\u00f6\u00dfe 36. Sie misst 170 cm.<\/p>\n","protected":false},"featured_media":96273,"comment_status":"closed","ping_status":"closed","template":"","meta":{"_acf_changed":false},"product_cat":[312,231,328,512],"product_tag":[335],"acf":[],"yoast_head":"<!-- This site is optimized with the Yoast SEO plugin v22.6 - https:\/\/yoast.com\/wordpress\/plugins\/seo\/ -->\n<title>LA MINI-JUPE LOUISE -<\/title>\n<meta name=\"robots\" content=\"index, follow, max-snippet:-1, max-image-preview:large, max-video-preview:-1\" \/>\n<link rel=\"canonical\" href=\"https:\/\/happyhaus.fr\/de\/produkt\/la-mini-jupe-louise-light-blue\/\" \/>\n<meta property=\"og:locale\" content=\"de_DE\" \/>\n<meta property=\"og:type\" content=\"article\" \/>\n<meta property=\"og:title\" content=\"LA MINI-JUPE LOUISE -\" \/>\n<meta property=\"og:description\" content=\"&nbsp;  Der MINIROCK LOUISE ist eine Variation unseres LOUISE-Rocks. Es handelt sich um einen kurzen Rock im Bohemian-Stil aus leichtem Denim. Es zeichnet sich durch seine sch\u00f6nen Details aus, wie R\u00fcschen, die ein sehr sch\u00f6nes Volumen schaffen, seine zwei Taschen und seinen Verschluss mit h\u00fcbschen Holzkn\u00f6pfen auf der Vorderseite versteckt. Unser HAPPY HAUS Logo ist auf der R\u00fcckseite gestickt. Es ist ein Rock, der Einzigartigkeit zu Ihren Looks bringen wird, zum Beispiel mit einem Tank-Top oder ein Hemd im Sommer und einen gro\u00dfen Pullover und Strumpfhosen im Winter!  Sandy, die Gr\u00fcnderin von Happy Haus, tr\u00e4gt eine Gr\u00f6\u00dfe 36. Sie misst 170 cm.\" \/>\n<meta property=\"og:url\" content=\"https:\/\/happyhaus.fr\/de\/produkt\/la-mini-jupe-louise-light-blue\/\" \/>\n<meta property=\"article:modified_time\" content=\"2026-04-07T12:57:52+00:00\" \/>\n<meta property=\"og:image\" content=\"https:\/\/happyhaus.fr\/wp-content\/uploads\/2025\/04\/Z1-3.jpg\" \/>\n\t<meta property=\"og:image:width\" content=\"1707\" \/>\n\t<meta property=\"og:image:height\" content=\"2560\" \/>\n\t<meta property=\"og:image:type\" content=\"image\/jpeg\" \/>\n<meta name=\"twitter:card\" content=\"summary_large_image\" \/>\n<meta name=\"twitter:label1\" content=\"Gesch\u00e4tzte Lesezeit\" \/>\n\t<meta name=\"twitter:data1\" content=\"1\u00a0Minute\" \/>\n<script type=\"application\/ld+json\" class=\"yoast-schema-graph\">{\"@context\":\"https:\/\/schema.org\",\"@graph\":[{\"@type\":\"WebPage\",\"@id\":\"https:\/\/happyhaus.fr\/de\/produkt\/la-mini-jupe-louise-light-blue\/\",\"url\":\"https:\/\/happyhaus.fr\/de\/produkt\/la-mini-jupe-louise-light-blue\/\",\"name\":\"LA MINI-JUPE LOUISE -\",\"isPartOf\":{\"@id\":\"https:\/\/happyhaus.fr\/#website\"},\"primaryImageOfPage\":{\"@id\":\"https:\/\/happyhaus.fr\/de\/produkt\/la-mini-jupe-louise-light-blue\/#primaryimage\"},\"image\":{\"@id\":\"https:\/\/happyhaus.fr\/de\/produkt\/la-mini-jupe-louise-light-blue\/#primaryimage\"},\"thumbnailUrl\":\"https:\/\/happyhaus.fr\/wp-content\/uploads\/2025\/04\/Z1-3.jpg\",\"datePublished\":\"2025-04-09T13:03:14+00:00\",\"dateModified\":\"2026-04-07T12:57:52+00:00\",\"breadcrumb\":{\"@id\":\"https:\/\/happyhaus.fr\/de\/produkt\/la-mini-jupe-louise-light-blue\/#breadcrumb\"},\"inLanguage\":\"de\",\"potentialAction\":[{\"@type\":\"ReadAction\",\"target\":[\"https:\/\/happyhaus.fr\/de\/produkt\/la-mini-jupe-louise-light-blue\/\"]}]},{\"@type\":\"ImageObject\",\"inLanguage\":\"de\",\"@id\":\"https:\/\/happyhaus.fr\/de\/produkt\/la-mini-jupe-louise-light-blue\/#primaryimage\",\"url\":\"https:\/\/happyhaus.fr\/wp-content\/uploads\/2025\/04\/Z1-3.jpg\",\"contentUrl\":\"https:\/\/happyhaus.fr\/wp-content\/uploads\/2025\/04\/Z1-3.jpg\",\"width\":1707,\"height\":2560},{\"@type\":\"BreadcrumbList\",\"@id\":\"https:\/\/happyhaus.fr\/de\/produkt\/la-mini-jupe-louise-light-blue\/#breadcrumb\",\"itemListElement\":[{\"@type\":\"ListItem\",\"position\":1,\"name\":\"Accueil\",\"item\":\"https:\/\/happyhaus.fr\/de\/\"},{\"@type\":\"ListItem\",\"position\":2,\"name\":\"Priv\u00e9\u00a0: Shop\",\"item\":\"https:\/\/happyhaus.fr\/?page_id=4438\"},{\"@type\":\"ListItem\",\"position\":3,\"name\":\"LA MINI-JUPE LOUISE\"}]},{\"@type\":\"WebSite\",\"@id\":\"https:\/\/happyhaus.fr\/#website\",\"url\":\"https:\/\/happyhaus.fr\/\",\"name\":\"\",\"description\":\"\",\"potentialAction\":[{\"@type\":\"SearchAction\",\"target\":{\"@type\":\"EntryPoint\",\"urlTemplate\":\"https:\/\/happyhaus.fr\/?s={search_term_string}\"},\"query-input\":\"required name=search_term_string\"}],\"inLanguage\":\"de\"}]}<\/script>\n<!-- \/ Yoast SEO plugin. -->","yoast_head_json":{"title":"LA MINI-JUPE LOUISE -","robots":{"index":"index","follow":"follow","max-snippet":"max-snippet:-1","max-image-preview":"max-image-preview:large","max-video-preview":"max-video-preview:-1"},"canonical":"https:\/\/happyhaus.fr\/de\/produkt\/la-mini-jupe-louise-light-blue\/","og_locale":"de_DE","og_type":"article","og_title":"LA MINI-JUPE LOUISE -","og_description":"&nbsp;  Der MINIROCK LOUISE ist eine Variation unseres LOUISE-Rocks. Es handelt sich um einen kurzen Rock im Bohemian-Stil aus leichtem Denim. Es zeichnet sich durch seine sch\u00f6nen Details aus, wie R\u00fcschen, die ein sehr sch\u00f6nes Volumen schaffen, seine zwei Taschen und seinen Verschluss mit h\u00fcbschen Holzkn\u00f6pfen auf der Vorderseite versteckt. Unser HAPPY HAUS Logo ist auf der R\u00fcckseite gestickt. Es ist ein Rock, der Einzigartigkeit zu Ihren Looks bringen wird, zum Beispiel mit einem Tank-Top oder ein Hemd im Sommer und einen gro\u00dfen Pullover und Strumpfhosen im Winter!  Sandy, die Gr\u00fcnderin von Happy Haus, tr\u00e4gt eine Gr\u00f6\u00dfe 36. Sie misst 170 cm.","og_url":"https:\/\/happyhaus.fr\/de\/produkt\/la-mini-jupe-louise-light-blue\/","article_modified_time":"2026-04-07T12:57:52+00:00","og_image":[{"width":1707,"height":2560,"url":"https:\/\/happyhaus.fr\/wp-content\/uploads\/2025\/04\/Z1-3.jpg","type":"image\/jpeg"}],"twitter_card":"summary_large_image","twitter_misc":{"Gesch\u00e4tzte Lesezeit":"1\u00a0Minute"},"schema":{"@context":"https:\/\/schema.org","@graph":[{"@type":"WebPage","@id":"https:\/\/happyhaus.fr\/de\/produkt\/la-mini-jupe-louise-light-blue\/","url":"https:\/\/happyhaus.fr\/de\/produkt\/la-mini-jupe-louise-light-blue\/","name":"LA MINI-JUPE LOUISE -","isPartOf":{"@id":"https:\/\/happyhaus.fr\/#website"},"primaryImageOfPage":{"@id":"https:\/\/happyhaus.fr\/de\/produkt\/la-mini-jupe-louise-light-blue\/#primaryimage"},"image":{"@id":"https:\/\/happyhaus.fr\/de\/produkt\/la-mini-jupe-louise-light-blue\/#primaryimage"},"thumbnailUrl":"https:\/\/happyhaus.fr\/wp-content\/uploads\/2025\/04\/Z1-3.jpg","datePublished":"2025-04-09T13:03:14+00:00","dateModified":"2026-04-07T12:57:52+00:00","breadcrumb":{"@id":"https:\/\/happyhaus.fr\/de\/produkt\/la-mini-jupe-louise-light-blue\/#breadcrumb"},"inLanguage":"de","potentialAction":[{"@type":"ReadAction","target":["https:\/\/happyhaus.fr\/de\/produkt\/la-mini-jupe-louise-light-blue\/"]}]},{"@type":"ImageObject","inLanguage":"de","@id":"https:\/\/happyhaus.fr\/de\/produkt\/la-mini-jupe-louise-light-blue\/#primaryimage","url":"https:\/\/happyhaus.fr\/wp-content\/uploads\/2025\/04\/Z1-3.jpg","contentUrl":"https:\/\/happyhaus.fr\/wp-content\/uploads\/2025\/04\/Z1-3.jpg","width":1707,"height":2560},{"@type":"BreadcrumbList","@id":"https:\/\/happyhaus.fr\/de\/produkt\/la-mini-jupe-louise-light-blue\/#breadcrumb","itemListElement":[{"@type":"ListItem","position":1,"name":"Accueil","item":"https:\/\/happyhaus.fr\/de\/"},{"@type":"ListItem","position":2,"name":"Priv\u00e9\u00a0: Shop","item":"https:\/\/happyhaus.fr\/?page_id=4438"},{"@type":"ListItem","position":3,"name":"LA MINI-JUPE LOUISE"}]},{"@type":"WebSite","@id":"https:\/\/happyhaus.fr\/#website","url":"https:\/\/happyhaus.fr\/","name":"","description":"","potentialAction":[{"@type":"SearchAction","target":{"@type":"EntryPoint","urlTemplate":"https:\/\/happyhaus.fr\/?s={search_term_string}"},"query-input":"required name=search_term_string"}],"inLanguage":"de"}]}},"_links":{"self":[{"href":"https:\/\/happyhaus.fr\/de\/wp-json\/wp\/v2\/product\/96241"}],"collection":[{"href":"https:\/\/happyhaus.fr\/de\/wp-json\/wp\/v2\/product"}],"about":[{"href":"https:\/\/happyhaus.fr\/de\/wp-json\/wp\/v2\/types\/product"}],"replies":[{"embeddable":true,"href":"https:\/\/happyhaus.fr\/de\/wp-json\/wp\/v2\/comments?post=96241"}],"wp:featuredmedia":[{"embeddable":true,"href":"https:\/\/happyhaus.fr\/de\/wp-json\/wp\/v2\/media\/96273"}],"wp:attachment":[{"href":"https:\/\/happyhaus.fr\/de\/wp-json\/wp\/v2\/media?parent=96241"}],"wp:term":[{"taxonomy":"product_cat","embeddable":true,"href":"https:\/\/happyhaus.fr\/de\/wp-json\/wp\/v2\/product_cat?post=96241"},{"taxonomy":"product_tag","embeddable":true,"href":"https:\/\/happyhaus.fr\/de\/wp-json\/wp\/v2\/product_tag?post=96241"}],"curies":[{"name":"wp","href":"https:\/\/api.w.org\/{rel}","templated":true}]}}