{"id":96077,"date":"2025-05-07T16:00:43","date_gmt":"2025-04-02T15:35:45","guid":{"rendered":"https:\/\/happyhaus.fr\/?post_type=product&#038;p=96077"},"modified":"2025-07-17T14:21:25","modified_gmt":"2025-07-17T12:21:25","slug":"le-pantalon-peacock-pastel-blue","status":"publish","type":"product","link":"https:\/\/happyhaus.fr\/de\/produkt\/le-pantalon-peacock-pastel-blue\/","title":{"rendered":"Le Pantalon PEACOCK"},"content":{"rendered":"<ul>\n<li>Hohe Taille<\/li>\n<li>Holzkn\u00f6pfe und Rei\u00dfverschluss<\/li>\n<li>Breiter, gerader Schnitt<\/li>\n<li>Eng anliegende Taille<\/li>\n<li>Ges\u00e4\u00dftaschen mit Stickerei<\/li>\n<li>Bestickter Pfau auf dem G\u00fcrtel<\/li>\n<li>80% Baumwolle und 20% recycelte Baumwolle<\/li>\n<\/ul>\n<p>Herkunft des Stoffes: Italien<br \/>\nHergestellt in Tunesien<\/p>\n<p>&nbsp;<\/p>\n","protected":false},"excerpt":{"rendered":"<p>Unsere neue Peacock-Hose greift die Codes unserer Oversize-Hosen auf. Mit hoher Taille, streckt sie die Silhouette und bietet sch\u00f6ne Details auf der R\u00fcckseite, wie unseren gestickten Pfau auf dem G\u00fcrtel. Aus schwerem Denim gefertigt, wirkt diese Hose sowohl schick als auch l\u00e4ssig, je nachdem, wie Sie sie mit Accessoires versehen.<\/p>\n<p>&nbsp;<\/p>\n<p>&nbsp;<\/p>\n","protected":false},"featured_media":96929,"comment_status":"open","ping_status":"closed","template":"","meta":{"_acf_changed":false},"product_cat":[312,231,236,512],"product_tag":[],"acf":[],"yoast_head":"<!-- This site is optimized with the Yoast SEO plugin v22.6 - https:\/\/yoast.com\/wordpress\/plugins\/seo\/ -->\n<title>Le Pantalon PEACOCK -<\/title>\n<meta name=\"robots\" content=\"index, follow, max-snippet:-1, max-image-preview:large, max-video-preview:-1\" \/>\n<link rel=\"canonical\" href=\"https:\/\/happyhaus.fr\/de\/produkt\/le-pantalon-peacock-pastel-blue\/\" \/>\n<meta property=\"og:locale\" content=\"de_DE\" \/>\n<meta property=\"og:type\" content=\"article\" \/>\n<meta property=\"og:title\" content=\"Le Pantalon PEACOCK -\" \/>\n<meta property=\"og:description\" content=\"Unsere neue Peacock-Hose greift die Codes unserer Oversize-Hosen auf. Mit hoher Taille, streckt sie die Silhouette und bietet sch\u00f6ne Details auf der R\u00fcckseite, wie unseren gestickten Pfau auf dem G\u00fcrtel. Aus schwerem Denim gefertigt, wirkt diese Hose sowohl schick als auch l\u00e4ssig, je nachdem, wie Sie sie mit Accessoires versehen.  &nbsp;  &nbsp;\" \/>\n<meta property=\"og:url\" content=\"https:\/\/happyhaus.fr\/de\/produkt\/le-pantalon-peacock-pastel-blue\/\" \/>\n<meta property=\"article:modified_time\" content=\"2025-07-17T12:21:25+00:00\" \/>\n<meta property=\"og:image\" content=\"https:\/\/happyhaus.fr\/wp-content\/uploads\/2025\/05\/Z5.jpg\" \/>\n\t<meta property=\"og:image:width\" content=\"1707\" \/>\n\t<meta property=\"og:image:height\" content=\"2560\" \/>\n\t<meta property=\"og:image:type\" content=\"image\/jpeg\" \/>\n<meta name=\"twitter:card\" content=\"summary_large_image\" \/>\n<meta name=\"twitter:label1\" content=\"Gesch\u00e4tzte Lesezeit\" \/>\n\t<meta name=\"twitter:data1\" content=\"1\u00a0Minute\" \/>\n<script type=\"application\/ld+json\" class=\"yoast-schema-graph\">{\"@context\":\"https:\/\/schema.org\",\"@graph\":[{\"@type\":\"WebPage\",\"@id\":\"https:\/\/happyhaus.fr\/de\/produkt\/le-pantalon-peacock-pastel-blue\/\",\"url\":\"https:\/\/happyhaus.fr\/de\/produkt\/le-pantalon-peacock-pastel-blue\/\",\"name\":\"Le Pantalon PEACOCK -\",\"isPartOf\":{\"@id\":\"https:\/\/happyhaus.fr\/#website\"},\"primaryImageOfPage\":{\"@id\":\"https:\/\/happyhaus.fr\/de\/produkt\/le-pantalon-peacock-pastel-blue\/#primaryimage\"},\"image\":{\"@id\":\"https:\/\/happyhaus.fr\/de\/produkt\/le-pantalon-peacock-pastel-blue\/#primaryimage\"},\"thumbnailUrl\":\"https:\/\/happyhaus.fr\/wp-content\/uploads\/2025\/05\/Z5.jpg\",\"datePublished\":\"2025-04-02T15:35:45+00:00\",\"dateModified\":\"2025-07-17T12:21:25+00:00\",\"breadcrumb\":{\"@id\":\"https:\/\/happyhaus.fr\/de\/produkt\/le-pantalon-peacock-pastel-blue\/#breadcrumb\"},\"inLanguage\":\"de\",\"potentialAction\":[{\"@type\":\"ReadAction\",\"target\":[\"https:\/\/happyhaus.fr\/de\/produkt\/le-pantalon-peacock-pastel-blue\/\"]}]},{\"@type\":\"ImageObject\",\"inLanguage\":\"de\",\"@id\":\"https:\/\/happyhaus.fr\/de\/produkt\/le-pantalon-peacock-pastel-blue\/#primaryimage\",\"url\":\"https:\/\/happyhaus.fr\/wp-content\/uploads\/2025\/05\/Z5.jpg\",\"contentUrl\":\"https:\/\/happyhaus.fr\/wp-content\/uploads\/2025\/05\/Z5.jpg\",\"width\":1707,\"height\":2560},{\"@type\":\"BreadcrumbList\",\"@id\":\"https:\/\/happyhaus.fr\/de\/produkt\/le-pantalon-peacock-pastel-blue\/#breadcrumb\",\"itemListElement\":[{\"@type\":\"ListItem\",\"position\":1,\"name\":\"Accueil\",\"item\":\"https:\/\/happyhaus.fr\/de\/\"},{\"@type\":\"ListItem\",\"position\":2,\"name\":\"Priv\u00e9\u00a0: Shop\",\"item\":\"https:\/\/happyhaus.fr\/?page_id=4438\"},{\"@type\":\"ListItem\",\"position\":3,\"name\":\"Le Pantalon PEACOCK\"}]},{\"@type\":\"WebSite\",\"@id\":\"https:\/\/happyhaus.fr\/#website\",\"url\":\"https:\/\/happyhaus.fr\/\",\"name\":\"\",\"description\":\"\",\"potentialAction\":[{\"@type\":\"SearchAction\",\"target\":{\"@type\":\"EntryPoint\",\"urlTemplate\":\"https:\/\/happyhaus.fr\/?s={search_term_string}\"},\"query-input\":\"required name=search_term_string\"}],\"inLanguage\":\"de\"}]}<\/script>\n<!-- \/ Yoast SEO plugin. -->","yoast_head_json":{"title":"Le Pantalon PEACOCK -","robots":{"index":"index","follow":"follow","max-snippet":"max-snippet:-1","max-image-preview":"max-image-preview:large","max-video-preview":"max-video-preview:-1"},"canonical":"https:\/\/happyhaus.fr\/de\/produkt\/le-pantalon-peacock-pastel-blue\/","og_locale":"de_DE","og_type":"article","og_title":"Le Pantalon PEACOCK -","og_description":"Unsere neue Peacock-Hose greift die Codes unserer Oversize-Hosen auf. Mit hoher Taille, streckt sie die Silhouette und bietet sch\u00f6ne Details auf der R\u00fcckseite, wie unseren gestickten Pfau auf dem G\u00fcrtel. Aus schwerem Denim gefertigt, wirkt diese Hose sowohl schick als auch l\u00e4ssig, je nachdem, wie Sie sie mit Accessoires versehen.  &nbsp;  &nbsp;","og_url":"https:\/\/happyhaus.fr\/de\/produkt\/le-pantalon-peacock-pastel-blue\/","article_modified_time":"2025-07-17T12:21:25+00:00","og_image":[{"width":1707,"height":2560,"url":"https:\/\/happyhaus.fr\/wp-content\/uploads\/2025\/05\/Z5.jpg","type":"image\/jpeg"}],"twitter_card":"summary_large_image","twitter_misc":{"Gesch\u00e4tzte Lesezeit":"1\u00a0Minute"},"schema":{"@context":"https:\/\/schema.org","@graph":[{"@type":"WebPage","@id":"https:\/\/happyhaus.fr\/de\/produkt\/le-pantalon-peacock-pastel-blue\/","url":"https:\/\/happyhaus.fr\/de\/produkt\/le-pantalon-peacock-pastel-blue\/","name":"Le Pantalon PEACOCK -","isPartOf":{"@id":"https:\/\/happyhaus.fr\/#website"},"primaryImageOfPage":{"@id":"https:\/\/happyhaus.fr\/de\/produkt\/le-pantalon-peacock-pastel-blue\/#primaryimage"},"image":{"@id":"https:\/\/happyhaus.fr\/de\/produkt\/le-pantalon-peacock-pastel-blue\/#primaryimage"},"thumbnailUrl":"https:\/\/happyhaus.fr\/wp-content\/uploads\/2025\/05\/Z5.jpg","datePublished":"2025-04-02T15:35:45+00:00","dateModified":"2025-07-17T12:21:25+00:00","breadcrumb":{"@id":"https:\/\/happyhaus.fr\/de\/produkt\/le-pantalon-peacock-pastel-blue\/#breadcrumb"},"inLanguage":"de","potentialAction":[{"@type":"ReadAction","target":["https:\/\/happyhaus.fr\/de\/produkt\/le-pantalon-peacock-pastel-blue\/"]}]},{"@type":"ImageObject","inLanguage":"de","@id":"https:\/\/happyhaus.fr\/de\/produkt\/le-pantalon-peacock-pastel-blue\/#primaryimage","url":"https:\/\/happyhaus.fr\/wp-content\/uploads\/2025\/05\/Z5.jpg","contentUrl":"https:\/\/happyhaus.fr\/wp-content\/uploads\/2025\/05\/Z5.jpg","width":1707,"height":2560},{"@type":"BreadcrumbList","@id":"https:\/\/happyhaus.fr\/de\/produkt\/le-pantalon-peacock-pastel-blue\/#breadcrumb","itemListElement":[{"@type":"ListItem","position":1,"name":"Accueil","item":"https:\/\/happyhaus.fr\/de\/"},{"@type":"ListItem","position":2,"name":"Priv\u00e9\u00a0: Shop","item":"https:\/\/happyhaus.fr\/?page_id=4438"},{"@type":"ListItem","position":3,"name":"Le Pantalon PEACOCK"}]},{"@type":"WebSite","@id":"https:\/\/happyhaus.fr\/#website","url":"https:\/\/happyhaus.fr\/","name":"","description":"","potentialAction":[{"@type":"SearchAction","target":{"@type":"EntryPoint","urlTemplate":"https:\/\/happyhaus.fr\/?s={search_term_string}"},"query-input":"required name=search_term_string"}],"inLanguage":"de"}]}},"_links":{"self":[{"href":"https:\/\/happyhaus.fr\/de\/wp-json\/wp\/v2\/product\/96077"}],"collection":[{"href":"https:\/\/happyhaus.fr\/de\/wp-json\/wp\/v2\/product"}],"about":[{"href":"https:\/\/happyhaus.fr\/de\/wp-json\/wp\/v2\/types\/product"}],"replies":[{"embeddable":true,"href":"https:\/\/happyhaus.fr\/de\/wp-json\/wp\/v2\/comments?post=96077"}],"wp:featuredmedia":[{"embeddable":true,"href":"https:\/\/happyhaus.fr\/de\/wp-json\/wp\/v2\/media\/96929"}],"wp:attachment":[{"href":"https:\/\/happyhaus.fr\/de\/wp-json\/wp\/v2\/media?parent=96077"}],"wp:term":[{"taxonomy":"product_cat","embeddable":true,"href":"https:\/\/happyhaus.fr\/de\/wp-json\/wp\/v2\/product_cat?post=96077"},{"taxonomy":"product_tag","embeddable":true,"href":"https:\/\/happyhaus.fr\/de\/wp-json\/wp\/v2\/product_tag?post=96077"}],"curies":[{"name":"wp","href":"https:\/\/api.w.org\/{rel}","templated":true}]}}