{"id":95970,"date":"2025-10-15T10:30:38","date_gmt":"2025-03-31T14:43:39","guid":{"rendered":"https:\/\/happyhaus.fr\/?post_type=product&#038;p=95970"},"modified":"2026-02-11T17:06:15","modified_gmt":"2026-02-11T16:06:15","slug":"le-pantalon-4-poches-bleu-d-ete","status":"publish","type":"product","link":"https:\/\/happyhaus.fr\/de\/produkt\/le-pantalon-4-poches-bleu-d-ete\/","title":{"rendered":"Le pantalon 4 POCHES"},"content":{"rendered":"<ul>\n<li>Breiter und gerader Schnitt<\/li>\n<li>Hohe Taille<\/li>\n<li>4 aufgesetzte Taschen<\/li>\n<li>Happy Haus Pfau gestickt auf der Ges\u00e4\u00dftasche<\/li>\n<li>Stickerei HAPPY HAUS hinten am G\u00fcrtel<\/li>\n<li>Holzknopf<\/li>\n<li>Rei\u00dfverschlu\u00df<\/li>\n<li>100% COTTON DETOX<\/li>\n<\/ul>\n<p>Herkunft des Stoffes: Italien<br \/>\nHergestellt in Tunesien<\/p>\n<p>&nbsp;<\/p>\n","protected":false},"excerpt":{"rendered":"<p>Unsere WORKER-Hose hat einen breiten und geraden Schnitt, er bietet sch\u00f6ne Details: der Holzknopf auf der Ges\u00e4\u00dftasche in wei\u00df, der einen sch\u00f6nen Kontrast mit dem Denim schafft, HAPPY HAUS ist auch auf dem hinteren Hosenbund aufgestickt, Seine vier gro\u00dfen aufgesetzten Taschen verleiht ihm viel Pers\u00f6nlichkeit und Einzigartigkeit. Die Gabel ist niedrig, der Sitz bequem. Die WORKER-Hose kann in der Taille oder mehr &#8220;oversize d\u00e9gaine&#8221; getragen werden, um eine coolere und entspanntere Haltung zu haben.<br \/>\nHergestellt aus unserer DETOX-Baumwolle.<\/p>\n<p>Sandy, die Gr\u00fcnderin von HAPPY HAUS, tr\u00e4gt eine Gr\u00f6\u00dfe 36. Sie misst 170 cm.<\/p>\n","protected":false},"featured_media":95995,"comment_status":"open","ping_status":"closed","template":"","meta":{"_acf_changed":false},"product_cat":[312,231,236,315],"product_tag":[],"acf":[],"yoast_head":"<!-- This site is optimized with the Yoast SEO plugin v22.6 - https:\/\/yoast.com\/wordpress\/plugins\/seo\/ -->\n<title>Le pantalon 4 POCHES -<\/title>\n<meta name=\"robots\" content=\"index, follow, max-snippet:-1, max-image-preview:large, max-video-preview:-1\" \/>\n<link rel=\"canonical\" href=\"https:\/\/happyhaus.fr\/de\/produkt\/le-pantalon-4-poches-bleu-d-ete\/\" \/>\n<meta property=\"og:locale\" content=\"de_DE\" \/>\n<meta property=\"og:type\" content=\"article\" \/>\n<meta property=\"og:title\" content=\"Le pantalon 4 POCHES -\" \/>\n<meta property=\"og:description\" content=\"Unsere WORKER-Hose hat einen breiten und geraden Schnitt, er bietet sch\u00f6ne Details: der Holzknopf auf der Ges\u00e4\u00dftasche in wei\u00df, der einen sch\u00f6nen Kontrast mit dem Denim schafft, HAPPY HAUS ist auch auf dem hinteren Hosenbund aufgestickt, Seine vier gro\u00dfen aufgesetzten Taschen verleiht ihm viel Pers\u00f6nlichkeit und Einzigartigkeit. Die Gabel ist niedrig, der Sitz bequem. Die WORKER-Hose kann in der Taille oder mehr &quot;oversize d\u00e9gaine&quot; getragen werden, um eine coolere und entspanntere Haltung zu haben. Hergestellt aus unserer DETOX-Baumwolle.  Sandy, die Gr\u00fcnderin von HAPPY HAUS, tr\u00e4gt eine Gr\u00f6\u00dfe 36. Sie misst 170 cm.\" \/>\n<meta property=\"og:url\" content=\"https:\/\/happyhaus.fr\/de\/produkt\/le-pantalon-4-poches-bleu-d-ete\/\" \/>\n<meta property=\"article:modified_time\" content=\"2026-02-11T16:06:15+00:00\" \/>\n<meta property=\"og:image\" content=\"https:\/\/happyhaus.fr\/wp-content\/uploads\/2025\/03\/Z1-7.jpg\" \/>\n\t<meta property=\"og:image:width\" content=\"1707\" \/>\n\t<meta property=\"og:image:height\" content=\"2560\" \/>\n\t<meta property=\"og:image:type\" content=\"image\/jpeg\" \/>\n<meta name=\"twitter:card\" content=\"summary_large_image\" \/>\n<meta name=\"twitter:label1\" content=\"Gesch\u00e4tzte Lesezeit\" \/>\n\t<meta name=\"twitter:data1\" content=\"1\u00a0Minute\" \/>\n<script type=\"application\/ld+json\" class=\"yoast-schema-graph\">{\"@context\":\"https:\/\/schema.org\",\"@graph\":[{\"@type\":\"WebPage\",\"@id\":\"https:\/\/happyhaus.fr\/de\/produkt\/le-pantalon-4-poches-bleu-d-ete\/\",\"url\":\"https:\/\/happyhaus.fr\/de\/produkt\/le-pantalon-4-poches-bleu-d-ete\/\",\"name\":\"Le pantalon 4 POCHES -\",\"isPartOf\":{\"@id\":\"https:\/\/happyhaus.fr\/#website\"},\"primaryImageOfPage\":{\"@id\":\"https:\/\/happyhaus.fr\/de\/produkt\/le-pantalon-4-poches-bleu-d-ete\/#primaryimage\"},\"image\":{\"@id\":\"https:\/\/happyhaus.fr\/de\/produkt\/le-pantalon-4-poches-bleu-d-ete\/#primaryimage\"},\"thumbnailUrl\":\"https:\/\/happyhaus.fr\/wp-content\/uploads\/2025\/03\/Z1-7.jpg\",\"datePublished\":\"2025-03-31T14:43:39+00:00\",\"dateModified\":\"2026-02-11T16:06:15+00:00\",\"breadcrumb\":{\"@id\":\"https:\/\/happyhaus.fr\/de\/produkt\/le-pantalon-4-poches-bleu-d-ete\/#breadcrumb\"},\"inLanguage\":\"de\",\"potentialAction\":[{\"@type\":\"ReadAction\",\"target\":[\"https:\/\/happyhaus.fr\/de\/produkt\/le-pantalon-4-poches-bleu-d-ete\/\"]}]},{\"@type\":\"ImageObject\",\"inLanguage\":\"de\",\"@id\":\"https:\/\/happyhaus.fr\/de\/produkt\/le-pantalon-4-poches-bleu-d-ete\/#primaryimage\",\"url\":\"https:\/\/happyhaus.fr\/wp-content\/uploads\/2025\/03\/Z1-7.jpg\",\"contentUrl\":\"https:\/\/happyhaus.fr\/wp-content\/uploads\/2025\/03\/Z1-7.jpg\",\"width\":1707,\"height\":2560},{\"@type\":\"BreadcrumbList\",\"@id\":\"https:\/\/happyhaus.fr\/de\/produkt\/le-pantalon-4-poches-bleu-d-ete\/#breadcrumb\",\"itemListElement\":[{\"@type\":\"ListItem\",\"position\":1,\"name\":\"Accueil\",\"item\":\"https:\/\/happyhaus.fr\/de\/\"},{\"@type\":\"ListItem\",\"position\":2,\"name\":\"Priv\u00e9\u00a0: Shop\",\"item\":\"https:\/\/happyhaus.fr\/?page_id=4438\"},{\"@type\":\"ListItem\",\"position\":3,\"name\":\"Le pantalon 4 POCHES\"}]},{\"@type\":\"WebSite\",\"@id\":\"https:\/\/happyhaus.fr\/#website\",\"url\":\"https:\/\/happyhaus.fr\/\",\"name\":\"\",\"description\":\"\",\"potentialAction\":[{\"@type\":\"SearchAction\",\"target\":{\"@type\":\"EntryPoint\",\"urlTemplate\":\"https:\/\/happyhaus.fr\/?s={search_term_string}\"},\"query-input\":\"required name=search_term_string\"}],\"inLanguage\":\"de\"}]}<\/script>\n<!-- \/ Yoast SEO plugin. -->","yoast_head_json":{"title":"Le pantalon 4 POCHES -","robots":{"index":"index","follow":"follow","max-snippet":"max-snippet:-1","max-image-preview":"max-image-preview:large","max-video-preview":"max-video-preview:-1"},"canonical":"https:\/\/happyhaus.fr\/de\/produkt\/le-pantalon-4-poches-bleu-d-ete\/","og_locale":"de_DE","og_type":"article","og_title":"Le pantalon 4 POCHES -","og_description":"Unsere WORKER-Hose hat einen breiten und geraden Schnitt, er bietet sch\u00f6ne Details: der Holzknopf auf der Ges\u00e4\u00dftasche in wei\u00df, der einen sch\u00f6nen Kontrast mit dem Denim schafft, HAPPY HAUS ist auch auf dem hinteren Hosenbund aufgestickt, Seine vier gro\u00dfen aufgesetzten Taschen verleiht ihm viel Pers\u00f6nlichkeit und Einzigartigkeit. Die Gabel ist niedrig, der Sitz bequem. Die WORKER-Hose kann in der Taille oder mehr \"oversize d\u00e9gaine\" getragen werden, um eine coolere und entspanntere Haltung zu haben. Hergestellt aus unserer DETOX-Baumwolle.  Sandy, die Gr\u00fcnderin von HAPPY HAUS, tr\u00e4gt eine Gr\u00f6\u00dfe 36. Sie misst 170 cm.","og_url":"https:\/\/happyhaus.fr\/de\/produkt\/le-pantalon-4-poches-bleu-d-ete\/","article_modified_time":"2026-02-11T16:06:15+00:00","og_image":[{"width":1707,"height":2560,"url":"https:\/\/happyhaus.fr\/wp-content\/uploads\/2025\/03\/Z1-7.jpg","type":"image\/jpeg"}],"twitter_card":"summary_large_image","twitter_misc":{"Gesch\u00e4tzte Lesezeit":"1\u00a0Minute"},"schema":{"@context":"https:\/\/schema.org","@graph":[{"@type":"WebPage","@id":"https:\/\/happyhaus.fr\/de\/produkt\/le-pantalon-4-poches-bleu-d-ete\/","url":"https:\/\/happyhaus.fr\/de\/produkt\/le-pantalon-4-poches-bleu-d-ete\/","name":"Le pantalon 4 POCHES -","isPartOf":{"@id":"https:\/\/happyhaus.fr\/#website"},"primaryImageOfPage":{"@id":"https:\/\/happyhaus.fr\/de\/produkt\/le-pantalon-4-poches-bleu-d-ete\/#primaryimage"},"image":{"@id":"https:\/\/happyhaus.fr\/de\/produkt\/le-pantalon-4-poches-bleu-d-ete\/#primaryimage"},"thumbnailUrl":"https:\/\/happyhaus.fr\/wp-content\/uploads\/2025\/03\/Z1-7.jpg","datePublished":"2025-03-31T14:43:39+00:00","dateModified":"2026-02-11T16:06:15+00:00","breadcrumb":{"@id":"https:\/\/happyhaus.fr\/de\/produkt\/le-pantalon-4-poches-bleu-d-ete\/#breadcrumb"},"inLanguage":"de","potentialAction":[{"@type":"ReadAction","target":["https:\/\/happyhaus.fr\/de\/produkt\/le-pantalon-4-poches-bleu-d-ete\/"]}]},{"@type":"ImageObject","inLanguage":"de","@id":"https:\/\/happyhaus.fr\/de\/produkt\/le-pantalon-4-poches-bleu-d-ete\/#primaryimage","url":"https:\/\/happyhaus.fr\/wp-content\/uploads\/2025\/03\/Z1-7.jpg","contentUrl":"https:\/\/happyhaus.fr\/wp-content\/uploads\/2025\/03\/Z1-7.jpg","width":1707,"height":2560},{"@type":"BreadcrumbList","@id":"https:\/\/happyhaus.fr\/de\/produkt\/le-pantalon-4-poches-bleu-d-ete\/#breadcrumb","itemListElement":[{"@type":"ListItem","position":1,"name":"Accueil","item":"https:\/\/happyhaus.fr\/de\/"},{"@type":"ListItem","position":2,"name":"Priv\u00e9\u00a0: Shop","item":"https:\/\/happyhaus.fr\/?page_id=4438"},{"@type":"ListItem","position":3,"name":"Le pantalon 4 POCHES"}]},{"@type":"WebSite","@id":"https:\/\/happyhaus.fr\/#website","url":"https:\/\/happyhaus.fr\/","name":"","description":"","potentialAction":[{"@type":"SearchAction","target":{"@type":"EntryPoint","urlTemplate":"https:\/\/happyhaus.fr\/?s={search_term_string}"},"query-input":"required name=search_term_string"}],"inLanguage":"de"}]}},"_links":{"self":[{"href":"https:\/\/happyhaus.fr\/de\/wp-json\/wp\/v2\/product\/95970"}],"collection":[{"href":"https:\/\/happyhaus.fr\/de\/wp-json\/wp\/v2\/product"}],"about":[{"href":"https:\/\/happyhaus.fr\/de\/wp-json\/wp\/v2\/types\/product"}],"replies":[{"embeddable":true,"href":"https:\/\/happyhaus.fr\/de\/wp-json\/wp\/v2\/comments?post=95970"}],"wp:featuredmedia":[{"embeddable":true,"href":"https:\/\/happyhaus.fr\/de\/wp-json\/wp\/v2\/media\/95995"}],"wp:attachment":[{"href":"https:\/\/happyhaus.fr\/de\/wp-json\/wp\/v2\/media?parent=95970"}],"wp:term":[{"taxonomy":"product_cat","embeddable":true,"href":"https:\/\/happyhaus.fr\/de\/wp-json\/wp\/v2\/product_cat?post=95970"},{"taxonomy":"product_tag","embeddable":true,"href":"https:\/\/happyhaus.fr\/de\/wp-json\/wp\/v2\/product_tag?post=95970"}],"curies":[{"name":"wp","href":"https:\/\/api.w.org\/{rel}","templated":true}]}}