{"id":95925,"date":"2025-07-11T16:40:41","date_gmt":"2025-03-31T14:02:42","guid":{"rendered":"https:\/\/happyhaus.fr\/?post_type=product&#038;p=95925"},"modified":"2025-09-30T13:27:02","modified_gmt":"2025-09-30T11:27:02","slug":"la-jupe-fold","status":"publish","type":"product","link":"https:\/\/happyhaus.fr\/de\/produkt\/la-jupe-fold\/","title":{"rendered":"LA JUPE FOLD"},"content":{"rendered":"<ul>\n<li class=\"p1\">Halblang<\/li>\n<li class=\"p1\">Ausgestellter Schnitt<\/li>\n<li class=\"p1\">2 Taschen auf der Vorderseite<\/li>\n<li class=\"p1\">Rei\u00dfverschluss<\/li>\n<li class=\"p1\">3 Klemmen vorne und 2 hinten<\/li>\n<li class=\"p1\">Stickerei Pfau Ton auf Ton<\/li>\n<li class=\"p1\">100% Detox zertifizierte Baumwolle<\/li>\n<\/ul>\n<p class=\"p1\">Herkunft des Stoffes: Italien<br \/>\nHergestellt in Tunesien<\/p>\n","protected":false},"excerpt":{"rendered":"<p>Unser neuer FOLD-Rock ist elegant und zeitlos. Er ist mittellang und hat einen ausgestellten Schnitt. Es hat drei Klemmen vorne und zwei hinten, was ihm ein sch\u00f6nes Volumen und Fall verleiht. Sein Schlie\u00dfsystem wird von einem Rei\u00dfverschluss auf der linken Seite gemacht. Es bietet sch\u00f6ne Details wie die Stickerei unseres Pfau Ton in Ton off-white, die zwei Taschen auf der Vorderseite, die Schlaufen, die einen G\u00fcrtel hinzuf\u00fcgen k\u00f6nnen. Sie passt perfekt zu unserem OVER-Hemd in Off-White. Der FOLD-Rock formt die Silhouette elegant, schick und l\u00e4ssig.<\/p>\n<p>Sandy, die Gr\u00fcnderin von Happy Haus, tr\u00e4gt eine Gr\u00f6\u00dfe 36. Sie misst 170cm<\/p>\n<p>&nbsp;<\/p>\n","protected":false},"featured_media":95948,"comment_status":"closed","ping_status":"closed","template":"","meta":{"_acf_changed":false},"product_cat":[312,231,328,512],"product_tag":[335],"acf":[],"yoast_head":"<!-- This site is optimized with the Yoast SEO plugin v22.6 - https:\/\/yoast.com\/wordpress\/plugins\/seo\/ -->\n<title>LA JUPE FOLD -<\/title>\n<meta name=\"robots\" content=\"index, follow, max-snippet:-1, max-image-preview:large, max-video-preview:-1\" \/>\n<link rel=\"canonical\" href=\"https:\/\/happyhaus.fr\/de\/produkt\/la-jupe-fold\/\" \/>\n<meta property=\"og:locale\" content=\"de_DE\" \/>\n<meta property=\"og:type\" content=\"article\" \/>\n<meta property=\"og:title\" content=\"LA JUPE FOLD -\" \/>\n<meta property=\"og:description\" content=\"Unser neuer FOLD-Rock ist elegant und zeitlos. Er ist mittellang und hat einen ausgestellten Schnitt. Es hat drei Klemmen vorne und zwei hinten, was ihm ein sch\u00f6nes Volumen und Fall verleiht. Sein Schlie\u00dfsystem wird von einem Rei\u00dfverschluss auf der linken Seite gemacht. Es bietet sch\u00f6ne Details wie die Stickerei unseres Pfau Ton in Ton off-white, die zwei Taschen auf der Vorderseite, die Schlaufen, die einen G\u00fcrtel hinzuf\u00fcgen k\u00f6nnen. Sie passt perfekt zu unserem OVER-Hemd in Off-White. Der FOLD-Rock formt die Silhouette elegant, schick und l\u00e4ssig.  Sandy, die Gr\u00fcnderin von Happy Haus, tr\u00e4gt eine Gr\u00f6\u00dfe 36. Sie misst 170cm  &nbsp;\" \/>\n<meta property=\"og:url\" content=\"https:\/\/happyhaus.fr\/de\/produkt\/la-jupe-fold\/\" \/>\n<meta property=\"article:modified_time\" content=\"2025-09-30T11:27:02+00:00\" \/>\n<meta property=\"og:image\" content=\"https:\/\/happyhaus.fr\/wp-content\/uploads\/2025\/03\/Z2-5.jpg\" \/>\n\t<meta property=\"og:image:width\" content=\"1707\" \/>\n\t<meta property=\"og:image:height\" content=\"2560\" \/>\n\t<meta property=\"og:image:type\" content=\"image\/jpeg\" \/>\n<meta name=\"twitter:card\" content=\"summary_large_image\" \/>\n<meta name=\"twitter:label1\" content=\"Gesch\u00e4tzte Lesezeit\" \/>\n\t<meta name=\"twitter:data1\" content=\"1\u00a0Minute\" \/>\n<script type=\"application\/ld+json\" class=\"yoast-schema-graph\">{\"@context\":\"https:\/\/schema.org\",\"@graph\":[{\"@type\":\"WebPage\",\"@id\":\"https:\/\/happyhaus.fr\/de\/produkt\/la-jupe-fold\/\",\"url\":\"https:\/\/happyhaus.fr\/de\/produkt\/la-jupe-fold\/\",\"name\":\"LA JUPE FOLD -\",\"isPartOf\":{\"@id\":\"https:\/\/happyhaus.fr\/#website\"},\"primaryImageOfPage\":{\"@id\":\"https:\/\/happyhaus.fr\/de\/produkt\/la-jupe-fold\/#primaryimage\"},\"image\":{\"@id\":\"https:\/\/happyhaus.fr\/de\/produkt\/la-jupe-fold\/#primaryimage\"},\"thumbnailUrl\":\"https:\/\/happyhaus.fr\/wp-content\/uploads\/2025\/03\/Z2-5.jpg\",\"datePublished\":\"2025-03-31T14:02:42+00:00\",\"dateModified\":\"2025-09-30T11:27:02+00:00\",\"breadcrumb\":{\"@id\":\"https:\/\/happyhaus.fr\/de\/produkt\/la-jupe-fold\/#breadcrumb\"},\"inLanguage\":\"de\",\"potentialAction\":[{\"@type\":\"ReadAction\",\"target\":[\"https:\/\/happyhaus.fr\/de\/produkt\/la-jupe-fold\/\"]}]},{\"@type\":\"ImageObject\",\"inLanguage\":\"de\",\"@id\":\"https:\/\/happyhaus.fr\/de\/produkt\/la-jupe-fold\/#primaryimage\",\"url\":\"https:\/\/happyhaus.fr\/wp-content\/uploads\/2025\/03\/Z2-5.jpg\",\"contentUrl\":\"https:\/\/happyhaus.fr\/wp-content\/uploads\/2025\/03\/Z2-5.jpg\",\"width\":1707,\"height\":2560},{\"@type\":\"BreadcrumbList\",\"@id\":\"https:\/\/happyhaus.fr\/de\/produkt\/la-jupe-fold\/#breadcrumb\",\"itemListElement\":[{\"@type\":\"ListItem\",\"position\":1,\"name\":\"Accueil\",\"item\":\"https:\/\/happyhaus.fr\/de\/\"},{\"@type\":\"ListItem\",\"position\":2,\"name\":\"Priv\u00e9\u00a0: Shop\",\"item\":\"https:\/\/happyhaus.fr\/?page_id=4438\"},{\"@type\":\"ListItem\",\"position\":3,\"name\":\"LA JUPE FOLD\"}]},{\"@type\":\"WebSite\",\"@id\":\"https:\/\/happyhaus.fr\/#website\",\"url\":\"https:\/\/happyhaus.fr\/\",\"name\":\"\",\"description\":\"\",\"potentialAction\":[{\"@type\":\"SearchAction\",\"target\":{\"@type\":\"EntryPoint\",\"urlTemplate\":\"https:\/\/happyhaus.fr\/?s={search_term_string}\"},\"query-input\":\"required name=search_term_string\"}],\"inLanguage\":\"de\"}]}<\/script>\n<!-- \/ Yoast SEO plugin. -->","yoast_head_json":{"title":"LA JUPE FOLD -","robots":{"index":"index","follow":"follow","max-snippet":"max-snippet:-1","max-image-preview":"max-image-preview:large","max-video-preview":"max-video-preview:-1"},"canonical":"https:\/\/happyhaus.fr\/de\/produkt\/la-jupe-fold\/","og_locale":"de_DE","og_type":"article","og_title":"LA JUPE FOLD -","og_description":"Unser neuer FOLD-Rock ist elegant und zeitlos. Er ist mittellang und hat einen ausgestellten Schnitt. Es hat drei Klemmen vorne und zwei hinten, was ihm ein sch\u00f6nes Volumen und Fall verleiht. Sein Schlie\u00dfsystem wird von einem Rei\u00dfverschluss auf der linken Seite gemacht. Es bietet sch\u00f6ne Details wie die Stickerei unseres Pfau Ton in Ton off-white, die zwei Taschen auf der Vorderseite, die Schlaufen, die einen G\u00fcrtel hinzuf\u00fcgen k\u00f6nnen. Sie passt perfekt zu unserem OVER-Hemd in Off-White. Der FOLD-Rock formt die Silhouette elegant, schick und l\u00e4ssig.  Sandy, die Gr\u00fcnderin von Happy Haus, tr\u00e4gt eine Gr\u00f6\u00dfe 36. Sie misst 170cm  &nbsp;","og_url":"https:\/\/happyhaus.fr\/de\/produkt\/la-jupe-fold\/","article_modified_time":"2025-09-30T11:27:02+00:00","og_image":[{"width":1707,"height":2560,"url":"https:\/\/happyhaus.fr\/wp-content\/uploads\/2025\/03\/Z2-5.jpg","type":"image\/jpeg"}],"twitter_card":"summary_large_image","twitter_misc":{"Gesch\u00e4tzte Lesezeit":"1\u00a0Minute"},"schema":{"@context":"https:\/\/schema.org","@graph":[{"@type":"WebPage","@id":"https:\/\/happyhaus.fr\/de\/produkt\/la-jupe-fold\/","url":"https:\/\/happyhaus.fr\/de\/produkt\/la-jupe-fold\/","name":"LA JUPE FOLD -","isPartOf":{"@id":"https:\/\/happyhaus.fr\/#website"},"primaryImageOfPage":{"@id":"https:\/\/happyhaus.fr\/de\/produkt\/la-jupe-fold\/#primaryimage"},"image":{"@id":"https:\/\/happyhaus.fr\/de\/produkt\/la-jupe-fold\/#primaryimage"},"thumbnailUrl":"https:\/\/happyhaus.fr\/wp-content\/uploads\/2025\/03\/Z2-5.jpg","datePublished":"2025-03-31T14:02:42+00:00","dateModified":"2025-09-30T11:27:02+00:00","breadcrumb":{"@id":"https:\/\/happyhaus.fr\/de\/produkt\/la-jupe-fold\/#breadcrumb"},"inLanguage":"de","potentialAction":[{"@type":"ReadAction","target":["https:\/\/happyhaus.fr\/de\/produkt\/la-jupe-fold\/"]}]},{"@type":"ImageObject","inLanguage":"de","@id":"https:\/\/happyhaus.fr\/de\/produkt\/la-jupe-fold\/#primaryimage","url":"https:\/\/happyhaus.fr\/wp-content\/uploads\/2025\/03\/Z2-5.jpg","contentUrl":"https:\/\/happyhaus.fr\/wp-content\/uploads\/2025\/03\/Z2-5.jpg","width":1707,"height":2560},{"@type":"BreadcrumbList","@id":"https:\/\/happyhaus.fr\/de\/produkt\/la-jupe-fold\/#breadcrumb","itemListElement":[{"@type":"ListItem","position":1,"name":"Accueil","item":"https:\/\/happyhaus.fr\/de\/"},{"@type":"ListItem","position":2,"name":"Priv\u00e9\u00a0: Shop","item":"https:\/\/happyhaus.fr\/?page_id=4438"},{"@type":"ListItem","position":3,"name":"LA JUPE FOLD"}]},{"@type":"WebSite","@id":"https:\/\/happyhaus.fr\/#website","url":"https:\/\/happyhaus.fr\/","name":"","description":"","potentialAction":[{"@type":"SearchAction","target":{"@type":"EntryPoint","urlTemplate":"https:\/\/happyhaus.fr\/?s={search_term_string}"},"query-input":"required name=search_term_string"}],"inLanguage":"de"}]}},"_links":{"self":[{"href":"https:\/\/happyhaus.fr\/de\/wp-json\/wp\/v2\/product\/95925"}],"collection":[{"href":"https:\/\/happyhaus.fr\/de\/wp-json\/wp\/v2\/product"}],"about":[{"href":"https:\/\/happyhaus.fr\/de\/wp-json\/wp\/v2\/types\/product"}],"replies":[{"embeddable":true,"href":"https:\/\/happyhaus.fr\/de\/wp-json\/wp\/v2\/comments?post=95925"}],"wp:featuredmedia":[{"embeddable":true,"href":"https:\/\/happyhaus.fr\/de\/wp-json\/wp\/v2\/media\/95948"}],"wp:attachment":[{"href":"https:\/\/happyhaus.fr\/de\/wp-json\/wp\/v2\/media?parent=95925"}],"wp:term":[{"taxonomy":"product_cat","embeddable":true,"href":"https:\/\/happyhaus.fr\/de\/wp-json\/wp\/v2\/product_cat?post=95925"},{"taxonomy":"product_tag","embeddable":true,"href":"https:\/\/happyhaus.fr\/de\/wp-json\/wp\/v2\/product_tag?post=95925"}],"curies":[{"name":"wp","href":"https:\/\/api.w.org\/{rel}","templated":true}]}}