{"id":95875,"date":"2025-04-23T14:50:16","date_gmt":"2025-03-31T13:03:17","guid":{"rendered":"https:\/\/happyhaus.fr\/?post_type=product&#038;p=95875"},"modified":"2025-05-19T17:57:25","modified_gmt":"2025-05-19T15:57:25","slug":"la-robe-trompe-loeil-beige","status":"publish","type":"product","link":"https:\/\/happyhaus.fr\/de\/produkt\/la-robe-trompe-loeil-beige\/","title":{"rendered":"LA ROBE TROMPE L&#8217;OEIL"},"content":{"rendered":"<ul>\n<li>Hemdkragen<\/li>\n<li>Kn\u00f6pfe bedeckt<\/li>\n<li>2 aufgesetzte R\u00fcckentaschen in Blumenform<\/li>\n<li>\u00c4rmel L\u00e4nge 7\/8<\/li>\n<li>Handgelenk mit doppelten Falten<\/li>\n<li>86% Hanf 14% Seide<\/li>\n<\/ul>\n<p>Herkunft des Stoffes: Italy<br \/>\nHergestellt in Tunesien<\/p>\n<p>&nbsp;<\/p>\n","protected":false},"excerpt":{"rendered":"<p>Das TROMPE L&#8217;OEIL-Kleid hat den illusion\u00e4ren Effekt eines Hemdes, das in einen langen Rock gewickelt ist. Es ist aus unserem Hanf &amp; Seide-Stoff, der speziell f\u00fcr HAPPY HAUS gewebt wird und in sehr kleinen Mengen hergestellt wird, ein edles und elegantes Material in aller Einfachheit. Das Kleid bietet sch\u00f6ne Details: die zwei aufgesetzten Taschen in Form einer Blume, die Kn\u00f6pfe im gleichen Stoff bedeckt, der spitze Kragen. Seine beige Farbe ist weich und beruhigend, au\u00dferdem wird es leicht zu tragen sein. Ob l\u00e4ssig oder schick, dieses Kleid passt sich Ihrem Stil an. Sie k\u00f6nnen es zum Beispiel mit einem Paar Mokassins und unserer XL BAG aus Raffia f\u00fcr eine l\u00e4ssigere Haltung oder einem Paar Pumps f\u00fcr einen raffinierten Abend tragen. Das TROMPE L&#8217;OEIL Kleid ist der perfekte Begleiter f\u00fcr sonnige Tage. Wir von HAPPY HAUS sind Fans dieser neuen Version.<\/p>\n<p>Sandy, die Gr\u00fcnderin von Happy Haus, tr\u00e4gt eine Gr\u00f6\u00dfe 36. Sie misst 170 cm.<\/p>\n<p>&nbsp;<\/p>\n","protected":false},"featured_media":96220,"comment_status":"closed","ping_status":"closed","template":"","meta":{"_acf_changed":false},"product_cat":[312,231,233,512],"product_tag":[335],"acf":[],"yoast_head":"<!-- This site is optimized with the Yoast SEO plugin v22.6 - https:\/\/yoast.com\/wordpress\/plugins\/seo\/ -->\n<title>LA ROBE TROMPE L&#039;OEIL -<\/title>\n<meta name=\"robots\" content=\"index, follow, max-snippet:-1, max-image-preview:large, max-video-preview:-1\" \/>\n<link rel=\"canonical\" href=\"https:\/\/happyhaus.fr\/de\/produkt\/la-robe-trompe-loeil-beige\/\" \/>\n<meta property=\"og:locale\" content=\"de_DE\" \/>\n<meta property=\"og:type\" content=\"article\" \/>\n<meta property=\"og:title\" content=\"LA ROBE TROMPE L&#039;OEIL -\" \/>\n<meta property=\"og:description\" content=\"Das TROMPE L&#039;OEIL-Kleid hat den illusion\u00e4ren Effekt eines Hemdes, das in einen langen Rock gewickelt ist. Es ist aus unserem Hanf &amp; Seide-Stoff, der speziell f\u00fcr HAPPY HAUS gewebt wird und in sehr kleinen Mengen hergestellt wird, ein edles und elegantes Material in aller Einfachheit. Das Kleid bietet sch\u00f6ne Details: die zwei aufgesetzten Taschen in Form einer Blume, die Kn\u00f6pfe im gleichen Stoff bedeckt, der spitze Kragen. Seine beige Farbe ist weich und beruhigend, au\u00dferdem wird es leicht zu tragen sein. Ob l\u00e4ssig oder schick, dieses Kleid passt sich Ihrem Stil an. Sie k\u00f6nnen es zum Beispiel mit einem Paar Mokassins und unserer XL BAG aus Raffia f\u00fcr eine l\u00e4ssigere Haltung oder einem Paar Pumps f\u00fcr einen raffinierten Abend tragen. Das TROMPE L&#039;OEIL Kleid ist der perfekte Begleiter f\u00fcr sonnige Tage. Wir von HAPPY HAUS sind Fans dieser neuen Version.  Sandy, die Gr\u00fcnderin von Happy Haus, tr\u00e4gt eine Gr\u00f6\u00dfe 36. Sie misst 170 cm.  &nbsp;\" \/>\n<meta property=\"og:url\" content=\"https:\/\/happyhaus.fr\/de\/produkt\/la-robe-trompe-loeil-beige\/\" \/>\n<meta property=\"article:modified_time\" content=\"2025-05-19T15:57:25+00:00\" \/>\n<meta property=\"og:image\" content=\"https:\/\/happyhaus.fr\/wp-content\/uploads\/2025\/03\/Z1-5.jpg\" \/>\n\t<meta property=\"og:image:width\" content=\"1707\" \/>\n\t<meta property=\"og:image:height\" content=\"2560\" \/>\n\t<meta property=\"og:image:type\" content=\"image\/jpeg\" \/>\n<meta name=\"twitter:card\" content=\"summary_large_image\" \/>\n<meta name=\"twitter:label1\" content=\"Gesch\u00e4tzte Lesezeit\" \/>\n\t<meta name=\"twitter:data1\" content=\"1\u00a0Minute\" \/>\n<script type=\"application\/ld+json\" class=\"yoast-schema-graph\">{\"@context\":\"https:\/\/schema.org\",\"@graph\":[{\"@type\":\"WebPage\",\"@id\":\"https:\/\/happyhaus.fr\/de\/produkt\/la-robe-trompe-loeil-beige\/\",\"url\":\"https:\/\/happyhaus.fr\/de\/produkt\/la-robe-trompe-loeil-beige\/\",\"name\":\"LA ROBE TROMPE L'OEIL -\",\"isPartOf\":{\"@id\":\"https:\/\/happyhaus.fr\/#website\"},\"primaryImageOfPage\":{\"@id\":\"https:\/\/happyhaus.fr\/de\/produkt\/la-robe-trompe-loeil-beige\/#primaryimage\"},\"image\":{\"@id\":\"https:\/\/happyhaus.fr\/de\/produkt\/la-robe-trompe-loeil-beige\/#primaryimage\"},\"thumbnailUrl\":\"https:\/\/happyhaus.fr\/wp-content\/uploads\/2025\/03\/Z1-9.jpg\",\"datePublished\":\"2025-03-31T13:03:17+00:00\",\"dateModified\":\"2025-05-19T15:57:25+00:00\",\"breadcrumb\":{\"@id\":\"https:\/\/happyhaus.fr\/de\/produkt\/la-robe-trompe-loeil-beige\/#breadcrumb\"},\"inLanguage\":\"de\",\"potentialAction\":[{\"@type\":\"ReadAction\",\"target\":[\"https:\/\/happyhaus.fr\/de\/produkt\/la-robe-trompe-loeil-beige\/\"]}]},{\"@type\":\"ImageObject\",\"inLanguage\":\"de\",\"@id\":\"https:\/\/happyhaus.fr\/de\/produkt\/la-robe-trompe-loeil-beige\/#primaryimage\",\"url\":\"https:\/\/happyhaus.fr\/wp-content\/uploads\/2025\/03\/Z1-9.jpg\",\"contentUrl\":\"https:\/\/happyhaus.fr\/wp-content\/uploads\/2025\/03\/Z1-9.jpg\",\"width\":1707,\"height\":2560},{\"@type\":\"BreadcrumbList\",\"@id\":\"https:\/\/happyhaus.fr\/de\/produkt\/la-robe-trompe-loeil-beige\/#breadcrumb\",\"itemListElement\":[{\"@type\":\"ListItem\",\"position\":1,\"name\":\"Accueil\",\"item\":\"https:\/\/happyhaus.fr\/de\/\"},{\"@type\":\"ListItem\",\"position\":2,\"name\":\"Priv\u00e9\u00a0: Shop\",\"item\":\"https:\/\/happyhaus.fr\/?page_id=4438\"},{\"@type\":\"ListItem\",\"position\":3,\"name\":\"LA ROBE TROMPE L&#8217;OEIL\"}]},{\"@type\":\"WebSite\",\"@id\":\"https:\/\/happyhaus.fr\/#website\",\"url\":\"https:\/\/happyhaus.fr\/\",\"name\":\"\",\"description\":\"\",\"potentialAction\":[{\"@type\":\"SearchAction\",\"target\":{\"@type\":\"EntryPoint\",\"urlTemplate\":\"https:\/\/happyhaus.fr\/?s={search_term_string}\"},\"query-input\":\"required name=search_term_string\"}],\"inLanguage\":\"de\"}]}<\/script>\n<!-- \/ Yoast SEO plugin. -->","yoast_head_json":{"title":"LA ROBE TROMPE L'OEIL -","robots":{"index":"index","follow":"follow","max-snippet":"max-snippet:-1","max-image-preview":"max-image-preview:large","max-video-preview":"max-video-preview:-1"},"canonical":"https:\/\/happyhaus.fr\/de\/produkt\/la-robe-trompe-loeil-beige\/","og_locale":"de_DE","og_type":"article","og_title":"LA ROBE TROMPE L'OEIL -","og_description":"Das TROMPE L'OEIL-Kleid hat den illusion\u00e4ren Effekt eines Hemdes, das in einen langen Rock gewickelt ist. Es ist aus unserem Hanf &amp; Seide-Stoff, der speziell f\u00fcr HAPPY HAUS gewebt wird und in sehr kleinen Mengen hergestellt wird, ein edles und elegantes Material in aller Einfachheit. Das Kleid bietet sch\u00f6ne Details: die zwei aufgesetzten Taschen in Form einer Blume, die Kn\u00f6pfe im gleichen Stoff bedeckt, der spitze Kragen. Seine beige Farbe ist weich und beruhigend, au\u00dferdem wird es leicht zu tragen sein. Ob l\u00e4ssig oder schick, dieses Kleid passt sich Ihrem Stil an. Sie k\u00f6nnen es zum Beispiel mit einem Paar Mokassins und unserer XL BAG aus Raffia f\u00fcr eine l\u00e4ssigere Haltung oder einem Paar Pumps f\u00fcr einen raffinierten Abend tragen. Das TROMPE L'OEIL Kleid ist der perfekte Begleiter f\u00fcr sonnige Tage. Wir von HAPPY HAUS sind Fans dieser neuen Version.  Sandy, die Gr\u00fcnderin von Happy Haus, tr\u00e4gt eine Gr\u00f6\u00dfe 36. Sie misst 170 cm.  &nbsp;","og_url":"https:\/\/happyhaus.fr\/de\/produkt\/la-robe-trompe-loeil-beige\/","article_modified_time":"2025-05-19T15:57:25+00:00","og_image":[{"width":1707,"height":2560,"url":"https:\/\/happyhaus.fr\/wp-content\/uploads\/2025\/03\/Z1-5.jpg","type":"image\/jpeg"}],"twitter_card":"summary_large_image","twitter_misc":{"Gesch\u00e4tzte Lesezeit":"1\u00a0Minute"},"schema":{"@context":"https:\/\/schema.org","@graph":[{"@type":"WebPage","@id":"https:\/\/happyhaus.fr\/de\/produkt\/la-robe-trompe-loeil-beige\/","url":"https:\/\/happyhaus.fr\/de\/produkt\/la-robe-trompe-loeil-beige\/","name":"LA ROBE TROMPE L'OEIL -","isPartOf":{"@id":"https:\/\/happyhaus.fr\/#website"},"primaryImageOfPage":{"@id":"https:\/\/happyhaus.fr\/de\/produkt\/la-robe-trompe-loeil-beige\/#primaryimage"},"image":{"@id":"https:\/\/happyhaus.fr\/de\/produkt\/la-robe-trompe-loeil-beige\/#primaryimage"},"thumbnailUrl":"https:\/\/happyhaus.fr\/wp-content\/uploads\/2025\/03\/Z1-9.jpg","datePublished":"2025-03-31T13:03:17+00:00","dateModified":"2025-05-19T15:57:25+00:00","breadcrumb":{"@id":"https:\/\/happyhaus.fr\/de\/produkt\/la-robe-trompe-loeil-beige\/#breadcrumb"},"inLanguage":"de","potentialAction":[{"@type":"ReadAction","target":["https:\/\/happyhaus.fr\/de\/produkt\/la-robe-trompe-loeil-beige\/"]}]},{"@type":"ImageObject","inLanguage":"de","@id":"https:\/\/happyhaus.fr\/de\/produkt\/la-robe-trompe-loeil-beige\/#primaryimage","url":"https:\/\/happyhaus.fr\/wp-content\/uploads\/2025\/03\/Z1-9.jpg","contentUrl":"https:\/\/happyhaus.fr\/wp-content\/uploads\/2025\/03\/Z1-9.jpg","width":1707,"height":2560},{"@type":"BreadcrumbList","@id":"https:\/\/happyhaus.fr\/de\/produkt\/la-robe-trompe-loeil-beige\/#breadcrumb","itemListElement":[{"@type":"ListItem","position":1,"name":"Accueil","item":"https:\/\/happyhaus.fr\/de\/"},{"@type":"ListItem","position":2,"name":"Priv\u00e9\u00a0: Shop","item":"https:\/\/happyhaus.fr\/?page_id=4438"},{"@type":"ListItem","position":3,"name":"LA ROBE TROMPE L&#8217;OEIL"}]},{"@type":"WebSite","@id":"https:\/\/happyhaus.fr\/#website","url":"https:\/\/happyhaus.fr\/","name":"","description":"","potentialAction":[{"@type":"SearchAction","target":{"@type":"EntryPoint","urlTemplate":"https:\/\/happyhaus.fr\/?s={search_term_string}"},"query-input":"required name=search_term_string"}],"inLanguage":"de"}]}},"_links":{"self":[{"href":"https:\/\/happyhaus.fr\/de\/wp-json\/wp\/v2\/product\/95875"}],"collection":[{"href":"https:\/\/happyhaus.fr\/de\/wp-json\/wp\/v2\/product"}],"about":[{"href":"https:\/\/happyhaus.fr\/de\/wp-json\/wp\/v2\/types\/product"}],"replies":[{"embeddable":true,"href":"https:\/\/happyhaus.fr\/de\/wp-json\/wp\/v2\/comments?post=95875"}],"wp:featuredmedia":[{"embeddable":true,"href":"https:\/\/happyhaus.fr\/de\/wp-json\/wp\/v2\/media\/96220"}],"wp:attachment":[{"href":"https:\/\/happyhaus.fr\/de\/wp-json\/wp\/v2\/media?parent=95875"}],"wp:term":[{"taxonomy":"product_cat","embeddable":true,"href":"https:\/\/happyhaus.fr\/de\/wp-json\/wp\/v2\/product_cat?post=95875"},{"taxonomy":"product_tag","embeddable":true,"href":"https:\/\/happyhaus.fr\/de\/wp-json\/wp\/v2\/product_tag?post=95875"}],"curies":[{"name":"wp","href":"https:\/\/api.w.org\/{rel}","templated":true}]}}