{"id":95845,"date":"2025-07-11T16:45:12","date_gmt":"2025-03-26T15:23:15","guid":{"rendered":"https:\/\/happyhaus.fr\/?post_type=product&#038;p=95845"},"modified":"2025-08-14T16:14:39","modified_gmt":"2025-08-14T14:14:39","slug":"la-blouse-nuage-white","status":"publish","type":"product","link":"https:\/\/happyhaus.fr\/de\/produkt\/la-blouse-nuage-white\/","title":{"rendered":"LA BLOUSE NUAGE"},"content":{"rendered":"<div class=\"page\" title=\"Page 70\">\n<div class=\"layoutArea\">\n<div class=\"column\">\n<ul>\n<li>Trichterf\u00f6rmiger Halsausschnitt<\/li>\n<li>Knopfloch auf der Vorderseite<\/li>\n<li>Puff\u00e4rmel<\/li>\n<li>Plissierte Abschl\u00fcsse<\/li>\n<li>100 % Leinen<\/li>\n<\/ul>\n<p>Herkunft des Stoffes: Italien<br \/>\nHergestellt in Tunesien<\/p>\n<\/div>\n<\/div>\n<\/div>\n","protected":false},"excerpt":{"rendered":"<p>Bei einem Spaziergang trifft Sandy, die Gr\u00fcnderin von HAPPY HAUS, auf Fran\u00e7oise, eine au\u00dfergew\u00f6hnliche Frau im 100. Lebensjahr. Ihr Leben ist ein Roman, sie war eine Freundin von Samuel Beckett und Eugene Lonesco, sie ist die Tante des gro\u00dfen Fotografen Yann Arthus-Bertrand. Sie lebt wochentags in ihrer Pariser Wohnung und am Wochenende in ihrem Haus des Mesnuls und verbringt keinen Tag ohne ihre 1\/2 Stunde Schwimmen.<br \/>\nFran\u00e7oise tr\u00e4gt unsere OVERSIZE-Hose und die bunte NUAGE-Bluse ihres ber\u00fchmten Kleides, das in einen Schal verwandelt wurde.<\/p>\n<p>Die Bluse NUAGE geh\u00f6rt zu den Dauerl\u00e4ufern von HAPPY HAUS und ist in verschiedenen Farben und Materialien erh\u00e4ltlich. Sein Oversize-Schnitt bietet einen einfachen und bequemen Look, w\u00e4hrend er dank seines Volumens und seiner sch\u00f6nen Puff\u00e4rmel aufwendig bleibt. Sie ist von den Hemden der damaligen K\u00fcnstler inspiriert.<\/p>\n<p>&nbsp;<\/p>\n","protected":false},"featured_media":96917,"comment_status":"closed","ping_status":"closed","template":"","meta":{"_acf_changed":false},"product_cat":[312,231,237,315],"product_tag":[],"acf":[],"yoast_head":"<!-- This site is optimized with the Yoast SEO plugin v22.6 - https:\/\/yoast.com\/wordpress\/plugins\/seo\/ -->\n<title>LA BLOUSE NUAGE -<\/title>\n<meta name=\"robots\" content=\"index, follow, max-snippet:-1, max-image-preview:large, max-video-preview:-1\" \/>\n<link rel=\"canonical\" href=\"https:\/\/happyhaus.fr\/en\/produkt\/la-blouse-nuage-white\/\" \/>\n<meta property=\"og:locale\" content=\"de_DE\" \/>\n<meta property=\"og:type\" content=\"article\" \/>\n<meta property=\"og:title\" content=\"LA BLOUSE NUAGE -\" \/>\n<meta property=\"og:description\" content=\"Bei einem Spaziergang trifft Sandy, die Gr\u00fcnderin von HAPPY HAUS, auf Fran\u00e7oise, eine au\u00dfergew\u00f6hnliche Frau im 100. Lebensjahr. Ihr Leben ist ein Roman, sie war eine Freundin von Samuel Beckett und Eugene Lonesco, sie ist die Tante des gro\u00dfen Fotografen Yann Arthus-Bertrand. Sie lebt wochentags in ihrer Pariser Wohnung und am Wochenende in ihrem Haus des Mesnuls und verbringt keinen Tag ohne ihre 1\/2 Stunde Schwimmen. Fran\u00e7oise tr\u00e4gt unsere OVERSIZE-Hose und die bunte NUAGE-Bluse ihres ber\u00fchmten Kleides, das in einen Schal verwandelt wurde.  Die Bluse NUAGE geh\u00f6rt zu den Dauerl\u00e4ufern von HAPPY HAUS und ist in verschiedenen Farben und Materialien erh\u00e4ltlich. Sein Oversize-Schnitt bietet einen einfachen und bequemen Look, w\u00e4hrend er dank seines Volumens und seiner sch\u00f6nen Puff\u00e4rmel aufwendig bleibt. Sie ist von den Hemden der damaligen K\u00fcnstler inspiriert.  &nbsp;\" \/>\n<meta property=\"og:url\" content=\"https:\/\/happyhaus.fr\/en\/produkt\/la-blouse-nuage-white\/\" \/>\n<meta property=\"article:modified_time\" content=\"2025-08-14T14:14:39+00:00\" \/>\n<meta property=\"og:image\" content=\"https:\/\/happyhaus.fr\/wp-content\/uploads\/2025\/05\/Z1-4.jpg\" \/>\n\t<meta property=\"og:image:width\" content=\"1707\" \/>\n\t<meta property=\"og:image:height\" content=\"2560\" \/>\n\t<meta property=\"og:image:type\" content=\"image\/jpeg\" \/>\n<meta name=\"twitter:card\" content=\"summary_large_image\" \/>\n<meta name=\"twitter:label1\" content=\"Gesch\u00e4tzte Lesezeit\" \/>\n\t<meta name=\"twitter:data1\" content=\"1\u00a0Minute\" \/>\n<script type=\"application\/ld+json\" class=\"yoast-schema-graph\">{\"@context\":\"https:\/\/schema.org\",\"@graph\":[{\"@type\":\"WebPage\",\"@id\":\"https:\/\/happyhaus.fr\/en\/produkt\/la-blouse-nuage-white\/\",\"url\":\"https:\/\/happyhaus.fr\/en\/produkt\/la-blouse-nuage-white\/\",\"name\":\"LA BLOUSE NUAGE -\",\"isPartOf\":{\"@id\":\"https:\/\/happyhaus.fr\/#website\"},\"primaryImageOfPage\":{\"@id\":\"https:\/\/happyhaus.fr\/en\/produkt\/la-blouse-nuage-white\/#primaryimage\"},\"image\":{\"@id\":\"https:\/\/happyhaus.fr\/en\/produkt\/la-blouse-nuage-white\/#primaryimage\"},\"thumbnailUrl\":\"https:\/\/happyhaus.fr\/wp-content\/uploads\/2025\/05\/Z1-4.jpg\",\"datePublished\":\"2025-03-26T15:23:15+00:00\",\"dateModified\":\"2025-08-14T14:14:39+00:00\",\"breadcrumb\":{\"@id\":\"https:\/\/happyhaus.fr\/en\/produkt\/la-blouse-nuage-white\/#breadcrumb\"},\"inLanguage\":\"de\",\"potentialAction\":[{\"@type\":\"ReadAction\",\"target\":[\"https:\/\/happyhaus.fr\/en\/produkt\/la-blouse-nuage-white\/\"]}]},{\"@type\":\"ImageObject\",\"inLanguage\":\"de\",\"@id\":\"https:\/\/happyhaus.fr\/en\/produkt\/la-blouse-nuage-white\/#primaryimage\",\"url\":\"https:\/\/happyhaus.fr\/wp-content\/uploads\/2025\/05\/Z1-4.jpg\",\"contentUrl\":\"https:\/\/happyhaus.fr\/wp-content\/uploads\/2025\/05\/Z1-4.jpg\",\"width\":1707,\"height\":2560},{\"@type\":\"BreadcrumbList\",\"@id\":\"https:\/\/happyhaus.fr\/en\/produkt\/la-blouse-nuage-white\/#breadcrumb\",\"itemListElement\":[{\"@type\":\"ListItem\",\"position\":1,\"name\":\"Accueil\",\"item\":\"https:\/\/happyhaus.fr\/de\/\"},{\"@type\":\"ListItem\",\"position\":2,\"name\":\"Priv\u00e9\u00a0: Shop\",\"item\":\"https:\/\/happyhaus.fr\/?page_id=4438\"},{\"@type\":\"ListItem\",\"position\":3,\"name\":\"LA BLOUSE NUAGE\"}]},{\"@type\":\"WebSite\",\"@id\":\"https:\/\/happyhaus.fr\/#website\",\"url\":\"https:\/\/happyhaus.fr\/\",\"name\":\"\",\"description\":\"\",\"potentialAction\":[{\"@type\":\"SearchAction\",\"target\":{\"@type\":\"EntryPoint\",\"urlTemplate\":\"https:\/\/happyhaus.fr\/?s={search_term_string}\"},\"query-input\":\"required name=search_term_string\"}],\"inLanguage\":\"de\"}]}<\/script>\n<!-- \/ Yoast SEO plugin. -->","yoast_head_json":{"title":"LA BLOUSE NUAGE -","robots":{"index":"index","follow":"follow","max-snippet":"max-snippet:-1","max-image-preview":"max-image-preview:large","max-video-preview":"max-video-preview:-1"},"canonical":"https:\/\/happyhaus.fr\/en\/produkt\/la-blouse-nuage-white\/","og_locale":"de_DE","og_type":"article","og_title":"LA BLOUSE NUAGE -","og_description":"Bei einem Spaziergang trifft Sandy, die Gr\u00fcnderin von HAPPY HAUS, auf Fran\u00e7oise, eine au\u00dfergew\u00f6hnliche Frau im 100. Lebensjahr. Ihr Leben ist ein Roman, sie war eine Freundin von Samuel Beckett und Eugene Lonesco, sie ist die Tante des gro\u00dfen Fotografen Yann Arthus-Bertrand. Sie lebt wochentags in ihrer Pariser Wohnung und am Wochenende in ihrem Haus des Mesnuls und verbringt keinen Tag ohne ihre 1\/2 Stunde Schwimmen. Fran\u00e7oise tr\u00e4gt unsere OVERSIZE-Hose und die bunte NUAGE-Bluse ihres ber\u00fchmten Kleides, das in einen Schal verwandelt wurde.  Die Bluse NUAGE geh\u00f6rt zu den Dauerl\u00e4ufern von HAPPY HAUS und ist in verschiedenen Farben und Materialien erh\u00e4ltlich. Sein Oversize-Schnitt bietet einen einfachen und bequemen Look, w\u00e4hrend er dank seines Volumens und seiner sch\u00f6nen Puff\u00e4rmel aufwendig bleibt. Sie ist von den Hemden der damaligen K\u00fcnstler inspiriert.  &nbsp;","og_url":"https:\/\/happyhaus.fr\/en\/produkt\/la-blouse-nuage-white\/","article_modified_time":"2025-08-14T14:14:39+00:00","og_image":[{"width":1707,"height":2560,"url":"https:\/\/happyhaus.fr\/wp-content\/uploads\/2025\/05\/Z1-4.jpg","type":"image\/jpeg"}],"twitter_card":"summary_large_image","twitter_misc":{"Gesch\u00e4tzte Lesezeit":"1\u00a0Minute"},"schema":{"@context":"https:\/\/schema.org","@graph":[{"@type":"WebPage","@id":"https:\/\/happyhaus.fr\/en\/produkt\/la-blouse-nuage-white\/","url":"https:\/\/happyhaus.fr\/en\/produkt\/la-blouse-nuage-white\/","name":"LA BLOUSE NUAGE -","isPartOf":{"@id":"https:\/\/happyhaus.fr\/#website"},"primaryImageOfPage":{"@id":"https:\/\/happyhaus.fr\/en\/produkt\/la-blouse-nuage-white\/#primaryimage"},"image":{"@id":"https:\/\/happyhaus.fr\/en\/produkt\/la-blouse-nuage-white\/#primaryimage"},"thumbnailUrl":"https:\/\/happyhaus.fr\/wp-content\/uploads\/2025\/05\/Z1-4.jpg","datePublished":"2025-03-26T15:23:15+00:00","dateModified":"2025-08-14T14:14:39+00:00","breadcrumb":{"@id":"https:\/\/happyhaus.fr\/en\/produkt\/la-blouse-nuage-white\/#breadcrumb"},"inLanguage":"de","potentialAction":[{"@type":"ReadAction","target":["https:\/\/happyhaus.fr\/en\/produkt\/la-blouse-nuage-white\/"]}]},{"@type":"ImageObject","inLanguage":"de","@id":"https:\/\/happyhaus.fr\/en\/produkt\/la-blouse-nuage-white\/#primaryimage","url":"https:\/\/happyhaus.fr\/wp-content\/uploads\/2025\/05\/Z1-4.jpg","contentUrl":"https:\/\/happyhaus.fr\/wp-content\/uploads\/2025\/05\/Z1-4.jpg","width":1707,"height":2560},{"@type":"BreadcrumbList","@id":"https:\/\/happyhaus.fr\/en\/produkt\/la-blouse-nuage-white\/#breadcrumb","itemListElement":[{"@type":"ListItem","position":1,"name":"Accueil","item":"https:\/\/happyhaus.fr\/de\/"},{"@type":"ListItem","position":2,"name":"Priv\u00e9\u00a0: Shop","item":"https:\/\/happyhaus.fr\/?page_id=4438"},{"@type":"ListItem","position":3,"name":"LA BLOUSE NUAGE"}]},{"@type":"WebSite","@id":"https:\/\/happyhaus.fr\/#website","url":"https:\/\/happyhaus.fr\/","name":"","description":"","potentialAction":[{"@type":"SearchAction","target":{"@type":"EntryPoint","urlTemplate":"https:\/\/happyhaus.fr\/?s={search_term_string}"},"query-input":"required name=search_term_string"}],"inLanguage":"de"}]}},"_links":{"self":[{"href":"https:\/\/happyhaus.fr\/de\/wp-json\/wp\/v2\/product\/95845"}],"collection":[{"href":"https:\/\/happyhaus.fr\/de\/wp-json\/wp\/v2\/product"}],"about":[{"href":"https:\/\/happyhaus.fr\/de\/wp-json\/wp\/v2\/types\/product"}],"replies":[{"embeddable":true,"href":"https:\/\/happyhaus.fr\/de\/wp-json\/wp\/v2\/comments?post=95845"}],"wp:featuredmedia":[{"embeddable":true,"href":"https:\/\/happyhaus.fr\/de\/wp-json\/wp\/v2\/media\/96917"}],"wp:attachment":[{"href":"https:\/\/happyhaus.fr\/de\/wp-json\/wp\/v2\/media?parent=95845"}],"wp:term":[{"taxonomy":"product_cat","embeddable":true,"href":"https:\/\/happyhaus.fr\/de\/wp-json\/wp\/v2\/product_cat?post=95845"},{"taxonomy":"product_tag","embeddable":true,"href":"https:\/\/happyhaus.fr\/de\/wp-json\/wp\/v2\/product_tag?post=95845"}],"curies":[{"name":"wp","href":"https:\/\/api.w.org\/{rel}","templated":true}]}}