{"id":95607,"date":"2025-02-05T12:55:02","date_gmt":"2025-02-26T11:55:04","guid":{"rendered":"https:\/\/happyhaus.fr\/?post_type=product&#038;p=95607"},"modified":"2025-07-17T16:33:59","modified_gmt":"2025-07-17T14:33:59","slug":"la-robe-trompe-loeil-10-years","status":"publish","type":"product","link":"https:\/\/happyhaus.fr\/de\/produkt\/la-robe-trompe-loeil-10-years\/","title":{"rendered":"LA ROBE TROMPE L&#8217;OEIL"},"content":{"rendered":"<ul>\n<li class=\"p1\">Hemdkragen<\/li>\n<li class=\"p1\">Vordere Knopfleiste mit bronzefarbenen Kn\u00f6pfen<\/li>\n<li class=\"p1\">2 aufgesetzte Ges\u00e4\u00dftaschen in Form einer Blume.<\/li>\n<li class=\"p1\">\u00c4rmel in 7\/8-L\u00e4nge<\/li>\n<li class=\"p1\">Manschette mit doppelter Falte<\/li>\n<li class=\"p1\">80% Baumwolle, davon 20% recycelte Baumwolle<\/li>\n<\/ul>\n<p>Herkunft des Stoffes: Italy<br \/>\nHergestellt in Tunesien<\/p>\n<p>&nbsp;<\/p>\n<p>&nbsp;<\/p>\n","protected":false},"excerpt":{"rendered":"<p>Das TROMPE L&#8217;OEIL-Kleid hat den illusion\u00e4ren Effekt eines Hemdes, das in einen langen Rock gewickelt ist. Das Kleid bietet sch\u00f6ne Details: die zwei aufgesetzten Taschen in Form einer Blume, die N\u00e4hte in der Farbe Tabak, die einen sch\u00f6nen Kontrast mit dem Denim schaffen. Sie formt die Silhouette elegant, aber es liegt an Ihnen, sie an Ihren Stil anzupassen! Ob l\u00e4ssig oder schick, dieses Kleid passt sich Ihrem Stil im Laufe der Jahreszeiten an: offen auf einem Tanktop mit Turnschuhen im Sommer oder mit einer Jacke und Ihren Lieblingsstiefeln im Winter! Sie ist aus unserem recycelten Denim.<\/p>\n<p>Die Waschung &#8220;10 years old&#8221; verleiht dem Kleid einen abgetragenen und rockigen Look. Wir von Happy Haus sind Fans!<\/p>\n","protected":false},"featured_media":95621,"comment_status":"closed","ping_status":"closed","template":"","meta":{"_acf_changed":false},"product_cat":[312,231,233,315],"product_tag":[335],"acf":[],"yoast_head":"<!-- This site is optimized with the Yoast SEO plugin v22.6 - https:\/\/yoast.com\/wordpress\/plugins\/seo\/ -->\n<title>LA ROBE TROMPE L&#039;OEIL -<\/title>\n<meta name=\"robots\" content=\"index, follow, max-snippet:-1, max-image-preview:large, max-video-preview:-1\" \/>\n<link rel=\"canonical\" href=\"https:\/\/happyhaus.fr\/de\/produkt\/la-robe-trompe-loeil-10-years\/\" \/>\n<meta property=\"og:locale\" content=\"de_DE\" \/>\n<meta property=\"og:type\" content=\"article\" \/>\n<meta property=\"og:title\" content=\"LA ROBE TROMPE L&#039;OEIL -\" \/>\n<meta property=\"og:description\" content=\"Das TROMPE L&#039;OEIL-Kleid hat den illusion\u00e4ren Effekt eines Hemdes, das in einen langen Rock gewickelt ist. Das Kleid bietet sch\u00f6ne Details: die zwei aufgesetzten Taschen in Form einer Blume, die N\u00e4hte in der Farbe Tabak, die einen sch\u00f6nen Kontrast mit dem Denim schaffen. Sie formt die Silhouette elegant, aber es liegt an Ihnen, sie an Ihren Stil anzupassen! Ob l\u00e4ssig oder schick, dieses Kleid passt sich Ihrem Stil im Laufe der Jahreszeiten an: offen auf einem Tanktop mit Turnschuhen im Sommer oder mit einer Jacke und Ihren Lieblingsstiefeln im Winter! Sie ist aus unserem recycelten Denim.  Die Waschung &quot;10 years old&quot; verleiht dem Kleid einen abgetragenen und rockigen Look. Wir von Happy Haus sind Fans!\" \/>\n<meta property=\"og:url\" content=\"https:\/\/happyhaus.fr\/de\/produkt\/la-robe-trompe-loeil-10-years\/\" \/>\n<meta property=\"article:modified_time\" content=\"2025-07-17T14:33:59+00:00\" \/>\n<meta property=\"og:image\" content=\"https:\/\/happyhaus.fr\/wp-content\/uploads\/2025\/02\/Z1-9.jpg\" \/>\n\t<meta property=\"og:image:width\" content=\"1707\" \/>\n\t<meta property=\"og:image:height\" content=\"2560\" \/>\n\t<meta property=\"og:image:type\" content=\"image\/jpeg\" \/>\n<meta name=\"twitter:card\" content=\"summary_large_image\" \/>\n<meta name=\"twitter:label1\" content=\"Gesch\u00e4tzte Lesezeit\" \/>\n\t<meta name=\"twitter:data1\" content=\"1\u00a0Minute\" \/>\n<script type=\"application\/ld+json\" class=\"yoast-schema-graph\">{\"@context\":\"https:\/\/schema.org\",\"@graph\":[{\"@type\":\"WebPage\",\"@id\":\"https:\/\/happyhaus.fr\/de\/produkt\/la-robe-trompe-loeil-10-years\/\",\"url\":\"https:\/\/happyhaus.fr\/de\/produkt\/la-robe-trompe-loeil-10-years\/\",\"name\":\"LA ROBE TROMPE L'OEIL -\",\"isPartOf\":{\"@id\":\"https:\/\/happyhaus.fr\/#website\"},\"primaryImageOfPage\":{\"@id\":\"https:\/\/happyhaus.fr\/de\/produkt\/la-robe-trompe-loeil-10-years\/#primaryimage\"},\"image\":{\"@id\":\"https:\/\/happyhaus.fr\/de\/produkt\/la-robe-trompe-loeil-10-years\/#primaryimage\"},\"thumbnailUrl\":\"https:\/\/happyhaus.fr\/wp-content\/uploads\/2025\/02\/Z1-9.jpg\",\"datePublished\":\"2025-02-26T11:55:04+00:00\",\"dateModified\":\"2025-07-17T14:33:59+00:00\",\"breadcrumb\":{\"@id\":\"https:\/\/happyhaus.fr\/de\/produkt\/la-robe-trompe-loeil-10-years\/#breadcrumb\"},\"inLanguage\":\"de\",\"potentialAction\":[{\"@type\":\"ReadAction\",\"target\":[\"https:\/\/happyhaus.fr\/de\/produkt\/la-robe-trompe-loeil-10-years\/\"]}]},{\"@type\":\"ImageObject\",\"inLanguage\":\"de\",\"@id\":\"https:\/\/happyhaus.fr\/de\/produkt\/la-robe-trompe-loeil-10-years\/#primaryimage\",\"url\":\"https:\/\/happyhaus.fr\/wp-content\/uploads\/2025\/02\/Z1-9.jpg\",\"contentUrl\":\"https:\/\/happyhaus.fr\/wp-content\/uploads\/2025\/02\/Z1-9.jpg\",\"width\":1707,\"height\":2560},{\"@type\":\"BreadcrumbList\",\"@id\":\"https:\/\/happyhaus.fr\/de\/produkt\/la-robe-trompe-loeil-10-years\/#breadcrumb\",\"itemListElement\":[{\"@type\":\"ListItem\",\"position\":1,\"name\":\"Accueil\",\"item\":\"https:\/\/happyhaus.fr\/de\/\"},{\"@type\":\"ListItem\",\"position\":2,\"name\":\"Priv\u00e9\u00a0: Shop\",\"item\":\"https:\/\/happyhaus.fr\/?page_id=4438\"},{\"@type\":\"ListItem\",\"position\":3,\"name\":\"LA ROBE TROMPE L&#8217;OEIL\"}]},{\"@type\":\"WebSite\",\"@id\":\"https:\/\/happyhaus.fr\/#website\",\"url\":\"https:\/\/happyhaus.fr\/\",\"name\":\"\",\"description\":\"\",\"potentialAction\":[{\"@type\":\"SearchAction\",\"target\":{\"@type\":\"EntryPoint\",\"urlTemplate\":\"https:\/\/happyhaus.fr\/?s={search_term_string}\"},\"query-input\":\"required name=search_term_string\"}],\"inLanguage\":\"de\"}]}<\/script>\n<!-- \/ Yoast SEO plugin. -->","yoast_head_json":{"title":"LA ROBE TROMPE L'OEIL -","robots":{"index":"index","follow":"follow","max-snippet":"max-snippet:-1","max-image-preview":"max-image-preview:large","max-video-preview":"max-video-preview:-1"},"canonical":"https:\/\/happyhaus.fr\/de\/produkt\/la-robe-trompe-loeil-10-years\/","og_locale":"de_DE","og_type":"article","og_title":"LA ROBE TROMPE L'OEIL -","og_description":"Das TROMPE L'OEIL-Kleid hat den illusion\u00e4ren Effekt eines Hemdes, das in einen langen Rock gewickelt ist. Das Kleid bietet sch\u00f6ne Details: die zwei aufgesetzten Taschen in Form einer Blume, die N\u00e4hte in der Farbe Tabak, die einen sch\u00f6nen Kontrast mit dem Denim schaffen. Sie formt die Silhouette elegant, aber es liegt an Ihnen, sie an Ihren Stil anzupassen! Ob l\u00e4ssig oder schick, dieses Kleid passt sich Ihrem Stil im Laufe der Jahreszeiten an: offen auf einem Tanktop mit Turnschuhen im Sommer oder mit einer Jacke und Ihren Lieblingsstiefeln im Winter! Sie ist aus unserem recycelten Denim.  Die Waschung \"10 years old\" verleiht dem Kleid einen abgetragenen und rockigen Look. Wir von Happy Haus sind Fans!","og_url":"https:\/\/happyhaus.fr\/de\/produkt\/la-robe-trompe-loeil-10-years\/","article_modified_time":"2025-07-17T14:33:59+00:00","og_image":[{"width":1707,"height":2560,"url":"https:\/\/happyhaus.fr\/wp-content\/uploads\/2025\/02\/Z1-9.jpg","type":"image\/jpeg"}],"twitter_card":"summary_large_image","twitter_misc":{"Gesch\u00e4tzte Lesezeit":"1\u00a0Minute"},"schema":{"@context":"https:\/\/schema.org","@graph":[{"@type":"WebPage","@id":"https:\/\/happyhaus.fr\/de\/produkt\/la-robe-trompe-loeil-10-years\/","url":"https:\/\/happyhaus.fr\/de\/produkt\/la-robe-trompe-loeil-10-years\/","name":"LA ROBE TROMPE L'OEIL -","isPartOf":{"@id":"https:\/\/happyhaus.fr\/#website"},"primaryImageOfPage":{"@id":"https:\/\/happyhaus.fr\/de\/produkt\/la-robe-trompe-loeil-10-years\/#primaryimage"},"image":{"@id":"https:\/\/happyhaus.fr\/de\/produkt\/la-robe-trompe-loeil-10-years\/#primaryimage"},"thumbnailUrl":"https:\/\/happyhaus.fr\/wp-content\/uploads\/2025\/02\/Z1-9.jpg","datePublished":"2025-02-26T11:55:04+00:00","dateModified":"2025-07-17T14:33:59+00:00","breadcrumb":{"@id":"https:\/\/happyhaus.fr\/de\/produkt\/la-robe-trompe-loeil-10-years\/#breadcrumb"},"inLanguage":"de","potentialAction":[{"@type":"ReadAction","target":["https:\/\/happyhaus.fr\/de\/produkt\/la-robe-trompe-loeil-10-years\/"]}]},{"@type":"ImageObject","inLanguage":"de","@id":"https:\/\/happyhaus.fr\/de\/produkt\/la-robe-trompe-loeil-10-years\/#primaryimage","url":"https:\/\/happyhaus.fr\/wp-content\/uploads\/2025\/02\/Z1-9.jpg","contentUrl":"https:\/\/happyhaus.fr\/wp-content\/uploads\/2025\/02\/Z1-9.jpg","width":1707,"height":2560},{"@type":"BreadcrumbList","@id":"https:\/\/happyhaus.fr\/de\/produkt\/la-robe-trompe-loeil-10-years\/#breadcrumb","itemListElement":[{"@type":"ListItem","position":1,"name":"Accueil","item":"https:\/\/happyhaus.fr\/de\/"},{"@type":"ListItem","position":2,"name":"Priv\u00e9\u00a0: Shop","item":"https:\/\/happyhaus.fr\/?page_id=4438"},{"@type":"ListItem","position":3,"name":"LA ROBE TROMPE L&#8217;OEIL"}]},{"@type":"WebSite","@id":"https:\/\/happyhaus.fr\/#website","url":"https:\/\/happyhaus.fr\/","name":"","description":"","potentialAction":[{"@type":"SearchAction","target":{"@type":"EntryPoint","urlTemplate":"https:\/\/happyhaus.fr\/?s={search_term_string}"},"query-input":"required name=search_term_string"}],"inLanguage":"de"}]}},"_links":{"self":[{"href":"https:\/\/happyhaus.fr\/de\/wp-json\/wp\/v2\/product\/95607"}],"collection":[{"href":"https:\/\/happyhaus.fr\/de\/wp-json\/wp\/v2\/product"}],"about":[{"href":"https:\/\/happyhaus.fr\/de\/wp-json\/wp\/v2\/types\/product"}],"replies":[{"embeddable":true,"href":"https:\/\/happyhaus.fr\/de\/wp-json\/wp\/v2\/comments?post=95607"}],"wp:featuredmedia":[{"embeddable":true,"href":"https:\/\/happyhaus.fr\/de\/wp-json\/wp\/v2\/media\/95621"}],"wp:attachment":[{"href":"https:\/\/happyhaus.fr\/de\/wp-json\/wp\/v2\/media?parent=95607"}],"wp:term":[{"taxonomy":"product_cat","embeddable":true,"href":"https:\/\/happyhaus.fr\/de\/wp-json\/wp\/v2\/product_cat?post=95607"},{"taxonomy":"product_tag","embeddable":true,"href":"https:\/\/happyhaus.fr\/de\/wp-json\/wp\/v2\/product_tag?post=95607"}],"curies":[{"name":"wp","href":"https:\/\/api.w.org\/{rel}","templated":true}]}}