{"id":95479,"date":"2025-02-26T12:45:15","date_gmt":"2025-02-17T15:54:17","guid":{"rendered":"https:\/\/happyhaus.fr\/?post_type=product&#038;p=95479"},"modified":"2025-07-17T16:53:54","modified_gmt":"2025-07-17T14:53:54","slug":"la-jupe-over-bleu-d-ete","status":"publish","type":"product","link":"https:\/\/happyhaus.fr\/de\/produkt\/la-jupe-over-bleu-d-ete\/","title":{"rendered":"LA JUPE OVER"},"content":{"rendered":"<ul>\n<li class=\"p1\">Lange<\/li>\n<li class=\"p1\">Ausgestellter Schnitt<\/li>\n<li class=\"p1\">5 Taschen<\/li>\n<li class=\"p1\">Holzkn\u00f6pfe<\/li>\n<li class=\"p1\">Ton auf Ton aufn\u00e4hen<\/li>\n<li class=\"p1\">Mit Kordel ecru an der Taille<\/li>\n<li class=\"p1\">Happy Haus Pfau Ton in Ton auf der Ges\u00e4\u00dftasche bestickt<\/li>\n<li class=\"p1\">100% Detox zertifizierte Baumwolle<\/li>\n<\/ul>\n<p class=\"p1\">Herkunft des Stoffes: Italien<br \/>\nHergestellt in Tunesien<\/p>\n","protected":false},"excerpt":{"rendered":"<p>Unser neuer OVER-Rock ist feminin und zeitlos. Mit hoher Taille schmeichelt er der Silhouette. Der OVER-Rock ist lang und hat einen ausgestellten Schnitt, er bietet sch\u00f6ne Details: unser Ton-in-Ton gesticktes Pfau auf der Ges\u00e4\u00dftasche , die Holzkn\u00f6pfe, die Kordel aus ungerauhter Baumwolle an der Taille. Der OVER-Rock hat zwei Schlitze: einen auf der R\u00fcckseite und einen auf der Vorderseite, um seinen nat\u00fcrlichen Gang zu erhalten. Seine Haltung ist cool und entspannt.<\/p>\n<p>Hergestellt aus unserer detox zertifizierten Baumwolle, ist es sehr angenehm zu tragen im Fr\u00fchjahr mit unserem OVER Tunika und im Sommer mit einem Tank.<\/p>\n","protected":false},"featured_media":95545,"comment_status":"closed","ping_status":"closed","template":"","meta":{"_acf_changed":false},"product_cat":[312,231,315,328],"product_tag":[335],"acf":[],"yoast_head":"<!-- This site is optimized with the Yoast SEO plugin v22.6 - https:\/\/yoast.com\/wordpress\/plugins\/seo\/ -->\n<title>LA JUPE OVER -<\/title>\n<meta name=\"robots\" content=\"index, follow, max-snippet:-1, max-image-preview:large, max-video-preview:-1\" \/>\n<link rel=\"canonical\" href=\"https:\/\/happyhaus.fr\/de\/produkt\/la-jupe-over-bleu-d-ete\/\" \/>\n<meta property=\"og:locale\" content=\"de_DE\" \/>\n<meta property=\"og:type\" content=\"article\" \/>\n<meta property=\"og:title\" content=\"LA JUPE OVER -\" \/>\n<meta property=\"og:description\" content=\"Unser neuer OVER-Rock ist feminin und zeitlos. Mit hoher Taille schmeichelt er der Silhouette. Der OVER-Rock ist lang und hat einen ausgestellten Schnitt, er bietet sch\u00f6ne Details: unser Ton-in-Ton gesticktes Pfau auf der Ges\u00e4\u00dftasche , die Holzkn\u00f6pfe, die Kordel aus ungerauhter Baumwolle an der Taille. Der OVER-Rock hat zwei Schlitze: einen auf der R\u00fcckseite und einen auf der Vorderseite, um seinen nat\u00fcrlichen Gang zu erhalten. Seine Haltung ist cool und entspannt.  Hergestellt aus unserer detox zertifizierten Baumwolle, ist es sehr angenehm zu tragen im Fr\u00fchjahr mit unserem OVER Tunika und im Sommer mit einem Tank.\" \/>\n<meta property=\"og:url\" content=\"https:\/\/happyhaus.fr\/de\/produkt\/la-jupe-over-bleu-d-ete\/\" \/>\n<meta property=\"article:modified_time\" content=\"2025-07-17T14:53:54+00:00\" \/>\n<meta property=\"og:image\" content=\"https:\/\/happyhaus.fr\/wp-content\/uploads\/2025\/02\/Z1-7.jpg\" \/>\n\t<meta property=\"og:image:width\" content=\"1707\" \/>\n\t<meta property=\"og:image:height\" content=\"2560\" \/>\n\t<meta property=\"og:image:type\" content=\"image\/jpeg\" \/>\n<meta name=\"twitter:card\" content=\"summary_large_image\" \/>\n<meta name=\"twitter:label1\" content=\"Gesch\u00e4tzte Lesezeit\" \/>\n\t<meta name=\"twitter:data1\" content=\"1\u00a0Minute\" \/>\n<script type=\"application\/ld+json\" class=\"yoast-schema-graph\">{\"@context\":\"https:\/\/schema.org\",\"@graph\":[{\"@type\":\"WebPage\",\"@id\":\"https:\/\/happyhaus.fr\/de\/produkt\/la-jupe-over-bleu-d-ete\/\",\"url\":\"https:\/\/happyhaus.fr\/de\/produkt\/la-jupe-over-bleu-d-ete\/\",\"name\":\"LA JUPE OVER -\",\"isPartOf\":{\"@id\":\"https:\/\/happyhaus.fr\/#website\"},\"primaryImageOfPage\":{\"@id\":\"https:\/\/happyhaus.fr\/de\/produkt\/la-jupe-over-bleu-d-ete\/#primaryimage\"},\"image\":{\"@id\":\"https:\/\/happyhaus.fr\/de\/produkt\/la-jupe-over-bleu-d-ete\/#primaryimage\"},\"thumbnailUrl\":\"https:\/\/happyhaus.fr\/wp-content\/uploads\/2025\/02\/Z1-7.jpg\",\"datePublished\":\"2025-02-17T15:54:17+00:00\",\"dateModified\":\"2025-07-17T14:53:54+00:00\",\"breadcrumb\":{\"@id\":\"https:\/\/happyhaus.fr\/de\/produkt\/la-jupe-over-bleu-d-ete\/#breadcrumb\"},\"inLanguage\":\"de\",\"potentialAction\":[{\"@type\":\"ReadAction\",\"target\":[\"https:\/\/happyhaus.fr\/de\/produkt\/la-jupe-over-bleu-d-ete\/\"]}]},{\"@type\":\"ImageObject\",\"inLanguage\":\"de\",\"@id\":\"https:\/\/happyhaus.fr\/de\/produkt\/la-jupe-over-bleu-d-ete\/#primaryimage\",\"url\":\"https:\/\/happyhaus.fr\/wp-content\/uploads\/2025\/02\/Z1-7.jpg\",\"contentUrl\":\"https:\/\/happyhaus.fr\/wp-content\/uploads\/2025\/02\/Z1-7.jpg\",\"width\":1707,\"height\":2560},{\"@type\":\"BreadcrumbList\",\"@id\":\"https:\/\/happyhaus.fr\/de\/produkt\/la-jupe-over-bleu-d-ete\/#breadcrumb\",\"itemListElement\":[{\"@type\":\"ListItem\",\"position\":1,\"name\":\"Accueil\",\"item\":\"https:\/\/happyhaus.fr\/de\/\"},{\"@type\":\"ListItem\",\"position\":2,\"name\":\"Priv\u00e9\u00a0: Shop\",\"item\":\"https:\/\/happyhaus.fr\/?page_id=4438\"},{\"@type\":\"ListItem\",\"position\":3,\"name\":\"LA JUPE OVER\"}]},{\"@type\":\"WebSite\",\"@id\":\"https:\/\/happyhaus.fr\/#website\",\"url\":\"https:\/\/happyhaus.fr\/\",\"name\":\"\",\"description\":\"\",\"potentialAction\":[{\"@type\":\"SearchAction\",\"target\":{\"@type\":\"EntryPoint\",\"urlTemplate\":\"https:\/\/happyhaus.fr\/?s={search_term_string}\"},\"query-input\":\"required name=search_term_string\"}],\"inLanguage\":\"de\"}]}<\/script>\n<!-- \/ Yoast SEO plugin. -->","yoast_head_json":{"title":"LA JUPE OVER -","robots":{"index":"index","follow":"follow","max-snippet":"max-snippet:-1","max-image-preview":"max-image-preview:large","max-video-preview":"max-video-preview:-1"},"canonical":"https:\/\/happyhaus.fr\/de\/produkt\/la-jupe-over-bleu-d-ete\/","og_locale":"de_DE","og_type":"article","og_title":"LA JUPE OVER -","og_description":"Unser neuer OVER-Rock ist feminin und zeitlos. Mit hoher Taille schmeichelt er der Silhouette. Der OVER-Rock ist lang und hat einen ausgestellten Schnitt, er bietet sch\u00f6ne Details: unser Ton-in-Ton gesticktes Pfau auf der Ges\u00e4\u00dftasche , die Holzkn\u00f6pfe, die Kordel aus ungerauhter Baumwolle an der Taille. Der OVER-Rock hat zwei Schlitze: einen auf der R\u00fcckseite und einen auf der Vorderseite, um seinen nat\u00fcrlichen Gang zu erhalten. Seine Haltung ist cool und entspannt.  Hergestellt aus unserer detox zertifizierten Baumwolle, ist es sehr angenehm zu tragen im Fr\u00fchjahr mit unserem OVER Tunika und im Sommer mit einem Tank.","og_url":"https:\/\/happyhaus.fr\/de\/produkt\/la-jupe-over-bleu-d-ete\/","article_modified_time":"2025-07-17T14:53:54+00:00","og_image":[{"width":1707,"height":2560,"url":"https:\/\/happyhaus.fr\/wp-content\/uploads\/2025\/02\/Z1-7.jpg","type":"image\/jpeg"}],"twitter_card":"summary_large_image","twitter_misc":{"Gesch\u00e4tzte Lesezeit":"1\u00a0Minute"},"schema":{"@context":"https:\/\/schema.org","@graph":[{"@type":"WebPage","@id":"https:\/\/happyhaus.fr\/de\/produkt\/la-jupe-over-bleu-d-ete\/","url":"https:\/\/happyhaus.fr\/de\/produkt\/la-jupe-over-bleu-d-ete\/","name":"LA JUPE OVER -","isPartOf":{"@id":"https:\/\/happyhaus.fr\/#website"},"primaryImageOfPage":{"@id":"https:\/\/happyhaus.fr\/de\/produkt\/la-jupe-over-bleu-d-ete\/#primaryimage"},"image":{"@id":"https:\/\/happyhaus.fr\/de\/produkt\/la-jupe-over-bleu-d-ete\/#primaryimage"},"thumbnailUrl":"https:\/\/happyhaus.fr\/wp-content\/uploads\/2025\/02\/Z1-7.jpg","datePublished":"2025-02-17T15:54:17+00:00","dateModified":"2025-07-17T14:53:54+00:00","breadcrumb":{"@id":"https:\/\/happyhaus.fr\/de\/produkt\/la-jupe-over-bleu-d-ete\/#breadcrumb"},"inLanguage":"de","potentialAction":[{"@type":"ReadAction","target":["https:\/\/happyhaus.fr\/de\/produkt\/la-jupe-over-bleu-d-ete\/"]}]},{"@type":"ImageObject","inLanguage":"de","@id":"https:\/\/happyhaus.fr\/de\/produkt\/la-jupe-over-bleu-d-ete\/#primaryimage","url":"https:\/\/happyhaus.fr\/wp-content\/uploads\/2025\/02\/Z1-7.jpg","contentUrl":"https:\/\/happyhaus.fr\/wp-content\/uploads\/2025\/02\/Z1-7.jpg","width":1707,"height":2560},{"@type":"BreadcrumbList","@id":"https:\/\/happyhaus.fr\/de\/produkt\/la-jupe-over-bleu-d-ete\/#breadcrumb","itemListElement":[{"@type":"ListItem","position":1,"name":"Accueil","item":"https:\/\/happyhaus.fr\/de\/"},{"@type":"ListItem","position":2,"name":"Priv\u00e9\u00a0: Shop","item":"https:\/\/happyhaus.fr\/?page_id=4438"},{"@type":"ListItem","position":3,"name":"LA JUPE OVER"}]},{"@type":"WebSite","@id":"https:\/\/happyhaus.fr\/#website","url":"https:\/\/happyhaus.fr\/","name":"","description":"","potentialAction":[{"@type":"SearchAction","target":{"@type":"EntryPoint","urlTemplate":"https:\/\/happyhaus.fr\/?s={search_term_string}"},"query-input":"required name=search_term_string"}],"inLanguage":"de"}]}},"_links":{"self":[{"href":"https:\/\/happyhaus.fr\/de\/wp-json\/wp\/v2\/product\/95479"}],"collection":[{"href":"https:\/\/happyhaus.fr\/de\/wp-json\/wp\/v2\/product"}],"about":[{"href":"https:\/\/happyhaus.fr\/de\/wp-json\/wp\/v2\/types\/product"}],"replies":[{"embeddable":true,"href":"https:\/\/happyhaus.fr\/de\/wp-json\/wp\/v2\/comments?post=95479"}],"wp:featuredmedia":[{"embeddable":true,"href":"https:\/\/happyhaus.fr\/de\/wp-json\/wp\/v2\/media\/95545"}],"wp:attachment":[{"href":"https:\/\/happyhaus.fr\/de\/wp-json\/wp\/v2\/media?parent=95479"}],"wp:term":[{"taxonomy":"product_cat","embeddable":true,"href":"https:\/\/happyhaus.fr\/de\/wp-json\/wp\/v2\/product_cat?post=95479"},{"taxonomy":"product_tag","embeddable":true,"href":"https:\/\/happyhaus.fr\/de\/wp-json\/wp\/v2\/product_tag?post=95479"}],"curies":[{"name":"wp","href":"https:\/\/api.w.org\/{rel}","templated":true}]}}