{"id":95440,"date":"2025-12-08T14:16:30","date_gmt":"2025-02-17T15:16:32","guid":{"rendered":"https:\/\/happyhaus.fr\/?post_type=product&#038;p=95440"},"modified":"2025-11-01T15:27:01","modified_gmt":"2025-11-01T14:27:01","slug":"la-tunique-over-bleu-d-ete","status":"publish","type":"product","link":"https:\/\/happyhaus.fr\/de\/produkt\/la-tunique-over-bleu-d-ete\/","title":{"rendered":"LA TUNIQUE OVER"},"content":{"rendered":"<ul>\n<li class=\"p1\">Oversize Passform<\/li>\n<li class=\"p1\">Fallende Schultern<\/li>\n<li class=\"p1\">Langarm<\/li>\n<li class=\"p1\">Bronze Druckkn\u00f6pfe<\/li>\n<li class=\"p1\">Weiblicher Spitzkragen<\/li>\n<li>100% Baumwolle<\/li>\n<\/ul>\n<p>Herkunft des Stoffes : Italien<br \/>\nHergestellt in Tunesien<\/p>\n","protected":false},"excerpt":{"rendered":"<p>Unser OVER-Tunika ist im Vintage Minimalist Style gehalten. Mit seinem weiten Schnitt, den h\u00e4ngenden Schultern und dem breiten, spitzen Kragen. Die langen, geraden \u00c4rmel bieten Ihnen die M\u00f6glichkeit, sie auf verschiedene Arten zu tragen. Sie wird aus unserer DETOX-zertifizierten Baumwolle und in unserem Flaggschiff \u00abBleu d&#8217;\u00c9t\u00e9\u00bb, einem sehr leuchtenden Blau, hergestellt. Sie ist unglaublich bequem, weich und leicht. Die OVER Tunika passt zu vielen Looks, zum Beispiel mit unserer CHINO OVER Hose.<\/p>\n<p>Sandy, die Gr\u00fcnderin von Happy Haus, tr\u00e4gt Gr\u00f6\u00dfe 36. Sie ist 170 cm gro\u00df.<\/p>\n","protected":false},"featured_media":98797,"comment_status":"closed","ping_status":"closed","template":"","meta":{"_acf_changed":false},"product_cat":[312,231,237,315],"product_tag":[335],"acf":[],"yoast_head":"<!-- This site is optimized with the Yoast SEO plugin v22.6 - https:\/\/yoast.com\/wordpress\/plugins\/seo\/ -->\n<title>LA TUNIQUE OVER -<\/title>\n<meta name=\"robots\" content=\"index, follow, max-snippet:-1, max-image-preview:large, max-video-preview:-1\" \/>\n<link rel=\"canonical\" href=\"https:\/\/happyhaus.fr\/de\/produkt\/la-tunique-over-bleu-d-ete\/\" \/>\n<meta property=\"og:locale\" content=\"de_DE\" \/>\n<meta property=\"og:type\" content=\"article\" \/>\n<meta property=\"og:title\" content=\"LA TUNIQUE OVER -\" \/>\n<meta property=\"og:description\" content=\"Unser OVER-Tunika ist im Vintage Minimalist Style gehalten. Mit seinem weiten Schnitt, den h\u00e4ngenden Schultern und dem breiten, spitzen Kragen. Die langen, geraden \u00c4rmel bieten Ihnen die M\u00f6glichkeit, sie auf verschiedene Arten zu tragen. Sie wird aus unserer DETOX-zertifizierten Baumwolle und in unserem Flaggschiff \u00abBleu d&#039;\u00c9t\u00e9\u00bb, einem sehr leuchtenden Blau, hergestellt. Sie ist unglaublich bequem, weich und leicht. Die OVER Tunika passt zu vielen Looks, zum Beispiel mit unserer CHINO OVER Hose.  Sandy, die Gr\u00fcnderin von Happy Haus, tr\u00e4gt Gr\u00f6\u00dfe 36. Sie ist 170 cm gro\u00df.\" \/>\n<meta property=\"og:url\" content=\"https:\/\/happyhaus.fr\/de\/produkt\/la-tunique-over-bleu-d-ete\/\" \/>\n<meta property=\"article:modified_time\" content=\"2025-11-01T14:27:01+00:00\" \/>\n<meta property=\"og:image\" content=\"https:\/\/happyhaus.fr\/wp-content\/uploads\/2025\/02\/Z1-12.jpg\" \/>\n\t<meta property=\"og:image:width\" content=\"1707\" \/>\n\t<meta property=\"og:image:height\" content=\"2560\" \/>\n\t<meta property=\"og:image:type\" content=\"image\/jpeg\" \/>\n<meta name=\"twitter:card\" content=\"summary_large_image\" \/>\n<meta name=\"twitter:label1\" content=\"Gesch\u00e4tzte Lesezeit\" \/>\n\t<meta name=\"twitter:data1\" content=\"1\u00a0Minute\" \/>\n<script type=\"application\/ld+json\" class=\"yoast-schema-graph\">{\"@context\":\"https:\/\/schema.org\",\"@graph\":[{\"@type\":\"WebPage\",\"@id\":\"https:\/\/happyhaus.fr\/de\/produkt\/la-tunique-over-bleu-d-ete\/\",\"url\":\"https:\/\/happyhaus.fr\/de\/produkt\/la-tunique-over-bleu-d-ete\/\",\"name\":\"LA TUNIQUE OVER -\",\"isPartOf\":{\"@id\":\"https:\/\/happyhaus.fr\/#website\"},\"primaryImageOfPage\":{\"@id\":\"https:\/\/happyhaus.fr\/de\/produkt\/la-tunique-over-bleu-d-ete\/#primaryimage\"},\"image\":{\"@id\":\"https:\/\/happyhaus.fr\/de\/produkt\/la-tunique-over-bleu-d-ete\/#primaryimage\"},\"thumbnailUrl\":\"https:\/\/happyhaus.fr\/wp-content\/uploads\/2025\/02\/Z1-25.jpg\",\"datePublished\":\"2025-02-17T15:16:32+00:00\",\"dateModified\":\"2025-11-01T14:27:01+00:00\",\"breadcrumb\":{\"@id\":\"https:\/\/happyhaus.fr\/de\/produkt\/la-tunique-over-bleu-d-ete\/#breadcrumb\"},\"inLanguage\":\"de\",\"potentialAction\":[{\"@type\":\"ReadAction\",\"target\":[\"https:\/\/happyhaus.fr\/de\/produkt\/la-tunique-over-bleu-d-ete\/\"]}]},{\"@type\":\"ImageObject\",\"inLanguage\":\"de\",\"@id\":\"https:\/\/happyhaus.fr\/de\/produkt\/la-tunique-over-bleu-d-ete\/#primaryimage\",\"url\":\"https:\/\/happyhaus.fr\/wp-content\/uploads\/2025\/02\/Z1-25.jpg\",\"contentUrl\":\"https:\/\/happyhaus.fr\/wp-content\/uploads\/2025\/02\/Z1-25.jpg\",\"width\":1707,\"height\":2560},{\"@type\":\"BreadcrumbList\",\"@id\":\"https:\/\/happyhaus.fr\/de\/produkt\/la-tunique-over-bleu-d-ete\/#breadcrumb\",\"itemListElement\":[{\"@type\":\"ListItem\",\"position\":1,\"name\":\"Accueil\",\"item\":\"https:\/\/happyhaus.fr\/de\/\"},{\"@type\":\"ListItem\",\"position\":2,\"name\":\"Priv\u00e9\u00a0: Shop\",\"item\":\"https:\/\/happyhaus.fr\/?page_id=4438\"},{\"@type\":\"ListItem\",\"position\":3,\"name\":\"LA TUNIQUE OVER\"}]},{\"@type\":\"WebSite\",\"@id\":\"https:\/\/happyhaus.fr\/#website\",\"url\":\"https:\/\/happyhaus.fr\/\",\"name\":\"\",\"description\":\"\",\"potentialAction\":[{\"@type\":\"SearchAction\",\"target\":{\"@type\":\"EntryPoint\",\"urlTemplate\":\"https:\/\/happyhaus.fr\/?s={search_term_string}\"},\"query-input\":\"required name=search_term_string\"}],\"inLanguage\":\"de\"}]}<\/script>\n<!-- \/ Yoast SEO plugin. -->","yoast_head_json":{"title":"LA TUNIQUE OVER -","robots":{"index":"index","follow":"follow","max-snippet":"max-snippet:-1","max-image-preview":"max-image-preview:large","max-video-preview":"max-video-preview:-1"},"canonical":"https:\/\/happyhaus.fr\/de\/produkt\/la-tunique-over-bleu-d-ete\/","og_locale":"de_DE","og_type":"article","og_title":"LA TUNIQUE OVER -","og_description":"Unser OVER-Tunika ist im Vintage Minimalist Style gehalten. Mit seinem weiten Schnitt, den h\u00e4ngenden Schultern und dem breiten, spitzen Kragen. Die langen, geraden \u00c4rmel bieten Ihnen die M\u00f6glichkeit, sie auf verschiedene Arten zu tragen. Sie wird aus unserer DETOX-zertifizierten Baumwolle und in unserem Flaggschiff \u00abBleu d'\u00c9t\u00e9\u00bb, einem sehr leuchtenden Blau, hergestellt. Sie ist unglaublich bequem, weich und leicht. Die OVER Tunika passt zu vielen Looks, zum Beispiel mit unserer CHINO OVER Hose.  Sandy, die Gr\u00fcnderin von Happy Haus, tr\u00e4gt Gr\u00f6\u00dfe 36. Sie ist 170 cm gro\u00df.","og_url":"https:\/\/happyhaus.fr\/de\/produkt\/la-tunique-over-bleu-d-ete\/","article_modified_time":"2025-11-01T14:27:01+00:00","og_image":[{"width":1707,"height":2560,"url":"https:\/\/happyhaus.fr\/wp-content\/uploads\/2025\/02\/Z1-12.jpg","type":"image\/jpeg"}],"twitter_card":"summary_large_image","twitter_misc":{"Gesch\u00e4tzte Lesezeit":"1\u00a0Minute"},"schema":{"@context":"https:\/\/schema.org","@graph":[{"@type":"WebPage","@id":"https:\/\/happyhaus.fr\/de\/produkt\/la-tunique-over-bleu-d-ete\/","url":"https:\/\/happyhaus.fr\/de\/produkt\/la-tunique-over-bleu-d-ete\/","name":"LA TUNIQUE OVER -","isPartOf":{"@id":"https:\/\/happyhaus.fr\/#website"},"primaryImageOfPage":{"@id":"https:\/\/happyhaus.fr\/de\/produkt\/la-tunique-over-bleu-d-ete\/#primaryimage"},"image":{"@id":"https:\/\/happyhaus.fr\/de\/produkt\/la-tunique-over-bleu-d-ete\/#primaryimage"},"thumbnailUrl":"https:\/\/happyhaus.fr\/wp-content\/uploads\/2025\/02\/Z1-25.jpg","datePublished":"2025-02-17T15:16:32+00:00","dateModified":"2025-11-01T14:27:01+00:00","breadcrumb":{"@id":"https:\/\/happyhaus.fr\/de\/produkt\/la-tunique-over-bleu-d-ete\/#breadcrumb"},"inLanguage":"de","potentialAction":[{"@type":"ReadAction","target":["https:\/\/happyhaus.fr\/de\/produkt\/la-tunique-over-bleu-d-ete\/"]}]},{"@type":"ImageObject","inLanguage":"de","@id":"https:\/\/happyhaus.fr\/de\/produkt\/la-tunique-over-bleu-d-ete\/#primaryimage","url":"https:\/\/happyhaus.fr\/wp-content\/uploads\/2025\/02\/Z1-25.jpg","contentUrl":"https:\/\/happyhaus.fr\/wp-content\/uploads\/2025\/02\/Z1-25.jpg","width":1707,"height":2560},{"@type":"BreadcrumbList","@id":"https:\/\/happyhaus.fr\/de\/produkt\/la-tunique-over-bleu-d-ete\/#breadcrumb","itemListElement":[{"@type":"ListItem","position":1,"name":"Accueil","item":"https:\/\/happyhaus.fr\/de\/"},{"@type":"ListItem","position":2,"name":"Priv\u00e9\u00a0: Shop","item":"https:\/\/happyhaus.fr\/?page_id=4438"},{"@type":"ListItem","position":3,"name":"LA TUNIQUE OVER"}]},{"@type":"WebSite","@id":"https:\/\/happyhaus.fr\/#website","url":"https:\/\/happyhaus.fr\/","name":"","description":"","potentialAction":[{"@type":"SearchAction","target":{"@type":"EntryPoint","urlTemplate":"https:\/\/happyhaus.fr\/?s={search_term_string}"},"query-input":"required name=search_term_string"}],"inLanguage":"de"}]}},"_links":{"self":[{"href":"https:\/\/happyhaus.fr\/de\/wp-json\/wp\/v2\/product\/95440"}],"collection":[{"href":"https:\/\/happyhaus.fr\/de\/wp-json\/wp\/v2\/product"}],"about":[{"href":"https:\/\/happyhaus.fr\/de\/wp-json\/wp\/v2\/types\/product"}],"replies":[{"embeddable":true,"href":"https:\/\/happyhaus.fr\/de\/wp-json\/wp\/v2\/comments?post=95440"}],"wp:featuredmedia":[{"embeddable":true,"href":"https:\/\/happyhaus.fr\/de\/wp-json\/wp\/v2\/media\/98797"}],"wp:attachment":[{"href":"https:\/\/happyhaus.fr\/de\/wp-json\/wp\/v2\/media?parent=95440"}],"wp:term":[{"taxonomy":"product_cat","embeddable":true,"href":"https:\/\/happyhaus.fr\/de\/wp-json\/wp\/v2\/product_cat?post=95440"},{"taxonomy":"product_tag","embeddable":true,"href":"https:\/\/happyhaus.fr\/de\/wp-json\/wp\/v2\/product_tag?post=95440"}],"curies":[{"name":"wp","href":"https:\/\/api.w.org\/{rel}","templated":true}]}}