{"id":95377,"date":"2025-02-26T12:40:34","date_gmt":"2025-02-17T14:30:36","guid":{"rendered":"https:\/\/happyhaus.fr\/?post_type=product&#038;p=95377"},"modified":"2025-07-17T16:03:02","modified_gmt":"2025-07-17T14:03:02","slug":"le-pantalon-baggy-bleu-d-ete","status":"publish","type":"product","link":"https:\/\/happyhaus.fr\/de\/produkt\/le-pantalon-baggy-bleu-d-ete\/","title":{"rendered":"Le Pantalon BAGGY"},"content":{"rendered":"<ul>\n<li>Boyfriend Loose Cut<\/li>\n<li>Regular Size<\/li>\n<li>Normale Gabel<\/li>\n<li>5 Taschen<\/li>\n<li>R\u00fcckentaschen in Form von Blumen<\/li>\n<li>Frontaler Knopf aus Holz und Rei\u00dfverschluss<\/li>\n<li>Die Happy Haus Signatur mit Tabakstickerei auf der R\u00fcckseite<\/li>\n<li>Tabakn\u00e4hte<\/li>\n<li>Waschen \u201c Vintage Sommerblau \u00bb<\/li>\n<li>80% Baumwolle 20% Recycling-Baumwolle<\/li>\n<\/ul>\n<p>Herkunft des Stoffes: Italien<br \/>\nHergestellt in Tunesien<\/p>\n<p>&nbsp;<\/p>\n","protected":false},"excerpt":{"rendered":"<p>Unsere neue BAGGY Hose hat einen \u201c boyfriend loose\u201d Schnitt. Die BAGGY hat eine Regular Size. Die Hose hat sch\u00f6ne Details: den Holzknopf vorne, die beiden Ges\u00e4\u00dftaschen in Blumenform. Die N\u00e4hte in einem Tabakgarn bilden einen sch\u00f6nen Kontrast zu unserer neuen Waschung \u00abBleu d&#8217;\u00c9t\u00e9 Vintage\u00bb, einer Variante unserer Flaggschiff-Waschung \u00abBleu d&#8217;\u00c9t\u00e9\u00bb mit st\u00e4rkerer Behandlung, was ihr einen \u00abVintage\u00bb-Look verleiht, diese Waschung ist sehr hell. Es ist aus unserem recycelten Denim gefertigt.<\/p>\n<p>Sandy, die Gr\u00fcnderin von HAPPY HAUS tr\u00e4gt eine Gr\u00f6\u00dfe 36 und misst 170 cm.<\/p>\n","protected":false},"featured_media":95395,"comment_status":"open","ping_status":"closed","template":"","meta":{"_acf_changed":false},"product_cat":[312,231,236,315],"product_tag":[],"acf":[],"yoast_head":"<!-- This site is optimized with the Yoast SEO plugin v22.6 - https:\/\/yoast.com\/wordpress\/plugins\/seo\/ -->\n<title>Le Pantalon BAGGY -<\/title>\n<meta name=\"robots\" content=\"index, follow, max-snippet:-1, max-image-preview:large, max-video-preview:-1\" \/>\n<link rel=\"canonical\" href=\"https:\/\/happyhaus.fr\/de\/produkt\/le-pantalon-baggy-bleu-d-ete\/\" \/>\n<meta property=\"og:locale\" content=\"de_DE\" \/>\n<meta property=\"og:type\" content=\"article\" \/>\n<meta property=\"og:title\" content=\"Le Pantalon BAGGY -\" \/>\n<meta property=\"og:description\" content=\"Unsere neue BAGGY Hose hat einen \u201c boyfriend loose\u201d Schnitt. Die BAGGY hat eine Regular Size. Die Hose hat sch\u00f6ne Details: den Holzknopf vorne, die beiden Ges\u00e4\u00dftaschen in Blumenform. Die N\u00e4hte in einem Tabakgarn bilden einen sch\u00f6nen Kontrast zu unserer neuen Waschung \u00abBleu d&#039;\u00c9t\u00e9 Vintage\u00bb, einer Variante unserer Flaggschiff-Waschung \u00abBleu d&#039;\u00c9t\u00e9\u00bb mit st\u00e4rkerer Behandlung, was ihr einen \u00abVintage\u00bb-Look verleiht, diese Waschung ist sehr hell. Es ist aus unserem recycelten Denim gefertigt.  Sandy, die Gr\u00fcnderin von HAPPY HAUS tr\u00e4gt eine Gr\u00f6\u00dfe 36 und misst 170 cm.\" \/>\n<meta property=\"og:url\" content=\"https:\/\/happyhaus.fr\/de\/produkt\/le-pantalon-baggy-bleu-d-ete\/\" \/>\n<meta property=\"article:modified_time\" content=\"2025-07-17T14:03:02+00:00\" \/>\n<meta property=\"og:image\" content=\"https:\/\/happyhaus.fr\/wp-content\/uploads\/2025\/02\/Z1-1.jpg\" \/>\n\t<meta property=\"og:image:width\" content=\"1707\" \/>\n\t<meta property=\"og:image:height\" content=\"2560\" \/>\n\t<meta property=\"og:image:type\" content=\"image\/jpeg\" \/>\n<meta name=\"twitter:card\" content=\"summary_large_image\" \/>\n<meta name=\"twitter:label1\" content=\"Gesch\u00e4tzte Lesezeit\" \/>\n\t<meta name=\"twitter:data1\" content=\"1\u00a0Minute\" \/>\n<script type=\"application\/ld+json\" class=\"yoast-schema-graph\">{\"@context\":\"https:\/\/schema.org\",\"@graph\":[{\"@type\":\"WebPage\",\"@id\":\"https:\/\/happyhaus.fr\/de\/produkt\/le-pantalon-baggy-bleu-d-ete\/\",\"url\":\"https:\/\/happyhaus.fr\/de\/produkt\/le-pantalon-baggy-bleu-d-ete\/\",\"name\":\"Le Pantalon BAGGY -\",\"isPartOf\":{\"@id\":\"https:\/\/happyhaus.fr\/#website\"},\"primaryImageOfPage\":{\"@id\":\"https:\/\/happyhaus.fr\/de\/produkt\/le-pantalon-baggy-bleu-d-ete\/#primaryimage\"},\"image\":{\"@id\":\"https:\/\/happyhaus.fr\/de\/produkt\/le-pantalon-baggy-bleu-d-ete\/#primaryimage\"},\"thumbnailUrl\":\"https:\/\/happyhaus.fr\/wp-content\/uploads\/2025\/02\/Z1-1.jpg\",\"datePublished\":\"2025-02-17T14:30:36+00:00\",\"dateModified\":\"2025-07-17T14:03:02+00:00\",\"breadcrumb\":{\"@id\":\"https:\/\/happyhaus.fr\/de\/produkt\/le-pantalon-baggy-bleu-d-ete\/#breadcrumb\"},\"inLanguage\":\"de\",\"potentialAction\":[{\"@type\":\"ReadAction\",\"target\":[\"https:\/\/happyhaus.fr\/de\/produkt\/le-pantalon-baggy-bleu-d-ete\/\"]}]},{\"@type\":\"ImageObject\",\"inLanguage\":\"de\",\"@id\":\"https:\/\/happyhaus.fr\/de\/produkt\/le-pantalon-baggy-bleu-d-ete\/#primaryimage\",\"url\":\"https:\/\/happyhaus.fr\/wp-content\/uploads\/2025\/02\/Z1-1.jpg\",\"contentUrl\":\"https:\/\/happyhaus.fr\/wp-content\/uploads\/2025\/02\/Z1-1.jpg\",\"width\":1707,\"height\":2560},{\"@type\":\"BreadcrumbList\",\"@id\":\"https:\/\/happyhaus.fr\/de\/produkt\/le-pantalon-baggy-bleu-d-ete\/#breadcrumb\",\"itemListElement\":[{\"@type\":\"ListItem\",\"position\":1,\"name\":\"Accueil\",\"item\":\"https:\/\/happyhaus.fr\/de\/\"},{\"@type\":\"ListItem\",\"position\":2,\"name\":\"Priv\u00e9\u00a0: Shop\",\"item\":\"https:\/\/happyhaus.fr\/?page_id=4438\"},{\"@type\":\"ListItem\",\"position\":3,\"name\":\"Le Pantalon BAGGY\"}]},{\"@type\":\"WebSite\",\"@id\":\"https:\/\/happyhaus.fr\/#website\",\"url\":\"https:\/\/happyhaus.fr\/\",\"name\":\"\",\"description\":\"\",\"potentialAction\":[{\"@type\":\"SearchAction\",\"target\":{\"@type\":\"EntryPoint\",\"urlTemplate\":\"https:\/\/happyhaus.fr\/?s={search_term_string}\"},\"query-input\":\"required name=search_term_string\"}],\"inLanguage\":\"de\"}]}<\/script>\n<!-- \/ Yoast SEO plugin. -->","yoast_head_json":{"title":"Le Pantalon BAGGY -","robots":{"index":"index","follow":"follow","max-snippet":"max-snippet:-1","max-image-preview":"max-image-preview:large","max-video-preview":"max-video-preview:-1"},"canonical":"https:\/\/happyhaus.fr\/de\/produkt\/le-pantalon-baggy-bleu-d-ete\/","og_locale":"de_DE","og_type":"article","og_title":"Le Pantalon BAGGY -","og_description":"Unsere neue BAGGY Hose hat einen \u201c boyfriend loose\u201d Schnitt. Die BAGGY hat eine Regular Size. Die Hose hat sch\u00f6ne Details: den Holzknopf vorne, die beiden Ges\u00e4\u00dftaschen in Blumenform. Die N\u00e4hte in einem Tabakgarn bilden einen sch\u00f6nen Kontrast zu unserer neuen Waschung \u00abBleu d'\u00c9t\u00e9 Vintage\u00bb, einer Variante unserer Flaggschiff-Waschung \u00abBleu d'\u00c9t\u00e9\u00bb mit st\u00e4rkerer Behandlung, was ihr einen \u00abVintage\u00bb-Look verleiht, diese Waschung ist sehr hell. Es ist aus unserem recycelten Denim gefertigt.  Sandy, die Gr\u00fcnderin von HAPPY HAUS tr\u00e4gt eine Gr\u00f6\u00dfe 36 und misst 170 cm.","og_url":"https:\/\/happyhaus.fr\/de\/produkt\/le-pantalon-baggy-bleu-d-ete\/","article_modified_time":"2025-07-17T14:03:02+00:00","og_image":[{"width":1707,"height":2560,"url":"https:\/\/happyhaus.fr\/wp-content\/uploads\/2025\/02\/Z1-1.jpg","type":"image\/jpeg"}],"twitter_card":"summary_large_image","twitter_misc":{"Gesch\u00e4tzte Lesezeit":"1\u00a0Minute"},"schema":{"@context":"https:\/\/schema.org","@graph":[{"@type":"WebPage","@id":"https:\/\/happyhaus.fr\/de\/produkt\/le-pantalon-baggy-bleu-d-ete\/","url":"https:\/\/happyhaus.fr\/de\/produkt\/le-pantalon-baggy-bleu-d-ete\/","name":"Le Pantalon BAGGY -","isPartOf":{"@id":"https:\/\/happyhaus.fr\/#website"},"primaryImageOfPage":{"@id":"https:\/\/happyhaus.fr\/de\/produkt\/le-pantalon-baggy-bleu-d-ete\/#primaryimage"},"image":{"@id":"https:\/\/happyhaus.fr\/de\/produkt\/le-pantalon-baggy-bleu-d-ete\/#primaryimage"},"thumbnailUrl":"https:\/\/happyhaus.fr\/wp-content\/uploads\/2025\/02\/Z1-1.jpg","datePublished":"2025-02-17T14:30:36+00:00","dateModified":"2025-07-17T14:03:02+00:00","breadcrumb":{"@id":"https:\/\/happyhaus.fr\/de\/produkt\/le-pantalon-baggy-bleu-d-ete\/#breadcrumb"},"inLanguage":"de","potentialAction":[{"@type":"ReadAction","target":["https:\/\/happyhaus.fr\/de\/produkt\/le-pantalon-baggy-bleu-d-ete\/"]}]},{"@type":"ImageObject","inLanguage":"de","@id":"https:\/\/happyhaus.fr\/de\/produkt\/le-pantalon-baggy-bleu-d-ete\/#primaryimage","url":"https:\/\/happyhaus.fr\/wp-content\/uploads\/2025\/02\/Z1-1.jpg","contentUrl":"https:\/\/happyhaus.fr\/wp-content\/uploads\/2025\/02\/Z1-1.jpg","width":1707,"height":2560},{"@type":"BreadcrumbList","@id":"https:\/\/happyhaus.fr\/de\/produkt\/le-pantalon-baggy-bleu-d-ete\/#breadcrumb","itemListElement":[{"@type":"ListItem","position":1,"name":"Accueil","item":"https:\/\/happyhaus.fr\/de\/"},{"@type":"ListItem","position":2,"name":"Priv\u00e9\u00a0: Shop","item":"https:\/\/happyhaus.fr\/?page_id=4438"},{"@type":"ListItem","position":3,"name":"Le Pantalon BAGGY"}]},{"@type":"WebSite","@id":"https:\/\/happyhaus.fr\/#website","url":"https:\/\/happyhaus.fr\/","name":"","description":"","potentialAction":[{"@type":"SearchAction","target":{"@type":"EntryPoint","urlTemplate":"https:\/\/happyhaus.fr\/?s={search_term_string}"},"query-input":"required name=search_term_string"}],"inLanguage":"de"}]}},"_links":{"self":[{"href":"https:\/\/happyhaus.fr\/de\/wp-json\/wp\/v2\/product\/95377"}],"collection":[{"href":"https:\/\/happyhaus.fr\/de\/wp-json\/wp\/v2\/product"}],"about":[{"href":"https:\/\/happyhaus.fr\/de\/wp-json\/wp\/v2\/types\/product"}],"replies":[{"embeddable":true,"href":"https:\/\/happyhaus.fr\/de\/wp-json\/wp\/v2\/comments?post=95377"}],"wp:featuredmedia":[{"embeddable":true,"href":"https:\/\/happyhaus.fr\/de\/wp-json\/wp\/v2\/media\/95395"}],"wp:attachment":[{"href":"https:\/\/happyhaus.fr\/de\/wp-json\/wp\/v2\/media?parent=95377"}],"wp:term":[{"taxonomy":"product_cat","embeddable":true,"href":"https:\/\/happyhaus.fr\/de\/wp-json\/wp\/v2\/product_cat?post=95377"},{"taxonomy":"product_tag","embeddable":true,"href":"https:\/\/happyhaus.fr\/de\/wp-json\/wp\/v2\/product_tag?post=95377"}],"curies":[{"name":"wp","href":"https:\/\/api.w.org\/{rel}","templated":true}]}}