{"id":94892,"date":"2026-03-18T13:59:43","date_gmt":"2025-02-03T13:44:45","guid":{"rendered":"https:\/\/happyhaus.fr\/?post_type=product&#038;p=94892"},"modified":"2026-03-24T14:27:15","modified_gmt":"2026-03-24T13:27:15","slug":"le-pantalon-peacock-10-years","status":"publish","type":"product","link":"https:\/\/happyhaus.fr\/de\/produkt\/le-pantalon-peacock-10-years\/","title":{"rendered":"Le Pantalon PEACOCK"},"content":{"rendered":"<ul>\n<li>Hohe Taille<\/li>\n<li>Holzkn\u00f6pfe und Rei\u00dfverschluss<\/li>\n<li>Breiter, gerader Schnitt<\/li>\n<li>Eng anliegende Taille<\/li>\n<li>Ges\u00e4\u00dftaschen mit Stickerei<\/li>\n<li>Bestickter Pfau auf dem G\u00fcrtel<\/li>\n<li>80% Baumwolle und 20% recycelte Baumwolle<\/li>\n<\/ul>\n<p>Herkunft des Stoffes: Italien<br \/>\nHergestellt in Tunesien<\/p>\n<p>&nbsp;<\/p>\n","protected":false},"excerpt":{"rendered":"<p>&nbsp;<\/p>\n<p>Unsere neue PEACOCK Hose ist feminin, elegant und zeitlos. Mit hoher Taille schmeichelt sie der Silhouette. Die PEACOCK Hose hat einen breiten, geraden Schnitt und bietet sch\u00f6ne Details: unser bestickter Pfau am hinteren Bund , zwei aufgesetzte Taschen mit doppelten Steppn\u00e4hten hinten. Die Hose kann in der Taille oder mehr &#8220;oversize Deguaine&#8221; f\u00fcr eine coolere und entspannte Haltung getragen werden.<\/p>\n<p>Die Waschung &#8220;10 years dirty used&#8221; verleiht der Hose einen rockigen Used-Look. Wir von Happy Haus lieben sie.<\/p>\n<p>Er trug eine bequeme Taille.<\/p>\n<p>&nbsp;<\/p>\n","protected":false},"featured_media":97742,"comment_status":"open","ping_status":"closed","template":"","meta":{"_acf_changed":false},"product_cat":[312,231,236,315],"product_tag":[],"acf":[],"yoast_head":"<!-- This site is optimized with the Yoast SEO plugin v22.6 - https:\/\/yoast.com\/wordpress\/plugins\/seo\/ -->\n<title>Le Pantalon PEACOCK -<\/title>\n<meta name=\"robots\" content=\"index, follow, max-snippet:-1, max-image-preview:large, max-video-preview:-1\" \/>\n<link rel=\"canonical\" href=\"https:\/\/happyhaus.fr\/de\/produkt\/le-pantalon-peacock-10-years\/\" \/>\n<meta property=\"og:locale\" content=\"de_DE\" \/>\n<meta property=\"og:type\" content=\"article\" \/>\n<meta property=\"og:title\" content=\"Le Pantalon PEACOCK -\" \/>\n<meta property=\"og:description\" content=\"&nbsp;  Unsere neue PEACOCK Hose ist feminin, elegant und zeitlos. Mit hoher Taille schmeichelt sie der Silhouette. Die PEACOCK Hose hat einen breiten, geraden Schnitt und bietet sch\u00f6ne Details: unser bestickter Pfau am hinteren Bund , zwei aufgesetzte Taschen mit doppelten Steppn\u00e4hten hinten. Die Hose kann in der Taille oder mehr &quot;oversize Deguaine&quot; f\u00fcr eine coolere und entspannte Haltung getragen werden.  Die Waschung &quot;10 years dirty used&quot; verleiht der Hose einen rockigen Used-Look. Wir von Happy Haus lieben sie.  Er trug eine bequeme Taille.  &nbsp;\" \/>\n<meta property=\"og:url\" content=\"https:\/\/happyhaus.fr\/de\/produkt\/le-pantalon-peacock-10-years\/\" \/>\n<meta property=\"article:modified_time\" content=\"2026-03-24T13:27:15+00:00\" \/>\n<meta property=\"og:image\" content=\"https:\/\/happyhaus.fr\/wp-content\/uploads\/2025\/02\/Z1-22.jpg\" \/>\n\t<meta property=\"og:image:width\" content=\"1707\" \/>\n\t<meta property=\"og:image:height\" content=\"2560\" \/>\n\t<meta property=\"og:image:type\" content=\"image\/jpeg\" \/>\n<meta name=\"twitter:card\" content=\"summary_large_image\" \/>\n<meta name=\"twitter:label1\" content=\"Gesch\u00e4tzte Lesezeit\" \/>\n\t<meta name=\"twitter:data1\" content=\"1\u00a0Minute\" \/>\n<script type=\"application\/ld+json\" class=\"yoast-schema-graph\">{\"@context\":\"https:\/\/schema.org\",\"@graph\":[{\"@type\":\"WebPage\",\"@id\":\"https:\/\/happyhaus.fr\/de\/produkt\/le-pantalon-peacock-10-years\/\",\"url\":\"https:\/\/happyhaus.fr\/de\/produkt\/le-pantalon-peacock-10-years\/\",\"name\":\"Le Pantalon PEACOCK -\",\"isPartOf\":{\"@id\":\"https:\/\/happyhaus.fr\/#website\"},\"primaryImageOfPage\":{\"@id\":\"https:\/\/happyhaus.fr\/de\/produkt\/le-pantalon-peacock-10-years\/#primaryimage\"},\"image\":{\"@id\":\"https:\/\/happyhaus.fr\/de\/produkt\/le-pantalon-peacock-10-years\/#primaryimage\"},\"thumbnailUrl\":\"https:\/\/happyhaus.fr\/wp-content\/uploads\/2025\/02\/Z1-22.jpg\",\"datePublished\":\"2025-02-03T13:44:45+00:00\",\"dateModified\":\"2026-03-24T13:27:15+00:00\",\"breadcrumb\":{\"@id\":\"https:\/\/happyhaus.fr\/de\/produkt\/le-pantalon-peacock-10-years\/#breadcrumb\"},\"inLanguage\":\"de\",\"potentialAction\":[{\"@type\":\"ReadAction\",\"target\":[\"https:\/\/happyhaus.fr\/de\/produkt\/le-pantalon-peacock-10-years\/\"]}]},{\"@type\":\"ImageObject\",\"inLanguage\":\"de\",\"@id\":\"https:\/\/happyhaus.fr\/de\/produkt\/le-pantalon-peacock-10-years\/#primaryimage\",\"url\":\"https:\/\/happyhaus.fr\/wp-content\/uploads\/2025\/02\/Z1-22.jpg\",\"contentUrl\":\"https:\/\/happyhaus.fr\/wp-content\/uploads\/2025\/02\/Z1-22.jpg\",\"width\":1707,\"height\":2560},{\"@type\":\"BreadcrumbList\",\"@id\":\"https:\/\/happyhaus.fr\/de\/produkt\/le-pantalon-peacock-10-years\/#breadcrumb\",\"itemListElement\":[{\"@type\":\"ListItem\",\"position\":1,\"name\":\"Accueil\",\"item\":\"https:\/\/happyhaus.fr\/de\/\"},{\"@type\":\"ListItem\",\"position\":2,\"name\":\"Priv\u00e9\u00a0: Shop\",\"item\":\"https:\/\/happyhaus.fr\/?page_id=4438\"},{\"@type\":\"ListItem\",\"position\":3,\"name\":\"Le Pantalon PEACOCK\"}]},{\"@type\":\"WebSite\",\"@id\":\"https:\/\/happyhaus.fr\/#website\",\"url\":\"https:\/\/happyhaus.fr\/\",\"name\":\"\",\"description\":\"\",\"potentialAction\":[{\"@type\":\"SearchAction\",\"target\":{\"@type\":\"EntryPoint\",\"urlTemplate\":\"https:\/\/happyhaus.fr\/?s={search_term_string}\"},\"query-input\":\"required name=search_term_string\"}],\"inLanguage\":\"de\"}]}<\/script>\n<!-- \/ Yoast SEO plugin. -->","yoast_head_json":{"title":"Le Pantalon PEACOCK -","robots":{"index":"index","follow":"follow","max-snippet":"max-snippet:-1","max-image-preview":"max-image-preview:large","max-video-preview":"max-video-preview:-1"},"canonical":"https:\/\/happyhaus.fr\/de\/produkt\/le-pantalon-peacock-10-years\/","og_locale":"de_DE","og_type":"article","og_title":"Le Pantalon PEACOCK -","og_description":"&nbsp;  Unsere neue PEACOCK Hose ist feminin, elegant und zeitlos. Mit hoher Taille schmeichelt sie der Silhouette. Die PEACOCK Hose hat einen breiten, geraden Schnitt und bietet sch\u00f6ne Details: unser bestickter Pfau am hinteren Bund , zwei aufgesetzte Taschen mit doppelten Steppn\u00e4hten hinten. Die Hose kann in der Taille oder mehr \"oversize Deguaine\" f\u00fcr eine coolere und entspannte Haltung getragen werden.  Die Waschung \"10 years dirty used\" verleiht der Hose einen rockigen Used-Look. Wir von Happy Haus lieben sie.  Er trug eine bequeme Taille.  &nbsp;","og_url":"https:\/\/happyhaus.fr\/de\/produkt\/le-pantalon-peacock-10-years\/","article_modified_time":"2026-03-24T13:27:15+00:00","og_image":[{"width":1707,"height":2560,"url":"https:\/\/happyhaus.fr\/wp-content\/uploads\/2025\/02\/Z1-22.jpg","type":"image\/jpeg"}],"twitter_card":"summary_large_image","twitter_misc":{"Gesch\u00e4tzte Lesezeit":"1\u00a0Minute"},"schema":{"@context":"https:\/\/schema.org","@graph":[{"@type":"WebPage","@id":"https:\/\/happyhaus.fr\/de\/produkt\/le-pantalon-peacock-10-years\/","url":"https:\/\/happyhaus.fr\/de\/produkt\/le-pantalon-peacock-10-years\/","name":"Le Pantalon PEACOCK -","isPartOf":{"@id":"https:\/\/happyhaus.fr\/#website"},"primaryImageOfPage":{"@id":"https:\/\/happyhaus.fr\/de\/produkt\/le-pantalon-peacock-10-years\/#primaryimage"},"image":{"@id":"https:\/\/happyhaus.fr\/de\/produkt\/le-pantalon-peacock-10-years\/#primaryimage"},"thumbnailUrl":"https:\/\/happyhaus.fr\/wp-content\/uploads\/2025\/02\/Z1-22.jpg","datePublished":"2025-02-03T13:44:45+00:00","dateModified":"2026-03-24T13:27:15+00:00","breadcrumb":{"@id":"https:\/\/happyhaus.fr\/de\/produkt\/le-pantalon-peacock-10-years\/#breadcrumb"},"inLanguage":"de","potentialAction":[{"@type":"ReadAction","target":["https:\/\/happyhaus.fr\/de\/produkt\/le-pantalon-peacock-10-years\/"]}]},{"@type":"ImageObject","inLanguage":"de","@id":"https:\/\/happyhaus.fr\/de\/produkt\/le-pantalon-peacock-10-years\/#primaryimage","url":"https:\/\/happyhaus.fr\/wp-content\/uploads\/2025\/02\/Z1-22.jpg","contentUrl":"https:\/\/happyhaus.fr\/wp-content\/uploads\/2025\/02\/Z1-22.jpg","width":1707,"height":2560},{"@type":"BreadcrumbList","@id":"https:\/\/happyhaus.fr\/de\/produkt\/le-pantalon-peacock-10-years\/#breadcrumb","itemListElement":[{"@type":"ListItem","position":1,"name":"Accueil","item":"https:\/\/happyhaus.fr\/de\/"},{"@type":"ListItem","position":2,"name":"Priv\u00e9\u00a0: Shop","item":"https:\/\/happyhaus.fr\/?page_id=4438"},{"@type":"ListItem","position":3,"name":"Le Pantalon PEACOCK"}]},{"@type":"WebSite","@id":"https:\/\/happyhaus.fr\/#website","url":"https:\/\/happyhaus.fr\/","name":"","description":"","potentialAction":[{"@type":"SearchAction","target":{"@type":"EntryPoint","urlTemplate":"https:\/\/happyhaus.fr\/?s={search_term_string}"},"query-input":"required name=search_term_string"}],"inLanguage":"de"}]}},"_links":{"self":[{"href":"https:\/\/happyhaus.fr\/de\/wp-json\/wp\/v2\/product\/94892"}],"collection":[{"href":"https:\/\/happyhaus.fr\/de\/wp-json\/wp\/v2\/product"}],"about":[{"href":"https:\/\/happyhaus.fr\/de\/wp-json\/wp\/v2\/types\/product"}],"replies":[{"embeddable":true,"href":"https:\/\/happyhaus.fr\/de\/wp-json\/wp\/v2\/comments?post=94892"}],"wp:featuredmedia":[{"embeddable":true,"href":"https:\/\/happyhaus.fr\/de\/wp-json\/wp\/v2\/media\/97742"}],"wp:attachment":[{"href":"https:\/\/happyhaus.fr\/de\/wp-json\/wp\/v2\/media?parent=94892"}],"wp:term":[{"taxonomy":"product_cat","embeddable":true,"href":"https:\/\/happyhaus.fr\/de\/wp-json\/wp\/v2\/product_cat?post=94892"},{"taxonomy":"product_tag","embeddable":true,"href":"https:\/\/happyhaus.fr\/de\/wp-json\/wp\/v2\/product_tag?post=94892"}],"curies":[{"name":"wp","href":"https:\/\/api.w.org\/{rel}","templated":true}]}}