{"id":94684,"date":"2024-12-19T12:33:13","date_gmt":"2024-12-19T11:33:15","guid":{"rendered":"https:\/\/happyhaus.fr\/?post_type=product&#038;p=94684"},"modified":"2026-02-11T17:11:40","modified_gmt":"2026-02-11T16:11:40","slug":"le-pantalon-unisex-schwarz","status":"publish","type":"product","link":"https:\/\/happyhaus.fr\/de\/produkt\/le-pantalon-unisex-schwarz\/","title":{"rendered":"Le pantalon UNISEX"},"content":{"rendered":"<ul>\n<li>Slim Coupe<\/li>\n<li>5 Taschen<\/li>\n<li>Holzkn\u00f6pfe auf der Vorderseite<\/li>\n<li>Ton-in-Ton H Aufstich von HAPPY HAUS auf der Ges\u00e4\u00dftasche<\/li>\n<li>Jacron aus Papier mit HAPPY HAUS-Logo<\/li>\n<li>100% Baumwolle<\/li>\n<\/ul>\n<p>Stoff aus Italien<br \/>\nHergestellt in Tunesien<\/p>\n","protected":false},"excerpt":{"rendered":"<p>Unsere UNISEX-Hose ist ein Basic der Garderobe. Es ist eine schlanke Passform mit gleichm\u00e4\u00dfiger L\u00e4nge, hat sehr sch\u00f6ne Details wie die Holzkn\u00f6pfe f\u00fcr den vorderen Verschluss, auf der R\u00fcckseite ist eine der Taschen mit dem H von HAPPY HAUS aufgestickt. Unser Papier-Jacron ist mit dem Pfauenlogo, dem Symbol unserer Marke, graviert.<\/p>\n<p>Diese Jeans kann sowohl von M\u00e4nnern als auch von Frauen getragen werden. Sie k\u00f6nnen sie sogar mit einem Partner teilen!<\/p>\n<p>Sandy, die Gr\u00fcnderin von HAPPY HAUS tr\u00e4gt Gr\u00f6\u00dfe 36. Sie ist 170 cm gro\u00df.<\/p>\n<p>&nbsp;<\/p>\n","protected":false},"featured_media":94709,"comment_status":"closed","ping_status":"closed","template":"","meta":{"_acf_changed":false},"product_cat":[312,231,236,315],"product_tag":[335],"acf":[],"yoast_head":"<!-- This site is optimized with the Yoast SEO plugin v22.6 - https:\/\/yoast.com\/wordpress\/plugins\/seo\/ -->\n<title>Le pantalon UNISEX -<\/title>\n<meta name=\"robots\" content=\"index, follow, max-snippet:-1, max-image-preview:large, max-video-preview:-1\" \/>\n<link rel=\"canonical\" href=\"https:\/\/happyhaus.fr\/de\/produkt\/le-pantalon-unisex-schwarz\/\" \/>\n<meta property=\"og:locale\" content=\"de_DE\" \/>\n<meta property=\"og:type\" content=\"article\" \/>\n<meta property=\"og:title\" content=\"Le pantalon UNISEX -\" \/>\n<meta property=\"og:description\" content=\"Unsere UNISEX-Hose ist ein Basic der Garderobe. Es ist eine schlanke Passform mit gleichm\u00e4\u00dfiger L\u00e4nge, hat sehr sch\u00f6ne Details wie die Holzkn\u00f6pfe f\u00fcr den vorderen Verschluss, auf der R\u00fcckseite ist eine der Taschen mit dem H von HAPPY HAUS aufgestickt. Unser Papier-Jacron ist mit dem Pfauenlogo, dem Symbol unserer Marke, graviert.  Diese Jeans kann sowohl von M\u00e4nnern als auch von Frauen getragen werden. Sie k\u00f6nnen sie sogar mit einem Partner teilen!  Sandy, die Gr\u00fcnderin von HAPPY HAUS tr\u00e4gt Gr\u00f6\u00dfe 36. Sie ist 170 cm gro\u00df.  &nbsp;\" \/>\n<meta property=\"og:url\" content=\"https:\/\/happyhaus.fr\/de\/produkt\/le-pantalon-unisex-schwarz\/\" \/>\n<meta property=\"article:modified_time\" content=\"2026-02-11T16:11:40+00:00\" \/>\n<meta property=\"og:image\" content=\"https:\/\/happyhaus.fr\/wp-content\/uploads\/2024\/12\/UNISEX-NOIR1.jpg\" \/>\n\t<meta property=\"og:image:width\" content=\"1707\" \/>\n\t<meta property=\"og:image:height\" content=\"2560\" \/>\n\t<meta property=\"og:image:type\" content=\"image\/jpeg\" \/>\n<meta name=\"twitter:card\" content=\"summary_large_image\" \/>\n<meta name=\"twitter:label1\" content=\"Gesch\u00e4tzte Lesezeit\" \/>\n\t<meta name=\"twitter:data1\" content=\"1\u00a0Minute\" \/>\n<script type=\"application\/ld+json\" class=\"yoast-schema-graph\">{\"@context\":\"https:\/\/schema.org\",\"@graph\":[{\"@type\":\"WebPage\",\"@id\":\"https:\/\/happyhaus.fr\/de\/produkt\/le-pantalon-unisex-schwarz\/\",\"url\":\"https:\/\/happyhaus.fr\/de\/produkt\/le-pantalon-unisex-schwarz\/\",\"name\":\"Le pantalon UNISEX -\",\"isPartOf\":{\"@id\":\"https:\/\/happyhaus.fr\/#website\"},\"primaryImageOfPage\":{\"@id\":\"https:\/\/happyhaus.fr\/de\/produkt\/le-pantalon-unisex-schwarz\/#primaryimage\"},\"image\":{\"@id\":\"https:\/\/happyhaus.fr\/de\/produkt\/le-pantalon-unisex-schwarz\/#primaryimage\"},\"thumbnailUrl\":\"https:\/\/happyhaus.fr\/wp-content\/uploads\/2024\/12\/UNISEX-NOIR1.jpg\",\"datePublished\":\"2024-12-19T11:33:15+00:00\",\"dateModified\":\"2026-02-11T16:11:40+00:00\",\"breadcrumb\":{\"@id\":\"https:\/\/happyhaus.fr\/de\/produkt\/le-pantalon-unisex-schwarz\/#breadcrumb\"},\"inLanguage\":\"de\",\"potentialAction\":[{\"@type\":\"ReadAction\",\"target\":[\"https:\/\/happyhaus.fr\/de\/produkt\/le-pantalon-unisex-schwarz\/\"]}]},{\"@type\":\"ImageObject\",\"inLanguage\":\"de\",\"@id\":\"https:\/\/happyhaus.fr\/de\/produkt\/le-pantalon-unisex-schwarz\/#primaryimage\",\"url\":\"https:\/\/happyhaus.fr\/wp-content\/uploads\/2024\/12\/UNISEX-NOIR1.jpg\",\"contentUrl\":\"https:\/\/happyhaus.fr\/wp-content\/uploads\/2024\/12\/UNISEX-NOIR1.jpg\",\"width\":1707,\"height\":2560},{\"@type\":\"BreadcrumbList\",\"@id\":\"https:\/\/happyhaus.fr\/de\/produkt\/le-pantalon-unisex-schwarz\/#breadcrumb\",\"itemListElement\":[{\"@type\":\"ListItem\",\"position\":1,\"name\":\"Accueil\",\"item\":\"https:\/\/happyhaus.fr\/de\/\"},{\"@type\":\"ListItem\",\"position\":2,\"name\":\"Priv\u00e9\u00a0: Shop\",\"item\":\"https:\/\/happyhaus.fr\/?page_id=4438\"},{\"@type\":\"ListItem\",\"position\":3,\"name\":\"Le pantalon UNISEX\"}]},{\"@type\":\"WebSite\",\"@id\":\"https:\/\/happyhaus.fr\/#website\",\"url\":\"https:\/\/happyhaus.fr\/\",\"name\":\"\",\"description\":\"\",\"potentialAction\":[{\"@type\":\"SearchAction\",\"target\":{\"@type\":\"EntryPoint\",\"urlTemplate\":\"https:\/\/happyhaus.fr\/?s={search_term_string}\"},\"query-input\":\"required name=search_term_string\"}],\"inLanguage\":\"de\"}]}<\/script>\n<!-- \/ Yoast SEO plugin. -->","yoast_head_json":{"title":"Le pantalon UNISEX -","robots":{"index":"index","follow":"follow","max-snippet":"max-snippet:-1","max-image-preview":"max-image-preview:large","max-video-preview":"max-video-preview:-1"},"canonical":"https:\/\/happyhaus.fr\/de\/produkt\/le-pantalon-unisex-schwarz\/","og_locale":"de_DE","og_type":"article","og_title":"Le pantalon UNISEX -","og_description":"Unsere UNISEX-Hose ist ein Basic der Garderobe. Es ist eine schlanke Passform mit gleichm\u00e4\u00dfiger L\u00e4nge, hat sehr sch\u00f6ne Details wie die Holzkn\u00f6pfe f\u00fcr den vorderen Verschluss, auf der R\u00fcckseite ist eine der Taschen mit dem H von HAPPY HAUS aufgestickt. Unser Papier-Jacron ist mit dem Pfauenlogo, dem Symbol unserer Marke, graviert.  Diese Jeans kann sowohl von M\u00e4nnern als auch von Frauen getragen werden. Sie k\u00f6nnen sie sogar mit einem Partner teilen!  Sandy, die Gr\u00fcnderin von HAPPY HAUS tr\u00e4gt Gr\u00f6\u00dfe 36. Sie ist 170 cm gro\u00df.  &nbsp;","og_url":"https:\/\/happyhaus.fr\/de\/produkt\/le-pantalon-unisex-schwarz\/","article_modified_time":"2026-02-11T16:11:40+00:00","og_image":[{"width":1707,"height":2560,"url":"https:\/\/happyhaus.fr\/wp-content\/uploads\/2024\/12\/UNISEX-NOIR1.jpg","type":"image\/jpeg"}],"twitter_card":"summary_large_image","twitter_misc":{"Gesch\u00e4tzte Lesezeit":"1\u00a0Minute"},"schema":{"@context":"https:\/\/schema.org","@graph":[{"@type":"WebPage","@id":"https:\/\/happyhaus.fr\/de\/produkt\/le-pantalon-unisex-schwarz\/","url":"https:\/\/happyhaus.fr\/de\/produkt\/le-pantalon-unisex-schwarz\/","name":"Le pantalon UNISEX -","isPartOf":{"@id":"https:\/\/happyhaus.fr\/#website"},"primaryImageOfPage":{"@id":"https:\/\/happyhaus.fr\/de\/produkt\/le-pantalon-unisex-schwarz\/#primaryimage"},"image":{"@id":"https:\/\/happyhaus.fr\/de\/produkt\/le-pantalon-unisex-schwarz\/#primaryimage"},"thumbnailUrl":"https:\/\/happyhaus.fr\/wp-content\/uploads\/2024\/12\/UNISEX-NOIR1.jpg","datePublished":"2024-12-19T11:33:15+00:00","dateModified":"2026-02-11T16:11:40+00:00","breadcrumb":{"@id":"https:\/\/happyhaus.fr\/de\/produkt\/le-pantalon-unisex-schwarz\/#breadcrumb"},"inLanguage":"de","potentialAction":[{"@type":"ReadAction","target":["https:\/\/happyhaus.fr\/de\/produkt\/le-pantalon-unisex-schwarz\/"]}]},{"@type":"ImageObject","inLanguage":"de","@id":"https:\/\/happyhaus.fr\/de\/produkt\/le-pantalon-unisex-schwarz\/#primaryimage","url":"https:\/\/happyhaus.fr\/wp-content\/uploads\/2024\/12\/UNISEX-NOIR1.jpg","contentUrl":"https:\/\/happyhaus.fr\/wp-content\/uploads\/2024\/12\/UNISEX-NOIR1.jpg","width":1707,"height":2560},{"@type":"BreadcrumbList","@id":"https:\/\/happyhaus.fr\/de\/produkt\/le-pantalon-unisex-schwarz\/#breadcrumb","itemListElement":[{"@type":"ListItem","position":1,"name":"Accueil","item":"https:\/\/happyhaus.fr\/de\/"},{"@type":"ListItem","position":2,"name":"Priv\u00e9\u00a0: Shop","item":"https:\/\/happyhaus.fr\/?page_id=4438"},{"@type":"ListItem","position":3,"name":"Le pantalon UNISEX"}]},{"@type":"WebSite","@id":"https:\/\/happyhaus.fr\/#website","url":"https:\/\/happyhaus.fr\/","name":"","description":"","potentialAction":[{"@type":"SearchAction","target":{"@type":"EntryPoint","urlTemplate":"https:\/\/happyhaus.fr\/?s={search_term_string}"},"query-input":"required name=search_term_string"}],"inLanguage":"de"}]}},"_links":{"self":[{"href":"https:\/\/happyhaus.fr\/de\/wp-json\/wp\/v2\/product\/94684"}],"collection":[{"href":"https:\/\/happyhaus.fr\/de\/wp-json\/wp\/v2\/product"}],"about":[{"href":"https:\/\/happyhaus.fr\/de\/wp-json\/wp\/v2\/types\/product"}],"replies":[{"embeddable":true,"href":"https:\/\/happyhaus.fr\/de\/wp-json\/wp\/v2\/comments?post=94684"}],"wp:featuredmedia":[{"embeddable":true,"href":"https:\/\/happyhaus.fr\/de\/wp-json\/wp\/v2\/media\/94709"}],"wp:attachment":[{"href":"https:\/\/happyhaus.fr\/de\/wp-json\/wp\/v2\/media?parent=94684"}],"wp:term":[{"taxonomy":"product_cat","embeddable":true,"href":"https:\/\/happyhaus.fr\/de\/wp-json\/wp\/v2\/product_cat?post=94684"},{"taxonomy":"product_tag","embeddable":true,"href":"https:\/\/happyhaus.fr\/de\/wp-json\/wp\/v2\/product_tag?post=94684"}],"curies":[{"name":"wp","href":"https:\/\/api.w.org\/{rel}","templated":true}]}}