{"id":94329,"date":"2025-02-05T15:00:07","date_gmt":"2024-11-21T11:32:09","guid":{"rendered":"https:\/\/happyhaus.fr\/?post_type=product&#038;p=94329"},"modified":"2025-08-08T10:02:04","modified_gmt":"2025-08-08T08:02:04","slug":"la-tunique-over-hellbleu","status":"publish","type":"product","link":"https:\/\/happyhaus.fr\/de\/produkt\/la-tunique-over-hellbleu\/","title":{"rendered":"LA TUNIQUE OVER"},"content":{"rendered":"<ul>\n<li class=\"p1\">Oversize Passform<\/li>\n<li class=\"p1\">Fallende Schultern<\/li>\n<li class=\"p1\">Langarm<\/li>\n<li class=\"p1\">Bronze Druckkn\u00f6pfe<\/li>\n<li class=\"p1\">Weiblicher Spitzkragen<\/li>\n<li>100% Baumwolle<\/li>\n<\/ul>\n<p>Herkunft des Stoffes : Italien<br \/>\nHergestellt in Tunesien<\/p>\n","protected":false},"excerpt":{"rendered":"<p>Unsere OVER-Tunika nimmt den Vintage Minimalist Stil. Mit seiner lockeren Passform, den fallenden Schultern und dem gro\u00dfen spitzen Kragen passt er zu den meisten Hosen oder R\u00f6cken! Seine langen und geraden \u00c4rmel geben Ihnen die M\u00f6glichkeit, es auf verschiedene Arten zu tragen. Der TUNIQUE OVER wei\u00df ist unglaublich bequem, geschmeidig und leicht mit seinem 100% Cotton- DETOX-zertifizierten, von Greenpeace zugelassenen Stoffprozess.<\/p>\n<p>Happy Haus-Gr\u00fcnderin Sandy tr\u00e4gt Gr\u00f6\u00dfe 36. Sie ist 170 cm gro\u00df.<\/p>\n","protected":false},"featured_media":94359,"comment_status":"closed","ping_status":"closed","template":"","meta":{"_acf_changed":false},"product_cat":[312,231,237,315],"product_tag":[335],"acf":[],"yoast_head":"<!-- This site is optimized with the Yoast SEO plugin v22.6 - https:\/\/yoast.com\/wordpress\/plugins\/seo\/ -->\n<title>LA TUNIQUE OVER -<\/title>\n<meta name=\"robots\" content=\"index, follow, max-snippet:-1, max-image-preview:large, max-video-preview:-1\" \/>\n<link rel=\"canonical\" href=\"https:\/\/happyhaus.fr\/de\/produkt\/la-tunique-over-hellbleu\/\" \/>\n<meta property=\"og:locale\" content=\"de_DE\" \/>\n<meta property=\"og:type\" content=\"article\" \/>\n<meta property=\"og:title\" content=\"LA TUNIQUE OVER -\" \/>\n<meta property=\"og:description\" content=\"Unsere OVER-Tunika nimmt den Vintage Minimalist Stil. Mit seiner lockeren Passform, den fallenden Schultern und dem gro\u00dfen spitzen Kragen passt er zu den meisten Hosen oder R\u00f6cken! Seine langen und geraden \u00c4rmel geben Ihnen die M\u00f6glichkeit, es auf verschiedene Arten zu tragen. Der TUNIQUE OVER wei\u00df ist unglaublich bequem, geschmeidig und leicht mit seinem 100% Cotton- DETOX-zertifizierten, von Greenpeace zugelassenen Stoffprozess.  Happy Haus-Gr\u00fcnderin Sandy tr\u00e4gt Gr\u00f6\u00dfe 36. Sie ist 170 cm gro\u00df.\" \/>\n<meta property=\"og:url\" content=\"https:\/\/happyhaus.fr\/de\/produkt\/la-tunique-over-hellbleu\/\" \/>\n<meta property=\"article:modified_time\" content=\"2025-08-08T08:02:04+00:00\" \/>\n<meta property=\"og:image\" content=\"https:\/\/happyhaus.fr\/wp-content\/uploads\/2024\/11\/la-tunique-light-blue-.jpg\" \/>\n\t<meta property=\"og:image:width\" content=\"1707\" \/>\n\t<meta property=\"og:image:height\" content=\"2560\" \/>\n\t<meta property=\"og:image:type\" content=\"image\/jpeg\" \/>\n<meta name=\"twitter:card\" content=\"summary_large_image\" \/>\n<meta name=\"twitter:label1\" content=\"Gesch\u00e4tzte Lesezeit\" \/>\n\t<meta name=\"twitter:data1\" content=\"1\u00a0Minute\" \/>\n<script type=\"application\/ld+json\" class=\"yoast-schema-graph\">{\"@context\":\"https:\/\/schema.org\",\"@graph\":[{\"@type\":\"WebPage\",\"@id\":\"https:\/\/happyhaus.fr\/de\/produkt\/la-tunique-over-hellbleu\/\",\"url\":\"https:\/\/happyhaus.fr\/de\/produkt\/la-tunique-over-hellbleu\/\",\"name\":\"LA TUNIQUE OVER -\",\"isPartOf\":{\"@id\":\"https:\/\/happyhaus.fr\/#website\"},\"primaryImageOfPage\":{\"@id\":\"https:\/\/happyhaus.fr\/de\/produkt\/la-tunique-over-hellbleu\/#primaryimage\"},\"image\":{\"@id\":\"https:\/\/happyhaus.fr\/de\/produkt\/la-tunique-over-hellbleu\/#primaryimage\"},\"thumbnailUrl\":\"https:\/\/happyhaus.fr\/wp-content\/uploads\/2024\/11\/la-tunique-light-blue-.jpg\",\"datePublished\":\"2024-11-21T11:32:09+00:00\",\"dateModified\":\"2025-08-08T08:02:04+00:00\",\"breadcrumb\":{\"@id\":\"https:\/\/happyhaus.fr\/de\/produkt\/la-tunique-over-hellbleu\/#breadcrumb\"},\"inLanguage\":\"de\",\"potentialAction\":[{\"@type\":\"ReadAction\",\"target\":[\"https:\/\/happyhaus.fr\/de\/produkt\/la-tunique-over-hellbleu\/\"]}]},{\"@type\":\"ImageObject\",\"inLanguage\":\"de\",\"@id\":\"https:\/\/happyhaus.fr\/de\/produkt\/la-tunique-over-hellbleu\/#primaryimage\",\"url\":\"https:\/\/happyhaus.fr\/wp-content\/uploads\/2024\/11\/la-tunique-light-blue-.jpg\",\"contentUrl\":\"https:\/\/happyhaus.fr\/wp-content\/uploads\/2024\/11\/la-tunique-light-blue-.jpg\",\"width\":1707,\"height\":2560},{\"@type\":\"BreadcrumbList\",\"@id\":\"https:\/\/happyhaus.fr\/de\/produkt\/la-tunique-over-hellbleu\/#breadcrumb\",\"itemListElement\":[{\"@type\":\"ListItem\",\"position\":1,\"name\":\"Accueil\",\"item\":\"https:\/\/happyhaus.fr\/de\/\"},{\"@type\":\"ListItem\",\"position\":2,\"name\":\"Priv\u00e9\u00a0: Shop\",\"item\":\"https:\/\/happyhaus.fr\/?page_id=4438\"},{\"@type\":\"ListItem\",\"position\":3,\"name\":\"LA TUNIQUE OVER\"}]},{\"@type\":\"WebSite\",\"@id\":\"https:\/\/happyhaus.fr\/#website\",\"url\":\"https:\/\/happyhaus.fr\/\",\"name\":\"\",\"description\":\"\",\"potentialAction\":[{\"@type\":\"SearchAction\",\"target\":{\"@type\":\"EntryPoint\",\"urlTemplate\":\"https:\/\/happyhaus.fr\/?s={search_term_string}\"},\"query-input\":\"required name=search_term_string\"}],\"inLanguage\":\"de\"}]}<\/script>\n<!-- \/ Yoast SEO plugin. -->","yoast_head_json":{"title":"LA TUNIQUE OVER -","robots":{"index":"index","follow":"follow","max-snippet":"max-snippet:-1","max-image-preview":"max-image-preview:large","max-video-preview":"max-video-preview:-1"},"canonical":"https:\/\/happyhaus.fr\/de\/produkt\/la-tunique-over-hellbleu\/","og_locale":"de_DE","og_type":"article","og_title":"LA TUNIQUE OVER -","og_description":"Unsere OVER-Tunika nimmt den Vintage Minimalist Stil. Mit seiner lockeren Passform, den fallenden Schultern und dem gro\u00dfen spitzen Kragen passt er zu den meisten Hosen oder R\u00f6cken! Seine langen und geraden \u00c4rmel geben Ihnen die M\u00f6glichkeit, es auf verschiedene Arten zu tragen. Der TUNIQUE OVER wei\u00df ist unglaublich bequem, geschmeidig und leicht mit seinem 100% Cotton- DETOX-zertifizierten, von Greenpeace zugelassenen Stoffprozess.  Happy Haus-Gr\u00fcnderin Sandy tr\u00e4gt Gr\u00f6\u00dfe 36. Sie ist 170 cm gro\u00df.","og_url":"https:\/\/happyhaus.fr\/de\/produkt\/la-tunique-over-hellbleu\/","article_modified_time":"2025-08-08T08:02:04+00:00","og_image":[{"width":1707,"height":2560,"url":"https:\/\/happyhaus.fr\/wp-content\/uploads\/2024\/11\/la-tunique-light-blue-.jpg","type":"image\/jpeg"}],"twitter_card":"summary_large_image","twitter_misc":{"Gesch\u00e4tzte Lesezeit":"1\u00a0Minute"},"schema":{"@context":"https:\/\/schema.org","@graph":[{"@type":"WebPage","@id":"https:\/\/happyhaus.fr\/de\/produkt\/la-tunique-over-hellbleu\/","url":"https:\/\/happyhaus.fr\/de\/produkt\/la-tunique-over-hellbleu\/","name":"LA TUNIQUE OVER -","isPartOf":{"@id":"https:\/\/happyhaus.fr\/#website"},"primaryImageOfPage":{"@id":"https:\/\/happyhaus.fr\/de\/produkt\/la-tunique-over-hellbleu\/#primaryimage"},"image":{"@id":"https:\/\/happyhaus.fr\/de\/produkt\/la-tunique-over-hellbleu\/#primaryimage"},"thumbnailUrl":"https:\/\/happyhaus.fr\/wp-content\/uploads\/2024\/11\/la-tunique-light-blue-.jpg","datePublished":"2024-11-21T11:32:09+00:00","dateModified":"2025-08-08T08:02:04+00:00","breadcrumb":{"@id":"https:\/\/happyhaus.fr\/de\/produkt\/la-tunique-over-hellbleu\/#breadcrumb"},"inLanguage":"de","potentialAction":[{"@type":"ReadAction","target":["https:\/\/happyhaus.fr\/de\/produkt\/la-tunique-over-hellbleu\/"]}]},{"@type":"ImageObject","inLanguage":"de","@id":"https:\/\/happyhaus.fr\/de\/produkt\/la-tunique-over-hellbleu\/#primaryimage","url":"https:\/\/happyhaus.fr\/wp-content\/uploads\/2024\/11\/la-tunique-light-blue-.jpg","contentUrl":"https:\/\/happyhaus.fr\/wp-content\/uploads\/2024\/11\/la-tunique-light-blue-.jpg","width":1707,"height":2560},{"@type":"BreadcrumbList","@id":"https:\/\/happyhaus.fr\/de\/produkt\/la-tunique-over-hellbleu\/#breadcrumb","itemListElement":[{"@type":"ListItem","position":1,"name":"Accueil","item":"https:\/\/happyhaus.fr\/de\/"},{"@type":"ListItem","position":2,"name":"Priv\u00e9\u00a0: Shop","item":"https:\/\/happyhaus.fr\/?page_id=4438"},{"@type":"ListItem","position":3,"name":"LA TUNIQUE OVER"}]},{"@type":"WebSite","@id":"https:\/\/happyhaus.fr\/#website","url":"https:\/\/happyhaus.fr\/","name":"","description":"","potentialAction":[{"@type":"SearchAction","target":{"@type":"EntryPoint","urlTemplate":"https:\/\/happyhaus.fr\/?s={search_term_string}"},"query-input":"required name=search_term_string"}],"inLanguage":"de"}]}},"_links":{"self":[{"href":"https:\/\/happyhaus.fr\/de\/wp-json\/wp\/v2\/product\/94329"}],"collection":[{"href":"https:\/\/happyhaus.fr\/de\/wp-json\/wp\/v2\/product"}],"about":[{"href":"https:\/\/happyhaus.fr\/de\/wp-json\/wp\/v2\/types\/product"}],"replies":[{"embeddable":true,"href":"https:\/\/happyhaus.fr\/de\/wp-json\/wp\/v2\/comments?post=94329"}],"wp:featuredmedia":[{"embeddable":true,"href":"https:\/\/happyhaus.fr\/de\/wp-json\/wp\/v2\/media\/94359"}],"wp:attachment":[{"href":"https:\/\/happyhaus.fr\/de\/wp-json\/wp\/v2\/media?parent=94329"}],"wp:term":[{"taxonomy":"product_cat","embeddable":true,"href":"https:\/\/happyhaus.fr\/de\/wp-json\/wp\/v2\/product_cat?post=94329"},{"taxonomy":"product_tag","embeddable":true,"href":"https:\/\/happyhaus.fr\/de\/wp-json\/wp\/v2\/product_tag?post=94329"}],"curies":[{"name":"wp","href":"https:\/\/api.w.org\/{rel}","templated":true}]}}