{"id":94241,"date":"2025-10-15T10:00:56","date_gmt":"2024-11-18T15:52:58","guid":{"rendered":"https:\/\/happyhaus.fr\/?post_type=product&#038;p=94241"},"modified":"2026-04-07T14:29:12","modified_gmt":"2026-04-07T12:29:12","slug":"la-robe-trompe-loeil-bleu-d-ete","status":"publish","type":"product","link":"https:\/\/happyhaus.fr\/de\/produkt\/la-robe-trompe-loeil-bleu-d-ete\/","title":{"rendered":"LA ROBE TROMPE L&#8217;OEIL"},"content":{"rendered":"<ul>\n<li>Kragen des Hemdes<\/li>\n<li>Druckkn\u00f6pfe Messing<\/li>\n<li>2 R\u00fcckentaschen mit Blumenstickerei<\/li>\n<li>Farbe Tabak Topf<\/li>\n<li>\u00c4rmel 7\/8 L\u00e4nge<\/li>\n<li>Handgelenk mit doppelten Falten<\/li>\n<li>100% Baumwolle<\/li>\n<\/ul>\n<p>Herkunft des Stoffes: Italy<br \/>\nHergestellt in Tunesien<\/p>\n<p><strong>\u00a0<\/strong><\/p>\n","protected":false},"excerpt":{"rendered":"<p>Das TROMPE L&#8217;OEIL-Kleid hat den Effekt eines Hemdes, das in einen langen Rock gewickelt ist. Das Kleid bietet sch\u00f6ne Details: die zwei aufgesetzten Taschen in Form einer Blume, der Tabak-Overlock, der einen sch\u00f6nen Kontrast zu Denim schafft. Sie formt die Silhouette elegant, aber es liegt an Ihnen, sie an Ihren Stil anzupassen! Ob l\u00e4ssig oder schick, dieses Kleid passt sich Ihrem Stil an: Sie k\u00f6nnen es im Sommer mit einem Tank-Top und Turnschuhen oder im Winter mit einer Jacke und Ihren Lieblingsstiefeln tragen!<\/p>\n<p>Sandy, die Gr\u00fcnderin von Happy Haus, tr\u00e4gt Gr\u00f6\u00dfe 36. Sie ist 170 cm gro\u00df.<\/p>\n","protected":false},"featured_media":97319,"comment_status":"closed","ping_status":"closed","template":"","meta":{"_acf_changed":false},"product_cat":[312,231,233,315],"product_tag":[335],"acf":[],"yoast_head":"<!-- This site is optimized with the Yoast SEO plugin v22.6 - https:\/\/yoast.com\/wordpress\/plugins\/seo\/ -->\n<title>LA ROBE TROMPE L&#039;OEIL -<\/title>\n<meta name=\"robots\" content=\"index, follow, max-snippet:-1, max-image-preview:large, max-video-preview:-1\" \/>\n<link rel=\"canonical\" href=\"https:\/\/happyhaus.fr\/de\/produkt\/la-robe-trompe-loeil-bleu-d-ete\/\" \/>\n<meta property=\"og:locale\" content=\"de_DE\" \/>\n<meta property=\"og:type\" content=\"article\" \/>\n<meta property=\"og:title\" content=\"LA ROBE TROMPE L&#039;OEIL -\" \/>\n<meta property=\"og:description\" content=\"Das TROMPE L&#039;OEIL-Kleid hat den Effekt eines Hemdes, das in einen langen Rock gewickelt ist. Das Kleid bietet sch\u00f6ne Details: die zwei aufgesetzten Taschen in Form einer Blume, der Tabak-Overlock, der einen sch\u00f6nen Kontrast zu Denim schafft. Sie formt die Silhouette elegant, aber es liegt an Ihnen, sie an Ihren Stil anzupassen! Ob l\u00e4ssig oder schick, dieses Kleid passt sich Ihrem Stil an: Sie k\u00f6nnen es im Sommer mit einem Tank-Top und Turnschuhen oder im Winter mit einer Jacke und Ihren Lieblingsstiefeln tragen!  Sandy, die Gr\u00fcnderin von Happy Haus, tr\u00e4gt Gr\u00f6\u00dfe 36. Sie ist 170 cm gro\u00df.\" \/>\n<meta property=\"og:url\" content=\"https:\/\/happyhaus.fr\/de\/produkt\/la-robe-trompe-loeil-bleu-d-ete\/\" \/>\n<meta property=\"article:modified_time\" content=\"2026-04-07T12:29:12+00:00\" \/>\n<meta property=\"og:image\" content=\"https:\/\/happyhaus.fr\/wp-content\/uploads\/2024\/11\/Z1-4.jpg\" \/>\n\t<meta property=\"og:image:width\" content=\"1707\" \/>\n\t<meta property=\"og:image:height\" content=\"2560\" \/>\n\t<meta property=\"og:image:type\" content=\"image\/jpeg\" \/>\n<meta name=\"twitter:card\" content=\"summary_large_image\" \/>\n<meta name=\"twitter:label1\" content=\"Gesch\u00e4tzte Lesezeit\" \/>\n\t<meta name=\"twitter:data1\" content=\"1\u00a0Minute\" \/>\n<script type=\"application\/ld+json\" class=\"yoast-schema-graph\">{\"@context\":\"https:\/\/schema.org\",\"@graph\":[{\"@type\":\"WebPage\",\"@id\":\"https:\/\/happyhaus.fr\/de\/produkt\/la-robe-trompe-loeil-bleu-d-ete\/\",\"url\":\"https:\/\/happyhaus.fr\/de\/produkt\/la-robe-trompe-loeil-bleu-d-ete\/\",\"name\":\"LA ROBE TROMPE L'OEIL -\",\"isPartOf\":{\"@id\":\"https:\/\/happyhaus.fr\/#website\"},\"primaryImageOfPage\":{\"@id\":\"https:\/\/happyhaus.fr\/de\/produkt\/la-robe-trompe-loeil-bleu-d-ete\/#primaryimage\"},\"image\":{\"@id\":\"https:\/\/happyhaus.fr\/de\/produkt\/la-robe-trompe-loeil-bleu-d-ete\/#primaryimage\"},\"thumbnailUrl\":\"https:\/\/happyhaus.fr\/wp-content\/uploads\/2024\/11\/Z1-4.jpg\",\"datePublished\":\"2024-11-18T15:52:58+00:00\",\"dateModified\":\"2026-04-07T12:29:12+00:00\",\"breadcrumb\":{\"@id\":\"https:\/\/happyhaus.fr\/de\/produkt\/la-robe-trompe-loeil-bleu-d-ete\/#breadcrumb\"},\"inLanguage\":\"de\",\"potentialAction\":[{\"@type\":\"ReadAction\",\"target\":[\"https:\/\/happyhaus.fr\/de\/produkt\/la-robe-trompe-loeil-bleu-d-ete\/\"]}]},{\"@type\":\"ImageObject\",\"inLanguage\":\"de\",\"@id\":\"https:\/\/happyhaus.fr\/de\/produkt\/la-robe-trompe-loeil-bleu-d-ete\/#primaryimage\",\"url\":\"https:\/\/happyhaus.fr\/wp-content\/uploads\/2024\/11\/Z1-4.jpg\",\"contentUrl\":\"https:\/\/happyhaus.fr\/wp-content\/uploads\/2024\/11\/Z1-4.jpg\",\"width\":1707,\"height\":2560},{\"@type\":\"BreadcrumbList\",\"@id\":\"https:\/\/happyhaus.fr\/de\/produkt\/la-robe-trompe-loeil-bleu-d-ete\/#breadcrumb\",\"itemListElement\":[{\"@type\":\"ListItem\",\"position\":1,\"name\":\"Accueil\",\"item\":\"https:\/\/happyhaus.fr\/de\/\"},{\"@type\":\"ListItem\",\"position\":2,\"name\":\"Priv\u00e9\u00a0: Shop\",\"item\":\"https:\/\/happyhaus.fr\/?page_id=4438\"},{\"@type\":\"ListItem\",\"position\":3,\"name\":\"LA ROBE TROMPE L&#8217;OEIL\"}]},{\"@type\":\"WebSite\",\"@id\":\"https:\/\/happyhaus.fr\/#website\",\"url\":\"https:\/\/happyhaus.fr\/\",\"name\":\"\",\"description\":\"\",\"potentialAction\":[{\"@type\":\"SearchAction\",\"target\":{\"@type\":\"EntryPoint\",\"urlTemplate\":\"https:\/\/happyhaus.fr\/?s={search_term_string}\"},\"query-input\":\"required name=search_term_string\"}],\"inLanguage\":\"de\"}]}<\/script>\n<!-- \/ Yoast SEO plugin. -->","yoast_head_json":{"title":"LA ROBE TROMPE L'OEIL -","robots":{"index":"index","follow":"follow","max-snippet":"max-snippet:-1","max-image-preview":"max-image-preview:large","max-video-preview":"max-video-preview:-1"},"canonical":"https:\/\/happyhaus.fr\/de\/produkt\/la-robe-trompe-loeil-bleu-d-ete\/","og_locale":"de_DE","og_type":"article","og_title":"LA ROBE TROMPE L'OEIL -","og_description":"Das TROMPE L'OEIL-Kleid hat den Effekt eines Hemdes, das in einen langen Rock gewickelt ist. Das Kleid bietet sch\u00f6ne Details: die zwei aufgesetzten Taschen in Form einer Blume, der Tabak-Overlock, der einen sch\u00f6nen Kontrast zu Denim schafft. Sie formt die Silhouette elegant, aber es liegt an Ihnen, sie an Ihren Stil anzupassen! Ob l\u00e4ssig oder schick, dieses Kleid passt sich Ihrem Stil an: Sie k\u00f6nnen es im Sommer mit einem Tank-Top und Turnschuhen oder im Winter mit einer Jacke und Ihren Lieblingsstiefeln tragen!  Sandy, die Gr\u00fcnderin von Happy Haus, tr\u00e4gt Gr\u00f6\u00dfe 36. Sie ist 170 cm gro\u00df.","og_url":"https:\/\/happyhaus.fr\/de\/produkt\/la-robe-trompe-loeil-bleu-d-ete\/","article_modified_time":"2026-04-07T12:29:12+00:00","og_image":[{"width":1707,"height":2560,"url":"https:\/\/happyhaus.fr\/wp-content\/uploads\/2024\/11\/Z1-4.jpg","type":"image\/jpeg"}],"twitter_card":"summary_large_image","twitter_misc":{"Gesch\u00e4tzte Lesezeit":"1\u00a0Minute"},"schema":{"@context":"https:\/\/schema.org","@graph":[{"@type":"WebPage","@id":"https:\/\/happyhaus.fr\/de\/produkt\/la-robe-trompe-loeil-bleu-d-ete\/","url":"https:\/\/happyhaus.fr\/de\/produkt\/la-robe-trompe-loeil-bleu-d-ete\/","name":"LA ROBE TROMPE L'OEIL -","isPartOf":{"@id":"https:\/\/happyhaus.fr\/#website"},"primaryImageOfPage":{"@id":"https:\/\/happyhaus.fr\/de\/produkt\/la-robe-trompe-loeil-bleu-d-ete\/#primaryimage"},"image":{"@id":"https:\/\/happyhaus.fr\/de\/produkt\/la-robe-trompe-loeil-bleu-d-ete\/#primaryimage"},"thumbnailUrl":"https:\/\/happyhaus.fr\/wp-content\/uploads\/2024\/11\/Z1-4.jpg","datePublished":"2024-11-18T15:52:58+00:00","dateModified":"2026-04-07T12:29:12+00:00","breadcrumb":{"@id":"https:\/\/happyhaus.fr\/de\/produkt\/la-robe-trompe-loeil-bleu-d-ete\/#breadcrumb"},"inLanguage":"de","potentialAction":[{"@type":"ReadAction","target":["https:\/\/happyhaus.fr\/de\/produkt\/la-robe-trompe-loeil-bleu-d-ete\/"]}]},{"@type":"ImageObject","inLanguage":"de","@id":"https:\/\/happyhaus.fr\/de\/produkt\/la-robe-trompe-loeil-bleu-d-ete\/#primaryimage","url":"https:\/\/happyhaus.fr\/wp-content\/uploads\/2024\/11\/Z1-4.jpg","contentUrl":"https:\/\/happyhaus.fr\/wp-content\/uploads\/2024\/11\/Z1-4.jpg","width":1707,"height":2560},{"@type":"BreadcrumbList","@id":"https:\/\/happyhaus.fr\/de\/produkt\/la-robe-trompe-loeil-bleu-d-ete\/#breadcrumb","itemListElement":[{"@type":"ListItem","position":1,"name":"Accueil","item":"https:\/\/happyhaus.fr\/de\/"},{"@type":"ListItem","position":2,"name":"Priv\u00e9\u00a0: Shop","item":"https:\/\/happyhaus.fr\/?page_id=4438"},{"@type":"ListItem","position":3,"name":"LA ROBE TROMPE L&#8217;OEIL"}]},{"@type":"WebSite","@id":"https:\/\/happyhaus.fr\/#website","url":"https:\/\/happyhaus.fr\/","name":"","description":"","potentialAction":[{"@type":"SearchAction","target":{"@type":"EntryPoint","urlTemplate":"https:\/\/happyhaus.fr\/?s={search_term_string}"},"query-input":"required name=search_term_string"}],"inLanguage":"de"}]}},"_links":{"self":[{"href":"https:\/\/happyhaus.fr\/de\/wp-json\/wp\/v2\/product\/94241"}],"collection":[{"href":"https:\/\/happyhaus.fr\/de\/wp-json\/wp\/v2\/product"}],"about":[{"href":"https:\/\/happyhaus.fr\/de\/wp-json\/wp\/v2\/types\/product"}],"replies":[{"embeddable":true,"href":"https:\/\/happyhaus.fr\/de\/wp-json\/wp\/v2\/comments?post=94241"}],"wp:featuredmedia":[{"embeddable":true,"href":"https:\/\/happyhaus.fr\/de\/wp-json\/wp\/v2\/media\/97319"}],"wp:attachment":[{"href":"https:\/\/happyhaus.fr\/de\/wp-json\/wp\/v2\/media?parent=94241"}],"wp:term":[{"taxonomy":"product_cat","embeddable":true,"href":"https:\/\/happyhaus.fr\/de\/wp-json\/wp\/v2\/product_cat?post=94241"},{"taxonomy":"product_tag","embeddable":true,"href":"https:\/\/happyhaus.fr\/de\/wp-json\/wp\/v2\/product_tag?post=94241"}],"curies":[{"name":"wp","href":"https:\/\/api.w.org\/{rel}","templated":true}]}}