{"id":94160,"date":"2024-11-03T16:17:39","date_gmt":"2024-11-06T08:17:41","guid":{"rendered":"https:\/\/happyhaus.fr\/?post_type=product&#038;p=94160"},"modified":"2024-11-06T12:52:11","modified_gmt":"2024-11-06T11:52:11","slug":"le-pantalon-peacock-rosenwasser","status":"publish","type":"product","link":"https:\/\/happyhaus.fr\/de\/produkt\/le-pantalon-peacock-rosenwasser\/","title":{"rendered":"Le Pantalon PEACOCK"},"content":{"rendered":"<ul>\n<li>Hohe Taille<\/li>\n<li>Cordvelours<\/li>\n<li>Knopf aus Holz<\/li>\n<li>Rei\u00dfverschluss<\/li>\n<li>Breit, gerader Schnitt<\/li>\n<li>2 Ges\u00e4\u00dftaschen<\/li>\n<li>Pfau Ton in Ton gestickt auf der R\u00fcckseite<\/li>\n<li>100% Baumwolle<\/li>\n<\/ul>\n<p>&nbsp;<\/p>\n<p>Herkunft des Stoffes: Frankreich<br \/>\nHergestellt in Tunesien<\/p>\n<p>&nbsp;<\/p>\n","protected":false},"excerpt":{"rendered":"<p>Unsere neue Cordhose Peacock ist feminin, elegant und zeitlos. Mit hoher Taille schmeichelt sie der Silhouette. Die PEACOCK Hose hat einen breiten, geraden Schnitt und bietet sch\u00f6ne Details: unser Ton-in-Ton gesticktes Pfau am Bund hinten , zwei aufgesetzte Taschen mit doppelten Steppn\u00e4hten hinten. Die Hose kann in der Taille oder mehr &#8220;oversize Deguaine&#8221; f\u00fcr eine coolere und entspannte Haltung getragen werden.<br \/>\nHergestellt aus einer Baumwolle in Corduroseren, ist es das erste Mal, dass HAPPY HAUS dieses Material in eine seiner Kapseln integriert. Cordvelours hat den Vorteil, dass es Trost, W\u00e4rme und Weichheit bringt, aber auch gro\u00dfen Komfort.<br \/>\nDie Farbe EAU DE ROSE ist sanft, beruhigend und l\u00e4sst sich sehr gut mit vielen Farben kombinieren.<\/p>\n<p>Er trug eine bequeme Taille.<\/p>\n","protected":false},"featured_media":97665,"comment_status":"open","ping_status":"closed","template":"","meta":{"_acf_changed":false},"product_cat":[312,231,236,314],"product_tag":[],"acf":[],"yoast_head":"<!-- This site is optimized with the Yoast SEO plugin v22.6 - https:\/\/yoast.com\/wordpress\/plugins\/seo\/ -->\n<title>Le Pantalon PEACOCK -<\/title>\n<meta name=\"robots\" content=\"index, follow, max-snippet:-1, max-image-preview:large, max-video-preview:-1\" \/>\n<link rel=\"canonical\" href=\"https:\/\/happyhaus.fr\/de\/produkt\/le-pantalon-peacock-rosenwasser\/\" \/>\n<meta property=\"og:locale\" content=\"de_DE\" \/>\n<meta property=\"og:type\" content=\"article\" \/>\n<meta property=\"og:title\" content=\"Le Pantalon PEACOCK -\" \/>\n<meta property=\"og:description\" content=\"Unsere neue Cordhose Peacock ist feminin, elegant und zeitlos. Mit hoher Taille schmeichelt sie der Silhouette. Die PEACOCK Hose hat einen breiten, geraden Schnitt und bietet sch\u00f6ne Details: unser Ton-in-Ton gesticktes Pfau am Bund hinten , zwei aufgesetzte Taschen mit doppelten Steppn\u00e4hten hinten. Die Hose kann in der Taille oder mehr &quot;oversize Deguaine&quot; f\u00fcr eine coolere und entspannte Haltung getragen werden. Hergestellt aus einer Baumwolle in Corduroseren, ist es das erste Mal, dass HAPPY HAUS dieses Material in eine seiner Kapseln integriert. Cordvelours hat den Vorteil, dass es Trost, W\u00e4rme und Weichheit bringt, aber auch gro\u00dfen Komfort. Die Farbe EAU DE ROSE ist sanft, beruhigend und l\u00e4sst sich sehr gut mit vielen Farben kombinieren.  Er trug eine bequeme Taille.\" \/>\n<meta property=\"og:url\" content=\"https:\/\/happyhaus.fr\/de\/produkt\/le-pantalon-peacock-rosenwasser\/\" \/>\n<meta property=\"article:modified_time\" content=\"2024-11-06T11:52:11+00:00\" \/>\n<meta property=\"og:image\" content=\"https:\/\/happyhaus.fr\/wp-content\/uploads\/2024\/11\/Pantalon-PEACoCk-nude.jpg\" \/>\n\t<meta property=\"og:image:width\" content=\"1707\" \/>\n\t<meta property=\"og:image:height\" content=\"2560\" \/>\n\t<meta property=\"og:image:type\" content=\"image\/jpeg\" \/>\n<meta name=\"twitter:card\" content=\"summary_large_image\" \/>\n<meta name=\"twitter:label1\" content=\"Gesch\u00e4tzte Lesezeit\" \/>\n\t<meta name=\"twitter:data1\" content=\"1\u00a0Minute\" \/>\n<script type=\"application\/ld+json\" class=\"yoast-schema-graph\">{\"@context\":\"https:\/\/schema.org\",\"@graph\":[{\"@type\":\"WebPage\",\"@id\":\"https:\/\/happyhaus.fr\/de\/produkt\/le-pantalon-peacock-rosenwasser\/\",\"url\":\"https:\/\/happyhaus.fr\/de\/produkt\/le-pantalon-peacock-rosenwasser\/\",\"name\":\"Le Pantalon PEACOCK -\",\"isPartOf\":{\"@id\":\"https:\/\/happyhaus.fr\/#website\"},\"primaryImageOfPage\":{\"@id\":\"https:\/\/happyhaus.fr\/de\/produkt\/le-pantalon-peacock-rosenwasser\/#primaryimage\"},\"image\":{\"@id\":\"https:\/\/happyhaus.fr\/de\/produkt\/le-pantalon-peacock-rosenwasser\/#primaryimage\"},\"thumbnailUrl\":\"https:\/\/happyhaus.fr\/wp-content\/uploads\/2024\/11\/Z1-5.jpg\",\"datePublished\":\"2024-11-06T08:17:41+00:00\",\"dateModified\":\"2024-11-06T11:52:11+00:00\",\"breadcrumb\":{\"@id\":\"https:\/\/happyhaus.fr\/de\/produkt\/le-pantalon-peacock-rosenwasser\/#breadcrumb\"},\"inLanguage\":\"de\",\"potentialAction\":[{\"@type\":\"ReadAction\",\"target\":[\"https:\/\/happyhaus.fr\/de\/produkt\/le-pantalon-peacock-rosenwasser\/\"]}]},{\"@type\":\"ImageObject\",\"inLanguage\":\"de\",\"@id\":\"https:\/\/happyhaus.fr\/de\/produkt\/le-pantalon-peacock-rosenwasser\/#primaryimage\",\"url\":\"https:\/\/happyhaus.fr\/wp-content\/uploads\/2024\/11\/Z1-5.jpg\",\"contentUrl\":\"https:\/\/happyhaus.fr\/wp-content\/uploads\/2024\/11\/Z1-5.jpg\",\"width\":1707,\"height\":2560},{\"@type\":\"BreadcrumbList\",\"@id\":\"https:\/\/happyhaus.fr\/de\/produkt\/le-pantalon-peacock-rosenwasser\/#breadcrumb\",\"itemListElement\":[{\"@type\":\"ListItem\",\"position\":1,\"name\":\"Accueil\",\"item\":\"https:\/\/happyhaus.fr\/de\/\"},{\"@type\":\"ListItem\",\"position\":2,\"name\":\"Priv\u00e9\u00a0: Shop\",\"item\":\"https:\/\/happyhaus.fr\/?page_id=4438\"},{\"@type\":\"ListItem\",\"position\":3,\"name\":\"Le Pantalon PEACOCK\"}]},{\"@type\":\"WebSite\",\"@id\":\"https:\/\/happyhaus.fr\/#website\",\"url\":\"https:\/\/happyhaus.fr\/\",\"name\":\"\",\"description\":\"\",\"potentialAction\":[{\"@type\":\"SearchAction\",\"target\":{\"@type\":\"EntryPoint\",\"urlTemplate\":\"https:\/\/happyhaus.fr\/?s={search_term_string}\"},\"query-input\":\"required name=search_term_string\"}],\"inLanguage\":\"de\"}]}<\/script>\n<!-- \/ Yoast SEO plugin. -->","yoast_head_json":{"title":"Le Pantalon PEACOCK -","robots":{"index":"index","follow":"follow","max-snippet":"max-snippet:-1","max-image-preview":"max-image-preview:large","max-video-preview":"max-video-preview:-1"},"canonical":"https:\/\/happyhaus.fr\/de\/produkt\/le-pantalon-peacock-rosenwasser\/","og_locale":"de_DE","og_type":"article","og_title":"Le Pantalon PEACOCK -","og_description":"Unsere neue Cordhose Peacock ist feminin, elegant und zeitlos. Mit hoher Taille schmeichelt sie der Silhouette. Die PEACOCK Hose hat einen breiten, geraden Schnitt und bietet sch\u00f6ne Details: unser Ton-in-Ton gesticktes Pfau am Bund hinten , zwei aufgesetzte Taschen mit doppelten Steppn\u00e4hten hinten. Die Hose kann in der Taille oder mehr \"oversize Deguaine\" f\u00fcr eine coolere und entspannte Haltung getragen werden. Hergestellt aus einer Baumwolle in Corduroseren, ist es das erste Mal, dass HAPPY HAUS dieses Material in eine seiner Kapseln integriert. Cordvelours hat den Vorteil, dass es Trost, W\u00e4rme und Weichheit bringt, aber auch gro\u00dfen Komfort. Die Farbe EAU DE ROSE ist sanft, beruhigend und l\u00e4sst sich sehr gut mit vielen Farben kombinieren.  Er trug eine bequeme Taille.","og_url":"https:\/\/happyhaus.fr\/de\/produkt\/le-pantalon-peacock-rosenwasser\/","article_modified_time":"2024-11-06T11:52:11+00:00","og_image":[{"width":1707,"height":2560,"url":"https:\/\/happyhaus.fr\/wp-content\/uploads\/2024\/11\/Pantalon-PEACoCk-nude.jpg","type":"image\/jpeg"}],"twitter_card":"summary_large_image","twitter_misc":{"Gesch\u00e4tzte Lesezeit":"1\u00a0Minute"},"schema":{"@context":"https:\/\/schema.org","@graph":[{"@type":"WebPage","@id":"https:\/\/happyhaus.fr\/de\/produkt\/le-pantalon-peacock-rosenwasser\/","url":"https:\/\/happyhaus.fr\/de\/produkt\/le-pantalon-peacock-rosenwasser\/","name":"Le Pantalon PEACOCK -","isPartOf":{"@id":"https:\/\/happyhaus.fr\/#website"},"primaryImageOfPage":{"@id":"https:\/\/happyhaus.fr\/de\/produkt\/le-pantalon-peacock-rosenwasser\/#primaryimage"},"image":{"@id":"https:\/\/happyhaus.fr\/de\/produkt\/le-pantalon-peacock-rosenwasser\/#primaryimage"},"thumbnailUrl":"https:\/\/happyhaus.fr\/wp-content\/uploads\/2024\/11\/Z1-5.jpg","datePublished":"2024-11-06T08:17:41+00:00","dateModified":"2024-11-06T11:52:11+00:00","breadcrumb":{"@id":"https:\/\/happyhaus.fr\/de\/produkt\/le-pantalon-peacock-rosenwasser\/#breadcrumb"},"inLanguage":"de","potentialAction":[{"@type":"ReadAction","target":["https:\/\/happyhaus.fr\/de\/produkt\/le-pantalon-peacock-rosenwasser\/"]}]},{"@type":"ImageObject","inLanguage":"de","@id":"https:\/\/happyhaus.fr\/de\/produkt\/le-pantalon-peacock-rosenwasser\/#primaryimage","url":"https:\/\/happyhaus.fr\/wp-content\/uploads\/2024\/11\/Z1-5.jpg","contentUrl":"https:\/\/happyhaus.fr\/wp-content\/uploads\/2024\/11\/Z1-5.jpg","width":1707,"height":2560},{"@type":"BreadcrumbList","@id":"https:\/\/happyhaus.fr\/de\/produkt\/le-pantalon-peacock-rosenwasser\/#breadcrumb","itemListElement":[{"@type":"ListItem","position":1,"name":"Accueil","item":"https:\/\/happyhaus.fr\/de\/"},{"@type":"ListItem","position":2,"name":"Priv\u00e9\u00a0: Shop","item":"https:\/\/happyhaus.fr\/?page_id=4438"},{"@type":"ListItem","position":3,"name":"Le Pantalon PEACOCK"}]},{"@type":"WebSite","@id":"https:\/\/happyhaus.fr\/#website","url":"https:\/\/happyhaus.fr\/","name":"","description":"","potentialAction":[{"@type":"SearchAction","target":{"@type":"EntryPoint","urlTemplate":"https:\/\/happyhaus.fr\/?s={search_term_string}"},"query-input":"required name=search_term_string"}],"inLanguage":"de"}]}},"_links":{"self":[{"href":"https:\/\/happyhaus.fr\/de\/wp-json\/wp\/v2\/product\/94160"}],"collection":[{"href":"https:\/\/happyhaus.fr\/de\/wp-json\/wp\/v2\/product"}],"about":[{"href":"https:\/\/happyhaus.fr\/de\/wp-json\/wp\/v2\/types\/product"}],"replies":[{"embeddable":true,"href":"https:\/\/happyhaus.fr\/de\/wp-json\/wp\/v2\/comments?post=94160"}],"wp:featuredmedia":[{"embeddable":true,"href":"https:\/\/happyhaus.fr\/de\/wp-json\/wp\/v2\/media\/97665"}],"wp:attachment":[{"href":"https:\/\/happyhaus.fr\/de\/wp-json\/wp\/v2\/media?parent=94160"}],"wp:term":[{"taxonomy":"product_cat","embeddable":true,"href":"https:\/\/happyhaus.fr\/de\/wp-json\/wp\/v2\/product_cat?post=94160"},{"taxonomy":"product_tag","embeddable":true,"href":"https:\/\/happyhaus.fr\/de\/wp-json\/wp\/v2\/product_tag?post=94160"}],"curies":[{"name":"wp","href":"https:\/\/api.w.org\/{rel}","templated":true}]}}