{"id":93769,"date":"2024-11-05T12:36:38","date_gmt":"2024-09-08T14:36:38","guid":{"rendered":"https:\/\/happyhaus.fr\/?post_type=product&#038;p=93769"},"modified":"2024-11-08T12:25:37","modified_gmt":"2024-11-08T11:25:37","slug":"le-pantalon-over-chino-5-years","status":"publish","type":"product","link":"https:\/\/happyhaus.fr\/de\/produkt\/le-pantalon-over-chino-5-years\/","title":{"rendered":"LE PANTALON OVER CHINO"},"content":{"rendered":"<ul>\n<li>\u00dcberdimensionierte Schale<\/li>\n<li>Ausgestellter Schnitt<\/li>\n<li>5 Taschen<\/li>\n<li>2 gro\u00dfe aufgesetzte Taschen auf der R\u00fcckseite<\/li>\n<li>Happy Haus hat die Pfauenstickerei auf der Ges\u00e4\u00dftasche gesteppt<\/li>\n<li>Knopf aus Holz<\/li>\n<li>G\u00fcrtel in der gleichen abnehmbaren W\u00e4sche<\/li>\n<li>80% Baumwolle 20% Recycling-Baumwolle<\/li>\n<\/ul>\n<p>Stoffherkunft: Italien<br \/>\nHergestellt in Tunesien<\/p>\n","protected":false},"excerpt":{"rendered":"<p>Unsere neue CHINO OVER Hose ist das Ergebnis einer Mischung aus unserer OVERSIZE Hose und unserer CHINO Hose. Seine Breite verleiht ihm einen coolen Look und eine coole Haltung. Er hat einen ausgestellten, \u00fcbergro\u00dfen Schnitt mit gleichm\u00e4\u00dfiger L\u00e4nge. Tragen Sie hohe Taille oder niedrige Taille, es liegt an Ihnen.<br \/>\nWie immer bei Happy Haus sind die Details so durchdacht, wie die Taschen, eine auf der R\u00fcckseite ist mit dem Happy Haus Pfau, der abnehmbare G\u00fcrtel aus derselben Denim, der Holzknopf&#8230; Es passt gut zu Ihren Oberteilen und Jacken.<\/p>\n<p>F\u00fcr alle, die Trompe-l&#8217;oeil Combianison in 5 Jahren lieben, finden wir die gleiche Patina.<\/p>\n<p>Wir lieben ihn bei Happy Haus !<\/p>\n<p>Wir empfehlen, f\u00fcr einen l\u00e4ssigen Look die \u00fcbliche Gr\u00f6\u00dfe zu w\u00e4hlen oder eine Taille darunter f\u00fcr einen etwas engeren Schnitt.<\/p>\n","protected":false},"featured_media":94373,"comment_status":"open","ping_status":"closed","template":"","meta":{"_acf_changed":false},"product_cat":[312,231,236,315],"product_tag":[],"acf":[],"yoast_head":"<!-- This site is optimized with the Yoast SEO plugin v22.6 - https:\/\/yoast.com\/wordpress\/plugins\/seo\/ -->\n<title>LE PANTALON OVER CHINO -<\/title>\n<meta name=\"robots\" content=\"index, follow, max-snippet:-1, max-image-preview:large, max-video-preview:-1\" \/>\n<link rel=\"canonical\" href=\"https:\/\/happyhaus.fr\/de\/produkt\/le-pantalon-over-chino-5-years\/\" \/>\n<meta property=\"og:locale\" content=\"de_DE\" \/>\n<meta property=\"og:type\" content=\"article\" \/>\n<meta property=\"og:title\" content=\"LE PANTALON OVER CHINO -\" \/>\n<meta property=\"og:description\" content=\"Unsere neue CHINO OVER Hose ist das Ergebnis einer Mischung aus unserer OVERSIZE Hose und unserer CHINO Hose. Seine Breite verleiht ihm einen coolen Look und eine coole Haltung. Er hat einen ausgestellten, \u00fcbergro\u00dfen Schnitt mit gleichm\u00e4\u00dfiger L\u00e4nge. Tragen Sie hohe Taille oder niedrige Taille, es liegt an Ihnen. Wie immer bei Happy Haus sind die Details so durchdacht, wie die Taschen, eine auf der R\u00fcckseite ist mit dem Happy Haus Pfau, der abnehmbare G\u00fcrtel aus derselben Denim, der Holzknopf... Es passt gut zu Ihren Oberteilen und Jacken.  F\u00fcr alle, die Trompe-l&#039;oeil Combianison in 5 Jahren lieben, finden wir die gleiche Patina.  Wir lieben ihn bei Happy Haus !  Wir empfehlen, f\u00fcr einen l\u00e4ssigen Look die \u00fcbliche Gr\u00f6\u00dfe zu w\u00e4hlen oder eine Taille darunter f\u00fcr einen etwas engeren Schnitt.\" \/>\n<meta property=\"og:url\" content=\"https:\/\/happyhaus.fr\/de\/produkt\/le-pantalon-over-chino-5-years\/\" \/>\n<meta property=\"article:modified_time\" content=\"2024-11-08T11:25:37+00:00\" \/>\n<meta property=\"og:image\" content=\"https:\/\/happyhaus.fr\/wp-content\/uploads\/2024\/07\/OVERCHINO5-683x1024.png\" \/>\n\t<meta property=\"og:image:width\" content=\"683\" \/>\n\t<meta property=\"og:image:height\" content=\"1024\" \/>\n\t<meta property=\"og:image:type\" content=\"image\/png\" \/>\n<meta name=\"twitter:card\" content=\"summary_large_image\" \/>\n<meta name=\"twitter:label1\" content=\"Gesch\u00e4tzte Lesezeit\" \/>\n\t<meta name=\"twitter:data1\" content=\"1\u00a0Minute\" \/>\n<script type=\"application\/ld+json\" class=\"yoast-schema-graph\">{\"@context\":\"https:\/\/schema.org\",\"@graph\":[{\"@type\":\"WebPage\",\"@id\":\"https:\/\/happyhaus.fr\/de\/produkt\/le-pantalon-over-chino-5-years\/\",\"url\":\"https:\/\/happyhaus.fr\/de\/produkt\/le-pantalon-over-chino-5-years\/\",\"name\":\"LE PANTALON OVER CHINO -\",\"isPartOf\":{\"@id\":\"https:\/\/happyhaus.fr\/#website\"},\"primaryImageOfPage\":{\"@id\":\"https:\/\/happyhaus.fr\/de\/produkt\/le-pantalon-over-chino-5-years\/#primaryimage\"},\"image\":{\"@id\":\"https:\/\/happyhaus.fr\/de\/produkt\/le-pantalon-over-chino-5-years\/#primaryimage\"},\"thumbnailUrl\":\"https:\/\/happyhaus.fr\/wp-content\/uploads\/2024\/07\/OVERCHINO5.png\",\"datePublished\":\"2024-09-08T14:36:38+00:00\",\"dateModified\":\"2024-11-08T11:25:37+00:00\",\"breadcrumb\":{\"@id\":\"https:\/\/happyhaus.fr\/de\/produkt\/le-pantalon-over-chino-5-years\/#breadcrumb\"},\"inLanguage\":\"de\",\"potentialAction\":[{\"@type\":\"ReadAction\",\"target\":[\"https:\/\/happyhaus.fr\/de\/produkt\/le-pantalon-over-chino-5-years\/\"]}]},{\"@type\":\"ImageObject\",\"inLanguage\":\"de\",\"@id\":\"https:\/\/happyhaus.fr\/de\/produkt\/le-pantalon-over-chino-5-years\/#primaryimage\",\"url\":\"https:\/\/happyhaus.fr\/wp-content\/uploads\/2024\/07\/OVERCHINO5.png\",\"contentUrl\":\"https:\/\/happyhaus.fr\/wp-content\/uploads\/2024\/07\/OVERCHINO5.png\",\"width\":1707,\"height\":2560},{\"@type\":\"BreadcrumbList\",\"@id\":\"https:\/\/happyhaus.fr\/de\/produkt\/le-pantalon-over-chino-5-years\/#breadcrumb\",\"itemListElement\":[{\"@type\":\"ListItem\",\"position\":1,\"name\":\"Accueil\",\"item\":\"https:\/\/happyhaus.fr\/de\/\"},{\"@type\":\"ListItem\",\"position\":2,\"name\":\"Priv\u00e9\u00a0: Shop\",\"item\":\"https:\/\/happyhaus.fr\/?page_id=4438\"},{\"@type\":\"ListItem\",\"position\":3,\"name\":\"LE PANTALON OVER CHINO\"}]},{\"@type\":\"WebSite\",\"@id\":\"https:\/\/happyhaus.fr\/#website\",\"url\":\"https:\/\/happyhaus.fr\/\",\"name\":\"\",\"description\":\"\",\"potentialAction\":[{\"@type\":\"SearchAction\",\"target\":{\"@type\":\"EntryPoint\",\"urlTemplate\":\"https:\/\/happyhaus.fr\/?s={search_term_string}\"},\"query-input\":\"required name=search_term_string\"}],\"inLanguage\":\"de\"}]}<\/script>\n<!-- \/ Yoast SEO plugin. -->","yoast_head_json":{"title":"LE PANTALON OVER CHINO -","robots":{"index":"index","follow":"follow","max-snippet":"max-snippet:-1","max-image-preview":"max-image-preview:large","max-video-preview":"max-video-preview:-1"},"canonical":"https:\/\/happyhaus.fr\/de\/produkt\/le-pantalon-over-chino-5-years\/","og_locale":"de_DE","og_type":"article","og_title":"LE PANTALON OVER CHINO -","og_description":"Unsere neue CHINO OVER Hose ist das Ergebnis einer Mischung aus unserer OVERSIZE Hose und unserer CHINO Hose. Seine Breite verleiht ihm einen coolen Look und eine coole Haltung. Er hat einen ausgestellten, \u00fcbergro\u00dfen Schnitt mit gleichm\u00e4\u00dfiger L\u00e4nge. Tragen Sie hohe Taille oder niedrige Taille, es liegt an Ihnen. Wie immer bei Happy Haus sind die Details so durchdacht, wie die Taschen, eine auf der R\u00fcckseite ist mit dem Happy Haus Pfau, der abnehmbare G\u00fcrtel aus derselben Denim, der Holzknopf... Es passt gut zu Ihren Oberteilen und Jacken.  F\u00fcr alle, die Trompe-l'oeil Combianison in 5 Jahren lieben, finden wir die gleiche Patina.  Wir lieben ihn bei Happy Haus !  Wir empfehlen, f\u00fcr einen l\u00e4ssigen Look die \u00fcbliche Gr\u00f6\u00dfe zu w\u00e4hlen oder eine Taille darunter f\u00fcr einen etwas engeren Schnitt.","og_url":"https:\/\/happyhaus.fr\/de\/produkt\/le-pantalon-over-chino-5-years\/","article_modified_time":"2024-11-08T11:25:37+00:00","og_image":[{"width":683,"height":1024,"url":"https:\/\/happyhaus.fr\/wp-content\/uploads\/2024\/07\/OVERCHINO5-683x1024.png","type":"image\/png"}],"twitter_card":"summary_large_image","twitter_misc":{"Gesch\u00e4tzte Lesezeit":"1\u00a0Minute"},"schema":{"@context":"https:\/\/schema.org","@graph":[{"@type":"WebPage","@id":"https:\/\/happyhaus.fr\/de\/produkt\/le-pantalon-over-chino-5-years\/","url":"https:\/\/happyhaus.fr\/de\/produkt\/le-pantalon-over-chino-5-years\/","name":"LE PANTALON OVER CHINO -","isPartOf":{"@id":"https:\/\/happyhaus.fr\/#website"},"primaryImageOfPage":{"@id":"https:\/\/happyhaus.fr\/de\/produkt\/le-pantalon-over-chino-5-years\/#primaryimage"},"image":{"@id":"https:\/\/happyhaus.fr\/de\/produkt\/le-pantalon-over-chino-5-years\/#primaryimage"},"thumbnailUrl":"https:\/\/happyhaus.fr\/wp-content\/uploads\/2024\/07\/OVERCHINO5.png","datePublished":"2024-09-08T14:36:38+00:00","dateModified":"2024-11-08T11:25:37+00:00","breadcrumb":{"@id":"https:\/\/happyhaus.fr\/de\/produkt\/le-pantalon-over-chino-5-years\/#breadcrumb"},"inLanguage":"de","potentialAction":[{"@type":"ReadAction","target":["https:\/\/happyhaus.fr\/de\/produkt\/le-pantalon-over-chino-5-years\/"]}]},{"@type":"ImageObject","inLanguage":"de","@id":"https:\/\/happyhaus.fr\/de\/produkt\/le-pantalon-over-chino-5-years\/#primaryimage","url":"https:\/\/happyhaus.fr\/wp-content\/uploads\/2024\/07\/OVERCHINO5.png","contentUrl":"https:\/\/happyhaus.fr\/wp-content\/uploads\/2024\/07\/OVERCHINO5.png","width":1707,"height":2560},{"@type":"BreadcrumbList","@id":"https:\/\/happyhaus.fr\/de\/produkt\/le-pantalon-over-chino-5-years\/#breadcrumb","itemListElement":[{"@type":"ListItem","position":1,"name":"Accueil","item":"https:\/\/happyhaus.fr\/de\/"},{"@type":"ListItem","position":2,"name":"Priv\u00e9\u00a0: Shop","item":"https:\/\/happyhaus.fr\/?page_id=4438"},{"@type":"ListItem","position":3,"name":"LE PANTALON OVER CHINO"}]},{"@type":"WebSite","@id":"https:\/\/happyhaus.fr\/#website","url":"https:\/\/happyhaus.fr\/","name":"","description":"","potentialAction":[{"@type":"SearchAction","target":{"@type":"EntryPoint","urlTemplate":"https:\/\/happyhaus.fr\/?s={search_term_string}"},"query-input":"required name=search_term_string"}],"inLanguage":"de"}]}},"_links":{"self":[{"href":"https:\/\/happyhaus.fr\/de\/wp-json\/wp\/v2\/product\/93769"}],"collection":[{"href":"https:\/\/happyhaus.fr\/de\/wp-json\/wp\/v2\/product"}],"about":[{"href":"https:\/\/happyhaus.fr\/de\/wp-json\/wp\/v2\/types\/product"}],"replies":[{"embeddable":true,"href":"https:\/\/happyhaus.fr\/de\/wp-json\/wp\/v2\/comments?post=93769"}],"wp:featuredmedia":[{"embeddable":true,"href":"https:\/\/happyhaus.fr\/de\/wp-json\/wp\/v2\/media\/94373"}],"wp:attachment":[{"href":"https:\/\/happyhaus.fr\/de\/wp-json\/wp\/v2\/media?parent=93769"}],"wp:term":[{"taxonomy":"product_cat","embeddable":true,"href":"https:\/\/happyhaus.fr\/de\/wp-json\/wp\/v2\/product_cat?post=93769"},{"taxonomy":"product_tag","embeddable":true,"href":"https:\/\/happyhaus.fr\/de\/wp-json\/wp\/v2\/product_tag?post=93769"}],"curies":[{"name":"wp","href":"https:\/\/api.w.org\/{rel}","templated":true}]}}