{"id":93522,"date":"2024-09-03T12:50:46","date_gmt":"2024-09-03T10:50:48","guid":{"rendered":"https:\/\/happyhaus.fr\/?post_type=product&#038;p=93522"},"modified":"2024-09-03T13:16:57","modified_gmt":"2024-09-03T11:16:57","slug":"la-surchemise-grau","status":"publish","type":"product","link":"https:\/\/happyhaus.fr\/de\/produkt\/la-surchemise-grau\/","title":{"rendered":"LA SURCHEMISE"},"content":{"rendered":"<ul>\n<li>Spitzkragen des Hemdes<\/li>\n<li>Tasche an der Vorderseite<\/li>\n<li>Happy Haus Pfau Stickerei auf der Tasche<\/li>\n<li>Corozo Kn\u00f6pfe<\/li>\n<li>Hemdausschnitt gerade<\/li>\n<li>Knopfleiste nicht sichtbar<\/li>\n<li>100% Detox-Baumwolle<\/li>\n<\/ul>\n<p>Herkunft des Stoffes: Italien<br \/>\nHergestellt in Tunesien<\/p>\n<p>&nbsp;<\/p>\n","protected":false},"excerpt":{"rendered":"<p>&nbsp;<\/p>\n<p>Das graue SURCHEMISE ist die perfekte Kombination aus Hemd und Jacke. Eine aufgesetzte Tasche vorne, auf der das Happy Haus Pfau mit wei\u00dfem Faden bestickt ist, verleiht ihm einen einfachen und aufwendigen Look. Mit ihrem geraden Schnitt und dem h\u00fcbschen Kragen wird sie Sie an k\u00fchlen Sommerabenden begleiten oder sich unter Ihren Mantel \u00fcber Ihren kleinen Lieblingspulli ziehen.<\/p>\n<p>Bei HAPPY HAUS kombinieren wir ihn mit dem Rock JACINTHE oder der Hose PEACOCK.<\/p>\n","protected":false},"featured_media":97696,"comment_status":"open","ping_status":"closed","template":"","meta":{"_acf_changed":false},"product_cat":[312,231,237,314],"product_tag":[],"acf":[],"yoast_head":"<!-- This site is optimized with the Yoast SEO plugin v22.6 - https:\/\/yoast.com\/wordpress\/plugins\/seo\/ -->\n<title>LA SURCHEMISE -<\/title>\n<meta name=\"robots\" content=\"index, follow, max-snippet:-1, max-image-preview:large, max-video-preview:-1\" \/>\n<link rel=\"canonical\" href=\"https:\/\/happyhaus.fr\/de\/produkt\/la-surchemise-grau\/\" \/>\n<meta property=\"og:locale\" content=\"de_DE\" \/>\n<meta property=\"og:type\" content=\"article\" \/>\n<meta property=\"og:title\" content=\"LA SURCHEMISE -\" \/>\n<meta property=\"og:description\" content=\"&nbsp;  Das graue SURCHEMISE ist die perfekte Kombination aus Hemd und Jacke. Eine aufgesetzte Tasche vorne, auf der das Happy Haus Pfau mit wei\u00dfem Faden bestickt ist, verleiht ihm einen einfachen und aufwendigen Look. Mit ihrem geraden Schnitt und dem h\u00fcbschen Kragen wird sie Sie an k\u00fchlen Sommerabenden begleiten oder sich unter Ihren Mantel \u00fcber Ihren kleinen Lieblingspulli ziehen.  Bei HAPPY HAUS kombinieren wir ihn mit dem Rock JACINTHE oder der Hose PEACOCK.\" \/>\n<meta property=\"og:url\" content=\"https:\/\/happyhaus.fr\/de\/produkt\/la-surchemise-grau\/\" \/>\n<meta property=\"article:modified_time\" content=\"2024-09-03T11:16:57+00:00\" \/>\n<meta property=\"og:image\" content=\"https:\/\/happyhaus.fr\/wp-content\/uploads\/2024\/09\/LA-SURCHEMISE-GRIS-DELAVE.jpg\" \/>\n\t<meta property=\"og:image:width\" content=\"1707\" \/>\n\t<meta property=\"og:image:height\" content=\"2560\" \/>\n\t<meta property=\"og:image:type\" content=\"image\/jpeg\" \/>\n<meta name=\"twitter:card\" content=\"summary_large_image\" \/>\n<meta name=\"twitter:label1\" content=\"Gesch\u00e4tzte Lesezeit\" \/>\n\t<meta name=\"twitter:data1\" content=\"1\u00a0Minute\" \/>\n<script type=\"application\/ld+json\" class=\"yoast-schema-graph\">{\"@context\":\"https:\/\/schema.org\",\"@graph\":[{\"@type\":\"WebPage\",\"@id\":\"https:\/\/happyhaus.fr\/de\/produkt\/la-surchemise-grau\/\",\"url\":\"https:\/\/happyhaus.fr\/de\/produkt\/la-surchemise-grau\/\",\"name\":\"LA SURCHEMISE -\",\"isPartOf\":{\"@id\":\"https:\/\/happyhaus.fr\/#website\"},\"primaryImageOfPage\":{\"@id\":\"https:\/\/happyhaus.fr\/de\/produkt\/la-surchemise-grau\/#primaryimage\"},\"image\":{\"@id\":\"https:\/\/happyhaus.fr\/de\/produkt\/la-surchemise-grau\/#primaryimage\"},\"thumbnailUrl\":\"https:\/\/happyhaus.fr\/wp-content\/uploads\/2024\/09\/Z1-5.jpg\",\"datePublished\":\"2024-09-03T10:50:48+00:00\",\"dateModified\":\"2024-09-03T11:16:57+00:00\",\"breadcrumb\":{\"@id\":\"https:\/\/happyhaus.fr\/de\/produkt\/la-surchemise-grau\/#breadcrumb\"},\"inLanguage\":\"de\",\"potentialAction\":[{\"@type\":\"ReadAction\",\"target\":[\"https:\/\/happyhaus.fr\/de\/produkt\/la-surchemise-grau\/\"]}]},{\"@type\":\"ImageObject\",\"inLanguage\":\"de\",\"@id\":\"https:\/\/happyhaus.fr\/de\/produkt\/la-surchemise-grau\/#primaryimage\",\"url\":\"https:\/\/happyhaus.fr\/wp-content\/uploads\/2024\/09\/Z1-5.jpg\",\"contentUrl\":\"https:\/\/happyhaus.fr\/wp-content\/uploads\/2024\/09\/Z1-5.jpg\",\"width\":1707,\"height\":2560},{\"@type\":\"BreadcrumbList\",\"@id\":\"https:\/\/happyhaus.fr\/de\/produkt\/la-surchemise-grau\/#breadcrumb\",\"itemListElement\":[{\"@type\":\"ListItem\",\"position\":1,\"name\":\"Accueil\",\"item\":\"https:\/\/happyhaus.fr\/de\/\"},{\"@type\":\"ListItem\",\"position\":2,\"name\":\"Priv\u00e9\u00a0: Shop\",\"item\":\"https:\/\/happyhaus.fr\/?page_id=4438\"},{\"@type\":\"ListItem\",\"position\":3,\"name\":\"LA SURCHEMISE\"}]},{\"@type\":\"WebSite\",\"@id\":\"https:\/\/happyhaus.fr\/#website\",\"url\":\"https:\/\/happyhaus.fr\/\",\"name\":\"\",\"description\":\"\",\"potentialAction\":[{\"@type\":\"SearchAction\",\"target\":{\"@type\":\"EntryPoint\",\"urlTemplate\":\"https:\/\/happyhaus.fr\/?s={search_term_string}\"},\"query-input\":\"required name=search_term_string\"}],\"inLanguage\":\"de\"}]}<\/script>\n<!-- \/ Yoast SEO plugin. -->","yoast_head_json":{"title":"LA SURCHEMISE -","robots":{"index":"index","follow":"follow","max-snippet":"max-snippet:-1","max-image-preview":"max-image-preview:large","max-video-preview":"max-video-preview:-1"},"canonical":"https:\/\/happyhaus.fr\/de\/produkt\/la-surchemise-grau\/","og_locale":"de_DE","og_type":"article","og_title":"LA SURCHEMISE -","og_description":"&nbsp;  Das graue SURCHEMISE ist die perfekte Kombination aus Hemd und Jacke. Eine aufgesetzte Tasche vorne, auf der das Happy Haus Pfau mit wei\u00dfem Faden bestickt ist, verleiht ihm einen einfachen und aufwendigen Look. Mit ihrem geraden Schnitt und dem h\u00fcbschen Kragen wird sie Sie an k\u00fchlen Sommerabenden begleiten oder sich unter Ihren Mantel \u00fcber Ihren kleinen Lieblingspulli ziehen.  Bei HAPPY HAUS kombinieren wir ihn mit dem Rock JACINTHE oder der Hose PEACOCK.","og_url":"https:\/\/happyhaus.fr\/de\/produkt\/la-surchemise-grau\/","article_modified_time":"2024-09-03T11:16:57+00:00","og_image":[{"width":1707,"height":2560,"url":"https:\/\/happyhaus.fr\/wp-content\/uploads\/2024\/09\/LA-SURCHEMISE-GRIS-DELAVE.jpg","type":"image\/jpeg"}],"twitter_card":"summary_large_image","twitter_misc":{"Gesch\u00e4tzte Lesezeit":"1\u00a0Minute"},"schema":{"@context":"https:\/\/schema.org","@graph":[{"@type":"WebPage","@id":"https:\/\/happyhaus.fr\/de\/produkt\/la-surchemise-grau\/","url":"https:\/\/happyhaus.fr\/de\/produkt\/la-surchemise-grau\/","name":"LA SURCHEMISE -","isPartOf":{"@id":"https:\/\/happyhaus.fr\/#website"},"primaryImageOfPage":{"@id":"https:\/\/happyhaus.fr\/de\/produkt\/la-surchemise-grau\/#primaryimage"},"image":{"@id":"https:\/\/happyhaus.fr\/de\/produkt\/la-surchemise-grau\/#primaryimage"},"thumbnailUrl":"https:\/\/happyhaus.fr\/wp-content\/uploads\/2024\/09\/Z1-5.jpg","datePublished":"2024-09-03T10:50:48+00:00","dateModified":"2024-09-03T11:16:57+00:00","breadcrumb":{"@id":"https:\/\/happyhaus.fr\/de\/produkt\/la-surchemise-grau\/#breadcrumb"},"inLanguage":"de","potentialAction":[{"@type":"ReadAction","target":["https:\/\/happyhaus.fr\/de\/produkt\/la-surchemise-grau\/"]}]},{"@type":"ImageObject","inLanguage":"de","@id":"https:\/\/happyhaus.fr\/de\/produkt\/la-surchemise-grau\/#primaryimage","url":"https:\/\/happyhaus.fr\/wp-content\/uploads\/2024\/09\/Z1-5.jpg","contentUrl":"https:\/\/happyhaus.fr\/wp-content\/uploads\/2024\/09\/Z1-5.jpg","width":1707,"height":2560},{"@type":"BreadcrumbList","@id":"https:\/\/happyhaus.fr\/de\/produkt\/la-surchemise-grau\/#breadcrumb","itemListElement":[{"@type":"ListItem","position":1,"name":"Accueil","item":"https:\/\/happyhaus.fr\/de\/"},{"@type":"ListItem","position":2,"name":"Priv\u00e9\u00a0: Shop","item":"https:\/\/happyhaus.fr\/?page_id=4438"},{"@type":"ListItem","position":3,"name":"LA SURCHEMISE"}]},{"@type":"WebSite","@id":"https:\/\/happyhaus.fr\/#website","url":"https:\/\/happyhaus.fr\/","name":"","description":"","potentialAction":[{"@type":"SearchAction","target":{"@type":"EntryPoint","urlTemplate":"https:\/\/happyhaus.fr\/?s={search_term_string}"},"query-input":"required name=search_term_string"}],"inLanguage":"de"}]}},"_links":{"self":[{"href":"https:\/\/happyhaus.fr\/de\/wp-json\/wp\/v2\/product\/93522"}],"collection":[{"href":"https:\/\/happyhaus.fr\/de\/wp-json\/wp\/v2\/product"}],"about":[{"href":"https:\/\/happyhaus.fr\/de\/wp-json\/wp\/v2\/types\/product"}],"replies":[{"embeddable":true,"href":"https:\/\/happyhaus.fr\/de\/wp-json\/wp\/v2\/comments?post=93522"}],"wp:featuredmedia":[{"embeddable":true,"href":"https:\/\/happyhaus.fr\/de\/wp-json\/wp\/v2\/media\/97696"}],"wp:attachment":[{"href":"https:\/\/happyhaus.fr\/de\/wp-json\/wp\/v2\/media?parent=93522"}],"wp:term":[{"taxonomy":"product_cat","embeddable":true,"href":"https:\/\/happyhaus.fr\/de\/wp-json\/wp\/v2\/product_cat?post=93522"},{"taxonomy":"product_tag","embeddable":true,"href":"https:\/\/happyhaus.fr\/de\/wp-json\/wp\/v2\/product_tag?post=93522"}],"curies":[{"name":"wp","href":"https:\/\/api.w.org\/{rel}","templated":true}]}}