{"id":93384,"date":"2024-08-30T09:08:29","date_gmt":"2024-08-30T07:08:36","guid":{"rendered":"https:\/\/happyhaus.fr\/?post_type=product&#038;p=93384"},"modified":"2025-04-15T12:45:46","modified_gmt":"2025-04-15T10:45:46","slug":"le-pantalon-oversize-5-years","status":"publish","type":"product","link":"https:\/\/happyhaus.fr\/de\/produkt\/le-pantalon-oversize-5-years\/","title":{"rendered":"LE PANTALON OVERSIZE"},"content":{"rendered":"<ul>\n<li>Ausgestellter Schnitt<\/li>\n<li>5 Taschen<\/li>\n<li>Mit einer Kordel an der Taille<\/li>\n<li>Happy Haus Pfau gestickt auf der Ges\u00e4\u00dftasche<\/li>\n<li>R\u00e4nder des Fransens<\/li>\n<li>Die Hose ist in XL-L\u00e4nge erh\u00e4ltlich<\/li>\n<li>80 % Baumwolle 20 % Recycling-Baumwolle<\/li>\n<\/ul>\n<p>&nbsp;<\/p>\n<p>Herkunft des Stoffes: Italien<br \/>\nHergestellt in Tunesien<\/p>\n","protected":false},"excerpt":{"rendered":"<p>Die OVERSIZE-Hose ist unser Flaggschiff. Sie haben einen ausgestellten Schnitt, eine gleichm\u00e4\u00dfige L\u00e4nge, einen Holzknopf f\u00fcr den vorderen Verschluss und f\u00fcnf Taschen. Happy Haus Pfau ist auf der Ges\u00e4\u00dftasche aufgestickt. Tragen Sie sie, wie Sie wollen: hoch tailliert oder tief tailliert!<\/p>\n<p>Bitte kontaktieren Sie uns, wenn Sie Zweifel an der Gr\u00f6\u00dfe haben. Die Hose ist in XL-L\u00e4nge erh\u00e4ltlich.<\/p>\n<p>Sandy, die Gr\u00fcnderin von Happy Haus, \u00fcberdimensioniert die Hose mit der Gr\u00f6\u00dfe 37. Sie ist 170 cm gro\u00df.<\/p>\n","protected":false},"featured_media":96613,"comment_status":"closed","ping_status":"closed","template":"","meta":{"_acf_changed":false},"product_cat":[312,231,236,315],"product_tag":[335],"acf":[],"yoast_head":"<!-- This site is optimized with the Yoast SEO plugin v22.6 - https:\/\/yoast.com\/wordpress\/plugins\/seo\/ -->\n<title>LE PANTALON OVERSIZE -<\/title>\n<meta name=\"robots\" content=\"index, follow, max-snippet:-1, max-image-preview:large, max-video-preview:-1\" \/>\n<link rel=\"canonical\" href=\"https:\/\/happyhaus.fr\/de\/produkt\/le-pantalon-oversize-5-years\/\" \/>\n<meta property=\"og:locale\" content=\"de_DE\" \/>\n<meta property=\"og:type\" content=\"article\" \/>\n<meta property=\"og:title\" content=\"LE PANTALON OVERSIZE -\" \/>\n<meta property=\"og:description\" content=\"Die OVERSIZE-Hose ist unser Flaggschiff. Sie haben einen ausgestellten Schnitt, eine gleichm\u00e4\u00dfige L\u00e4nge, einen Holzknopf f\u00fcr den vorderen Verschluss und f\u00fcnf Taschen. Happy Haus Pfau ist auf der Ges\u00e4\u00dftasche aufgestickt. Tragen Sie sie, wie Sie wollen: hoch tailliert oder tief tailliert!  Bitte kontaktieren Sie uns, wenn Sie Zweifel an der Gr\u00f6\u00dfe haben. Die Hose ist in XL-L\u00e4nge erh\u00e4ltlich.  Sandy, die Gr\u00fcnderin von Happy Haus, \u00fcberdimensioniert die Hose mit der Gr\u00f6\u00dfe 37. Sie ist 170 cm gro\u00df.\" \/>\n<meta property=\"og:url\" content=\"https:\/\/happyhaus.fr\/de\/produkt\/le-pantalon-oversize-5-years\/\" \/>\n<meta property=\"article:modified_time\" content=\"2025-04-15T10:45:46+00:00\" \/>\n<meta property=\"og:image\" content=\"https:\/\/happyhaus.fr\/wp-content\/uploads\/2024\/08\/Z1-3.jpg\" \/>\n\t<meta property=\"og:image:width\" content=\"1707\" \/>\n\t<meta property=\"og:image:height\" content=\"2560\" \/>\n\t<meta property=\"og:image:type\" content=\"image\/jpeg\" \/>\n<meta name=\"twitter:card\" content=\"summary_large_image\" \/>\n<meta name=\"twitter:label1\" content=\"Gesch\u00e4tzte Lesezeit\" \/>\n\t<meta name=\"twitter:data1\" content=\"1\u00a0Minute\" \/>\n<script type=\"application\/ld+json\" class=\"yoast-schema-graph\">{\"@context\":\"https:\/\/schema.org\",\"@graph\":[{\"@type\":\"WebPage\",\"@id\":\"https:\/\/happyhaus.fr\/de\/produkt\/le-pantalon-oversize-5-years\/\",\"url\":\"https:\/\/happyhaus.fr\/de\/produkt\/le-pantalon-oversize-5-years\/\",\"name\":\"LE PANTALON OVERSIZE -\",\"isPartOf\":{\"@id\":\"https:\/\/happyhaus.fr\/#website\"},\"primaryImageOfPage\":{\"@id\":\"https:\/\/happyhaus.fr\/de\/produkt\/le-pantalon-oversize-5-years\/#primaryimage\"},\"image\":{\"@id\":\"https:\/\/happyhaus.fr\/de\/produkt\/le-pantalon-oversize-5-years\/#primaryimage\"},\"thumbnailUrl\":\"https:\/\/happyhaus.fr\/wp-content\/uploads\/2024\/08\/Z1-3.jpg\",\"datePublished\":\"2024-08-30T07:08:36+00:00\",\"dateModified\":\"2025-04-15T10:45:46+00:00\",\"breadcrumb\":{\"@id\":\"https:\/\/happyhaus.fr\/de\/produkt\/le-pantalon-oversize-5-years\/#breadcrumb\"},\"inLanguage\":\"de\",\"potentialAction\":[{\"@type\":\"ReadAction\",\"target\":[\"https:\/\/happyhaus.fr\/de\/produkt\/le-pantalon-oversize-5-years\/\"]}]},{\"@type\":\"ImageObject\",\"inLanguage\":\"de\",\"@id\":\"https:\/\/happyhaus.fr\/de\/produkt\/le-pantalon-oversize-5-years\/#primaryimage\",\"url\":\"https:\/\/happyhaus.fr\/wp-content\/uploads\/2024\/08\/Z1-3.jpg\",\"contentUrl\":\"https:\/\/happyhaus.fr\/wp-content\/uploads\/2024\/08\/Z1-3.jpg\",\"width\":1707,\"height\":2560},{\"@type\":\"BreadcrumbList\",\"@id\":\"https:\/\/happyhaus.fr\/de\/produkt\/le-pantalon-oversize-5-years\/#breadcrumb\",\"itemListElement\":[{\"@type\":\"ListItem\",\"position\":1,\"name\":\"Accueil\",\"item\":\"https:\/\/happyhaus.fr\/de\/\"},{\"@type\":\"ListItem\",\"position\":2,\"name\":\"Priv\u00e9\u00a0: Shop\",\"item\":\"https:\/\/happyhaus.fr\/?page_id=4438\"},{\"@type\":\"ListItem\",\"position\":3,\"name\":\"LE PANTALON OVERSIZE\"}]},{\"@type\":\"WebSite\",\"@id\":\"https:\/\/happyhaus.fr\/#website\",\"url\":\"https:\/\/happyhaus.fr\/\",\"name\":\"\",\"description\":\"\",\"potentialAction\":[{\"@type\":\"SearchAction\",\"target\":{\"@type\":\"EntryPoint\",\"urlTemplate\":\"https:\/\/happyhaus.fr\/?s={search_term_string}\"},\"query-input\":\"required name=search_term_string\"}],\"inLanguage\":\"de\"}]}<\/script>\n<!-- \/ Yoast SEO plugin. -->","yoast_head_json":{"title":"LE PANTALON OVERSIZE -","robots":{"index":"index","follow":"follow","max-snippet":"max-snippet:-1","max-image-preview":"max-image-preview:large","max-video-preview":"max-video-preview:-1"},"canonical":"https:\/\/happyhaus.fr\/de\/produkt\/le-pantalon-oversize-5-years\/","og_locale":"de_DE","og_type":"article","og_title":"LE PANTALON OVERSIZE -","og_description":"Die OVERSIZE-Hose ist unser Flaggschiff. Sie haben einen ausgestellten Schnitt, eine gleichm\u00e4\u00dfige L\u00e4nge, einen Holzknopf f\u00fcr den vorderen Verschluss und f\u00fcnf Taschen. Happy Haus Pfau ist auf der Ges\u00e4\u00dftasche aufgestickt. Tragen Sie sie, wie Sie wollen: hoch tailliert oder tief tailliert!  Bitte kontaktieren Sie uns, wenn Sie Zweifel an der Gr\u00f6\u00dfe haben. Die Hose ist in XL-L\u00e4nge erh\u00e4ltlich.  Sandy, die Gr\u00fcnderin von Happy Haus, \u00fcberdimensioniert die Hose mit der Gr\u00f6\u00dfe 37. Sie ist 170 cm gro\u00df.","og_url":"https:\/\/happyhaus.fr\/de\/produkt\/le-pantalon-oversize-5-years\/","article_modified_time":"2025-04-15T10:45:46+00:00","og_image":[{"width":1707,"height":2560,"url":"https:\/\/happyhaus.fr\/wp-content\/uploads\/2024\/08\/Z1-3.jpg","type":"image\/jpeg"}],"twitter_card":"summary_large_image","twitter_misc":{"Gesch\u00e4tzte Lesezeit":"1\u00a0Minute"},"schema":{"@context":"https:\/\/schema.org","@graph":[{"@type":"WebPage","@id":"https:\/\/happyhaus.fr\/de\/produkt\/le-pantalon-oversize-5-years\/","url":"https:\/\/happyhaus.fr\/de\/produkt\/le-pantalon-oversize-5-years\/","name":"LE PANTALON OVERSIZE -","isPartOf":{"@id":"https:\/\/happyhaus.fr\/#website"},"primaryImageOfPage":{"@id":"https:\/\/happyhaus.fr\/de\/produkt\/le-pantalon-oversize-5-years\/#primaryimage"},"image":{"@id":"https:\/\/happyhaus.fr\/de\/produkt\/le-pantalon-oversize-5-years\/#primaryimage"},"thumbnailUrl":"https:\/\/happyhaus.fr\/wp-content\/uploads\/2024\/08\/Z1-3.jpg","datePublished":"2024-08-30T07:08:36+00:00","dateModified":"2025-04-15T10:45:46+00:00","breadcrumb":{"@id":"https:\/\/happyhaus.fr\/de\/produkt\/le-pantalon-oversize-5-years\/#breadcrumb"},"inLanguage":"de","potentialAction":[{"@type":"ReadAction","target":["https:\/\/happyhaus.fr\/de\/produkt\/le-pantalon-oversize-5-years\/"]}]},{"@type":"ImageObject","inLanguage":"de","@id":"https:\/\/happyhaus.fr\/de\/produkt\/le-pantalon-oversize-5-years\/#primaryimage","url":"https:\/\/happyhaus.fr\/wp-content\/uploads\/2024\/08\/Z1-3.jpg","contentUrl":"https:\/\/happyhaus.fr\/wp-content\/uploads\/2024\/08\/Z1-3.jpg","width":1707,"height":2560},{"@type":"BreadcrumbList","@id":"https:\/\/happyhaus.fr\/de\/produkt\/le-pantalon-oversize-5-years\/#breadcrumb","itemListElement":[{"@type":"ListItem","position":1,"name":"Accueil","item":"https:\/\/happyhaus.fr\/de\/"},{"@type":"ListItem","position":2,"name":"Priv\u00e9\u00a0: Shop","item":"https:\/\/happyhaus.fr\/?page_id=4438"},{"@type":"ListItem","position":3,"name":"LE PANTALON OVERSIZE"}]},{"@type":"WebSite","@id":"https:\/\/happyhaus.fr\/#website","url":"https:\/\/happyhaus.fr\/","name":"","description":"","potentialAction":[{"@type":"SearchAction","target":{"@type":"EntryPoint","urlTemplate":"https:\/\/happyhaus.fr\/?s={search_term_string}"},"query-input":"required name=search_term_string"}],"inLanguage":"de"}]}},"_links":{"self":[{"href":"https:\/\/happyhaus.fr\/de\/wp-json\/wp\/v2\/product\/93384"}],"collection":[{"href":"https:\/\/happyhaus.fr\/de\/wp-json\/wp\/v2\/product"}],"about":[{"href":"https:\/\/happyhaus.fr\/de\/wp-json\/wp\/v2\/types\/product"}],"replies":[{"embeddable":true,"href":"https:\/\/happyhaus.fr\/de\/wp-json\/wp\/v2\/comments?post=93384"}],"wp:featuredmedia":[{"embeddable":true,"href":"https:\/\/happyhaus.fr\/de\/wp-json\/wp\/v2\/media\/96613"}],"wp:attachment":[{"href":"https:\/\/happyhaus.fr\/de\/wp-json\/wp\/v2\/media?parent=93384"}],"wp:term":[{"taxonomy":"product_cat","embeddable":true,"href":"https:\/\/happyhaus.fr\/de\/wp-json\/wp\/v2\/product_cat?post=93384"},{"taxonomy":"product_tag","embeddable":true,"href":"https:\/\/happyhaus.fr\/de\/wp-json\/wp\/v2\/product_tag?post=93384"}],"curies":[{"name":"wp","href":"https:\/\/api.w.org\/{rel}","templated":true}]}}